{"id":7278,"date":"2025-07-28T16:05:47","date_gmt":"2025-07-28T16:05:47","guid":{"rendered":"https:\/\/geoambient.cat\/?page_id=7278"},"modified":"2025-10-31T10:23:22","modified_gmt":"2025-10-31T10:23:22","slug":"durabilite","status":"publish","type":"page","link":"https:\/\/geoambient.cat\/fr\/durabilite\/","title":{"rendered":"Durabilit\u00e9"},"content":{"rendered":"\t\t<div data-elementor-type=\"wp-page\" data-elementor-id=\"7278\" class=\"elementor elementor-7278 elementor-7273\">\n\t\t\t\t<div class=\"elementor-element elementor-element-d8a65de sld e-flex e-con-boxed wpr-jarallax-no wpr-parallax-no wpr-sticky-section-no e-con e-parent\" data-id=\"d8a65de\" data-element_type=\"container\" id=\"sld\" data-settings=\"{&quot;background_background&quot;:&quot;video&quot;,&quot;background_play_on_mobile&quot;:&quot;yes&quot;,&quot;background_video_link&quot;:&quot;\\\/wp-content\\\/uploads\\\/2025\\\/09\\\/Sostenibilitat.mp4&quot;}\">\n\t\t\t\t\t<div class=\"e-con-inner\">\n\t\t<div class=\"elementor-background-video-container\" aria-hidden=\"true\">\n\t\t\t\t\t\t\t<video class=\"elementor-background-video-hosted\" autoplay muted playsinline loop><\/video>\n\t\t\t\t\t<\/div>\t\t<div class=\"elementor-element elementor-element-1b201e4 elementor-invisible elementor-widget elementor-widget-heading\" data-id=\"1b201e4\" data-element_type=\"widget\" data-settings=\"{&quot;_animation&quot;:&quot;fadeIn&quot;}\" data-widget_type=\"heading.default\">\n\t\t\t\t<div class=\"elementor-widget-container\">\n\t\t\t\t\t<h1 class=\"elementor-heading-title elementor-size-default\">Durabilit\u00e9 <\/h1>\t\t\t\t<\/div>\n\t\t\t\t<\/div>\n\t\t\t\t\t<\/div>\n\t\t\t\t<\/div>\n\t\t<div class=\"elementor-element elementor-element-d5a897c e-flex e-con-boxed wpr-jarallax-no wpr-parallax-no wpr-sticky-section-no e-con e-parent\" data-id=\"d5a897c\" data-element_type=\"container\">\n\t\t\t\t\t<div class=\"e-con-inner\">\n\t\t<div class=\"elementor-element elementor-element-fdb0ffd e-flex e-con-boxed wpr-jarallax-no wpr-parallax-no wpr-sticky-section-no elementor-invisible e-con e-child\" data-id=\"fdb0ffd\" data-element_type=\"container\" data-settings=\"{&quot;animation&quot;:&quot;fadeIn&quot;,&quot;animation_mobile&quot;:&quot;fadeIn&quot;}\">\n\t\t\t\t\t<div class=\"e-con-inner\">\n\t\t<div class=\"elementor-element elementor-element-f8bd544 e-grid e-con-full wpr-jarallax-no wpr-parallax-no wpr-sticky-section-no e-con e-child\" data-id=\"f8bd544\" data-element_type=\"container\">\n\t\t\t\t<div class=\"elementor-element elementor-element-94f7ae5 elementor-widget elementor-widget-image\" data-id=\"94f7ae5\" data-element_type=\"widget\" data-widget_type=\"image.default\">\n\t\t\t\t<div class=\"elementor-widget-container\">\n\t\t\t\t\t\t\t\t\t\t\t\t\t\t\t\t<a href=\"https:\/\/geoambient.cat\/wp-content\/uploads\/2025\/05\/Sello-calculo-Ministerio-2021-.jpg\" data-elementor-open-lightbox=\"yes\" data-elementor-lightbox-title=\"Sello calculo Ministerio 2021\" data-e-action-hash=\"#elementor-action%3Aaction%3Dlightbox%26settings%3DeyJpZCI6NTEwMywidXJsIjoiaHR0cHM6XC9cL2dlb2FtYmllbnQuY2F0XC93cC1jb250ZW50XC91cGxvYWRzXC8yMDI1XC8wNVwvU2VsbG8tY2FsY3Vsby1NaW5pc3RlcmlvLTIwMjEtLmpwZyJ9\">\n\t\t\t\t\t\t\t<img fetchpriority=\"high\" decoding=\"async\" width=\"722\" height=\"1024\" src=\"https:\/\/geoambient.cat\/wp-content\/uploads\/2025\/05\/Sello-calculo-Ministerio-2021--722x1024.jpg\" class=\"elementor-animation-shrink attachment-large size-large wp-image-5103\" alt=\"Sello calculo Ministerio 2021\" srcset=\"https:\/\/geoambient.cat\/wp-content\/uploads\/2025\/05\/Sello-calculo-Ministerio-2021--722x1024.jpg 722w, https:\/\/geoambient.cat\/wp-content\/uploads\/2025\/05\/Sello-calculo-Ministerio-2021--212x300.jpg 212w, https:\/\/geoambient.cat\/wp-content\/uploads\/2025\/05\/Sello-calculo-Ministerio-2021--768x1089.jpg 768w, https:\/\/geoambient.cat\/wp-content\/uploads\/2025\/05\/Sello-calculo-Ministerio-2021--1083x1536.jpg 1083w, https:\/\/geoambient.cat\/wp-content\/uploads\/2025\/05\/Sello-calculo-Ministerio-2021--1444x2048.jpg 1444w, https:\/\/geoambient.cat\/wp-content\/uploads\/2025\/05\/Sello-calculo-Ministerio-2021-.jpg 1596w\" sizes=\"(max-width: 722px) 100vw, 722px\" \/>\t\t\t\t\t\t\t\t<\/a>\n\t\t\t\t\t\t\t\t\t\t\t\t\t\t\t<\/div>\n\t\t\t\t<\/div>\n\t\t\t\t<div class=\"elementor-element elementor-element-bd4263d elementor-widget elementor-widget-image\" data-id=\"bd4263d\" data-element_type=\"widget\" data-widget_type=\"image.default\">\n\t\t\t\t<div class=\"elementor-widget-container\">\n\t\t\t\t\t\t\t\t\t\t\t\t\t\t\t\t<a href=\"https:\/\/geoambient.cat\/wp-content\/uploads\/2025\/05\/Sello-calculo-Ministerio-2022-.jpg\" data-elementor-open-lightbox=\"yes\" data-elementor-lightbox-title=\"Sello calculo Ministerio 2022\" data-e-action-hash=\"#elementor-action%3Aaction%3Dlightbox%26settings%3DeyJpZCI6NTEwNywidXJsIjoiaHR0cHM6XC9cL2dlb2FtYmllbnQuY2F0XC93cC1jb250ZW50XC91cGxvYWRzXC8yMDI1XC8wNVwvU2VsbG8tY2FsY3Vsby1NaW5pc3RlcmlvLTIwMjItLmpwZyJ9\">\n\t\t\t\t\t\t\t<img decoding=\"async\" width=\"722\" height=\"1024\" src=\"https:\/\/geoambient.cat\/wp-content\/uploads\/2025\/05\/Sello-calculo-Ministerio-2022--722x1024.jpg\" class=\"elementor-animation-shrink attachment-large size-large wp-image-5107\" alt=\"\" srcset=\"https:\/\/geoambient.cat\/wp-content\/uploads\/2025\/05\/Sello-calculo-Ministerio-2022--722x1024.jpg 722w, https:\/\/geoambient.cat\/wp-content\/uploads\/2025\/05\/Sello-calculo-Ministerio-2022--212x300.jpg 212w, https:\/\/geoambient.cat\/wp-content\/uploads\/2025\/05\/Sello-calculo-Ministerio-2022--768x1089.jpg 768w, https:\/\/geoambient.cat\/wp-content\/uploads\/2025\/05\/Sello-calculo-Ministerio-2022--1083x1536.jpg 1083w, https:\/\/geoambient.cat\/wp-content\/uploads\/2025\/05\/Sello-calculo-Ministerio-2022--1444x2048.jpg 1444w, https:\/\/geoambient.cat\/wp-content\/uploads\/2025\/05\/Sello-calculo-Ministerio-2022-.jpg 1596w\" sizes=\"(max-width: 722px) 100vw, 722px\" \/>\t\t\t\t\t\t\t\t<\/a>\n\t\t\t\t\t\t\t\t\t\t\t\t\t\t\t<\/div>\n\t\t\t\t<\/div>\n\t\t\t\t<div class=\"elementor-element elementor-element-90733ef elementor-widget elementor-widget-image\" data-id=\"90733ef\" data-element_type=\"widget\" data-widget_type=\"image.default\">\n\t\t\t\t<div class=\"elementor-widget-container\">\n\t\t\t\t\t\t\t\t\t\t\t\t\t\t\t\t<a href=\"https:\/\/geoambient.cat\/wp-content\/uploads\/2025\/05\/Sello-calculo-Ministerio-2023-.jpg\" data-elementor-open-lightbox=\"yes\" data-elementor-lightbox-title=\"Sello calculo Ministerio 2023\" data-e-action-hash=\"#elementor-action%3Aaction%3Dlightbox%26settings%3DeyJpZCI6NTExMSwidXJsIjoiaHR0cHM6XC9cL2dlb2FtYmllbnQuY2F0XC93cC1jb250ZW50XC91cGxvYWRzXC8yMDI1XC8wNVwvU2VsbG8tY2FsY3Vsby1NaW5pc3RlcmlvLTIwMjMtLmpwZyJ9\">\n\t\t\t\t\t\t\t<img decoding=\"async\" width=\"384\" height=\"544\" src=\"https:\/\/geoambient.cat\/wp-content\/uploads\/2025\/05\/Sello-calculo-Ministerio-2023-.jpg\" class=\"elementor-animation-shrink attachment-large size-large wp-image-5111\" alt=\"\" srcset=\"https:\/\/geoambient.cat\/wp-content\/uploads\/2025\/05\/Sello-calculo-Ministerio-2023-.jpg 384w, https:\/\/geoambient.cat\/wp-content\/uploads\/2025\/05\/Sello-calculo-Ministerio-2023--212x300.jpg 212w\" sizes=\"(max-width: 384px) 100vw, 384px\" \/>\t\t\t\t\t\t\t\t<\/a>\n\t\t\t\t\t\t\t\t\t\t\t\t\t\t\t<\/div>\n\t\t\t\t<\/div>\n\t\t\t\t<\/div>\n\t\t\t\t\t<\/div>\n\t\t\t\t<\/div>\n\t\t<div class=\"elementor-element elementor-element-4bb6ed7 e-flex e-con-boxed wpr-jarallax-no wpr-parallax-no wpr-sticky-section-no elementor-invisible e-con e-child\" data-id=\"4bb6ed7\" data-element_type=\"container\" data-settings=\"{&quot;animation&quot;:&quot;fadeIn&quot;,&quot;animation_mobile&quot;:&quot;fadeIn&quot;}\">\n\t\t\t\t\t<div class=\"e-con-inner\">\n\t\t\t\t<div class=\"elementor-element elementor-element-e0c6c14 elementor-widget elementor-widget-text-editor\" data-id=\"e0c6c14\" data-element_type=\"widget\" data-widget_type=\"text-editor.default\">\n\t\t\t\t<div class=\"elementor-widget-container\">\n\t\t\t\t\t\t\t\t\t<p>Chez <strong>GeoAmbient<\/strong>, la <strong>durabilit\u00e9<\/strong> est au c\u0153ur de notre philosophie et le moteur qui impulse chaque projet. Nous nous engageons \u00e0 d\u00e9velopper des solutions innovantes qui minimisent l\u2019impact environnemental et favorisent la r\u00e9g\u00e9n\u00e9ration des ressources naturelles, avec la volont\u00e9 de construire un avenir plus propre et \u00e9quilibr\u00e9.<\/p>\t\t\t\t\t\t\t\t<\/div>\n\t\t\t\t<\/div>\n\t\t\t\t\t<\/div>\n\t\t\t\t<\/div>\n\t\t\t\t\t<\/div>\n\t\t\t\t<\/div>\n\t\t<div class=\"elementor-element elementor-element-80976e5 e-flex e-con-boxed wpr-jarallax-no wpr-parallax-no wpr-sticky-section-no e-con e-parent\" data-id=\"80976e5\" data-element_type=\"container\">\n\t\t\t\t\t<div class=\"e-con-inner\">\n\t\t<div class=\"elementor-element elementor-element-f1ba428 e-flex e-con-boxed wpr-jarallax-no wpr-parallax-no wpr-sticky-section-no elementor-invisible e-con e-child\" data-id=\"f1ba428\" data-element_type=\"container\" data-settings=\"{&quot;animation&quot;:&quot;fadeIn&quot;,&quot;animation_mobile&quot;:&quot;fadeIn&quot;}\">\n\t\t\t\t\t<div class=\"e-con-inner\">\n\t\t\t\t<div class=\"elementor-element elementor-element-e3a7339 elementor-widget elementor-widget-text-editor\" data-id=\"e3a7339\" data-element_type=\"widget\" data-widget_type=\"text-editor.default\">\n\t\t\t\t<div class=\"elementor-widget-container\">\n\t\t\t\t\t\t\t\t\t<p>Depuis 2021, nous r\u00e9alisons le <strong>calcul de notre empreinte carbone<\/strong> en utilisant l\u2019outil du <strong>MITERD<\/strong>, qui nous permet d\u2019\u00e9valuer nos \u00e9missions de gaz \u00e0 effet de serre (GES) dans les p\u00e9rim\u00e8tres 1 et 2 et d\u2019\u00e9laborer des plans d\u2019am\u00e9lioration pour les r\u00e9duire. En outre, nous sommes membres du programme des \u00ab\u00a0<strong>Accords Volontaires<\/strong>\u00ab\u00a0, une initiative du <strong>Gouvernement de Catalogne<\/strong> qui soutient et reconna\u00eet les organisations engag\u00e9es dans la r\u00e9duction de leurs \u00e9missions au-del\u00e0 des exigences l\u00e9gales. Ce programme favorise la transparence et le d\u00e9veloppement de mesures durables, renfor\u00e7ant notre engagement pour r\u00e9duire l\u2019impact climatique.<\/p>\t\t\t\t\t\t\t\t<\/div>\n\t\t\t\t<\/div>\n\t\t\t\t\t<\/div>\n\t\t\t\t<\/div>\n\t\t<div class=\"elementor-element elementor-element-4751190 e-flex e-con-boxed wpr-jarallax-no wpr-parallax-no wpr-sticky-section-no elementor-invisible e-con e-child\" data-id=\"4751190\" data-element_type=\"container\" data-settings=\"{&quot;animation&quot;:&quot;fadeIn&quot;,&quot;animation_mobile&quot;:&quot;fadeIn&quot;}\">\n\t\t\t\t\t<div class=\"e-con-inner\">\n\t\t\t\t<div class=\"elementor-element elementor-element-ff0ba07 elementor-invisible elementor-widget elementor-widget-image\" data-id=\"ff0ba07\" data-element_type=\"widget\" data-settings=\"{&quot;_animation&quot;:&quot;fadeIn&quot;,&quot;_animation_mobile&quot;:&quot;none&quot;}\" data-widget_type=\"image.default\">\n\t\t\t\t<div class=\"elementor-widget-container\">\n\t\t\t\t\t\t\t\t\t\t\t\t\t\t\t<img loading=\"lazy\" decoding=\"async\" width=\"2560\" height=\"1693\" src=\"https:\/\/geoambient.cat\/wp-content\/uploads\/2025\/06\/Sello-Acords-Voluntaris-scaled.jpeg\" class=\"attachment-full size-full wp-image-6033\" alt=\"Cambiado\" srcset=\"https:\/\/geoambient.cat\/wp-content\/uploads\/2025\/06\/Sello-Acords-Voluntaris-scaled.jpeg 2560w, https:\/\/geoambient.cat\/wp-content\/uploads\/2025\/06\/Sello-Acords-Voluntaris-300x198.jpeg 300w, https:\/\/geoambient.cat\/wp-content\/uploads\/2025\/06\/Sello-Acords-Voluntaris-1024x677.jpeg 1024w, https:\/\/geoambient.cat\/wp-content\/uploads\/2025\/06\/Sello-Acords-Voluntaris-768x508.jpeg 768w, https:\/\/geoambient.cat\/wp-content\/uploads\/2025\/06\/Sello-Acords-Voluntaris-1536x1016.jpeg 1536w, https:\/\/geoambient.cat\/wp-content\/uploads\/2025\/06\/Sello-Acords-Voluntaris-2048x1354.jpeg 2048w\" sizes=\"(max-width: 2560px) 100vw, 2560px\" \/>\t\t\t\t\t\t\t\t\t\t\t\t\t\t\t<\/div>\n\t\t\t\t<\/div>\n\t\t\t\t\t<\/div>\n\t\t\t\t<\/div>\n\t\t\t\t\t<\/div>\n\t\t\t\t<\/div>\n\t\t<div class=\"elementor-element elementor-element-74ada0c e-flex e-con-boxed wpr-jarallax-no wpr-parallax-no wpr-sticky-section-no e-con e-parent\" data-id=\"74ada0c\" data-element_type=\"container\">\n\t\t\t\t\t<div class=\"e-con-inner\">\n\t\t<div class=\"elementor-element elementor-element-6fe405a e-con-full e-flex wpr-jarallax-no wpr-parallax-no wpr-sticky-section-no e-con e-child\" data-id=\"6fe405a\" data-element_type=\"container\">\n\t\t\t\t<div class=\"elementor-element elementor-element-e914ae8 elementor-widget elementor-widget-image\" data-id=\"e914ae8\" data-element_type=\"widget\" data-widget_type=\"image.default\">\n\t\t\t\t<div class=\"elementor-widget-container\">\n\t\t\t\t\t\t\t\t\t\t\t\t\t\t\t<img loading=\"lazy\" decoding=\"async\" width=\"319\" height=\"267\" src=\"https:\/\/geoambient.cat\/wp-content\/uploads\/2025\/10\/Captura-de-pantalla-2025-06-05-082643.jpg\" class=\"attachment-large size-large wp-image-8110\" alt=\"\" srcset=\"https:\/\/geoambient.cat\/wp-content\/uploads\/2025\/10\/Captura-de-pantalla-2025-06-05-082643.jpg 319w, https:\/\/geoambient.cat\/wp-content\/uploads\/2025\/10\/Captura-de-pantalla-2025-06-05-082643-300x251.jpg 300w\" sizes=\"(max-width: 319px) 100vw, 319px\" \/>\t\t\t\t\t\t\t\t\t\t\t\t\t\t\t<\/div>\n\t\t\t\t<\/div>\n\t\t\t\t<\/div>\n\t\t<div class=\"elementor-element elementor-element-5f89c7b e-con-full e-flex wpr-jarallax-no wpr-parallax-no wpr-sticky-section-no e-con e-child\" data-id=\"5f89c7b\" data-element_type=\"container\">\n\t\t\t\t<div class=\"elementor-element elementor-element-02d6756 elementor-widget elementor-widget-text-editor\" data-id=\"02d6756\" data-element_type=\"widget\" data-widget_type=\"text-editor.default\">\n\t\t\t\t<div class=\"elementor-widget-container\">\n\t\t\t\t\t\t\t\t\t<p><strong>Mobilit\u00e9 \u00e9lectrique : un pas de plus vers la durabilit\u00e9<\/strong><\/p><p>Chez GeoAmbient, nous r\u00e9duisons notre empreinte carbone par des actions concr\u00e8tes, comme l&rsquo;int\u00e9gration de v\u00e9hicules \u00e9lectriques \u00e0 notre flotte. Cette mesure, soutenue par le programme <strong>MOVES III<\/strong> et les fonds <strong>\u00ab Next Generation \u00bb de l&rsquo;UE<\/strong>, favorise la transition vers une mobilit\u00e9 plus propre et plus efficace.<\/p><p>Actuellement, <strong>plus de 50 % de la flotte de GeoAmbient est compos\u00e9e de v\u00e9hicules 100 %<\/strong> \u00e9lectriques. Nous poursuivons nos efforts pour un avenir plus vert, o\u00f9 chaque action contribue au bien-\u00eatre de l&rsquo;environnement et de la soci\u00e9t\u00e9.<\/p>\t\t\t\t\t\t\t\t<\/div>\n\t\t\t\t<\/div>\n\t\t\t\t<\/div>\n\t\t<div class=\"elementor-element elementor-element-aa74270 e-con-full e-flex wpr-jarallax-no wpr-parallax-no wpr-sticky-section-no e-con e-child\" data-id=\"aa74270\" data-element_type=\"container\">\n\t\t\t\t<div class=\"elementor-element elementor-element-9321649 elementor-widget elementor-widget-image\" data-id=\"9321649\" data-element_type=\"widget\" data-widget_type=\"image.default\">\n\t\t\t\t<div class=\"elementor-widget-container\">\n\t\t\t\t\t\t\t\t\t\t\t\t\t\t\t<img loading=\"lazy\" decoding=\"async\" width=\"960\" height=\"37\" src=\"https:\/\/geoambient.cat\/wp-content\/uploads\/2025\/10\/Logos-Moves-III-1024x39.jpg\" class=\"attachment-large size-large wp-image-8106\" alt=\"\" srcset=\"https:\/\/geoambient.cat\/wp-content\/uploads\/2025\/10\/Logos-Moves-III-1024x39.jpg 1024w, https:\/\/geoambient.cat\/wp-content\/uploads\/2025\/10\/Logos-Moves-III-300x12.jpg 300w, https:\/\/geoambient.cat\/wp-content\/uploads\/2025\/10\/Logos-Moves-III-768x30.jpg 768w, https:\/\/geoambient.cat\/wp-content\/uploads\/2025\/10\/Logos-Moves-III-1536x59.jpg 1536w, https:\/\/geoambient.cat\/wp-content\/uploads\/2025\/10\/Logos-Moves-III-2048x79.jpg 2048w\" sizes=\"(max-width: 960px) 100vw, 960px\" \/>\t\t\t\t\t\t\t\t\t\t\t\t\t\t\t<\/div>\n\t\t\t\t<\/div>\n\t\t\t\t<\/div>\n\t\t\t\t\t<\/div>\n\t\t\t\t<\/div>\n\t\t\t\t<\/div>\n\t\t","protected":false},"excerpt":{"rendered":"<p>Durabilit\u00e9 Chez GeoAmbient, la durabilit\u00e9 est au c\u0153ur de notre philosophie et le moteur qui impulse chaque projet. Nous nous engageons \u00e0 d\u00e9velopper des solutions innovantes qui minimisent l\u2019impact environnemental et favorisent la r\u00e9g\u00e9n\u00e9ration des ressources naturelles, avec la volont\u00e9 de construire un avenir plus propre et \u00e9quilibr\u00e9. Depuis 2021, nous r\u00e9alisons le calcul de notre empreinte carbone en utilisant l\u2019outil du MITERD, qui nous permet d\u2019\u00e9valuer nos \u00e9missions de gaz \u00e0 effet de serre (GES) dans les p\u00e9rim\u00e8tres 1 et 2 et d\u2019\u00e9laborer des plans d\u2019am\u00e9lioration pour les r\u00e9duire. En outre, nous sommes membres du programme des \u00ab\u00a0Accords Volontaires\u00ab\u00a0, une initiative du Gouvernement de Catalogne qui soutient et reconna\u00eet les organisations engag\u00e9es dans la r\u00e9duction de leurs \u00e9missions au-del\u00e0 des exigences l\u00e9gales. Ce programme favorise la transparence et le d\u00e9veloppement de mesures durables, renfor\u00e7ant notre engagement pour r\u00e9duire l\u2019impact climatique. Mobilit\u00e9 \u00e9lectrique : un pas de plus vers la durabilit\u00e9 Chez GeoAmbient, nous r\u00e9duisons notre empreinte carbone par des actions concr\u00e8tes, comme l&rsquo;int\u00e9gration de v\u00e9hicules \u00e9lectriques \u00e0 notre flotte. Cette mesure, soutenue par le programme MOVES III et les fonds \u00ab Next Generation \u00bb de l&rsquo;UE, favorise la transition vers une mobilit\u00e9 plus propre et plus efficace. Actuellement, plus de 50 % de la flotte de GeoAmbient est compos\u00e9e de v\u00e9hicules 100 % \u00e9lectriques. Nous poursuivons nos efforts pour un avenir plus vert, o\u00f9 chaque action contribue au bien-\u00eatre de l&rsquo;environnement et de la soci\u00e9t\u00e9.<\/p>\n","protected":false},"author":1,"featured_media":2558,"parent":0,"menu_order":0,"comment_status":"closed","ping_status":"closed","template":"elementor_canvas","meta":{"footnotes":""},"class_list":["post-7278","page","type-page","status-publish","has-post-thumbnail","hentry"],"acf":[],"_links":{"self":[{"href":"https:\/\/geoambient.cat\/fr\/wp-json\/wp\/v2\/pages\/7278","targetHints":{"allow":["GET"]}}],"collection":[{"href":"https:\/\/geoambient.cat\/fr\/wp-json\/wp\/v2\/pages"}],"about":[{"href":"https:\/\/geoambient.cat\/fr\/wp-json\/wp\/v2\/types\/page"}],"author":[{"embeddable":true,"href":"https:\/\/geoambient.cat\/fr\/wp-json\/wp\/v2\/users\/1"}],"replies":[{"embeddable":true,"href":"https:\/\/geoambient.cat\/fr\/wp-json\/wp\/v2\/comments?post=7278"}],"version-history":[{"count":13,"href":"https:\/\/geoambient.cat\/fr\/wp-json\/wp\/v2\/pages\/7278\/revisions"}],"predecessor-version":[{"id":8124,"href":"https:\/\/geoambient.cat\/fr\/wp-json\/wp\/v2\/pages\/7278\/revisions\/8124"}],"wp:featuredmedia":[{"embeddable":true,"href":"https:\/\/geoambient.cat\/fr\/wp-json\/wp\/v2\/media\/2558"}],"wp:attachment":[{"href":"https:\/\/geoambient.cat\/fr\/wp-json\/wp\/v2\/media?parent=7278"}],"curies":[{"name":"wp","href":"https:\/\/api.w.org\/{rel}","templated":true}]}}