{"id":7258,"date":"2025-07-28T15:51:23","date_gmt":"2025-07-28T15:51:23","guid":{"rendered":"https:\/\/geoambient.cat\/?page_id=7258"},"modified":"2025-09-04T11:24:06","modified_gmt":"2025-09-04T11:24:06","slug":"medi-ambient","status":"publish","type":"page","link":"https:\/\/geoambient.cat\/fr\/medi-ambient\/","title":{"rendered":"Environnement"},"content":{"rendered":"\t\t<div data-elementor-type=\"wp-page\" data-elementor-id=\"7258\" class=\"elementor elementor-7258\">\n\t\t\t\t<div class=\"elementor-element elementor-element-d8a65de sld e-flex e-con-boxed wpr-jarallax-no wpr-parallax-no wpr-sticky-section-no e-con e-parent\" data-id=\"d8a65de\" data-element_type=\"container\" id=\"sld\" data-settings=\"{&quot;background_background&quot;:&quot;video&quot;,&quot;background_play_on_mobile&quot;:&quot;yes&quot;,&quot;background_video_link&quot;:&quot;\\\/wp-content\\\/uploads\\\/2025\\\/09\\\/MediAmbient.mp4&quot;}\">\n\t\t\t\t\t<div class=\"e-con-inner\">\n\t\t<div class=\"elementor-background-video-container\" aria-hidden=\"true\">\n\t\t\t\t\t\t\t<video class=\"elementor-background-video-hosted\" autoplay muted playsinline loop><\/video>\n\t\t\t\t\t<\/div>\t\t<div class=\"elementor-element elementor-element-1b201e4 elementor-invisible elementor-widget elementor-widget-heading\" data-id=\"1b201e4\" data-element_type=\"widget\" data-settings=\"{&quot;_animation&quot;:&quot;fadeIn&quot;}\" data-widget_type=\"heading.default\">\n\t\t\t\t<div class=\"elementor-widget-container\">\n\t\t\t\t\t<h1 class=\"elementor-heading-title elementor-size-default\">Environnement<\/h1>\t\t\t\t<\/div>\n\t\t\t\t<\/div>\n\t\t\t\t\t<\/div>\n\t\t\t\t<\/div>\n\t\t<div class=\"elementor-element elementor-element-16c7546 e-flex e-con-boxed wpr-jarallax-no wpr-parallax-no wpr-sticky-section-no e-con e-parent\" data-id=\"16c7546\" data-element_type=\"container\">\n\t\t\t\t\t<div class=\"e-con-inner\">\n\t\t<div class=\"elementor-element elementor-element-568e15c e-flex e-con-boxed wpr-jarallax-no wpr-parallax-no wpr-sticky-section-no elementor-invisible e-con e-child\" data-id=\"568e15c\" data-element_type=\"container\" data-settings=\"{&quot;animation&quot;:&quot;fadeIn&quot;,&quot;animation_mobile&quot;:&quot;fadeIn&quot;}\">\n\t\t\t\t\t<div class=\"e-con-inner\">\n\t\t\t\t<div class=\"elementor-element elementor-element-1f59efd elementor-invisible elementor-widget elementor-widget-image\" data-id=\"1f59efd\" data-element_type=\"widget\" data-settings=\"{&quot;_animation&quot;:&quot;fadeIn&quot;,&quot;_animation_mobile&quot;:&quot;none&quot;}\" data-widget_type=\"image.default\">\n\t\t\t\t<div class=\"elementor-widget-container\">\n\t\t\t\t\t\t\t\t\t\t\t\t\t\t\t<img fetchpriority=\"high\" decoding=\"async\" width=\"2560\" height=\"1447\" src=\"https:\/\/geoambient.cat\/wp-content\/uploads\/2025\/05\/Lombricompostage-GA-scaled.png\" class=\"attachment-full size-full wp-image-5121\" alt=\"\" srcset=\"https:\/\/geoambient.cat\/wp-content\/uploads\/2025\/05\/Lombricompostage-GA-scaled.png 2560w, https:\/\/geoambient.cat\/wp-content\/uploads\/2025\/05\/Lombricompostage-GA-300x170.png 300w, https:\/\/geoambient.cat\/wp-content\/uploads\/2025\/05\/Lombricompostage-GA-1024x579.png 1024w, https:\/\/geoambient.cat\/wp-content\/uploads\/2025\/05\/Lombricompostage-GA-768x434.png 768w, https:\/\/geoambient.cat\/wp-content\/uploads\/2025\/05\/Lombricompostage-GA-1536x868.png 1536w, https:\/\/geoambient.cat\/wp-content\/uploads\/2025\/05\/Lombricompostage-GA-2048x1158.png 2048w\" sizes=\"(max-width: 2560px) 100vw, 2560px\" \/>\t\t\t\t\t\t\t\t\t\t\t\t\t\t\t<\/div>\n\t\t\t\t<\/div>\n\t\t\t\t\t<\/div>\n\t\t\t\t<\/div>\n\t\t<div class=\"elementor-element elementor-element-24b18e7 e-flex e-con-boxed wpr-jarallax-no wpr-parallax-no wpr-sticky-section-no elementor-invisible e-con e-child\" data-id=\"24b18e7\" data-element_type=\"container\" data-settings=\"{&quot;animation&quot;:&quot;fadeIn&quot;,&quot;animation_mobile&quot;:&quot;fadeIn&quot;}\">\n\t\t\t\t\t<div class=\"e-con-inner\">\n\t\t\t\t<div class=\"elementor-element elementor-element-4e48b1b elementor-widget elementor-widget-text-editor\" data-id=\"4e48b1b\" data-element_type=\"widget\" data-widget_type=\"text-editor.default\">\n\t\t\t\t<div class=\"elementor-widget-container\">\n\t\t\t\t\t\t\t\t\t<p>Chez <strong>GeoAmbient<\/strong>, la durabilit\u00e9 et le respect de l&rsquo;environnement sont essentiels dans tout ce que nous faisons. C&rsquo;est pourquoi nous disposons d&rsquo;un syst\u00e8me de gestion environnementale certifi\u00e9 selon la norme <strong>ISO 14001<\/strong>, qui soutient notre engagement en faveur de la protection de l&rsquo;environnement et de l&rsquo;am\u00e9lioration continue de nos op\u00e9rations.<\/p>\t\t\t\t\t\t\t\t<\/div>\n\t\t\t\t<\/div>\n\t\t\t\t\t<\/div>\n\t\t\t\t<\/div>\n\t\t\t\t\t<\/div>\n\t\t\t\t<\/div>\n\t\t<div class=\"elementor-element elementor-element-dafcc77 e-flex e-con-boxed wpr-jarallax-no wpr-parallax-no wpr-sticky-section-no e-con e-parent\" data-id=\"dafcc77\" data-element_type=\"container\" data-settings=\"{&quot;background_background&quot;:&quot;classic&quot;}\">\n\t\t\t\t\t<div class=\"e-con-inner\">\n\t\t<div class=\"elementor-element elementor-element-861f3f5 e-flex e-con-boxed wpr-jarallax-no wpr-parallax-no wpr-sticky-section-no elementor-invisible e-con e-child\" data-id=\"861f3f5\" data-element_type=\"container\" data-settings=\"{&quot;background_background&quot;:&quot;classic&quot;,&quot;animation&quot;:&quot;fadeInUp&quot;,&quot;animation_delay&quot;:500}\">\n\t\t\t\t\t<div class=\"e-con-inner\">\n\t\t\t\t<div class=\"elementor-element elementor-element-bb9a3fc elementor-widget elementor-widget-text-editor\" data-id=\"bb9a3fc\" data-element_type=\"widget\" data-widget_type=\"text-editor.default\">\n\t\t\t\t<div class=\"elementor-widget-container\">\n\t\t\t\t\t\t\t\t\t<p>Vous pouvez consulter notre certificat <a href=\"https:\/\/geoambient.cat\/wp-content\/uploads\/2025\/05\/34_5400_24_07228_GEOAMBIENT_CONSULTORIA_GEOLOGICA_CAST.pdf\" target=\"_blank\" rel=\"noopener\"><strong>ISO 14001<\/strong><\/a> et notre <a href=\"https:\/\/geoambient.cat\/wp-content\/uploads\/2025\/05\/RMC04-Politica_Rev1.pdf\" target=\"_blank\" rel=\"noopener\"><strong>politique de qualit\u00e9 et d&rsquo;environnement<\/strong><\/a> aux liens suivants.<\/p>\t\t\t\t\t\t\t\t<\/div>\n\t\t\t\t<\/div>\n\t\t\t\t\t<\/div>\n\t\t\t\t<\/div>\n\t\t<div class=\"elementor-element elementor-element-83d54b7 e-grid e-con-full wpr-jarallax-no wpr-parallax-no wpr-sticky-section-no e-con e-child\" data-id=\"83d54b7\" data-element_type=\"container\">\n\t\t\t\t<div class=\"elementor-element elementor-element-25adc10 wpr-button-icon-style-inline wpr-button-icon-position-right elementor-widget elementor-widget-wpr-button\" data-id=\"25adc10\" data-element_type=\"widget\" data-widget_type=\"wpr-button.default\">\n\t\t\t\t<div class=\"elementor-widget-container\">\n\t\t\t\t\t\t\n\t\t\t\n\t\t\n\t\t<div class=\"wpr-button-wrap elementor-clearfix\">\n\t\t<a class=\"wpr-button wpr-button-effect wpr-button-bounce-to-bottom\" data-text=\"\" href=\"https:\/\/geoambient.cat\/wp-content\/uploads\/2025\/05\/34_5400_24_07228_GEOAMBIENT_CONSULTORIA_GEOLOGICA_CAST.pdf\" target=\"_blank\" nofollow=\"\">\n\t\t\t\n\t\t\t<span class=\"wpr-button-content\">\n\t\t\t\t\t\t\t\t\t<span class=\"wpr-button-text\">Voir Certificat ISO 14001 <\/span>\n\t\t\t\t\t\t\t\t\n\t\t\t\t\t\t\t<\/span>\n\t\t<\/a>\n\n\t\t\t\t<\/div>\n\t\n\t\n\t\t\t\t\t<\/div>\n\t\t\t\t<\/div>\n\t\t\t\t<div class=\"elementor-element elementor-element-ee63de3 wpr-button-icon-style-inline wpr-button-icon-position-right elementor-widget elementor-widget-wpr-button\" data-id=\"ee63de3\" data-element_type=\"widget\" data-widget_type=\"wpr-button.default\">\n\t\t\t\t<div class=\"elementor-widget-container\">\n\t\t\t\t\t\t\n\t\t\t\n\t\t\n\t\t<div class=\"wpr-button-wrap elementor-clearfix\">\n\t\t<a class=\"wpr-button wpr-button-effect wpr-button-bounce-to-bottom\" data-text=\"\" href=\"https:\/\/geoambient.cat\/wp-content\/uploads\/2025\/05\/RMC04-Politica_Rev1.pdf\" target=\"_blank\" nofollow=\"\">\n\t\t\t\n\t\t\t<span class=\"wpr-button-content\">\n\t\t\t\t\t\t\t\t\t<span class=\"wpr-button-text\">Voir Politique de Qualit\u00e9 et Environnement <\/span>\n\t\t\t\t\t\t\t\t\n\t\t\t\t\t\t\t<\/span>\n\t\t<\/a>\n\n\t\t\t\t<\/div>\n\t\n\t\n\t\t\t\t\t<\/div>\n\t\t\t\t<\/div>\n\t\t\t\t<\/div>\n\t\t\t\t\t<\/div>\n\t\t\t\t<\/div>\n\t\t<div class=\"elementor-element elementor-element-80976e5 e-flex e-con-boxed wpr-jarallax-no wpr-parallax-no wpr-sticky-section-no e-con e-parent\" data-id=\"80976e5\" data-element_type=\"container\">\n\t\t\t\t\t<div class=\"e-con-inner\">\n\t\t<div class=\"elementor-element elementor-element-f1ba428 e-flex e-con-boxed wpr-jarallax-no wpr-parallax-no wpr-sticky-section-no elementor-invisible e-con e-child\" data-id=\"f1ba428\" data-element_type=\"container\" data-settings=\"{&quot;animation&quot;:&quot;fadeIn&quot;,&quot;animation_mobile&quot;:&quot;fadeIn&quot;}\">\n\t\t\t\t\t<div class=\"e-con-inner\">\n\t\t\t\t<div class=\"elementor-element elementor-element-2a69c3b elementor-widget elementor-widget-text-editor\" data-id=\"2a69c3b\" data-element_type=\"widget\" data-widget_type=\"text-editor.default\">\n\t\t\t\t<div class=\"elementor-widget-container\">\n\t\t\t\t\t\t\t\t\t<p>Cette certification garantit que nos activit\u00e9s r\u00e9pondent aux normes internationales les plus \u00e9lev\u00e9es en mati\u00e8re de durabilit\u00e9, en minimisant l&rsquo;impact environnemental et en promouvant des pratiques responsables dans tous nos projets.<\/p><p>L&rsquo;adoption de la<strong> norme ISO 14001<\/strong> implique une approche rigoureuse pour identifier, g\u00e9rer et att\u00e9nuer les risques environnementaux, en veillant \u00e0 ce que nos activit\u00e9s ne se contentent pas de respecter les r\u00e9glementations en vigueur, mais s&rsquo;alignent \u00e9galement sur les meilleures pratiques mondiales. Ce syst\u00e8me nous permet de continuer \u00e0 am\u00e9liorer notre engagement \u00e0 r\u00e9duire l&rsquo;impact environnemental, \u00e0 respecter les exigences l\u00e9gales et \u00e0 contribuer \u00e0 la durabilit\u00e9 \u00e0 long terme.<\/p>\t\t\t\t\t\t\t\t<\/div>\n\t\t\t\t<\/div>\n\t\t\t\t<div class=\"elementor-element elementor-element-189bfc3 elementor-widget elementor-widget-text-editor\" data-id=\"189bfc3\" data-element_type=\"widget\" data-widget_type=\"text-editor.default\">\n\t\t\t\t<div class=\"elementor-widget-container\">\n\t\t\t\t\t\t\t\t\t<p>Parmi les principales actions men\u00e9es, figurent la mise en \u0153uvre de mesures d&rsquo;efficacit\u00e9 et d&rsquo;\u00e9conomie de consommation, ainsi que la r\u00e9duction et la valorisation des d\u00e9chets :<\/p><ul><li>Gr\u00e2ce \u00e0 l&rsquo;installation de vermicompostage, nous avons r\u00e9ussi \u00e0 valoriser jusqu&rsquo;\u00e0 80 % de nos d\u00e9chets organiques.<\/li><li>En rempla\u00e7ant les contenants \u00e0 usage unique, nous avons r\u00e9duit de plus de 50 % le volume des contenants \u00e0 recycler.<\/li><\/ul>\t\t\t\t\t\t\t\t<\/div>\n\t\t\t\t<\/div>\n\t\t\t\t\t<\/div>\n\t\t\t\t<\/div>\n\t\t<div class=\"elementor-element elementor-element-4751190 e-flex e-con-boxed wpr-jarallax-no wpr-parallax-no wpr-sticky-section-no elementor-invisible e-con e-child\" data-id=\"4751190\" data-element_type=\"container\" data-settings=\"{&quot;animation&quot;:&quot;fadeIn&quot;,&quot;animation_mobile&quot;:&quot;fadeIn&quot;}\">\n\t\t\t\t\t<div class=\"e-con-inner\">\n\t\t\t\t<div class=\"elementor-element elementor-element-ff0ba07 elementor-invisible elementor-widget elementor-widget-image\" data-id=\"ff0ba07\" data-element_type=\"widget\" data-settings=\"{&quot;_animation&quot;:&quot;fadeIn&quot;,&quot;_animation_mobile&quot;:&quot;none&quot;}\" data-widget_type=\"image.default\">\n\t\t\t\t<div class=\"elementor-widget-container\">\n\t\t\t\t\t\t\t\t\t\t\t\t\t\t\t<img decoding=\"async\" width=\"500\" height=\"692\" src=\"https:\/\/geoambient.cat\/wp-content\/uploads\/2025\/05\/net-zero.jpg\" class=\"attachment-full size-full wp-image-5117\" alt=\"\" srcset=\"https:\/\/geoambient.cat\/wp-content\/uploads\/2025\/05\/net-zero.jpg 500w, https:\/\/geoambient.cat\/wp-content\/uploads\/2025\/05\/net-zero-217x300.jpg 217w\" sizes=\"(max-width: 500px) 100vw, 500px\" \/>\t\t\t\t\t\t\t\t\t\t\t\t\t\t\t<\/div>\n\t\t\t\t<\/div>\n\t\t\t\t\t<\/div>\n\t\t\t\t<\/div>\n\t\t\t\t\t<\/div>\n\t\t\t\t<\/div>\n\t\t\t\t<\/div>\n\t\t","protected":false},"excerpt":{"rendered":"<p>Environnement Chez GeoAmbient, la durabilit\u00e9 et le respect de l&rsquo;environnement sont essentiels dans tout ce que nous faisons. C&rsquo;est pourquoi nous disposons d&rsquo;un syst\u00e8me de gestion environnementale certifi\u00e9 selon la norme ISO 14001, qui soutient notre engagement en faveur de la protection de l&rsquo;environnement et de l&rsquo;am\u00e9lioration continue de nos op\u00e9rations. Vous pouvez consulter notre certificat ISO 14001 et notre politique de qualit\u00e9 et d&rsquo;environnement aux liens suivants. Voir Certificat ISO 14001 Voir Politique de Qualit\u00e9 et Environnement Cette certification garantit que nos activit\u00e9s r\u00e9pondent aux normes internationales les plus \u00e9lev\u00e9es en mati\u00e8re de durabilit\u00e9, en minimisant l&rsquo;impact environnemental et en promouvant des pratiques responsables dans tous nos projets. L&rsquo;adoption de la norme ISO 14001 implique une approche rigoureuse pour identifier, g\u00e9rer et att\u00e9nuer les risques environnementaux, en veillant \u00e0 ce que nos activit\u00e9s ne se contentent pas de respecter les r\u00e9glementations en vigueur, mais s&rsquo;alignent \u00e9galement sur les meilleures pratiques mondiales. Ce syst\u00e8me nous permet de continuer \u00e0 am\u00e9liorer notre engagement \u00e0 r\u00e9duire l&rsquo;impact environnemental, \u00e0 respecter les exigences l\u00e9gales et \u00e0 contribuer \u00e0 la durabilit\u00e9 \u00e0 long terme. Parmi les principales actions men\u00e9es, figurent la mise en \u0153uvre de mesures d&rsquo;efficacit\u00e9 et d&rsquo;\u00e9conomie de consommation, ainsi que la r\u00e9duction et la valorisation des d\u00e9chets : Gr\u00e2ce \u00e0 l&rsquo;installation de vermicompostage, nous avons r\u00e9ussi \u00e0 valoriser jusqu&rsquo;\u00e0 80 % de nos d\u00e9chets organiques. En rempla\u00e7ant les contenants \u00e0 usage unique, nous avons r\u00e9duit de plus de 50 % le volume des contenants \u00e0 recycler.<\/p>\n","protected":false},"author":1,"featured_media":2558,"parent":0,"menu_order":0,"comment_status":"closed","ping_status":"closed","template":"elementor_canvas","meta":{"footnotes":""},"class_list":["post-7258","page","type-page","status-publish","has-post-thumbnail","hentry"],"acf":[],"_links":{"self":[{"href":"https:\/\/geoambient.cat\/fr\/wp-json\/wp\/v2\/pages\/7258","targetHints":{"allow":["GET"]}}],"collection":[{"href":"https:\/\/geoambient.cat\/fr\/wp-json\/wp\/v2\/pages"}],"about":[{"href":"https:\/\/geoambient.cat\/fr\/wp-json\/wp\/v2\/types\/page"}],"author":[{"embeddable":true,"href":"https:\/\/geoambient.cat\/fr\/wp-json\/wp\/v2\/users\/1"}],"replies":[{"embeddable":true,"href":"https:\/\/geoambient.cat\/fr\/wp-json\/wp\/v2\/comments?post=7258"}],"version-history":[{"count":11,"href":"https:\/\/geoambient.cat\/fr\/wp-json\/wp\/v2\/pages\/7258\/revisions"}],"predecessor-version":[{"id":8041,"href":"https:\/\/geoambient.cat\/fr\/wp-json\/wp\/v2\/pages\/7258\/revisions\/8041"}],"wp:featuredmedia":[{"embeddable":true,"href":"https:\/\/geoambient.cat\/fr\/wp-json\/wp\/v2\/media\/2558"}],"wp:attachment":[{"href":"https:\/\/geoambient.cat\/fr\/wp-json\/wp\/v2\/media?parent=7258"}],"curies":[{"name":"wp","href":"https:\/\/api.w.org\/{rel}","templated":true}]}}