{"id":7238,"date":"2025-07-28T10:11:35","date_gmt":"2025-07-28T10:11:35","guid":{"rendered":"https:\/\/geoambient.cat\/?page_id=7238"},"modified":"2025-09-04T11:18:45","modified_gmt":"2025-09-04T11:18:45","slug":"qualite","status":"publish","type":"page","link":"https:\/\/geoambient.cat\/fr\/qualite\/","title":{"rendered":"Qualit\u00e9"},"content":{"rendered":"\t\t<div data-elementor-type=\"wp-page\" data-elementor-id=\"7238\" class=\"elementor elementor-7238 elementor-7243\">\n\t\t\t\t<div class=\"elementor-element elementor-element-d8a65de sld e-flex e-con-boxed wpr-jarallax-no wpr-parallax-no wpr-sticky-section-no e-con e-parent\" data-id=\"d8a65de\" data-element_type=\"container\" id=\"sld\" data-settings=\"{&quot;background_background&quot;:&quot;video&quot;,&quot;background_play_on_mobile&quot;:&quot;yes&quot;,&quot;background_video_link&quot;:&quot;\\\/wp-content\\\/uploads\\\/2025\\\/09\\\/calidad_2.mp4&quot;}\">\n\t\t\t\t\t<div class=\"e-con-inner\">\n\t\t<div class=\"elementor-background-video-container\" aria-hidden=\"true\">\n\t\t\t\t\t\t\t<video class=\"elementor-background-video-hosted\" autoplay muted playsinline loop><\/video>\n\t\t\t\t\t<\/div>\t\t<div class=\"elementor-element elementor-element-1b201e4 elementor-invisible elementor-widget elementor-widget-heading\" data-id=\"1b201e4\" data-element_type=\"widget\" data-settings=\"{&quot;_animation&quot;:&quot;fadeIn&quot;}\" data-widget_type=\"heading.default\">\n\t\t\t\t<div class=\"elementor-widget-container\">\n\t\t\t\t\t<h1 class=\"elementor-heading-title elementor-size-default\">Qualit\u00e9<\/h1>\t\t\t\t<\/div>\n\t\t\t\t<\/div>\n\t\t\t\t\t<\/div>\n\t\t\t\t<\/div>\n\t\t<div class=\"elementor-element elementor-element-16c7546 e-flex e-con-boxed wpr-jarallax-no wpr-parallax-no wpr-sticky-section-no e-con e-parent\" data-id=\"16c7546\" data-element_type=\"container\">\n\t\t\t\t\t<div class=\"e-con-inner\">\n\t\t<div class=\"elementor-element elementor-element-568e15c e-flex e-con-boxed wpr-jarallax-no wpr-parallax-no wpr-sticky-section-no elementor-invisible e-con e-child\" data-id=\"568e15c\" data-element_type=\"container\" data-settings=\"{&quot;animation&quot;:&quot;fadeIn&quot;,&quot;animation_mobile&quot;:&quot;fadeIn&quot;}\">\n\t\t\t\t\t<div class=\"e-con-inner\">\n\t\t\t\t<div class=\"elementor-element elementor-element-1f59efd elementor-invisible elementor-widget elementor-widget-image\" data-id=\"1f59efd\" data-element_type=\"widget\" data-settings=\"{&quot;_animation&quot;:&quot;fadeIn&quot;,&quot;_animation_mobile&quot;:&quot;none&quot;}\" data-widget_type=\"image.default\">\n\t\t\t\t<div class=\"elementor-widget-container\">\n\t\t\t\t\t\t\t\t\t\t\t\t\t\t\t<img fetchpriority=\"high\" decoding=\"async\" width=\"1181\" height=\"1181\" src=\"https:\/\/geoambient.cat\/wp-content\/uploads\/2025\/05\/WEB_No507-_-EI769-copia.png\" class=\"attachment-full size-full wp-image-5080\" alt=\"ENAC\" srcset=\"https:\/\/geoambient.cat\/wp-content\/uploads\/2025\/05\/WEB_No507-_-EI769-copia.png 1181w, https:\/\/geoambient.cat\/wp-content\/uploads\/2025\/05\/WEB_No507-_-EI769-copia-300x300.png 300w, https:\/\/geoambient.cat\/wp-content\/uploads\/2025\/05\/WEB_No507-_-EI769-copia-1024x1024.png 1024w, https:\/\/geoambient.cat\/wp-content\/uploads\/2025\/05\/WEB_No507-_-EI769-copia-150x150.png 150w, https:\/\/geoambient.cat\/wp-content\/uploads\/2025\/05\/WEB_No507-_-EI769-copia-768x768.png 768w\" sizes=\"(max-width: 1181px) 100vw, 1181px\" \/>\t\t\t\t\t\t\t\t\t\t\t\t\t\t\t<\/div>\n\t\t\t\t<\/div>\n\t\t\t\t\t<\/div>\n\t\t\t\t<\/div>\n\t\t<div class=\"elementor-element elementor-element-24b18e7 e-flex e-con-boxed wpr-jarallax-no wpr-parallax-no wpr-sticky-section-no elementor-invisible e-con e-child\" data-id=\"24b18e7\" data-element_type=\"container\" data-settings=\"{&quot;animation&quot;:&quot;fadeIn&quot;,&quot;animation_mobile&quot;:&quot;fadeIn&quot;}\">\n\t\t\t\t\t<div class=\"e-con-inner\">\n\t\t\t\t<div class=\"elementor-element elementor-element-e3d6416 elementor-widget elementor-widget-heading\" data-id=\"e3d6416\" data-element_type=\"widget\" data-widget_type=\"heading.default\">\n\t\t\t\t<div class=\"elementor-widget-container\">\n\t\t\t\t\t<h2 class=\"elementor-heading-title elementor-size-default\">Accr\u00e9ditation en tant qu'organisme d'inspection environnementale selon la norme ISO-EN-UNE 17020. <\/h2>\t\t\t\t<\/div>\n\t\t\t\t<\/div>\n\t\t\t\t<div class=\"elementor-element elementor-element-c4c0901 elementor-widget elementor-widget-text-editor\" data-id=\"c4c0901\" data-element_type=\"widget\" data-widget_type=\"text-editor.default\">\n\t\t\t\t<div class=\"elementor-widget-container\">\n\t\t\t\t\t\t\t\t\t<p><strong>GeoAmbient<\/strong> est accr\u00e9dit\u00e9e par l&rsquo;<strong>ENAC<\/strong> avec le <strong>num\u00e9ro 507\/EI769 en tant qu&rsquo;organisme d&rsquo;inspection environnementale<\/strong> selon la norme <strong>UNE-EN ISO\/IEC 17020<\/strong> dans le domaine des sols et des eaux souterraines associ\u00e9es, y compris les <strong>Analyses Quantitatives des Risques et les gaz du sol<\/strong>, ainsi que dans le domaine des d\u00e9charges pour l&rsquo;inspection des eaux souterraines conform\u00e9ment \u00e0 l&rsquo;<strong>Annexe III du RD 646\/2020<\/strong>.<\/p><p>Vous pouvez consulter l&rsquo;<strong>Annexe Technique<\/strong> mise \u00e0 jour associ\u00e9e \u00e0 la port\u00e9e de l&rsquo;accr\u00e9ditation en <a href=\"https:\/\/www.enac.es\/documents\/7020\/0db82255-9e8e-472e-9743-3bb9cf75f8f5\"><strong>cliquant ici<\/strong><\/a>\u00a0 et demander la <strong>Liste des Documents Normatifs<\/strong> via l&#8217;email <strong><a href=\"mailto:geoambient@geoambient.cat\"><strong>geoambient@geoambient.cat<\/strong><\/a>.\u00a0<\/strong><\/p>\t\t\t\t\t\t\t\t<\/div>\n\t\t\t\t<\/div>\n\t\t\t\t\t<\/div>\n\t\t\t\t<\/div>\n\t\t\t\t\t<\/div>\n\t\t\t\t<\/div>\n\t\t<div class=\"elementor-element elementor-element-c4e4d9b e-flex e-con-boxed wpr-jarallax-no wpr-parallax-no wpr-sticky-section-no e-con e-parent\" data-id=\"c4e4d9b\" data-element_type=\"container\" data-settings=\"{&quot;background_background&quot;:&quot;video&quot;,&quot;background_video_start&quot;:15,&quot;background_video_link&quot;:&quot;\\\/wp-content\\\/themes\\\/geoambient-kit-child\\\/Videos\\\/rse\\\/Personas_1.mp4&quot;}\">\n\t\t\t\t\t<div class=\"e-con-inner\">\n\t\t<div class=\"elementor-background-video-container elementor-hidden-mobile\" aria-hidden=\"true\">\n\t\t\t\t\t\t\t<video class=\"elementor-background-video-hosted\" autoplay muted playsinline loop><\/video>\n\t\t\t\t\t<\/div><div class=\"elementor-element elementor-element-b057174 e-flex e-con-boxed wpr-jarallax-no wpr-parallax-no wpr-sticky-section-no elementor-invisible e-con e-child\" data-id=\"b057174\" data-element_type=\"container\" data-settings=\"{&quot;background_background&quot;:&quot;classic&quot;,&quot;animation&quot;:&quot;fadeInUp&quot;,&quot;animation_delay&quot;:500}\">\n\t\t\t\t\t<div class=\"e-con-inner\">\n\t\t\t\t<div class=\"elementor-element elementor-element-c4868f6 elementor-widget elementor-widget-text-editor\" data-id=\"c4868f6\" data-element_type=\"widget\" data-widget_type=\"text-editor.default\">\n\t\t\t\t<div class=\"elementor-widget-container\">\n\t\t\t\t\t\t\t\t\t<p>L&rsquo;accr\u00e9ditation <strong>ENAC<\/strong> met en valeur la qualit\u00e9 des services fournis par <strong>GeoAmbient<\/strong> en mati\u00e8re d&rsquo;inspection des sols potentiellement contamin\u00e9s, des eaux souterraines associ\u00e9es, de la r\u00e9alisation d&rsquo;Analyses Quantitatives des Risques et de l&rsquo;inspection des eaux souterraines dans les d\u00e9charges. Elle garantit \u00e9galement l&rsquo;application de protocoles d&rsquo;intervention normalis\u00e9s li\u00e9s \u00e0 ces activit\u00e9s d&rsquo;inspection et le respect de la r\u00e9glementation en vigueur.<\/p>\t\t\t\t\t\t\t\t<\/div>\n\t\t\t\t<\/div>\n\t\t\t\t\t<\/div>\n\t\t\t\t<\/div>\n\t\t\t\t\t<\/div>\n\t\t\t\t<\/div>\n\t\t<div class=\"elementor-element elementor-element-80976e5 e-flex e-con-boxed wpr-jarallax-no wpr-parallax-no wpr-sticky-section-no e-con e-parent\" data-id=\"80976e5\" data-element_type=\"container\">\n\t\t\t\t\t<div class=\"e-con-inner\">\n\t\t<div class=\"elementor-element elementor-element-f1ba428 e-flex e-con-boxed wpr-jarallax-no wpr-parallax-no wpr-sticky-section-no elementor-invisible e-con e-child\" data-id=\"f1ba428\" data-element_type=\"container\" data-settings=\"{&quot;animation&quot;:&quot;fadeIn&quot;,&quot;animation_mobile&quot;:&quot;fadeIn&quot;}\">\n\t\t\t\t\t<div class=\"e-con-inner\">\n\t\t\t\t<div class=\"elementor-element elementor-element-cbc6bd3 elementor-widget elementor-widget-heading\" data-id=\"cbc6bd3\" data-element_type=\"widget\" data-widget_type=\"heading.default\">\n\t\t\t\t<div class=\"elementor-widget-container\">\n\t\t\t\t\t<h3 class=\"elementor-heading-title elementor-size-default\">Plus pr\u00e9cis\u00e9ment, les activit\u00e9s accr\u00e9dit\u00e9es pour chacun des domaines d'inspection sont les suivantes : <\/h3>\t\t\t\t<\/div>\n\t\t\t\t<\/div>\n\t\t\t\t<div class=\"elementor-element elementor-element-b16b8fc elementor-widget elementor-widget-text-editor\" data-id=\"b16b8fc\" data-element_type=\"widget\" data-widget_type=\"text-editor.default\">\n\t\t\t\t<div class=\"elementor-widget-container\">\n\t\t\t\t\t\t\t\t\t<p><strong>Sols et eaux souterraines associ\u00e9es et gaz du sol:<\/strong> Conception et r\u00e9alisation d&rsquo;\u00e9valuations de la qualit\u00e9 des sols li\u00e9s \u00e0 des activit\u00e9s, installations ou actions potentiellement polluantes, pour la r\u00e9alisation de :<\/p><ul><li>Rapports de situation (de base ou de d\u00e9part, compl\u00e9mentaires, p\u00e9riodiques, pour changement d&rsquo;activit\u00e9, d&rsquo;utilisation des sols ou fermeture&#8230;).<\/li><li>Analyse Quantitative des Risques.<\/li><li>Rapports de suivi et de contr\u00f4le de la d\u00e9contamination.<\/li><li>Rapports de v\u00e9rification\/certification de la d\u00e9contamination.<\/li><\/ul>\t\t\t\t\t\t\t\t<\/div>\n\t\t\t\t<\/div>\n\t\t\t\t<div class=\"elementor-element elementor-element-5ea3734 elementor-widget elementor-widget-text-editor\" data-id=\"5ea3734\" data-element_type=\"widget\" data-widget_type=\"text-editor.default\">\n\t\t\t\t<div class=\"elementor-widget-container\">\n\t\t\t\t\t\t\t\t\t<p><strong>D\u00e9charges:<\/strong> Contr\u00f4le et surveillance lors des phases d&rsquo;exploitation et de post-maintenance de la d\u00e9charge (<strong>Annexe III du RD 646\/2020<\/strong>):<\/p><ul><li>Eaux souterraines<\/li><\/ul>\t\t\t\t\t\t\t\t<\/div>\n\t\t\t\t<\/div>\n\t\t\t\t\t<\/div>\n\t\t\t\t<\/div>\n\t\t<div class=\"elementor-element elementor-element-4751190 e-flex e-con-boxed wpr-jarallax-no wpr-parallax-no wpr-sticky-section-no elementor-invisible e-con e-child\" data-id=\"4751190\" data-element_type=\"container\" data-settings=\"{&quot;animation&quot;:&quot;fadeIn&quot;,&quot;animation_mobile&quot;:&quot;fadeIn&quot;}\">\n\t\t\t\t\t<div class=\"e-con-inner\">\n\t\t\t\t<div class=\"elementor-element elementor-element-ff0ba07 elementor-invisible elementor-widget elementor-widget-image\" data-id=\"ff0ba07\" data-element_type=\"widget\" data-settings=\"{&quot;_animation&quot;:&quot;fadeIn&quot;,&quot;_animation_mobile&quot;:&quot;none&quot;}\" data-widget_type=\"image.default\">\n\t\t\t\t<div class=\"elementor-widget-container\">\n\t\t\t\t\t\t\t\t\t\t\t\t\t\t\t<img decoding=\"async\" width=\"1024\" height=\"768\" src=\"https:\/\/geoambient.cat\/wp-content\/uploads\/2025\/06\/qualitat.jpeg\" class=\"attachment-full size-full wp-image-6087\" alt=\"Contacto_1.mp4\" srcset=\"https:\/\/geoambient.cat\/wp-content\/uploads\/2025\/06\/qualitat.jpeg 1024w, https:\/\/geoambient.cat\/wp-content\/uploads\/2025\/06\/qualitat-300x225.jpeg 300w, https:\/\/geoambient.cat\/wp-content\/uploads\/2025\/06\/qualitat-768x576.jpeg 768w\" sizes=\"(max-width: 1024px) 100vw, 1024px\" \/>\t\t\t\t\t\t\t\t\t\t\t\t\t\t\t<\/div>\n\t\t\t\t<\/div>\n\t\t\t\t\t<\/div>\n\t\t\t\t<\/div>\n\t\t\t\t\t<\/div>\n\t\t\t\t<\/div>\n\t\t\t\t<\/div>\n\t\t","protected":false},"excerpt":{"rendered":"<p>Qualit\u00e9 Accr\u00e9ditation en tant qu&rsquo;organisme d&rsquo;inspection environnementale selon la norme ISO-EN-UNE 17020. GeoAmbient est accr\u00e9dit\u00e9e par l&rsquo;ENAC avec le num\u00e9ro 507\/EI769 en tant qu&rsquo;organisme d&rsquo;inspection environnementale selon la norme UNE-EN ISO\/IEC 17020 dans le domaine des sols et des eaux souterraines associ\u00e9es, y compris les Analyses Quantitatives des Risques et les gaz du sol, ainsi que dans le domaine des d\u00e9charges pour l&rsquo;inspection des eaux souterraines conform\u00e9ment \u00e0 l&rsquo;Annexe III du RD 646\/2020. Vous pouvez consulter l&rsquo;Annexe Technique mise \u00e0 jour associ\u00e9e \u00e0 la port\u00e9e de l&rsquo;accr\u00e9ditation en cliquant ici\u00a0 et demander la Liste des Documents Normatifs via l&#8217;email geoambient@geoambient.cat.\u00a0 L&rsquo;accr\u00e9ditation ENAC met en valeur la qualit\u00e9 des services fournis par GeoAmbient en mati\u00e8re d&rsquo;inspection des sols potentiellement contamin\u00e9s, des eaux souterraines associ\u00e9es, de la r\u00e9alisation d&rsquo;Analyses Quantitatives des Risques et de l&rsquo;inspection des eaux souterraines dans les d\u00e9charges. Elle garantit \u00e9galement l&rsquo;application de protocoles d&rsquo;intervention normalis\u00e9s li\u00e9s \u00e0 ces activit\u00e9s d&rsquo;inspection et le respect de la r\u00e9glementation en vigueur. Plus pr\u00e9cis\u00e9ment, les activit\u00e9s accr\u00e9dit\u00e9es pour chacun des domaines d&rsquo;inspection sont les suivantes : Sols et eaux souterraines associ\u00e9es et gaz du sol: Conception et r\u00e9alisation d&rsquo;\u00e9valuations de la qualit\u00e9 des sols li\u00e9s \u00e0 des activit\u00e9s, installations ou actions potentiellement polluantes, pour la r\u00e9alisation de : Rapports de situation (de base ou de d\u00e9part, compl\u00e9mentaires, p\u00e9riodiques, pour changement d&rsquo;activit\u00e9, d&rsquo;utilisation des sols ou fermeture&#8230;). Analyse Quantitative des Risques. Rapports de suivi et de contr\u00f4le de la d\u00e9contamination. Rapports de v\u00e9rification\/certification de la d\u00e9contamination. D\u00e9charges: Contr\u00f4le et surveillance lors des phases d&rsquo;exploitation et de post-maintenance de la d\u00e9charge (Annexe III du RD 646\/2020): Eaux souterraines<\/p>\n","protected":false},"author":1,"featured_media":2558,"parent":0,"menu_order":0,"comment_status":"closed","ping_status":"closed","template":"elementor_canvas","meta":{"footnotes":""},"class_list":["post-7238","page","type-page","status-publish","has-post-thumbnail","hentry"],"acf":[],"_links":{"self":[{"href":"https:\/\/geoambient.cat\/fr\/wp-json\/wp\/v2\/pages\/7238","targetHints":{"allow":["GET"]}}],"collection":[{"href":"https:\/\/geoambient.cat\/fr\/wp-json\/wp\/v2\/pages"}],"about":[{"href":"https:\/\/geoambient.cat\/fr\/wp-json\/wp\/v2\/types\/page"}],"author":[{"embeddable":true,"href":"https:\/\/geoambient.cat\/fr\/wp-json\/wp\/v2\/users\/1"}],"replies":[{"embeddable":true,"href":"https:\/\/geoambient.cat\/fr\/wp-json\/wp\/v2\/comments?post=7238"}],"version-history":[{"count":10,"href":"https:\/\/geoambient.cat\/fr\/wp-json\/wp\/v2\/pages\/7238\/revisions"}],"predecessor-version":[{"id":8021,"href":"https:\/\/geoambient.cat\/fr\/wp-json\/wp\/v2\/pages\/7238\/revisions\/8021"}],"wp:featuredmedia":[{"embeddable":true,"href":"https:\/\/geoambient.cat\/fr\/wp-json\/wp\/v2\/media\/2558"}],"wp:attachment":[{"href":"https:\/\/geoambient.cat\/fr\/wp-json\/wp\/v2\/media?parent=7238"}],"curies":[{"name":"wp","href":"https:\/\/api.w.org\/{rel}","templated":true}]}}