{"id":7217,"date":"2025-07-28T09:16:56","date_gmt":"2025-07-28T09:16:56","guid":{"rendered":"https:\/\/geoambient.cat\/?page_id=7217"},"modified":"2025-07-28T09:26:04","modified_gmt":"2025-07-28T09:26:04","slug":"securite-et-sante","status":"publish","type":"page","link":"https:\/\/geoambient.cat\/fr\/securite-et-sante\/","title":{"rendered":"S\u00e9curit\u00e9 et sant\u00e9"},"content":{"rendered":"\t\t<div data-elementor-type=\"wp-page\" data-elementor-id=\"7217\" class=\"elementor elementor-7217 elementor-7222\">\n\t\t\t\t<div class=\"elementor-element elementor-element-d8a65de sld e-flex e-con-boxed wpr-jarallax-no wpr-parallax-no wpr-sticky-section-no e-con e-parent\" data-id=\"d8a65de\" data-element_type=\"container\" id=\"sld\" data-settings=\"{&quot;background_background&quot;:&quot;video&quot;,&quot;background_play_on_mobile&quot;:&quot;yes&quot;,&quot;background_video_link&quot;:&quot;\\\/wp-content\\\/themes\\\/geoambient-kit-child\\\/Videos\\\/rse\\\/Seguritat_i_salut_1.mp4&quot;}\">\n\t\t\t\t\t<div class=\"e-con-inner\">\n\t\t<div class=\"elementor-background-video-container\" aria-hidden=\"true\">\n\t\t\t\t\t\t\t<video class=\"elementor-background-video-hosted\" autoplay muted playsinline loop><\/video>\n\t\t\t\t\t<\/div>\t\t<div class=\"elementor-element elementor-element-1b201e4 elementor-invisible elementor-widget elementor-widget-heading\" data-id=\"1b201e4\" data-element_type=\"widget\" data-settings=\"{&quot;_animation&quot;:&quot;fadeIn&quot;}\" data-widget_type=\"heading.default\">\n\t\t\t\t<div class=\"elementor-widget-container\">\n\t\t\t\t\t<h1 class=\"elementor-heading-title elementor-size-default\">S\u00e9curit\u00e9 et sant\u00e9<\/h1>\t\t\t\t<\/div>\n\t\t\t\t<\/div>\n\t\t\t\t\t<\/div>\n\t\t\t\t<\/div>\n\t\t<div class=\"elementor-element elementor-element-16c7546 e-flex e-con-boxed wpr-jarallax-no wpr-parallax-no wpr-sticky-section-no e-con e-parent\" data-id=\"16c7546\" data-element_type=\"container\">\n\t\t\t\t\t<div class=\"e-con-inner\">\n\t\t<div class=\"elementor-element elementor-element-568e15c e-flex e-con-boxed wpr-jarallax-no wpr-parallax-no wpr-sticky-section-no elementor-invisible e-con e-child\" data-id=\"568e15c\" data-element_type=\"container\" data-settings=\"{&quot;animation&quot;:&quot;fadeIn&quot;,&quot;animation_mobile&quot;:&quot;fadeIn&quot;}\">\n\t\t\t\t\t<div class=\"e-con-inner\">\n\t\t\t\t<div class=\"elementor-element elementor-element-1f59efd elementor-invisible elementor-widget elementor-widget-image\" data-id=\"1f59efd\" data-element_type=\"widget\" data-settings=\"{&quot;_animation&quot;:&quot;fadeIn&quot;,&quot;_animation_mobile&quot;:&quot;none&quot;}\" data-widget_type=\"image.default\">\n\t\t\t\t<div class=\"elementor-widget-container\">\n\t\t\t\t\t\t\t\t\t\t\t\t\t\t\t<img fetchpriority=\"high\" decoding=\"async\" width=\"2000\" height=\"1500\" src=\"https:\/\/geoambient.cat\/wp-content\/uploads\/2025\/05\/seguretat-i-salut-2.jpg\" class=\"attachment-full size-full wp-image-5037\" alt=\"\" srcset=\"https:\/\/geoambient.cat\/wp-content\/uploads\/2025\/05\/seguretat-i-salut-2.jpg 2000w, https:\/\/geoambient.cat\/wp-content\/uploads\/2025\/05\/seguretat-i-salut-2-300x225.jpg 300w, https:\/\/geoambient.cat\/wp-content\/uploads\/2025\/05\/seguretat-i-salut-2-1024x768.jpg 1024w, https:\/\/geoambient.cat\/wp-content\/uploads\/2025\/05\/seguretat-i-salut-2-768x576.jpg 768w, https:\/\/geoambient.cat\/wp-content\/uploads\/2025\/05\/seguretat-i-salut-2-1536x1152.jpg 1536w\" sizes=\"(max-width: 2000px) 100vw, 2000px\" \/>\t\t\t\t\t\t\t\t\t\t\t\t\t\t\t<\/div>\n\t\t\t\t<\/div>\n\t\t\t\t\t<\/div>\n\t\t\t\t<\/div>\n\t\t<div class=\"elementor-element elementor-element-24b18e7 e-flex e-con-boxed wpr-jarallax-no wpr-parallax-no wpr-sticky-section-no elementor-invisible e-con e-child\" data-id=\"24b18e7\" data-element_type=\"container\" data-settings=\"{&quot;animation&quot;:&quot;fadeIn&quot;,&quot;animation_mobile&quot;:&quot;fadeIn&quot;}\">\n\t\t\t\t\t<div class=\"e-con-inner\">\n\t\t\t\t<div class=\"elementor-element elementor-element-4dcded1 elementor-widget elementor-widget-text-editor\" data-id=\"4dcded1\" data-element_type=\"widget\" data-widget_type=\"text-editor.default\">\n\t\t\t\t<div class=\"elementor-widget-container\">\n\t\t\t\t\t\t\t\t\t<p>Chez <strong>GeoAmbient<\/strong>, la s\u00e9curit\u00e9 et la sant\u00e9 au travail sont des valeurs fondamentales et une priorit\u00e9 constante. Nous nous engageons \u00e0 garantir des environnements de travail s\u00fbrs et sains pour tous nos employ\u00e9s et collaborateurs, en promouvant la pr\u00e9vention, la formation et la sensibilisation en mati\u00e8re de s\u00e9curit\u00e9 au travail.<\/p><p>Nous disposons d\u2019un solide <strong>Syst\u00e8me de Gestion de la S\u00e9curit\u00e9 et de la Sant\u00e9 au Travail<\/strong>, con\u00e7u pour favoriser l\u2019am\u00e9lioration continue. Ce syst\u00e8me repose sur la formation et la sensibilisation de nos \u00e9quipes, l\u2019identification des risques et la gestion des accidents et incidents. Notre objectif est d\u2019analyser les causes, de mettre en \u0153uvre des mesures correctives et d\u2019\u00e9viter qu\u2019ils ne se reproduisent, en assurant une culture de s\u00e9curit\u00e9 au sein de toute l\u2019organisation.<\/p>\t\t\t\t\t\t\t\t<\/div>\n\t\t\t\t<\/div>\n\t\t\t\t\t<\/div>\n\t\t\t\t<\/div>\n\t\t\t\t\t<\/div>\n\t\t\t\t<\/div>\n\t\t<div class=\"elementor-element elementor-element-c4e4d9b e-flex e-con-boxed wpr-jarallax-no wpr-parallax-no wpr-sticky-section-no e-con e-parent\" data-id=\"c4e4d9b\" data-element_type=\"container\" data-settings=\"{&quot;background_background&quot;:&quot;classic&quot;}\">\n\t\t\t\t\t<div class=\"e-con-inner\">\n\t\t<div class=\"elementor-element elementor-element-b057174 e-flex e-con-boxed wpr-jarallax-no wpr-parallax-no wpr-sticky-section-no elementor-invisible e-con e-child\" data-id=\"b057174\" data-element_type=\"container\" data-settings=\"{&quot;background_background&quot;:&quot;classic&quot;,&quot;animation&quot;:&quot;fadeInUp&quot;,&quot;animation_delay&quot;:500}\">\n\t\t\t\t\t<div class=\"e-con-inner\">\n\t\t\t\t<div class=\"elementor-element elementor-element-c4868f6 elementor-widget elementor-widget-text-editor\" data-id=\"c4868f6\" data-element_type=\"widget\" data-widget_type=\"text-editor.default\">\n\t\t\t\t<div class=\"elementor-widget-container\">\n\t\t\t\t\t\t\t\t\t<p>Chez <strong>GeoAmbient<\/strong>, nous consid\u00e9rons la s\u00e9curit\u00e9 non seulement comme un engagement, mais comme une responsabilit\u00e9 qui guide toutes nos actions et garantit le bien-\u00eatre de ceux qui font partie de notre entreprise.<\/p>\t\t\t\t\t\t\t\t<\/div>\n\t\t\t\t<\/div>\n\t\t\t\t\t<\/div>\n\t\t\t\t<\/div>\n\t\t\t\t\t<\/div>\n\t\t\t\t<\/div>\n\t\t<div class=\"elementor-element elementor-element-caede0f e-flex e-con-boxed wpr-jarallax-no wpr-parallax-no wpr-sticky-section-no e-con e-parent\" data-id=\"caede0f\" data-element_type=\"container\">\n\t\t\t\t\t<div class=\"e-con-inner\">\n\t\t<div class=\"elementor-element elementor-element-44b7732 e-con-full e-flex wpr-jarallax-no wpr-parallax-no wpr-sticky-section-no elementor-invisible e-con e-child\" data-id=\"44b7732\" data-element_type=\"container\" data-settings=\"{&quot;animation&quot;:&quot;fadeIn&quot;,&quot;animation_mobile&quot;:&quot;fadeIn&quot;}\">\n\t\t\t\t<div class=\"elementor-element elementor-element-6244b01 elementor-invisible elementor-widget elementor-widget-image\" data-id=\"6244b01\" data-element_type=\"widget\" data-settings=\"{&quot;_animation&quot;:&quot;fadeIn&quot;,&quot;_animation_mobile&quot;:&quot;none&quot;}\" data-widget_type=\"image.default\">\n\t\t\t\t<div class=\"elementor-widget-container\">\n\t\t\t\t\t\t\t\t\t\t\t\t\t\t\t<img decoding=\"async\" width=\"768\" height=\"1024\" src=\"https:\/\/geoambient.cat\/wp-content\/uploads\/2025\/05\/Sant-Adria-Besos-2020-768x1024.jpg\" class=\"attachment-large size-large wp-image-1892\" alt=\"\" srcset=\"https:\/\/geoambient.cat\/wp-content\/uploads\/2025\/05\/Sant-Adria-Besos-2020-768x1024.jpg 768w, https:\/\/geoambient.cat\/wp-content\/uploads\/2025\/05\/Sant-Adria-Besos-2020-225x300.jpg 225w, https:\/\/geoambient.cat\/wp-content\/uploads\/2025\/05\/Sant-Adria-Besos-2020.jpg 864w\" sizes=\"(max-width: 768px) 100vw, 768px\" \/>\t\t\t\t\t\t\t\t\t\t\t\t\t\t\t<\/div>\n\t\t\t\t<\/div>\n\t\t\t\t<\/div>\n\t\t<div class=\"elementor-element elementor-element-f0cab47 e-con-full e-flex wpr-jarallax-no wpr-parallax-no wpr-sticky-section-no elementor-invisible e-con e-child\" data-id=\"f0cab47\" data-element_type=\"container\" data-settings=\"{&quot;animation&quot;:&quot;fadeIn&quot;,&quot;animation_mobile&quot;:&quot;fadeIn&quot;}\">\n\t\t\t\t<div class=\"elementor-element elementor-element-1254e90 elementor-widget elementor-widget-heading\" data-id=\"1254e90\" data-element_type=\"widget\" data-widget_type=\"heading.default\">\n\t\t\t\t<div class=\"elementor-widget-container\">\n\t\t\t\t\t<h2 class=\"elementor-heading-title elementor-size-default\">GeoAmbient depuis 2003<\/h2>\t\t\t\t<\/div>\n\t\t\t\t<\/div>\n\t\t\t\t<div class=\"elementor-element elementor-element-bf1ebeb elementor-widget elementor-widget-heading\" data-id=\"bf1ebeb\" data-element_type=\"widget\" data-widget_type=\"heading.default\">\n\t\t\t\t<div class=\"elementor-widget-container\">\n\t\t\t\t\t<h3 class=\"elementor-heading-title elementor-size-default\">Plus de 20 ans d'exp\u00e9rience<\/h3>\t\t\t\t<\/div>\n\t\t\t\t<\/div>\n\t\t\t\t<div class=\"elementor-element elementor-element-9cfdec6 elementor-widget elementor-widget-text-editor\" data-id=\"9cfdec6\" data-element_type=\"widget\" data-widget_type=\"text-editor.default\">\n\t\t\t\t<div class=\"elementor-widget-container\">\n\t\t\t\t\t\t\t\t\t<p>Entreprise d\u2019ing\u00e9nierie et d\u2019ex\u00e9cution de projets environnementaux, <strong>GeoAmbient<\/strong> \u0153uvre pour r\u00e9pondre \u00e0 vos besoins dans les domaines de la recherche et de la d\u00e9pollution des sols, du traitement des eaux us\u00e9es et de la valorisation des terres et des d\u00e9chets.<\/p><p>Fruit de l\u2019esprit entrepreneurial de <strong>GeoAmbient<\/strong> depuis sa cr\u00e9ation, et gr\u00e2ce \u00e0 notre syst\u00e8me de gestion int\u00e9gr\u00e9e<strong><a href=\"\/qualitat\/\"> de la qualit\u00e9<\/a><\/strong> et de l\u2019environnement, nous intervenons aujourd\u2019hui dans toute la p\u00e9ninsule Ib\u00e9rique et ses \u00eeles, tant pour le secteur public que pour l\u2019ensemble des secteurs industriels.<\/p><p>Avec l\u2019exp\u00e9rience accumul\u00e9e par notre \u00e9quipe humaine et le soutien du <strong><a href=\"https:\/\/www.serfim.com\/\" target=\"_blank\" rel=\"noopener\">GROUPE SERFIM<\/a><\/strong>, ainsi que l\u2019appui de <strong><a href=\"https:\/\/www.serpol.fr\/\" target=\"_blank\" rel=\"noopener\">SERPOL<\/a><\/strong>, nous concevons et r\u00e9alisons des projets \u00e0 grande \u00e9chelle et de haute complexit\u00e9.<\/p><p>Nous sommes garants de s\u00e9rieux, de professionnalisme, d\u2019efficacit\u00e9 et d\u2019efficience.<\/p>\t\t\t\t\t\t\t\t<\/div>\n\t\t\t\t<\/div>\n\t\t<div class=\"elementor-element elementor-element-528402e e-flex e-con-boxed wpr-jarallax-no wpr-parallax-no wpr-sticky-section-no e-con e-child\" data-id=\"528402e\" data-element_type=\"container\">\n\t\t\t\t\t<div class=\"e-con-inner\">\n\t\t<div class=\"elementor-element elementor-element-53b78f3 e-flex e-con-boxed wpr-jarallax-no wpr-parallax-no wpr-sticky-section-no e-con e-child\" data-id=\"53b78f3\" data-element_type=\"container\">\n\t\t\t\t\t<div class=\"e-con-inner\">\n\t\t\t\t<div class=\"elementor-element elementor-element-68bd6ed elementor-widget elementor-widget-counter\" data-id=\"68bd6ed\" data-element_type=\"widget\" data-widget_type=\"counter.default\">\n\t\t\t\t<div class=\"elementor-widget-container\">\n\t\t\t\t\t\t\t<div class=\"elementor-counter\">\n\t\t\t<div class=\"elementor-counter-title\">projets<\/div>\t\t\t<div class=\"elementor-counter-number-wrapper\">\n\t\t\t\t<span class=\"elementor-counter-number-prefix\">+ de <\/span>\n\t\t\t\t<span class=\"elementor-counter-number\" data-duration=\"2000\" data-to-value=\"700\" data-from-value=\"0\" data-delimiter=\",\">0<\/span>\n\t\t\t\t<span class=\"elementor-counter-number-suffix\"><\/span>\n\t\t\t<\/div>\n\t\t<\/div>\n\t\t\t\t\t\t<\/div>\n\t\t\t\t<\/div>\n\t\t\t\t\t<\/div>\n\t\t\t\t<\/div>\n\t\t<div class=\"elementor-element elementor-element-9d58694 e-con-full e-flex wpr-jarallax-no wpr-parallax-no wpr-sticky-section-no e-con e-child\" data-id=\"9d58694\" data-element_type=\"container\">\n\t\t\t\t<div class=\"elementor-element elementor-element-d005944 elementor-widget elementor-widget-counter\" data-id=\"d005944\" data-element_type=\"widget\" data-widget_type=\"counter.default\">\n\t\t\t\t<div class=\"elementor-widget-container\">\n\t\t\t\t\t\t\t<div class=\"elementor-counter\">\n\t\t\t<div class=\"elementor-counter-title\">projets de d\u00e9pollution<\/div>\t\t\t<div class=\"elementor-counter-number-wrapper\">\n\t\t\t\t<span class=\"elementor-counter-number-prefix\">+ de <\/span>\n\t\t\t\t<span class=\"elementor-counter-number\" data-duration=\"2000\" data-to-value=\"100\" data-from-value=\"0\" data-delimiter=\",\">0<\/span>\n\t\t\t\t<span class=\"elementor-counter-number-suffix\"><\/span>\n\t\t\t<\/div>\n\t\t<\/div>\n\t\t\t\t\t\t<\/div>\n\t\t\t\t<\/div>\n\t\t\t\t<\/div>\n\t\t\t\t\t<\/div>\n\t\t\t\t<\/div>\n\t\t\t\t<\/div>\n\t\t\t\t\t<\/div>\n\t\t\t\t<\/div>\n\t\t\t\t<\/div>\n\t\t","protected":false},"excerpt":{"rendered":"<p>S\u00e9curit\u00e9 et sant\u00e9 Chez GeoAmbient, la s\u00e9curit\u00e9 et la sant\u00e9 au travail sont des valeurs fondamentales et une priorit\u00e9 constante. Nous nous engageons \u00e0 garantir des environnements de travail s\u00fbrs et sains pour tous nos employ\u00e9s et collaborateurs, en promouvant la pr\u00e9vention, la formation et la sensibilisation en mati\u00e8re de s\u00e9curit\u00e9 au travail. Nous disposons d\u2019un solide Syst\u00e8me de Gestion de la S\u00e9curit\u00e9 et de la Sant\u00e9 au Travail, con\u00e7u pour favoriser l\u2019am\u00e9lioration continue. Ce syst\u00e8me repose sur la formation et la sensibilisation de nos \u00e9quipes, l\u2019identification des risques et la gestion des accidents et incidents. Notre objectif est d\u2019analyser les causes, de mettre en \u0153uvre des mesures correctives et d\u2019\u00e9viter qu\u2019ils ne se reproduisent, en assurant une culture de s\u00e9curit\u00e9 au sein de toute l\u2019organisation. Chez GeoAmbient, nous consid\u00e9rons la s\u00e9curit\u00e9 non seulement comme un engagement, mais comme une responsabilit\u00e9 qui guide toutes nos actions et garantit le bien-\u00eatre de ceux qui font partie de notre entreprise. GeoAmbient depuis 2003 Plus de 20 ans d&rsquo;exp\u00e9rience Entreprise d\u2019ing\u00e9nierie et d\u2019ex\u00e9cution de projets environnementaux, GeoAmbient \u0153uvre pour r\u00e9pondre \u00e0 vos besoins dans les domaines de la recherche et de la d\u00e9pollution des sols, du traitement des eaux us\u00e9es et de la valorisation des terres et des d\u00e9chets. Fruit de l\u2019esprit entrepreneurial de GeoAmbient depuis sa cr\u00e9ation, et gr\u00e2ce \u00e0 notre syst\u00e8me de gestion int\u00e9gr\u00e9e de la qualit\u00e9 et de l\u2019environnement, nous intervenons aujourd\u2019hui dans toute la p\u00e9ninsule Ib\u00e9rique et ses \u00eeles, tant pour le secteur public que pour l\u2019ensemble des secteurs industriels. Avec l\u2019exp\u00e9rience accumul\u00e9e par notre \u00e9quipe humaine et le soutien du GROUPE SERFIM, ainsi que l\u2019appui de SERPOL, nous concevons et r\u00e9alisons des projets \u00e0 grande \u00e9chelle et de haute complexit\u00e9. Nous sommes garants de s\u00e9rieux, de professionnalisme, d\u2019efficacit\u00e9 et d\u2019efficience. projets + de 0 projets de d\u00e9pollution + de 0<\/p>\n","protected":false},"author":1,"featured_media":2558,"parent":0,"menu_order":0,"comment_status":"closed","ping_status":"closed","template":"elementor_canvas","meta":{"footnotes":""},"class_list":["post-7217","page","type-page","status-publish","has-post-thumbnail","hentry"],"acf":[],"_links":{"self":[{"href":"https:\/\/geoambient.cat\/fr\/wp-json\/wp\/v2\/pages\/7217","targetHints":{"allow":["GET"]}}],"collection":[{"href":"https:\/\/geoambient.cat\/fr\/wp-json\/wp\/v2\/pages"}],"about":[{"href":"https:\/\/geoambient.cat\/fr\/wp-json\/wp\/v2\/types\/page"}],"author":[{"embeddable":true,"href":"https:\/\/geoambient.cat\/fr\/wp-json\/wp\/v2\/users\/1"}],"replies":[{"embeddable":true,"href":"https:\/\/geoambient.cat\/fr\/wp-json\/wp\/v2\/comments?post=7217"}],"version-history":[{"count":4,"href":"https:\/\/geoambient.cat\/fr\/wp-json\/wp\/v2\/pages\/7217\/revisions"}],"predecessor-version":[{"id":7221,"href":"https:\/\/geoambient.cat\/fr\/wp-json\/wp\/v2\/pages\/7217\/revisions\/7221"}],"wp:featuredmedia":[{"embeddable":true,"href":"https:\/\/geoambient.cat\/fr\/wp-json\/wp\/v2\/media\/2558"}],"wp:attachment":[{"href":"https:\/\/geoambient.cat\/fr\/wp-json\/wp\/v2\/media?parent=7217"}],"curies":[{"name":"wp","href":"https:\/\/api.w.org\/{rel}","templated":true}]}}