{"id":7202,"date":"2025-07-28T08:05:05","date_gmt":"2025-07-28T08:05:05","guid":{"rendered":"https:\/\/geoambient.cat\/?page_id=7202"},"modified":"2025-07-28T08:17:42","modified_gmt":"2025-07-28T08:17:42","slug":"personnes","status":"publish","type":"page","link":"https:\/\/geoambient.cat\/fr\/personnes\/","title":{"rendered":"Personnes"},"content":{"rendered":"\t\t<div data-elementor-type=\"wp-page\" data-elementor-id=\"7202\" class=\"elementor elementor-7202 elementor-7207\">\n\t\t\t\t<div class=\"elementor-element elementor-element-d8a65de sld e-flex e-con-boxed wpr-jarallax-no wpr-parallax-no wpr-sticky-section-no e-con e-parent\" data-id=\"d8a65de\" data-element_type=\"container\" id=\"sld\" data-settings=\"{&quot;background_background&quot;:&quot;video&quot;,&quot;background_play_on_mobile&quot;:&quot;yes&quot;,&quot;background_video_link&quot;:&quot;\\\/wp-content\\\/themes\\\/geoambient-kit-child\\\/Videos\\\/rse\\\/Personas_2.mp4&quot;}\">\n\t\t\t\t\t<div class=\"e-con-inner\">\n\t\t<div class=\"elementor-background-video-container\" aria-hidden=\"true\">\n\t\t\t\t\t\t\t<video class=\"elementor-background-video-hosted\" autoplay muted playsinline loop><\/video>\n\t\t\t\t\t<\/div>\t\t<div class=\"elementor-element elementor-element-1b201e4 elementor-invisible elementor-widget elementor-widget-heading\" data-id=\"1b201e4\" data-element_type=\"widget\" data-settings=\"{&quot;_animation&quot;:&quot;fadeIn&quot;}\" data-widget_type=\"heading.default\">\n\t\t\t\t<div class=\"elementor-widget-container\">\n\t\t\t\t\t<h1 class=\"elementor-heading-title elementor-size-default\">Personnes<\/h1>\t\t\t\t<\/div>\n\t\t\t\t<\/div>\n\t\t\t\t\t<\/div>\n\t\t\t\t<\/div>\n\t\t<div class=\"elementor-element elementor-element-16c7546 e-flex e-con-boxed wpr-jarallax-no wpr-parallax-no wpr-sticky-section-no e-con e-parent\" data-id=\"16c7546\" data-element_type=\"container\">\n\t\t\t\t\t<div class=\"e-con-inner\">\n\t\t<div class=\"elementor-element elementor-element-568e15c e-flex e-con-boxed wpr-jarallax-no wpr-parallax-no wpr-sticky-section-no elementor-invisible e-con e-child\" data-id=\"568e15c\" data-element_type=\"container\" data-settings=\"{&quot;animation&quot;:&quot;fadeIn&quot;,&quot;animation_mobile&quot;:&quot;fadeIn&quot;}\">\n\t\t\t\t\t<div class=\"e-con-inner\">\n\t\t\t\t<div class=\"elementor-element elementor-element-1f59efd elementor-invisible elementor-widget elementor-widget-image\" data-id=\"1f59efd\" data-element_type=\"widget\" data-settings=\"{&quot;_animation&quot;:&quot;fadeIn&quot;,&quot;_animation_mobile&quot;:&quot;none&quot;}\" data-widget_type=\"image.default\">\n\t\t\t\t<div class=\"elementor-widget-container\">\n\t\t\t\t\t\t\t\t\t\t\t\t\t\t\t<img fetchpriority=\"high\" decoding=\"async\" width=\"1600\" height=\"1200\" src=\"https:\/\/geoambient.cat\/wp-content\/uploads\/2025\/05\/Foto-Chamonix.jpg\" class=\"attachment-full size-full wp-image-5020\" alt=\"Foto Chamonix\" srcset=\"https:\/\/geoambient.cat\/wp-content\/uploads\/2025\/05\/Foto-Chamonix.jpg 1600w, https:\/\/geoambient.cat\/wp-content\/uploads\/2025\/05\/Foto-Chamonix-300x225.jpg 300w, https:\/\/geoambient.cat\/wp-content\/uploads\/2025\/05\/Foto-Chamonix-1024x768.jpg 1024w, https:\/\/geoambient.cat\/wp-content\/uploads\/2025\/05\/Foto-Chamonix-768x576.jpg 768w, https:\/\/geoambient.cat\/wp-content\/uploads\/2025\/05\/Foto-Chamonix-1536x1152.jpg 1536w\" sizes=\"(max-width: 1600px) 100vw, 1600px\" \/>\t\t\t\t\t\t\t\t\t\t\t\t\t\t\t<\/div>\n\t\t\t\t<\/div>\n\t\t\t\t\t<\/div>\n\t\t\t\t<\/div>\n\t\t<div class=\"elementor-element elementor-element-24b18e7 e-flex e-con-boxed wpr-jarallax-no wpr-parallax-no wpr-sticky-section-no elementor-invisible e-con e-child\" data-id=\"24b18e7\" data-element_type=\"container\" data-settings=\"{&quot;animation&quot;:&quot;fadeIn&quot;,&quot;animation_mobile&quot;:&quot;fadeIn&quot;}\">\n\t\t\t\t\t<div class=\"e-con-inner\">\n\t\t\t\t<div class=\"elementor-element elementor-element-6feca1d elementor-widget elementor-widget-heading\" data-id=\"6feca1d\" data-element_type=\"widget\" data-widget_type=\"heading.default\">\n\t\t\t\t<div class=\"elementor-widget-container\">\n\t\t\t\t\t<h2 class=\"elementor-heading-title elementor-size-default\">Notre engagement envers nos collaborateurs <\/h2>\t\t\t\t<\/div>\n\t\t\t\t<\/div>\n\t\t\t\t<div class=\"elementor-element elementor-element-4e48b1b elementor-widget elementor-widget-text-editor\" data-id=\"4e48b1b\" data-element_type=\"widget\" data-widget_type=\"text-editor.default\">\n\t\t\t\t<div class=\"elementor-widget-container\">\n\t\t\t\t\t\t\t\t\t<p>Chez <strong>GeoAmbient<\/strong>, nous savons que le succ\u00e8s d\u2019une entreprise repose sur le bien-\u00eatre de ses employ\u00e9s. C\u2019est pourquoi notre <strong>Responsabilit\u00e9 Sociale d\u2019Entreprise<\/strong> vise \u00e0 cr\u00e9er un environnement de travail sain, motivant et flexible, o\u00f9 chacun se sent valoris\u00e9 et int\u00e9gr\u00e9.<\/p>\t\t\t\t\t\t\t\t<\/div>\n\t\t\t\t<\/div>\n\t\t\t\t\t<\/div>\n\t\t\t\t<\/div>\n\t\t\t\t\t<\/div>\n\t\t\t\t<\/div>\n\t\t<div class=\"elementor-element elementor-element-7b69b29 e-flex e-con-boxed wpr-jarallax-no wpr-parallax-no wpr-sticky-section-no e-con e-parent\" data-id=\"7b69b29\" data-element_type=\"container\">\n\t\t\t\t\t<div class=\"e-con-inner\">\n\t\t<div class=\"elementor-element elementor-element-ff3d99b e-flex e-con-boxed wpr-jarallax-no wpr-parallax-no wpr-sticky-section-no elementor-invisible e-con e-child\" data-id=\"ff3d99b\" data-element_type=\"container\" data-settings=\"{&quot;animation&quot;:&quot;fadeIn&quot;,&quot;animation_mobile&quot;:&quot;fadeIn&quot;}\">\n\t\t\t\t\t<div class=\"e-con-inner\">\n\t\t\t\t<div class=\"elementor-element elementor-element-b157b52 wpr-feature-list-left wpr-feature-list-square elementor-widget elementor-widget-wpr-feature-list\" data-id=\"b157b52\" data-element_type=\"widget\" data-widget_type=\"wpr-feature-list.default\">\n\t\t\t\t<div class=\"elementor-widget-container\">\n\t\t\t\t\t<div class=\"wpr-feature-list-wrap\"><ul class=\"wpr-feature-list\"><li class=\"wpr-feature-list-item elementor-repeater-item-34e02b0\"><div class=\"wpr-feature-list-icon-wrap\"><span class=\"wpr-feature-list-line\"><\/span><div class=\"wpr-feature-list-icon-inner-wrap\"><\/div><\/div><div class=\"wpr-feature-list-content-wrap\"><h2 class=\"wpr-feature-list-title\"><a class=\"wpr-feature-list-url\" target=\"_blank\" rel=\"nofollow\">Communication ouverte et bidirectionnelle<\/a><\/h2><p class=\"wpr-feature-list-description\">Nous encourageons un dialogue continu entre l\u2019entreprise et nos collaborateurs, promouvant une culture de transparence et d\u2019\u00e9coute active pour am\u00e9liorer leur qualit\u00e9 de vie.<\/p><\/div><\/li><li class=\"wpr-feature-list-item elementor-repeater-item-89d4a30\"><div class=\"wpr-feature-list-icon-wrap\"><span class=\"wpr-feature-list-line\"><\/span><div class=\"wpr-feature-list-icon-inner-wrap\"><\/div><\/div><div class=\"wpr-feature-list-content-wrap\"><h2 class=\"wpr-feature-list-title\"><a class=\"wpr-feature-list-url\" target=\"_blank\" rel=\"nofollow\">Participation et sentiment d\u2019appartenance<\/a><\/h2><p class=\"wpr-feature-list-description\">Nous incitons nos employ\u00e9s \u00e0 s\u2019impliquer dans les activit\u00e9s de l\u2019entreprise afin de renforcer leur lien avec la communaut\u00e9.<\/p><\/div><\/li><li class=\"wpr-feature-list-item elementor-repeater-item-68aba3b\"><div class=\"wpr-feature-list-icon-wrap\"><span class=\"wpr-feature-list-line\"><\/span><div class=\"wpr-feature-list-icon-inner-wrap\"><\/div><\/div><div class=\"wpr-feature-list-content-wrap\"><h2 class=\"wpr-feature-list-title\"><a class=\"wpr-feature-list-url\" target=\"_blank\" rel=\"nofollow\">S\u00e9curit\u00e9 et sant\u00e9 au travail<\/a><\/h2><p class=\"wpr-feature-list-description\">Nous mettons en place un syst\u00e8me de gestion garantissant un environnement de travail s\u00fbr et sain, en priorit\u00e9 pour notre \u00e9quipe. <\/p><\/div><\/li><li class=\"wpr-feature-list-item elementor-repeater-item-e6e16c0\"><div class=\"wpr-feature-list-icon-wrap\"><span class=\"wpr-feature-list-line\"><\/span><div class=\"wpr-feature-list-icon-inner-wrap\"><\/div><\/div><div class=\"wpr-feature-list-content-wrap\"><h2 class=\"wpr-feature-list-title\"><a class=\"wpr-feature-list-url\" target=\"_blank\" rel=\"nofollow\">Travail hybride et t\u00e9l\u00e9travail<\/a><\/h2><p class=\"wpr-feature-list-description\">Nous offrons la possibilit\u00e9 de travailler \u00e0 domicile pour am\u00e9liorer l\u2019\u00e9quilibre entre vie professionnelle et personnelle tout en r\u00e9duisant notre empreinte environnementale.<\/p><\/div><\/li><li class=\"wpr-feature-list-item elementor-repeater-item-fcdf7f5\"><div class=\"wpr-feature-list-icon-wrap\"><span class=\"wpr-feature-list-line\"><\/span><div class=\"wpr-feature-list-icon-inner-wrap\"><\/div><\/div><div class=\"wpr-feature-list-content-wrap\"><h2 class=\"wpr-feature-list-title\"><a class=\"wpr-feature-list-url\" target=\"_blank\" rel=\"nofollow\">R\u00e9mun\u00e9ration Flexible<\/a><\/h2><p class=\"wpr-feature-list-description\">Nous adaptons les avantages salariaux aux besoins de chacun, optimisant ainsi leur pouvoir d\u2019achat et leur bien-\u00eatre.<\/p><\/div><\/li><li class=\"wpr-feature-list-item elementor-repeater-item-fe536ba\"><div class=\"wpr-feature-list-icon-wrap\"><span class=\"wpr-feature-list-line\"><\/span><div class=\"wpr-feature-list-icon-inner-wrap\"><\/div><\/div><div class=\"wpr-feature-list-content-wrap\"><h2 class=\"wpr-feature-list-title\"><a class=\"wpr-feature-list-url\" target=\"_blank\" rel=\"nofollow\">Compensation des heures suppl\u00e9mentaires<\/a><\/h2><p class=\"wpr-feature-list-description\">Nous valorisons l\u2019effort de nos collaborateurs en leur offrant du temps libre compensatoire pour un meilleur \u00e9quilibre entre travail et vie personnelle.<\/p><\/div><\/li><li class=\"wpr-feature-list-item elementor-repeater-item-f7d8bda\"><div class=\"wpr-feature-list-icon-wrap\"><span class=\"wpr-feature-list-line\"><\/span><div class=\"wpr-feature-list-icon-inner-wrap\"><\/div><\/div><div class=\"wpr-feature-list-content-wrap\"><h2 class=\"wpr-feature-list-title\"><a class=\"wpr-feature-list-url\" target=\"_blank\" rel=\"nofollow\">Conciliation et horaires flexibles<\/a><\/h2><p class=\"wpr-feature-list-description\">Nous privil\u00e9gions le bien-\u00eatre et l\u2019efficacit\u00e9 de notre \u00e9quipe en proposant des options qui permettent une meilleure gestion du temps.<\/p><\/div><\/li><\/ul><\/div>\t\t\t\t<\/div>\n\t\t\t\t<\/div>\n\t\t\t\t<div class=\"elementor-element elementor-element-c042f67 elementor-widget elementor-widget-text-editor\" data-id=\"c042f67\" data-element_type=\"widget\" data-widget_type=\"text-editor.default\">\n\t\t\t\t<div class=\"elementor-widget-container\">\n\t\t\t\t\t\t\t\t\t<p><span class=\"TextRun SCXW110940903 BCX0\" lang=\"FR-FR\" xml:lang=\"FR-FR\" data-contrast=\"auto\"><span class=\"NormalTextRun SCXW110940903 BCX0\">Chez <\/span><\/span><strong><span class=\"TextRun SCXW110940903 BCX0\" lang=\"FR-FR\" xml:lang=\"FR-FR\" data-contrast=\"auto\"><span class=\"NormalTextRun SpellingErrorV2Themed SCXW110940903 BCX0\">GeoAmbient<\/span><\/span><\/strong><span class=\"TextRun SCXW110940903 BCX0\" lang=\"FR-FR\" xml:lang=\"FR-FR\" data-contrast=\"auto\"><span class=\"NormalTextRun SCXW110940903 BCX0\">, notre engagement va au-del\u00e0 du travail : nous b\u00e2tissons ensemble un espace o\u00f9 chacun peut \u00e9voluer et s\u2019\u00e9panouir. <\/span><\/span><span class=\"TextRun SCXW110940903 BCX0\" lang=\"FR-FR\" xml:lang=\"FR-FR\" data-contrast=\"auto\"><span class=\"NormalTextRun SCXW110940903 BCX0\">\ud83c\udf3f\u2728<\/span><\/span><span class=\"EOP SCXW110940903 BCX0\" data-ccp-props=\"{}\">\u00a0<\/span><\/p>\t\t\t\t\t\t\t\t<\/div>\n\t\t\t\t<\/div>\n\t\t\t\t\t<\/div>\n\t\t\t\t<\/div>\n\t\t<div class=\"elementor-element elementor-element-177ccfd e-flex e-con-boxed wpr-jarallax-no wpr-parallax-no wpr-sticky-section-no elementor-invisible e-con e-child\" data-id=\"177ccfd\" data-element_type=\"container\" data-settings=\"{&quot;animation&quot;:&quot;fadeIn&quot;,&quot;animation_mobile&quot;:&quot;fadeIn&quot;}\">\n\t\t\t\t\t<div class=\"e-con-inner\">\n\t\t\t\t<div class=\"elementor-element elementor-element-fe89d9a elementor-invisible elementor-widget elementor-widget-image\" data-id=\"fe89d9a\" data-element_type=\"widget\" data-settings=\"{&quot;_animation&quot;:&quot;fadeIn&quot;,&quot;_animation_mobile&quot;:&quot;none&quot;}\" data-widget_type=\"image.default\">\n\t\t\t\t<div class=\"elementor-widget-container\">\n\t\t\t\t\t\t\t\t\t\t\t\t\t\t\t<img decoding=\"async\" width=\"1500\" height=\"2000\" src=\"https:\/\/geoambient.cat\/wp-content\/uploads\/2025\/05\/environmental-protection.jpg\" class=\"attachment-full size-full wp-image-2975\" alt=\"environmental\" srcset=\"https:\/\/geoambient.cat\/wp-content\/uploads\/2025\/05\/environmental-protection.jpg 1500w, https:\/\/geoambient.cat\/wp-content\/uploads\/2025\/05\/environmental-protection-225x300.jpg 225w, https:\/\/geoambient.cat\/wp-content\/uploads\/2025\/05\/environmental-protection-768x1024.jpg 768w, https:\/\/geoambient.cat\/wp-content\/uploads\/2025\/05\/environmental-protection-1152x1536.jpg 1152w\" sizes=\"(max-width: 1500px) 100vw, 1500px\" \/>\t\t\t\t\t\t\t\t\t\t\t\t\t\t\t<\/div>\n\t\t\t\t<\/div>\n\t\t\t\t\t<\/div>\n\t\t\t\t<\/div>\n\t\t\t\t\t<\/div>\n\t\t\t\t<\/div>\n\t\t\t\t<\/div>\n\t\t","protected":false},"excerpt":{"rendered":"<p>Personnes Notre engagement envers nos collaborateurs Chez GeoAmbient, nous savons que le succ\u00e8s d\u2019une entreprise repose sur le bien-\u00eatre de ses employ\u00e9s. C\u2019est pourquoi notre Responsabilit\u00e9 Sociale d\u2019Entreprise vise \u00e0 cr\u00e9er un environnement de travail sain, motivant et flexible, o\u00f9 chacun se sent valoris\u00e9 et int\u00e9gr\u00e9. Communication ouverte et bidirectionnelle Nous encourageons un dialogue continu entre l\u2019entreprise et nos collaborateurs, promouvant une culture de transparence et d\u2019\u00e9coute active pour am\u00e9liorer leur qualit\u00e9 de vie. Participation et sentiment d\u2019appartenance Nous incitons nos employ\u00e9s \u00e0 s\u2019impliquer dans les activit\u00e9s de l\u2019entreprise afin de renforcer leur lien avec la communaut\u00e9. S\u00e9curit\u00e9 et sant\u00e9 au travail Nous mettons en place un syst\u00e8me de gestion garantissant un environnement de travail s\u00fbr et sain, en priorit\u00e9 pour notre \u00e9quipe. Travail hybride et t\u00e9l\u00e9travail Nous offrons la possibilit\u00e9 de travailler \u00e0 domicile pour am\u00e9liorer l\u2019\u00e9quilibre entre vie professionnelle et personnelle tout en r\u00e9duisant notre empreinte environnementale. R\u00e9mun\u00e9ration Flexible Nous adaptons les avantages salariaux aux besoins de chacun, optimisant ainsi leur pouvoir d\u2019achat et leur bien-\u00eatre. Compensation des heures suppl\u00e9mentaires Nous valorisons l\u2019effort de nos collaborateurs en leur offrant du temps libre compensatoire pour un meilleur \u00e9quilibre entre travail et vie personnelle. Conciliation et horaires flexibles Nous privil\u00e9gions le bien-\u00eatre et l\u2019efficacit\u00e9 de notre \u00e9quipe en proposant des options qui permettent une meilleure gestion du temps. Chez GeoAmbient, notre engagement va au-del\u00e0 du travail : nous b\u00e2tissons ensemble un espace o\u00f9 chacun peut \u00e9voluer et s\u2019\u00e9panouir. \ud83c\udf3f\u2728\u00a0<\/p>\n","protected":false},"author":1,"featured_media":2558,"parent":0,"menu_order":0,"comment_status":"closed","ping_status":"closed","template":"elementor_canvas","meta":{"footnotes":""},"class_list":["post-7202","page","type-page","status-publish","has-post-thumbnail","hentry"],"acf":[],"_links":{"self":[{"href":"https:\/\/geoambient.cat\/fr\/wp-json\/wp\/v2\/pages\/7202","targetHints":{"allow":["GET"]}}],"collection":[{"href":"https:\/\/geoambient.cat\/fr\/wp-json\/wp\/v2\/pages"}],"about":[{"href":"https:\/\/geoambient.cat\/fr\/wp-json\/wp\/v2\/types\/page"}],"author":[{"embeddable":true,"href":"https:\/\/geoambient.cat\/fr\/wp-json\/wp\/v2\/users\/1"}],"replies":[{"embeddable":true,"href":"https:\/\/geoambient.cat\/fr\/wp-json\/wp\/v2\/comments?post=7202"}],"version-history":[{"count":4,"href":"https:\/\/geoambient.cat\/fr\/wp-json\/wp\/v2\/pages\/7202\/revisions"}],"predecessor-version":[{"id":7206,"href":"https:\/\/geoambient.cat\/fr\/wp-json\/wp\/v2\/pages\/7202\/revisions\/7206"}],"wp:featuredmedia":[{"embeddable":true,"href":"https:\/\/geoambient.cat\/fr\/wp-json\/wp\/v2\/media\/2558"}],"wp:attachment":[{"href":"https:\/\/geoambient.cat\/fr\/wp-json\/wp\/v2\/media?parent=7202"}],"curies":[{"name":"wp","href":"https:\/\/api.w.org\/{rel}","templated":true}]}}