{"id":7153,"date":"2025-07-27T15:54:53","date_gmt":"2025-07-27T15:54:53","guid":{"rendered":"https:\/\/geoambient.cat\/?page_id=7153"},"modified":"2025-08-04T16:22:36","modified_gmt":"2025-08-04T16:22:36","slug":"essais-de-tracabilite-et-de-viabilite","status":"publish","type":"page","link":"https:\/\/geoambient.cat\/fr\/essais-de-tracabilite-et-de-viabilite\/","title":{"rendered":"Essais de tra\u00e7abilit\u00e9 et de viabilit\u00e9"},"content":{"rendered":"\t\t<div data-elementor-type=\"wp-page\" data-elementor-id=\"7153\" class=\"elementor elementor-7153 elementor-7158\">\n\t\t\t\t<div class=\"elementor-element elementor-element-d8a65de sld e-flex e-con-boxed wpr-jarallax-no wpr-parallax-no wpr-sticky-section-no e-con e-parent\" data-id=\"d8a65de\" data-element_type=\"container\" id=\"sld\" data-settings=\"{&quot;background_background&quot;:&quot;video&quot;,&quot;background_play_on_mobile&quot;:&quot;yes&quot;,&quot;background_video_link&quot;:&quot;\\\/wp-content\\\/themes\\\/geoambient-kit-child\\\/Videos\\\/used\\\/idi\\\/Ensayos_viab.mp4&quot;}\">\n\t\t\t\t\t<div class=\"e-con-inner\">\n\t\t<div class=\"elementor-background-video-container\" aria-hidden=\"true\">\n\t\t\t\t\t\t\t<video class=\"elementor-background-video-hosted\" autoplay muted playsinline loop><\/video>\n\t\t\t\t\t<\/div>\t\t<div class=\"elementor-element elementor-element-1b201e4 elementor-invisible elementor-widget elementor-widget-heading\" data-id=\"1b201e4\" data-element_type=\"widget\" data-settings=\"{&quot;_animation&quot;:&quot;fadeIn&quot;}\" data-widget_type=\"heading.default\">\n\t\t\t\t<div class=\"elementor-widget-container\">\n\t\t\t\t\t<h1 class=\"elementor-heading-title elementor-size-default\">Essais de tra\u00e7abilit\u00e9<br> et de viabilit\u00e9<\/h1>\t\t\t\t<\/div>\n\t\t\t\t<\/div>\n\t\t\t\t\t<\/div>\n\t\t\t\t<\/div>\n\t\t<div class=\"elementor-element elementor-element-16c7546 e-flex e-con-boxed wpr-jarallax-no wpr-parallax-no wpr-sticky-section-no e-con e-parent\" data-id=\"16c7546\" data-element_type=\"container\">\n\t\t\t\t\t<div class=\"e-con-inner\">\n\t\t<div class=\"elementor-element elementor-element-568e15c e-flex e-con-boxed wpr-jarallax-no wpr-parallax-no wpr-sticky-section-no elementor-invisible e-con e-child\" data-id=\"568e15c\" data-element_type=\"container\" data-settings=\"{&quot;animation&quot;:&quot;fadeIn&quot;,&quot;animation_mobile&quot;:&quot;fadeIn&quot;}\">\n\t\t\t\t\t<div class=\"e-con-inner\">\n\t\t\t\t<div class=\"elementor-element elementor-element-1537a48 elementor-invisible elementor-widget elementor-widget-image\" data-id=\"1537a48\" data-element_type=\"widget\" data-settings=\"{&quot;_animation&quot;:&quot;fadeIn&quot;,&quot;_animation_mobile&quot;:&quot;none&quot;}\" data-widget_type=\"image.default\">\n\t\t\t\t<div class=\"elementor-widget-container\">\n\t\t\t\t\t\t\t\t\t\t\t\t\t\t\t<img fetchpriority=\"high\" decoding=\"async\" width=\"1200\" height=\"900\" src=\"https:\/\/geoambient.cat\/wp-content\/uploads\/2025\/05\/GeoAmbient-idi-Assaigs-de-tractabilitat-i-viabilitat-16.jpg\" class=\"attachment-full size-full wp-image-4653\" alt=\"GeoAmbient - i+d+i - Assaigs de tractabilitat i viabilitat 16\" srcset=\"https:\/\/geoambient.cat\/wp-content\/uploads\/2025\/05\/GeoAmbient-idi-Assaigs-de-tractabilitat-i-viabilitat-16.jpg 1200w, https:\/\/geoambient.cat\/wp-content\/uploads\/2025\/05\/GeoAmbient-idi-Assaigs-de-tractabilitat-i-viabilitat-16-300x225.jpg 300w, https:\/\/geoambient.cat\/wp-content\/uploads\/2025\/05\/GeoAmbient-idi-Assaigs-de-tractabilitat-i-viabilitat-16-1024x768.jpg 1024w, https:\/\/geoambient.cat\/wp-content\/uploads\/2025\/05\/GeoAmbient-idi-Assaigs-de-tractabilitat-i-viabilitat-16-768x576.jpg 768w\" sizes=\"(max-width: 1200px) 100vw, 1200px\" \/>\t\t\t\t\t\t\t\t\t\t\t\t\t\t\t<\/div>\n\t\t\t\t<\/div>\n\t\t\t\t\t<\/div>\n\t\t\t\t<\/div>\n\t\t<div class=\"elementor-element elementor-element-24b18e7 e-flex e-con-boxed wpr-jarallax-no wpr-parallax-no wpr-sticky-section-no elementor-invisible e-con e-child\" data-id=\"24b18e7\" data-element_type=\"container\" data-settings=\"{&quot;animation&quot;:&quot;fadeIn&quot;,&quot;animation_mobile&quot;:&quot;fadeIn&quot;}\">\n\t\t\t\t\t<div class=\"e-con-inner\">\n\t\t\t\t<div class=\"elementor-element elementor-element-916f6ca elementor-widget elementor-widget-heading\" data-id=\"916f6ca\" data-element_type=\"widget\" data-widget_type=\"heading.default\">\n\t\t\t\t<div class=\"elementor-widget-container\">\n\t\t\t\t\t<h2 class=\"elementor-heading-title elementor-size-default\">R\u00e9p\u00e9tez pour garantir les r\u00e9sultats <\/h2>\t\t\t\t<\/div>\n\t\t\t\t<\/div>\n\t\t\t\t<div class=\"elementor-element elementor-element-1e84e4b elementor-widget elementor-widget-text-editor\" data-id=\"1e84e4b\" data-element_type=\"widget\" data-widget_type=\"text-editor.default\">\n\t\t\t\t<div class=\"elementor-widget-container\">\n\t\t\t\t\t\t\t\t\t<p>Pour v\u00e9rifier que les techniques de rem\u00e9diation propos\u00e9es pour rem\u00e9dier \u00e0 un probl\u00e8me sp\u00e9cifique peuvent \u00eatre valides et viables, des tests de traitabilit\u00e9 et de faisabilit\u00e9 doivent \u00eatre effectu\u00e9s.<\/p><p>Ces essais, r\u00e9alis\u00e9s dans des laboratoires de petite taille, visent \u00e0 reproduire les conditions existant dans le milieu souterrain (matrice du sol, contaminants, conditions physico-chimiques, g\u00e9ochimie sol\/eau, etc.) et \u00e0 d\u00e9terminer les facteurs limitants et\/ou favorables de la technique, ainsi que son efficacit\u00e9 sur des contaminants et un milieu souterrain sp\u00e9cifiques.<\/p>\t\t\t\t\t\t\t\t<\/div>\n\t\t\t\t<\/div>\n\t\t\t\t\t<\/div>\n\t\t\t\t<\/div>\n\t\t\t\t\t<\/div>\n\t\t\t\t<\/div>\n\t\t<div class=\"elementor-element elementor-element-899a5bf e-flex e-con-boxed wpr-jarallax-no wpr-parallax-no wpr-sticky-section-no e-con e-parent\" data-id=\"899a5bf\" data-element_type=\"container\">\n\t\t\t\t\t<div class=\"e-con-inner\">\n\t\t<div class=\"elementor-element elementor-element-957d7fc e-flex e-con-boxed wpr-jarallax-no wpr-parallax-no wpr-sticky-section-no elementor-invisible e-con e-child\" data-id=\"957d7fc\" data-element_type=\"container\" data-settings=\"{&quot;animation&quot;:&quot;fadeIn&quot;,&quot;animation_mobile&quot;:&quot;fadeIn&quot;}\">\n\t\t\t\t\t<div class=\"e-con-inner\">\n\t\t\t\t<div class=\"elementor-element elementor-element-e619a3f elementor-widget elementor-widget-text-editor\" data-id=\"e619a3f\" data-element_type=\"widget\" data-widget_type=\"text-editor.default\">\n\t\t\t\t<div class=\"elementor-widget-container\">\n\t\t\t\t\t\t\t\t\t<p>Cette connaissance pr\u00e9alable de la traitabilit\u00e9 d\u2019un contaminant pr\u00e9sent dans l\u2019environnement permet de valider, de concevoir et de dimensionner un syst\u00e8me d\u2019assainissement adapt\u00e9 au cas particulier, avec une connaissance pr\u00e9alable des limites et contraintes potentielles, ainsi qu\u2019une estimation des co\u00fbts \u00e9conomiques et des rendements attendus.<\/p><p>\u00c0 cet \u00e9gard, dans le but d&rsquo;offrir les meilleures solutions \u00e0 des probl\u00e8mes sp\u00e9cifiques, <strong>GeoAmbient<\/strong> dispose d&rsquo;un d\u00e9partement sp\u00e9cialis\u00e9 dans la r\u00e9alisation d&rsquo;une grande vari\u00e9t\u00e9 de types de tests de traitabilit\u00e9\/viabilit\u00e9, collaborant \u00e9galement avec des centres de recherche sur des cas sp\u00e9cifiques.<\/p>\t\t\t\t\t\t\t\t<\/div>\n\t\t\t\t<\/div>\n\t\t\t\t\t<\/div>\n\t\t\t\t<\/div>\n\t\t<div class=\"elementor-element elementor-element-e6ad645 e-flex e-con-boxed wpr-jarallax-no wpr-parallax-no wpr-sticky-section-no elementor-invisible e-con e-child\" data-id=\"e6ad645\" data-element_type=\"container\" data-settings=\"{&quot;animation&quot;:&quot;fadeIn&quot;,&quot;animation_mobile&quot;:&quot;fadeIn&quot;}\">\n\t\t\t\t\t<div class=\"e-con-inner\">\n\t\t\t\t<div class=\"elementor-element elementor-element-df200bb elementor-invisible elementor-widget elementor-widget-image\" data-id=\"df200bb\" data-element_type=\"widget\" data-settings=\"{&quot;_animation&quot;:&quot;fadeIn&quot;,&quot;_animation_mobile&quot;:&quot;none&quot;}\" data-widget_type=\"image.default\">\n\t\t\t\t<div class=\"elementor-widget-container\">\n\t\t\t\t\t\t\t\t\t\t\t\t\t\t\t<img decoding=\"async\" width=\"1200\" height=\"797\" src=\"https:\/\/geoambient.cat\/wp-content\/uploads\/2025\/05\/GeoAmbient-idi-Assaigs-de-tractabilitat-i-viabilitat-4.jpg\" class=\"attachment-full size-full wp-image-4673\" alt=\"GeoAmbient - i+d+i - Assaigs de tractabilitat i viabilitat 4\" srcset=\"https:\/\/geoambient.cat\/wp-content\/uploads\/2025\/05\/GeoAmbient-idi-Assaigs-de-tractabilitat-i-viabilitat-4.jpg 1200w, https:\/\/geoambient.cat\/wp-content\/uploads\/2025\/05\/GeoAmbient-idi-Assaigs-de-tractabilitat-i-viabilitat-4-300x199.jpg 300w, https:\/\/geoambient.cat\/wp-content\/uploads\/2025\/05\/GeoAmbient-idi-Assaigs-de-tractabilitat-i-viabilitat-4-1024x680.jpg 1024w, https:\/\/geoambient.cat\/wp-content\/uploads\/2025\/05\/GeoAmbient-idi-Assaigs-de-tractabilitat-i-viabilitat-4-768x510.jpg 768w\" sizes=\"(max-width: 1200px) 100vw, 1200px\" \/>\t\t\t\t\t\t\t\t\t\t\t\t\t\t\t<\/div>\n\t\t\t\t<\/div>\n\t\t\t\t\t<\/div>\n\t\t\t\t<\/div>\n\t\t\t\t\t<\/div>\n\t\t\t\t<\/div>\n\t\t\t\t<\/div>\n\t\t","protected":false},"excerpt":{"rendered":"<p>Essais de tra\u00e7abilit\u00e9 et de viabilit\u00e9 R\u00e9p\u00e9tez pour garantir les r\u00e9sultats Pour v\u00e9rifier que les techniques de rem\u00e9diation propos\u00e9es pour rem\u00e9dier \u00e0 un probl\u00e8me sp\u00e9cifique peuvent \u00eatre valides et viables, des tests de traitabilit\u00e9 et de faisabilit\u00e9 doivent \u00eatre effectu\u00e9s. Ces essais, r\u00e9alis\u00e9s dans des laboratoires de petite taille, visent \u00e0 reproduire les conditions existant dans le milieu souterrain (matrice du sol, contaminants, conditions physico-chimiques, g\u00e9ochimie sol\/eau, etc.) et \u00e0 d\u00e9terminer les facteurs limitants et\/ou favorables de la technique, ainsi que son efficacit\u00e9 sur des contaminants et un milieu souterrain sp\u00e9cifiques. Cette connaissance pr\u00e9alable de la traitabilit\u00e9 d\u2019un contaminant pr\u00e9sent dans l\u2019environnement permet de valider, de concevoir et de dimensionner un syst\u00e8me d\u2019assainissement adapt\u00e9 au cas particulier, avec une connaissance pr\u00e9alable des limites et contraintes potentielles, ainsi qu\u2019une estimation des co\u00fbts \u00e9conomiques et des rendements attendus. \u00c0 cet \u00e9gard, dans le but d&rsquo;offrir les meilleures solutions \u00e0 des probl\u00e8mes sp\u00e9cifiques, GeoAmbient dispose d&rsquo;un d\u00e9partement sp\u00e9cialis\u00e9 dans la r\u00e9alisation d&rsquo;une grande vari\u00e9t\u00e9 de types de tests de traitabilit\u00e9\/viabilit\u00e9, collaborant \u00e9galement avec des centres de recherche sur des cas sp\u00e9cifiques.<\/p>\n","protected":false},"author":1,"featured_media":2558,"parent":0,"menu_order":0,"comment_status":"closed","ping_status":"closed","template":"elementor_canvas","meta":{"footnotes":""},"class_list":["post-7153","page","type-page","status-publish","has-post-thumbnail","hentry"],"acf":[],"_links":{"self":[{"href":"https:\/\/geoambient.cat\/fr\/wp-json\/wp\/v2\/pages\/7153","targetHints":{"allow":["GET"]}}],"collection":[{"href":"https:\/\/geoambient.cat\/fr\/wp-json\/wp\/v2\/pages"}],"about":[{"href":"https:\/\/geoambient.cat\/fr\/wp-json\/wp\/v2\/types\/page"}],"author":[{"embeddable":true,"href":"https:\/\/geoambient.cat\/fr\/wp-json\/wp\/v2\/users\/1"}],"replies":[{"embeddable":true,"href":"https:\/\/geoambient.cat\/fr\/wp-json\/wp\/v2\/comments?post=7153"}],"version-history":[{"count":7,"href":"https:\/\/geoambient.cat\/fr\/wp-json\/wp\/v2\/pages\/7153\/revisions"}],"predecessor-version":[{"id":7815,"href":"https:\/\/geoambient.cat\/fr\/wp-json\/wp\/v2\/pages\/7153\/revisions\/7815"}],"wp:featuredmedia":[{"embeddable":true,"href":"https:\/\/geoambient.cat\/fr\/wp-json\/wp\/v2\/media\/2558"}],"wp:attachment":[{"href":"https:\/\/geoambient.cat\/fr\/wp-json\/wp\/v2\/media?parent=7153"}],"curies":[{"name":"wp","href":"https:\/\/api.w.org\/{rel}","templated":true}]}}