{"id":7134,"date":"2025-07-27T15:34:00","date_gmt":"2025-07-27T15:34:00","guid":{"rendered":"https:\/\/geoambient.cat\/?page_id=7134"},"modified":"2025-08-04T16:33:56","modified_gmt":"2025-08-04T16:33:56","slug":"projets","status":"publish","type":"page","link":"https:\/\/geoambient.cat\/fr\/projets\/","title":{"rendered":"Projets"},"content":{"rendered":"\t\t<div data-elementor-type=\"wp-page\" data-elementor-id=\"7134\" class=\"elementor elementor-7134 elementor-7140\">\n\t\t\t\t<div class=\"elementor-element elementor-element-d8a65de sld e-flex e-con-boxed wpr-jarallax-no wpr-parallax-no wpr-sticky-section-no e-con e-parent\" data-id=\"d8a65de\" data-element_type=\"container\" id=\"sld\" data-settings=\"{&quot;background_background&quot;:&quot;video&quot;,&quot;background_play_on_mobile&quot;:&quot;yes&quot;,&quot;background_video_link&quot;:&quot;\\\/wp-content\\\/themes\\\/geoambient-kit-child\\\/Videos\\\/used\\\/idi\\\/Proy_ I+D.mp4&quot;}\">\n\t\t\t\t\t<div class=\"e-con-inner\">\n\t\t<div class=\"elementor-background-video-container\" aria-hidden=\"true\">\n\t\t\t\t\t\t\t<video class=\"elementor-background-video-hosted\" autoplay muted playsinline loop><\/video>\n\t\t\t\t\t<\/div>\t\t<div class=\"elementor-element elementor-element-1b201e4 elementor-invisible elementor-widget elementor-widget-heading\" data-id=\"1b201e4\" data-element_type=\"widget\" data-settings=\"{&quot;_animation&quot;:&quot;fadeIn&quot;}\" data-widget_type=\"heading.default\">\n\t\t\t\t<div class=\"elementor-widget-container\">\n\t\t\t\t\t<h1 class=\"elementor-heading-title elementor-size-default\">Projets<\/h1>\t\t\t\t<\/div>\n\t\t\t\t<\/div>\n\t\t\t\t\t<\/div>\n\t\t\t\t<\/div>\n\t\t<div class=\"elementor-element elementor-element-16c7546 e-flex e-con-boxed wpr-jarallax-no wpr-parallax-no wpr-sticky-section-no e-con e-parent\" data-id=\"16c7546\" data-element_type=\"container\">\n\t\t\t\t\t<div class=\"e-con-inner\">\n\t\t<div class=\"elementor-element elementor-element-568e15c e-flex e-con-boxed wpr-jarallax-no wpr-parallax-no wpr-sticky-section-no elementor-invisible e-con e-child\" data-id=\"568e15c\" data-element_type=\"container\" data-settings=\"{&quot;animation&quot;:&quot;fadeIn&quot;,&quot;animation_mobile&quot;:&quot;fadeIn&quot;}\">\n\t\t\t\t\t<div class=\"e-con-inner\">\n\t\t\t\t<div class=\"elementor-element elementor-element-60b041a elementor-widget elementor-widget-video\" data-id=\"60b041a\" data-element_type=\"widget\" data-settings=\"{&quot;video_type&quot;:&quot;hosted&quot;,&quot;controls&quot;:&quot;yes&quot;}\" data-widget_type=\"video.default\">\n\t\t\t\t<div class=\"elementor-widget-container\">\n\t\t\t\t\t\t\t<div class=\"e-hosted-video elementor-wrapper elementor-open-inline\">\n\t\t\t\t\t<video class=\"elementor-video\" src=\"https:\/\/geoambient.cat\/wp-content\/themes\/geoambient-kit-child\/Videos\/I+D+I\/i+d+i_-_proyectos.mp4\" controls=\"\" preload=\"auto\" controlsList=\"nodownload\"><\/video>\n\t\t\t\t<\/div>\n\t\t\t\t\t\t<\/div>\n\t\t\t\t<\/div>\n\t\t\t\t\t<\/div>\n\t\t\t\t<\/div>\n\t\t<div class=\"elementor-element elementor-element-24b18e7 e-flex e-con-boxed wpr-jarallax-no wpr-parallax-no wpr-sticky-section-no elementor-invisible e-con e-child\" data-id=\"24b18e7\" data-element_type=\"container\" data-settings=\"{&quot;animation&quot;:&quot;fadeIn&quot;,&quot;animation_mobile&quot;:&quot;fadeIn&quot;}\">\n\t\t\t\t\t<div class=\"e-con-inner\">\n\t\t\t\t<div class=\"elementor-element elementor-element-916f6ca elementor-widget elementor-widget-heading\" data-id=\"916f6ca\" data-element_type=\"widget\" data-widget_type=\"heading.default\">\n\t\t\t\t<div class=\"elementor-widget-container\">\n\t\t\t\t\t<h2 class=\"elementor-heading-title elementor-size-default\">L'innovation et le d\u00e9veloppement sont l'avenir <\/h2>\t\t\t\t<\/div>\n\t\t\t\t<\/div>\n\t\t\t\t<div class=\"elementor-element elementor-element-1e84e4b elementor-widget elementor-widget-text-editor\" data-id=\"1e84e4b\" data-element_type=\"widget\" data-widget_type=\"text-editor.default\">\n\t\t\t\t<div class=\"elementor-widget-container\">\n\t\t\t\t\t\t\t\t\t<p>Dans tous les domaines, et l\u2019environnement ne fait pas exception, l\u2019innovation est la cl\u00e9 pour trouver de nouvelles et meilleures solutions aux besoins du march\u00e9.<\/p><p>En tant qu&rsquo;activit\u00e9 associ\u00e9e \u00e0 la d\u00e9contamination, <strong>GeoAmbient<\/strong> se caract\u00e9rise par l&rsquo;application de nouvelles technologies qui permettent un meilleur contr\u00f4le des processus, ainsi que le d\u00e9veloppement et la mise en \u0153uvre de nouvelles techniques de d\u00e9contamination qui optimisent le temps et les ressources.<\/p><p>\u00c0 cet \u00e9gard, nous avons d\u00e9velopp\u00e9 des techniques de d\u00e9contamination innovantes en collaboration avec des centres de recherche qui nous ont permis d\u2019obtenir des r\u00e9sultats inaccessibles avec d\u2019autres technologies.<\/p>\t\t\t\t\t\t\t\t<\/div>\n\t\t\t\t<\/div>\n\t\t\t\t\t<\/div>\n\t\t\t\t<\/div>\n\t\t\t\t\t<\/div>\n\t\t\t\t<\/div>\n\t\t<div class=\"elementor-element elementor-element-899a5bf e-flex e-con-boxed wpr-jarallax-no wpr-parallax-no wpr-sticky-section-no e-con e-parent\" data-id=\"899a5bf\" data-element_type=\"container\">\n\t\t\t\t\t<div class=\"e-con-inner\">\n\t\t<div class=\"elementor-element elementor-element-957d7fc e-flex e-con-boxed wpr-jarallax-no wpr-parallax-no wpr-sticky-section-no elementor-invisible e-con e-child\" data-id=\"957d7fc\" data-element_type=\"container\" data-settings=\"{&quot;animation&quot;:&quot;fadeIn&quot;,&quot;animation_mobile&quot;:&quot;fadeIn&quot;}\">\n\t\t\t\t\t<div class=\"e-con-inner\">\n\t\t\t\t<div class=\"elementor-element elementor-element-e619a3f elementor-widget elementor-widget-text-editor\" data-id=\"e619a3f\" data-element_type=\"widget\" data-widget_type=\"text-editor.default\">\n\t\t\t\t<div class=\"elementor-widget-container\">\n\t\t\t\t\t\t\t\t\t<p>D&rsquo;autre part, <strong>GeoAmbient<\/strong> est une entreprise leader en Espagne dans l&rsquo;application de nouvelles technologies au travail quotidien des techniciens de terrain, rel\u00e9guant l&rsquo;utilisation du papier au second plan et garantissant que toutes les informations collect\u00e9es sur le terrain sont instantan\u00e9ment disponibles et accessibles depuis n&rsquo;importe quelle plateforme connect\u00e9e \u00e0 Internet.<\/p>\t\t\t\t\t\t\t\t<\/div>\n\t\t\t\t<\/div>\n\t\t\t\t\t<\/div>\n\t\t\t\t<\/div>\n\t\t<div class=\"elementor-element elementor-element-e6ad645 e-flex e-con-boxed wpr-jarallax-no wpr-parallax-no wpr-sticky-section-no elementor-invisible e-con e-child\" data-id=\"e6ad645\" data-element_type=\"container\" data-settings=\"{&quot;animation&quot;:&quot;fadeIn&quot;,&quot;animation_mobile&quot;:&quot;fadeIn&quot;}\">\n\t\t\t\t\t<div class=\"e-con-inner\">\n\t\t\t\t<div class=\"elementor-element elementor-element-df200bb elementor-invisible elementor-widget elementor-widget-image\" data-id=\"df200bb\" data-element_type=\"widget\" data-settings=\"{&quot;_animation&quot;:&quot;fadeIn&quot;,&quot;_animation_mobile&quot;:&quot;none&quot;}\" data-widget_type=\"image.default\">\n\t\t\t\t<div class=\"elementor-widget-container\">\n\t\t\t\t\t\t\t\t\t\t\t\t\t\t\t<img fetchpriority=\"high\" decoding=\"async\" width=\"1200\" height=\"898\" src=\"https:\/\/geoambient.cat\/wp-content\/uploads\/2025\/06\/projectes-1.jpg\" class=\"attachment-full size-full wp-image-6260\" alt=\"\" srcset=\"https:\/\/geoambient.cat\/wp-content\/uploads\/2025\/06\/projectes-1.jpg 1200w, https:\/\/geoambient.cat\/wp-content\/uploads\/2025\/06\/projectes-1-300x225.jpg 300w, https:\/\/geoambient.cat\/wp-content\/uploads\/2025\/06\/projectes-1-1024x766.jpg 1024w, https:\/\/geoambient.cat\/wp-content\/uploads\/2025\/06\/projectes-1-768x575.jpg 768w\" sizes=\"(max-width: 1200px) 100vw, 1200px\" \/>\t\t\t\t\t\t\t\t\t\t\t\t\t\t\t<\/div>\n\t\t\t\t<\/div>\n\t\t\t\t\t<\/div>\n\t\t\t\t<\/div>\n\t\t\t\t\t<\/div>\n\t\t\t\t<\/div>\n\t\t\t\t<\/div>\n\t\t","protected":false},"excerpt":{"rendered":"<p>Projets https:\/\/geoambient.cat\/wp-content\/themes\/geoambient-kit-child\/Videos\/I+D+I\/i+d+i_-_proyectos.mp4 L&rsquo;innovation et le d\u00e9veloppement sont l&rsquo;avenir Dans tous les domaines, et l\u2019environnement ne fait pas exception, l\u2019innovation est la cl\u00e9 pour trouver de nouvelles et meilleures solutions aux besoins du march\u00e9. En tant qu&rsquo;activit\u00e9 associ\u00e9e \u00e0 la d\u00e9contamination, GeoAmbient se caract\u00e9rise par l&rsquo;application de nouvelles technologies qui permettent un meilleur contr\u00f4le des processus, ainsi que le d\u00e9veloppement et la mise en \u0153uvre de nouvelles techniques de d\u00e9contamination qui optimisent le temps et les ressources. \u00c0 cet \u00e9gard, nous avons d\u00e9velopp\u00e9 des techniques de d\u00e9contamination innovantes en collaboration avec des centres de recherche qui nous ont permis d\u2019obtenir des r\u00e9sultats inaccessibles avec d\u2019autres technologies. D&rsquo;autre part, GeoAmbient est une entreprise leader en Espagne dans l&rsquo;application de nouvelles technologies au travail quotidien des techniciens de terrain, rel\u00e9guant l&rsquo;utilisation du papier au second plan et garantissant que toutes les informations collect\u00e9es sur le terrain sont instantan\u00e9ment disponibles et accessibles depuis n&rsquo;importe quelle plateforme connect\u00e9e \u00e0 Internet.<\/p>\n","protected":false},"author":1,"featured_media":2558,"parent":0,"menu_order":0,"comment_status":"closed","ping_status":"closed","template":"elementor_canvas","meta":{"footnotes":""},"class_list":["post-7134","page","type-page","status-publish","has-post-thumbnail","hentry"],"acf":[],"_links":{"self":[{"href":"https:\/\/geoambient.cat\/fr\/wp-json\/wp\/v2\/pages\/7134","targetHints":{"allow":["GET"]}}],"collection":[{"href":"https:\/\/geoambient.cat\/fr\/wp-json\/wp\/v2\/pages"}],"about":[{"href":"https:\/\/geoambient.cat\/fr\/wp-json\/wp\/v2\/types\/page"}],"author":[{"embeddable":true,"href":"https:\/\/geoambient.cat\/fr\/wp-json\/wp\/v2\/users\/1"}],"replies":[{"embeddable":true,"href":"https:\/\/geoambient.cat\/fr\/wp-json\/wp\/v2\/comments?post=7134"}],"version-history":[{"count":7,"href":"https:\/\/geoambient.cat\/fr\/wp-json\/wp\/v2\/pages\/7134\/revisions"}],"predecessor-version":[{"id":7830,"href":"https:\/\/geoambient.cat\/fr\/wp-json\/wp\/v2\/pages\/7134\/revisions\/7830"}],"wp:featuredmedia":[{"embeddable":true,"href":"https:\/\/geoambient.cat\/fr\/wp-json\/wp\/v2\/media\/2558"}],"wp:attachment":[{"href":"https:\/\/geoambient.cat\/fr\/wp-json\/wp\/v2\/media?parent=7134"}],"curies":[{"name":"wp","href":"https:\/\/api.w.org\/{rel}","templated":true}]}}