{"id":7055,"date":"2025-07-27T11:21:06","date_gmt":"2025-07-27T11:21:06","guid":{"rendered":"https:\/\/geoambient.cat\/?page_id=7055"},"modified":"2025-07-27T12:39:43","modified_gmt":"2025-07-27T12:39:43","slug":"terres","status":"publish","type":"page","link":"https:\/\/geoambient.cat\/fr\/terres\/","title":{"rendered":"Terres"},"content":{"rendered":"\t\t<div data-elementor-type=\"wp-page\" data-elementor-id=\"7055\" class=\"elementor elementor-7055 elementor-7060\">\n\t\t\t\t<div class=\"elementor-element elementor-element-d8a65de sld e-flex e-con-boxed wpr-jarallax-no wpr-parallax-no wpr-sticky-section-no e-con e-parent\" data-id=\"d8a65de\" data-element_type=\"container\" id=\"sld\" data-settings=\"{&quot;background_background&quot;:&quot;video&quot;,&quot;background_play_on_mobile&quot;:&quot;yes&quot;,&quot;background_video_link&quot;:&quot;\\\/wp-content\\\/themes\\\/geoambient-kit-child\\\/Videos\\\/used\\\/valoriza\\\/Tierras.mp4&quot;}\">\n\t\t\t\t\t<div class=\"e-con-inner\">\n\t\t<div class=\"elementor-background-video-container\" aria-hidden=\"true\">\n\t\t\t\t\t\t\t<video class=\"elementor-background-video-hosted\" autoplay muted playsinline loop><\/video>\n\t\t\t\t\t<\/div>\t\t<div class=\"elementor-element elementor-element-1b201e4 elementor-invisible elementor-widget elementor-widget-heading\" data-id=\"1b201e4\" data-element_type=\"widget\" data-settings=\"{&quot;_animation&quot;:&quot;fadeIn&quot;}\" data-widget_type=\"heading.default\">\n\t\t\t\t<div class=\"elementor-widget-container\">\n\t\t\t\t\t<h1 class=\"elementor-heading-title elementor-size-default\">Terres<\/h1>\t\t\t\t<\/div>\n\t\t\t\t<\/div>\n\t\t\t\t\t<\/div>\n\t\t\t\t<\/div>\n\t\t<div class=\"elementor-element elementor-element-16c7546 e-flex e-con-boxed wpr-jarallax-no wpr-parallax-no wpr-sticky-section-no e-con e-parent\" data-id=\"16c7546\" data-element_type=\"container\">\n\t\t\t\t\t<div class=\"e-con-inner\">\n\t\t<div class=\"elementor-element elementor-element-568e15c e-flex e-con-boxed wpr-jarallax-no wpr-parallax-no wpr-sticky-section-no elementor-invisible e-con e-child\" data-id=\"568e15c\" data-element_type=\"container\" data-settings=\"{&quot;animation&quot;:&quot;fadeIn&quot;,&quot;animation_mobile&quot;:&quot;fadeIn&quot;}\">\n\t\t\t\t\t<div class=\"e-con-inner\">\n\t\t\t\t<div class=\"elementor-element elementor-element-1f59efd elementor-invisible elementor-widget elementor-widget-image\" data-id=\"1f59efd\" data-element_type=\"widget\" data-settings=\"{&quot;_animation&quot;:&quot;fadeIn&quot;,&quot;_animation_mobile&quot;:&quot;none&quot;}\" data-widget_type=\"image.default\">\n\t\t\t\t<div class=\"elementor-widget-container\">\n\t\t\t\t\t\t\t\t\t\t\t\t\t\t\t<img fetchpriority=\"high\" decoding=\"async\" width=\"1200\" height=\"675\" src=\"https:\/\/geoambient.cat\/wp-content\/uploads\/2025\/05\/Valorizacion-tierras-GEOAMBIENT_08042024_LesFranqueses-6.jpg\" class=\"attachment-full size-full wp-image-4220\" alt=\"\" srcset=\"https:\/\/geoambient.cat\/wp-content\/uploads\/2025\/05\/Valorizacion-tierras-GEOAMBIENT_08042024_LesFranqueses-6.jpg 1200w, https:\/\/geoambient.cat\/wp-content\/uploads\/2025\/05\/Valorizacion-tierras-GEOAMBIENT_08042024_LesFranqueses-6-300x169.jpg 300w, https:\/\/geoambient.cat\/wp-content\/uploads\/2025\/05\/Valorizacion-tierras-GEOAMBIENT_08042024_LesFranqueses-6-1024x576.jpg 1024w, https:\/\/geoambient.cat\/wp-content\/uploads\/2025\/05\/Valorizacion-tierras-GEOAMBIENT_08042024_LesFranqueses-6-768x432.jpg 768w\" sizes=\"(max-width: 1200px) 100vw, 1200px\" \/>\t\t\t\t\t\t\t\t\t\t\t\t\t\t\t<\/div>\n\t\t\t\t<\/div>\n\t\t\t\t\t<\/div>\n\t\t\t\t<\/div>\n\t\t<div class=\"elementor-element elementor-element-24b18e7 e-flex e-con-boxed wpr-jarallax-no wpr-parallax-no wpr-sticky-section-no elementor-invisible e-con e-child\" data-id=\"24b18e7\" data-element_type=\"container\" data-settings=\"{&quot;animation&quot;:&quot;fadeIn&quot;,&quot;animation_mobile&quot;:&quot;fadeIn&quot;}\">\n\t\t\t\t\t<div class=\"e-con-inner\">\n\t\t\t\t<div class=\"elementor-element elementor-element-916f6ca elementor-widget elementor-widget-heading\" data-id=\"916f6ca\" data-element_type=\"widget\" data-widget_type=\"heading.default\">\n\t\t\t\t<div class=\"elementor-widget-container\">\n\t\t\t\t\t<h2 class=\"elementor-heading-title elementor-size-default\">Valorisation des sols pollu\u00e9s <\/h2>\t\t\t\t<\/div>\n\t\t\t\t<\/div>\n\t\t\t\t<div class=\"elementor-element elementor-element-2f370fe elementor-widget elementor-widget-text-editor\" data-id=\"2f370fe\" data-element_type=\"widget\" data-widget_type=\"text-editor.default\">\n\t\t\t\t<div class=\"elementor-widget-container\">\n\t\t\t\t\t\t\t\t\t<p>Chez <strong>GeoAmbient<\/strong>, nous sommes sp\u00e9cialis\u00e9s dans la <strong>gestion des terres excav\u00e9es poll\u00e9es<\/strong>, gr\u00e2ce \u00e0 des <strong>processus de valorisation avanc\u00e9s<\/strong>, garantissant une <strong>gestion durable et efficace<\/strong>.<\/p><p>Notre processus repose sur l&rsquo;<strong>application de traitements<em> ex situ<\/em><\/strong> permettant de <strong>d\u00e9polluer<\/strong> les sols de mani\u00e8re innovante et efficace. Cela nous permet de r\u00e9duire l&rsquo;impact environnemental et de <strong>favoriser la r\u00e9cup\u00e9ration des sols pour leur r\u00e9utilisation ult\u00e9rieure<\/strong>.<\/p>\t\t\t\t\t\t\t\t<\/div>\n\t\t\t\t<\/div>\n\t\t\t\t<div class=\"elementor-element elementor-element-ad5601f elementor-hidden-desktop elementor-hidden-laptop elementor-hidden-tablet elementor-hidden-mobile wpr-button-icon-style-inline wpr-button-icon-position-right elementor-widget elementor-widget-wpr-button\" data-id=\"ad5601f\" data-element_type=\"widget\" data-widget_type=\"wpr-button.default\">\n\t\t\t\t<div class=\"elementor-widget-container\">\n\t\t\t\t\t\t\n\t\t\t\n\t\t\n\t\t<div class=\"wpr-button-wrap elementor-clearfix\">\n\t\t<a class=\"wpr-button wpr-button-effect wpr-button-bounce-to-bottom\" data-text=\"\" href=\"#contac\">\n\t\t\t\n\t\t\t<span class=\"wpr-button-content\">\n\t\t\t\t\t\t\t\t\t<span class=\"wpr-button-text\">Contacta<\/span>\n\t\t\t\t\t\t\t\t\n\t\t\t\t\t\t\t\t\t<span class=\"wpr-button-icon\"><svg class=\"e-font-icon-svg e-fas-arrow-circle-down\" viewBox=\"0 0 512 512\" xmlns=\"http:\/\/www.w3.org\/2000\/svg\"><path d=\"M504 256c0 137-111 248-248 248S8 393 8 256 119 8 256 8s248 111 248 248zm-143.6-28.9L288 302.6V120c0-13.3-10.7-24-24-24h-16c-13.3 0-24 10.7-24 24v182.6l-72.4-75.5c-9.3-9.7-24.8-9.9-34.3-.4l-10.9 11c-9.4 9.4-9.4 24.6 0 33.9L239 404.3c9.4 9.4 24.6 9.4 33.9 0l132.7-132.7c9.4-9.4 9.4-24.6 0-33.9l-10.9-11c-9.5-9.5-25-9.3-34.3.4z\"><\/path><\/svg><\/span>\n\t\t\t\t\t\t\t<\/span>\n\t\t<\/a>\n\n\t\t\t\t<\/div>\n\t\n\t\n\t\t\t\t\t<\/div>\n\t\t\t\t<\/div>\n\t\t\t\t\t<\/div>\n\t\t\t\t<\/div>\n\t\t\t\t\t<\/div>\n\t\t\t\t<\/div>\n\t\t<div class=\"elementor-element elementor-element-899a5bf e-flex e-con-boxed wpr-jarallax-no wpr-parallax-no wpr-sticky-section-no e-con e-parent\" data-id=\"899a5bf\" data-element_type=\"container\">\n\t\t\t\t\t<div class=\"e-con-inner\">\n\t\t<div class=\"elementor-element elementor-element-957d7fc e-flex e-con-boxed wpr-jarallax-no wpr-parallax-no wpr-sticky-section-no elementor-invisible e-con e-child\" data-id=\"957d7fc\" data-element_type=\"container\" data-settings=\"{&quot;animation&quot;:&quot;fadeIn&quot;,&quot;animation_mobile&quot;:&quot;fadeIn&quot;}\">\n\t\t\t\t\t<div class=\"e-con-inner\">\n\t\t\t\t<div class=\"elementor-element elementor-element-efc0423 elementor-widget elementor-widget-heading\" data-id=\"efc0423\" data-element_type=\"widget\" data-widget_type=\"heading.default\">\n\t\t\t\t<div class=\"elementor-widget-container\">\n\t\t\t\t\t<h3 class=\"elementor-heading-title elementor-size-default\">Ce que nous proposons: <\/h3>\t\t\t\t<\/div>\n\t\t\t\t<\/div>\n\t\t\t\t<div class=\"elementor-element elementor-element-b2dc71c elementor-widget elementor-widget-text-editor\" data-id=\"b2dc71c\" data-element_type=\"widget\" data-widget_type=\"text-editor.default\">\n\t\t\t\t<div class=\"elementor-widget-container\">\n\t\t\t\t\t\t\t\t\t<ul><li><strong>Solutions personnalis\u00e9es<\/strong>, adapt\u00e9es aux caract\u00e9ristiques sp\u00e9cifiques de chaque cas.<\/li><li><strong>Traitements de d\u00e9pollution innovants.<\/strong><\/li><li><strong>Respect strict des normes environnementales et de s\u00e9curit\u00e9.<\/strong><\/li><li><strong>Laboratoire interne<\/strong> pour valider les traitements \u00e0 l&rsquo;\u00e9chelle de laboratoire et pilote avant leur application \u00e0 grande \u00e9chelle.<\/li><\/ul>\t\t\t\t\t\t\t\t<\/div>\n\t\t\t\t<\/div>\n\t\t\t\t\t<\/div>\n\t\t\t\t<\/div>\n\t\t<div class=\"elementor-element elementor-element-e6ad645 e-flex e-con-boxed wpr-jarallax-no wpr-parallax-no wpr-sticky-section-no elementor-invisible e-con e-child\" data-id=\"e6ad645\" data-element_type=\"container\" data-settings=\"{&quot;animation&quot;:&quot;fadeIn&quot;,&quot;animation_mobile&quot;:&quot;fadeIn&quot;}\">\n\t\t\t\t\t<div class=\"e-con-inner\">\n\t\t\t\t<div class=\"elementor-element elementor-element-df200bb elementor-invisible elementor-widget elementor-widget-image\" data-id=\"df200bb\" data-element_type=\"widget\" data-settings=\"{&quot;_animation&quot;:&quot;fadeIn&quot;,&quot;_animation_mobile&quot;:&quot;none&quot;}\" data-widget_type=\"image.default\">\n\t\t\t\t<div class=\"elementor-widget-container\">\n\t\t\t\t\t\t\t\t\t\t\t\t\t\t\t<img decoding=\"async\" width=\"1200\" height=\"900\" src=\"https:\/\/geoambient.cat\/wp-content\/uploads\/2025\/05\/Valorizacion-tierras-AS4.jpg\" class=\"attachment-full size-full wp-image-4276\" alt=\"\" srcset=\"https:\/\/geoambient.cat\/wp-content\/uploads\/2025\/05\/Valorizacion-tierras-AS4.jpg 1200w, https:\/\/geoambient.cat\/wp-content\/uploads\/2025\/05\/Valorizacion-tierras-AS4-300x225.jpg 300w, https:\/\/geoambient.cat\/wp-content\/uploads\/2025\/05\/Valorizacion-tierras-AS4-1024x768.jpg 1024w, https:\/\/geoambient.cat\/wp-content\/uploads\/2025\/05\/Valorizacion-tierras-AS4-768x576.jpg 768w\" sizes=\"(max-width: 1200px) 100vw, 1200px\" \/>\t\t\t\t\t\t\t\t\t\t\t\t\t\t\t<\/div>\n\t\t\t\t<\/div>\n\t\t\t\t\t<\/div>\n\t\t\t\t<\/div>\n\t\t\t\t\t<\/div>\n\t\t\t\t<\/div>\n\t\t<div class=\"elementor-element elementor-element-1c23fa1 e-flex e-con-boxed wpr-jarallax-no wpr-parallax-no wpr-sticky-section-no e-con e-parent\" data-id=\"1c23fa1\" data-element_type=\"container\">\n\t\t\t\t\t<div class=\"e-con-inner\">\n\t\t<div class=\"elementor-element elementor-element-5905a8c e-flex e-con-boxed wpr-jarallax-no wpr-parallax-no wpr-sticky-section-no elementor-invisible e-con e-child\" data-id=\"5905a8c\" data-element_type=\"container\" data-settings=\"{&quot;animation&quot;:&quot;fadeIn&quot;,&quot;animation_mobile&quot;:&quot;fadeIn&quot;}\">\n\t\t\t\t\t<div class=\"e-con-inner\">\n\t\t\t\t<div class=\"elementor-element elementor-element-ac8913d elementor-invisible elementor-widget elementor-widget-image\" data-id=\"ac8913d\" data-element_type=\"widget\" data-settings=\"{&quot;_animation&quot;:&quot;fadeIn&quot;,&quot;_animation_mobile&quot;:&quot;none&quot;}\" data-widget_type=\"image.default\">\n\t\t\t\t<div class=\"elementor-widget-container\">\n\t\t\t\t\t\t\t\t\t\t\t\t\t\t\t<img decoding=\"async\" width=\"1200\" height=\"675\" src=\"https:\/\/geoambient.cat\/wp-content\/uploads\/2025\/05\/Valorizacion-tierras-geoambient-4.jpg\" class=\"attachment-full size-full wp-image-4252\" alt=\"\" srcset=\"https:\/\/geoambient.cat\/wp-content\/uploads\/2025\/05\/Valorizacion-tierras-geoambient-4.jpg 1200w, https:\/\/geoambient.cat\/wp-content\/uploads\/2025\/05\/Valorizacion-tierras-geoambient-4-300x169.jpg 300w, https:\/\/geoambient.cat\/wp-content\/uploads\/2025\/05\/Valorizacion-tierras-geoambient-4-1024x576.jpg 1024w, https:\/\/geoambient.cat\/wp-content\/uploads\/2025\/05\/Valorizacion-tierras-geoambient-4-768x432.jpg 768w\" sizes=\"(max-width: 1200px) 100vw, 1200px\" \/>\t\t\t\t\t\t\t\t\t\t\t\t\t\t\t<\/div>\n\t\t\t\t<\/div>\n\t\t\t\t\t<\/div>\n\t\t\t\t<\/div>\n\t\t<div class=\"elementor-element elementor-element-2e63fdb e-flex e-con-boxed wpr-jarallax-no wpr-parallax-no wpr-sticky-section-no elementor-invisible e-con e-child\" data-id=\"2e63fdb\" data-element_type=\"container\" data-settings=\"{&quot;animation&quot;:&quot;fadeIn&quot;,&quot;animation_mobile&quot;:&quot;fadeIn&quot;}\">\n\t\t\t\t\t<div class=\"e-con-inner\">\n\t\t\t\t<div class=\"elementor-element elementor-element-b6c535e elementor-widget elementor-widget-heading\" data-id=\"b6c535e\" data-element_type=\"widget\" data-widget_type=\"heading.default\">\n\t\t\t\t<div class=\"elementor-widget-container\">\n\t\t\t\t\t<h3 class=\"elementor-heading-title elementor-size-default\">Notre engagement <\/h3>\t\t\t\t<\/div>\n\t\t\t\t<\/div>\n\t\t\t\t<div class=\"elementor-element elementor-element-b80e913 elementor-widget elementor-widget-text-editor\" data-id=\"b80e913\" data-element_type=\"widget\" data-widget_type=\"text-editor.default\">\n\t\t\t\t<div class=\"elementor-widget-container\">\n\t\t\t\t\t\t\t\t\t<p>Gr\u00e2ce \u00e0 nos processus de traitement, nous <strong>transformons les sols pollu\u00e9s en ressources<\/strong>, contribuant activement \u00e0 la <strong>protection de l&rsquo;environnement<\/strong> et \u00e0 la <strong>r\u00e9duction de l&#8217;empreinte \u00e9cologique<\/strong> de nos clients.<\/p><p>Chez <strong>GeoAmbient<\/strong>, nous nous engageons \u00e0 \u00eatre votre partenaire strat\u00e9gique dans la <strong>r\u00e9habilitation environnementale<\/strong>, en offrant une <strong>approche globale et hautement sp\u00e9cialis\u00e9e<\/strong> dans la <strong>gestion des sols pollu\u00e9s<\/strong>.<\/p>\t\t\t\t\t\t\t\t<\/div>\n\t\t\t\t<\/div>\n\t\t\t\t\t<\/div>\n\t\t\t\t<\/div>\n\t\t\t\t\t<\/div>\n\t\t\t\t<\/div>\n\t\t<div class=\"elementor-element elementor-element-ccce948 contac elementor-hidden-desktop elementor-hidden-laptop elementor-hidden-tablet elementor-hidden-mobile e-flex e-con-boxed wpr-jarallax-no wpr-parallax-no wpr-sticky-section-no e-con e-parent\" data-id=\"ccce948\" data-element_type=\"container\" id=\"contac\" data-settings=\"{&quot;background_background&quot;:&quot;classic&quot;}\">\n\t\t\t\t\t<div class=\"e-con-inner\">\n\t\t\t\t<div class=\"elementor-element elementor-element-a760e24 elementor-widget elementor-widget-heading\" data-id=\"a760e24\" data-element_type=\"widget\" data-widget_type=\"heading.default\">\n\t\t\t\t<div class=\"elementor-widget-container\">\n\t\t\t\t\t<h2 class=\"elementor-heading-title elementor-size-default\">Contacta amb nosaltres<\/h2>\t\t\t\t<\/div>\n\t\t\t\t<\/div>\n\t\t\t\t<div class=\"elementor-element elementor-element-b79895b frm-sys elementor-widget elementor-widget-shortcode\" data-id=\"b79895b\" data-element_type=\"widget\" id=\"frm-sys\" data-widget_type=\"shortcode.default\">\n\t\t\t\t<div class=\"elementor-widget-container\">\n\t\t\t\t\t\t\t<div class=\"elementor-shortcode\">\n<div class=\"wpcf7 no-js\" id=\"wpcf7-f6621-o1\" lang=\"fr-FR\" dir=\"ltr\" data-wpcf7-id=\"6621\">\n<div class=\"screen-reader-response\"><p role=\"status\" aria-live=\"polite\" aria-atomic=\"true\"><\/p> <ul><\/ul><\/div>\n<form action=\"\/fr\/wp-json\/wp\/v2\/pages\/7055#wpcf7-f6621-o1\" method=\"post\" class=\"wpcf7-form init\" aria-label=\"Formulaire de contact\" novalidate=\"novalidate\" data-status=\"init\">\n<fieldset class=\"hidden-fields-container\"><input type=\"hidden\" name=\"_wpcf7\" value=\"6621\" \/><input type=\"hidden\" name=\"_wpcf7_version\" value=\"6.1.2\" \/><input type=\"hidden\" name=\"_wpcf7_locale\" value=\"fr_FR\" \/><input type=\"hidden\" name=\"_wpcf7_unit_tag\" value=\"wpcf7-f6621-o1\" \/><input type=\"hidden\" name=\"_wpcf7_container_post\" value=\"0\" \/><input type=\"hidden\" name=\"_wpcf7_posted_data_hash\" value=\"\" \/>\n<\/fieldset>\n<p><label><br \/>\n<span class=\"wpcf7-form-control-wrap\" data-name=\"your-name\"><input size=\"40\" maxlength=\"400\" class=\"wpcf7-form-control wpcf7-text wpcf7-validates-as-required\" autocomplete=\"name\" aria-required=\"true\" aria-invalid=\"false\" placeholder=\"Nom et pr\u00e9nom\" value=\"\" type=\"text\" name=\"your-name\" \/><\/span> <\/label>\n<\/p>\n<p><label><br \/>\n<span class=\"wpcf7-form-control-wrap\" data-name=\"your-email\"><input size=\"40\" maxlength=\"400\" class=\"wpcf7-form-control wpcf7-email wpcf7-validates-as-required wpcf7-text wpcf7-validates-as-email\" autocomplete=\"email\" aria-required=\"true\" aria-invalid=\"false\" placeholder=\"E-mail\" value=\"\" type=\"email\" name=\"your-email\" \/><\/span> <\/label>\n<\/p>\n<p><label><br \/>\n<span class=\"wpcf7-form-control-wrap\" data-name=\"tel-748\"><input size=\"40\" maxlength=\"400\" class=\"wpcf7-form-control wpcf7-tel wpcf7-validates-as-required wpcf7-text wpcf7-validates-as-tel\" autocomplete=\"tel\" aria-required=\"true\" aria-invalid=\"false\" placeholder=\"T\u00e9l\u00e9phone\" value=\"\" type=\"tel\" name=\"tel-748\" \/><\/span><\/label>\n<\/p>\n<p><label><br \/>\n<span class=\"wpcf7-form-control-wrap\" data-name=\"select-971\"><select class=\"wpcf7-form-control wpcf7-select wpcf7-validates-as-required\" aria-required=\"true\" aria-invalid=\"false\" name=\"select-971\"><option value=\"\">Objet<\/option><option value=\"Contact\">Contact<\/option><option value=\"Sols contamin\u00e9s\">Sols contamin\u00e9s<\/option><option value=\"Eaux us\u00e9es\">Eaux us\u00e9es<\/option><option value=\"Valorisation\">Valorisation<\/option><option value=\"R&amp;D&amp;i\">R&amp;D&amp;i<\/option><option value=\"Travaillez avec nous\">Travaillez avec nous<\/option><option value=\"Autres\">Autres<\/option><\/select><\/span><\/label>\n<\/p>\n<p><label><br \/>\n<span class=\"wpcf7-form-control-wrap\" data-name=\"your-message\"><textarea cols=\"40\" rows=\"2\" maxlength=\"2000\" class=\"wpcf7-form-control wpcf7-textarea\" aria-invalid=\"false\" placeholder=\"Message\" name=\"your-message\"><\/textarea><\/span> <\/label>\n<\/p>\n<p><span id=\"wpcf7-6a04738f9acbb-wrapper\" class=\"wpcf7-form-control-wrap honeypot-935-wrap\" style=\"display:none !important; visibility:hidden !important;\"><input type=\"hidden\" name=\"honeypot-935-time-start\" value=\"1778676623\"><input type=\"hidden\" name=\"honeypot-935-time-check\" value=\"7\"><label for=\"wpcf7-6a04738f9acbb-field\" class=\"hp-message\">Veuillez laisser ce champ vide.<\/label><input id=\"wpcf7-6a04738f9acbb-field\"  class=\"wpcf7-form-control wpcf7-text\" type=\"text\" name=\"honeypot-935\" value=\"\" size=\"40\" tabindex=\"-1\" autocomplete=\"new-password\" \/><\/span>\n<\/p>\n<div class=\"privacy-div\">\n\t<p><span class=\"wpcf7-form-control-wrap\" data-name=\"acceptance-733\"><span class=\"wpcf7-form-control wpcf7-acceptance\"><span class=\"wpcf7-list-item\"><input type=\"checkbox\" name=\"acceptance-733\" value=\"1\" class=\"privacy-es\" id=\"privacy-es\" aria-invalid=\"false\" \/><\/span><\/span><\/span>J'ai lu et j'accepte la <a href=\"https:\/\/geoambient.cat\/fr\/politique-de-confidentialite\/\" target=\"_blank\" rel=\"noopener\">politique de confidentialit\u00e9<\/a> .\n\t<\/p>\n<\/div>\n<p><input class=\"wpcf7-form-control wpcf7-submit has-spinner\" type=\"submit\" value=\"Envoyer\" \/>\n<\/p><div class=\"wpcf7-response-output\" aria-hidden=\"true\"><\/div>\n<\/form>\n<\/div>\n<\/div>\n\t\t\t\t\t\t<\/div>\n\t\t\t\t<\/div>\n\t\t\t\t\t<\/div>\n\t\t\t\t<\/div>\n\t\t\t\t<\/div>\n\t\t","protected":false},"excerpt":{"rendered":"<p>Terres Valorisation des sols pollu\u00e9s Chez GeoAmbient, nous sommes sp\u00e9cialis\u00e9s dans la gestion des terres excav\u00e9es poll\u00e9es, gr\u00e2ce \u00e0 des processus de valorisation avanc\u00e9s, garantissant une gestion durable et efficace. Notre processus repose sur l&rsquo;application de traitements ex situ permettant de d\u00e9polluer les sols de mani\u00e8re innovante et efficace. Cela nous permet de r\u00e9duire l&rsquo;impact environnemental et de favoriser la r\u00e9cup\u00e9ration des sols pour leur r\u00e9utilisation ult\u00e9rieure. Contacta Ce que nous proposons: Solutions personnalis\u00e9es, adapt\u00e9es aux caract\u00e9ristiques sp\u00e9cifiques de chaque cas. Traitements de d\u00e9pollution innovants. Respect strict des normes environnementales et de s\u00e9curit\u00e9. Laboratoire interne pour valider les traitements \u00e0 l&rsquo;\u00e9chelle de laboratoire et pilote avant leur application \u00e0 grande \u00e9chelle. Notre engagement Gr\u00e2ce \u00e0 nos processus de traitement, nous transformons les sols pollu\u00e9s en ressources, contribuant activement \u00e0 la protection de l&rsquo;environnement et \u00e0 la r\u00e9duction de l&#8217;empreinte \u00e9cologique de nos clients. Chez GeoAmbient, nous nous engageons \u00e0 \u00eatre votre partenaire strat\u00e9gique dans la r\u00e9habilitation environnementale, en offrant une approche globale et hautement sp\u00e9cialis\u00e9e dans la gestion des sols pollu\u00e9s. Contacta amb nosaltres<\/p>\n","protected":false},"author":1,"featured_media":2558,"parent":0,"menu_order":0,"comment_status":"closed","ping_status":"closed","template":"elementor_canvas","meta":{"footnotes":""},"class_list":["post-7055","page","type-page","status-publish","has-post-thumbnail","hentry"],"acf":[],"_links":{"self":[{"href":"https:\/\/geoambient.cat\/fr\/wp-json\/wp\/v2\/pages\/7055","targetHints":{"allow":["GET"]}}],"collection":[{"href":"https:\/\/geoambient.cat\/fr\/wp-json\/wp\/v2\/pages"}],"about":[{"href":"https:\/\/geoambient.cat\/fr\/wp-json\/wp\/v2\/types\/page"}],"author":[{"embeddable":true,"href":"https:\/\/geoambient.cat\/fr\/wp-json\/wp\/v2\/users\/1"}],"replies":[{"embeddable":true,"href":"https:\/\/geoambient.cat\/fr\/wp-json\/wp\/v2\/comments?post=7055"}],"version-history":[{"count":4,"href":"https:\/\/geoambient.cat\/fr\/wp-json\/wp\/v2\/pages\/7055\/revisions"}],"predecessor-version":[{"id":7059,"href":"https:\/\/geoambient.cat\/fr\/wp-json\/wp\/v2\/pages\/7055\/revisions\/7059"}],"wp:featuredmedia":[{"embeddable":true,"href":"https:\/\/geoambient.cat\/fr\/wp-json\/wp\/v2\/media\/2558"}],"wp:attachment":[{"href":"https:\/\/geoambient.cat\/fr\/wp-json\/wp\/v2\/media?parent=7055"}],"curies":[{"name":"wp","href":"https:\/\/api.w.org\/{rel}","templated":true}]}}