{"id":7014,"date":"2025-07-26T19:16:27","date_gmt":"2025-07-26T19:16:27","guid":{"rendered":"https:\/\/geoambient.cat\/?page_id=7014"},"modified":"2025-07-26T19:23:01","modified_gmt":"2025-07-26T19:23:01","slug":"politique-de-cookies","status":"publish","type":"page","link":"https:\/\/geoambient.cat\/fr\/politique-de-cookies\/","title":{"rendered":"Politique de cookies"},"content":{"rendered":"\t\t<div data-elementor-type=\"wp-page\" data-elementor-id=\"7014\" class=\"elementor elementor-7014\">\n\t\t\t\t<div class=\"elementor-element elementor-element-d8a65de sld e-flex e-con-boxed wpr-jarallax-no wpr-parallax-no wpr-sticky-section-no e-con e-parent\" data-id=\"d8a65de\" data-element_type=\"container\" id=\"sld\" data-settings=\"{&quot;background_background&quot;:&quot;classic&quot;}\">\n\t\t\t\t\t<div class=\"e-con-inner\">\n\t\t\t\t<div class=\"elementor-element elementor-element-1b201e4 elementor-invisible elementor-widget elementor-widget-heading\" data-id=\"1b201e4\" data-element_type=\"widget\" data-settings=\"{&quot;_animation&quot;:&quot;fadeIn&quot;}\" data-widget_type=\"heading.default\">\n\t\t\t\t<div class=\"elementor-widget-container\">\n\t\t\t\t\t<h1 class=\"elementor-heading-title elementor-size-default\">Politique de cookies<\/h1>\t\t\t\t<\/div>\n\t\t\t\t<\/div>\n\t\t\t\t\t<\/div>\n\t\t\t\t<\/div>\n\t\t<div class=\"elementor-element elementor-element-16c7546 e-flex e-con-boxed wpr-jarallax-no wpr-parallax-no wpr-sticky-section-no e-con e-parent\" data-id=\"16c7546\" data-element_type=\"container\">\n\t\t\t\t\t<div class=\"e-con-inner\">\n\t\t<div class=\"elementor-element elementor-element-24b18e7 e-flex e-con-boxed wpr-jarallax-no wpr-parallax-no wpr-sticky-section-no elementor-invisible e-con e-child\" data-id=\"24b18e7\" data-element_type=\"container\" data-settings=\"{&quot;animation&quot;:&quot;fadeIn&quot;,&quot;animation_mobile&quot;:&quot;fadeIn&quot;}\">\n\t\t\t\t\t<div class=\"e-con-inner\">\n\t\t\t\t<div class=\"elementor-element elementor-element-1e84e4b elementor-widget elementor-widget-text-editor\" data-id=\"1e84e4b\" data-element_type=\"widget\" data-widget_type=\"text-editor.default\">\n\t\t\t\t<div class=\"elementor-widget-container\">\n\t\t\t\t\t\t\t\t\t<p style=\"text-align: left;\">Cette <strong>Politique de Cookies<\/strong> a pour objectif d\u2019informer de mani\u00e8re claire et pr\u00e9cise sur les cookies utilis\u00e9s sur le site web de <strong>GeoAmbient<\/strong>.<\/p> <h5><span style=\"color: #0058a3;\">1. Que sont les cookies ?<\/span><\/h5> Les cookies sont de petits fichiers de donn\u00e9es t\u00e9l\u00e9charg\u00e9s sur l\u2019appareil de l\u2019utilisateur lorsqu\u2019il acc\u00e8de \u00e0 certains sites web. Les cookies permettent, entre autres, de stocker et de r\u00e9cup\u00e9rer des informations sur les habitudes de navigation d\u2019un utilisateur ou de son appareil et, en fonction des informations qu\u2019ils contiennent et de l\u2019utilisation de l\u2019appareil, ils peuvent servir \u00e0 reconna\u00eetre l\u2019utilisateur. <h5><span style=\"color: #0058a3;\">2. Types de cookies utilis\u00e9s<\/span><\/h5> <p>Le site web de <strong>GeoAmbient<\/strong> peut utiliser les cat\u00e9gories de cookies suivantes :<\/p> <ul> <li><strong>Cookies techniques :<\/strong> n\u00e9cessaires au bon fonctionnement du site et \u00e0 la fourniture des services demand\u00e9s par l\u2019utilisateur.<\/li> <li><strong>Cookies de personnalisation :<\/strong> permettent d\u2019acc\u00e9der au service avec des caract\u00e9ristiques pr\u00e9d\u00e9finies telles que la langue, le type de navigateur ou la configuration r\u00e9gionale.<\/li> <li><strong>Cookies d\u2019analyse :<\/strong> permettent de suivre et d\u2019analyser le comportement des utilisateurs sur le site \u00e0 des fins statistiques.<\/li> <li><strong>Cookies publicitaires :<\/strong> g\u00e8rent de la mani\u00e8re la plus efficace possible les espaces publicitaires inclus sur le site, en adaptant le contenu des annonces au service demand\u00e9 ou \u00e0 l\u2019usage fait du site.<\/li> <\/ul> <p>Ce site peut utiliser des cookies propres et des cookies tiers. En particulier, il peut utiliser les services de <strong><em>Google Analytics<\/em><\/strong> pour collecter des informations statistiques de mani\u00e8re anonyme et agr\u00e9g\u00e9e afin d\u2019analyser l\u2019utilisation du site.<\/p> <h5><span style=\"color: #0058a3;\">3. Consentement<\/span><\/h5> <p>En acc\u00e9dant \u00e0 notre site web, l\u2019utilisateur <strong>accepte express\u00e9ment l\u2019utilisation des cookies d\u00e9crits<\/strong>, sauf indication contraire. L\u2019utilisateur peut modifier la configuration de son navigateur afin de refuser tous les cookies ou d\u2019\u00eatre averti lorsqu\u2019un cookie est envoy\u00e9.<\/p> <p>Toutefois, si l\u2019utilisateur configure son navigateur pour refuser tous les cookies (y compris les essentiels), l\u2019acc\u00e8s et la fonctionnalit\u00e9 de certaines parties du site peuvent \u00eatre affect\u00e9s.<\/p> <h5><span style=\"color: #0058a3;\">4. Comment d\u00e9sactiver ou supprimer les cookies<\/span><\/h5> <p>L\u2019utilisateur peut autoriser, bloquer ou supprimer les cookies install\u00e9s sur son appareil via les param\u00e8tres du navigateur utilis\u00e9 :<\/p> <ul> <li>Chrome : <a href=\"https:\/\/support.google.com\/chrome\/answer\/95647?hl=fr\" target=\"_blank\" rel=\"noopener\">https:\/\/support.google.com\/chrome\/answer\/95647?hl=fr<\/a><\/li> <li>Firefox : <a href=\"https:\/\/support.mozilla.org\/fr\/kb\/activer-desactiver-cookies-preferences\" target=\"_blank\" rel=\"noopener\">https:\/\/support.mozilla.org\/fr\/kb\/activer-desactiver-cookies-preferences<\/a><\/li> <li>Safari : <a href=\"https:\/\/support.apple.com\/fr-fr\/guide\/safari\/sfri11471\/mac\" target=\"_blank\" rel=\"noopener\">https:\/\/support.apple.com\/fr-fr\/guide\/safari\/sfri11471\/mac<\/a><\/li> <li>Edge : <a href=\"https:\/\/support.microsoft.com\/fr-fr\/microsoft-edge\" target=\"_blank\" rel=\"noopener\">https:\/\/support.microsoft.com\/fr-fr\/microsoft-edge<\/a><\/li> <\/ul> <h5><span style=\"color: #0058a3;\">5. Modifications de la Politique de Cookies<\/span><\/h5> <strong>GeoAmbient<\/strong> pourra mettre \u00e0 jour cette <strong>Politique de Cookies<\/strong> \u00e0 tout moment pour l\u2019adapter aux \u00e9volutions l\u00e9gislatives ou techniques futures. Toute modification significative sera communiqu\u00e9e via le site web. \t\t\t\t\t\t\t\t<\/div>\n\t\t\t\t<\/div>\n\t\t\t\t\t<\/div>\n\t\t\t\t<\/div>\n\t\t\t\t\t<\/div>\n\t\t\t\t<\/div>\n\t\t\t\t<\/div>\n\t\t","protected":false},"excerpt":{"rendered":"<p>Politique de cookies Cette Politique de Cookies a pour objectif d\u2019informer de mani\u00e8re claire et pr\u00e9cise sur les cookies utilis\u00e9s sur le site web de GeoAmbient. 1. Que sont les cookies ? Les cookies sont de petits fichiers de donn\u00e9es t\u00e9l\u00e9charg\u00e9s sur l\u2019appareil de l\u2019utilisateur lorsqu\u2019il acc\u00e8de \u00e0 certains sites web. Les cookies permettent, entre autres, de stocker et de r\u00e9cup\u00e9rer des informations sur les habitudes de navigation d\u2019un utilisateur ou de son appareil et, en fonction des informations qu\u2019ils contiennent et de l\u2019utilisation de l\u2019appareil, ils peuvent servir \u00e0 reconna\u00eetre l\u2019utilisateur. 2. Types de cookies utilis\u00e9s Le site web de GeoAmbient peut utiliser les cat\u00e9gories de cookies suivantes : Cookies techniques : n\u00e9cessaires au bon fonctionnement du site et \u00e0 la fourniture des services demand\u00e9s par l\u2019utilisateur. Cookies de personnalisation : permettent d\u2019acc\u00e9der au service avec des caract\u00e9ristiques pr\u00e9d\u00e9finies telles que la langue, le type de navigateur ou la configuration r\u00e9gionale. Cookies d\u2019analyse : permettent de suivre et d\u2019analyser le comportement des utilisateurs sur le site \u00e0 des fins statistiques. Cookies publicitaires : g\u00e8rent de la mani\u00e8re la plus efficace possible les espaces publicitaires inclus sur le site, en adaptant le contenu des annonces au service demand\u00e9 ou \u00e0 l\u2019usage fait du site. Ce site peut utiliser des cookies propres et des cookies tiers. En particulier, il peut utiliser les services de Google Analytics pour collecter des informations statistiques de mani\u00e8re anonyme et agr\u00e9g\u00e9e afin d\u2019analyser l\u2019utilisation du site. 3. Consentement En acc\u00e9dant \u00e0 notre site web, l\u2019utilisateur accepte express\u00e9ment l\u2019utilisation des cookies d\u00e9crits, sauf indication contraire. L\u2019utilisateur peut modifier la configuration de son navigateur afin de refuser tous les cookies ou d\u2019\u00eatre averti lorsqu\u2019un cookie est envoy\u00e9. Toutefois, si l\u2019utilisateur configure son navigateur pour refuser tous les cookies (y compris les essentiels), l\u2019acc\u00e8s et la fonctionnalit\u00e9 de certaines parties du site peuvent \u00eatre affect\u00e9s. 4. Comment d\u00e9sactiver ou supprimer les cookies L\u2019utilisateur peut autoriser, bloquer ou supprimer les cookies install\u00e9s sur son appareil via les param\u00e8tres du navigateur utilis\u00e9 : Chrome : https:\/\/support.google.com\/chrome\/answer\/95647?hl=fr Firefox : https:\/\/support.mozilla.org\/fr\/kb\/activer-desactiver-cookies-preferences Safari : https:\/\/support.apple.com\/fr-fr\/guide\/safari\/sfri11471\/mac Edge : https:\/\/support.microsoft.com\/fr-fr\/microsoft-edge 5. Modifications de la Politique de Cookies GeoAmbient pourra mettre \u00e0 jour cette Politique de Cookies \u00e0 tout moment pour l\u2019adapter aux \u00e9volutions l\u00e9gislatives ou techniques futures. Toute modification significative sera communiqu\u00e9e via le site web.<\/p>\n","protected":false},"author":1,"featured_media":0,"parent":0,"menu_order":0,"comment_status":"closed","ping_status":"closed","template":"elementor_canvas","meta":{"footnotes":""},"class_list":["post-7014","page","type-page","status-publish","hentry"],"acf":[],"_links":{"self":[{"href":"https:\/\/geoambient.cat\/fr\/wp-json\/wp\/v2\/pages\/7014","targetHints":{"allow":["GET"]}}],"collection":[{"href":"https:\/\/geoambient.cat\/fr\/wp-json\/wp\/v2\/pages"}],"about":[{"href":"https:\/\/geoambient.cat\/fr\/wp-json\/wp\/v2\/types\/page"}],"author":[{"embeddable":true,"href":"https:\/\/geoambient.cat\/fr\/wp-json\/wp\/v2\/users\/1"}],"replies":[{"embeddable":true,"href":"https:\/\/geoambient.cat\/fr\/wp-json\/wp\/v2\/comments?post=7014"}],"version-history":[{"count":4,"href":"https:\/\/geoambient.cat\/fr\/wp-json\/wp\/v2\/pages\/7014\/revisions"}],"predecessor-version":[{"id":7018,"href":"https:\/\/geoambient.cat\/fr\/wp-json\/wp\/v2\/pages\/7014\/revisions\/7018"}],"wp:attachment":[{"href":"https:\/\/geoambient.cat\/fr\/wp-json\/wp\/v2\/media?parent=7014"}],"curies":[{"name":"wp","href":"https:\/\/api.w.org\/{rel}","templated":true}]}}