{"id":6994,"date":"2025-07-26T18:56:16","date_gmt":"2025-07-26T18:56:16","guid":{"rendered":"https:\/\/geoambient.cat\/?page_id=6994"},"modified":"2025-07-26T19:06:10","modified_gmt":"2025-07-26T19:06:10","slug":"avis-legal","status":"publish","type":"page","link":"https:\/\/geoambient.cat\/fr\/avis-legal\/","title":{"rendered":"Avis l\u00e9gal"},"content":{"rendered":"\t\t<div data-elementor-type=\"wp-page\" data-elementor-id=\"6994\" class=\"elementor elementor-6994\">\n\t\t\t\t<div class=\"elementor-element elementor-element-d8a65de sld e-flex e-con-boxed wpr-jarallax-no wpr-parallax-no wpr-sticky-section-no e-con e-parent\" data-id=\"d8a65de\" data-element_type=\"container\" id=\"sld\" data-settings=\"{&quot;background_background&quot;:&quot;classic&quot;}\">\n\t\t\t\t\t<div class=\"e-con-inner\">\n\t\t\t\t<div class=\"elementor-element elementor-element-1b201e4 elementor-invisible elementor-widget elementor-widget-heading\" data-id=\"1b201e4\" data-element_type=\"widget\" data-settings=\"{&quot;_animation&quot;:&quot;fadeIn&quot;}\" data-widget_type=\"heading.default\">\n\t\t\t\t<div class=\"elementor-widget-container\">\n\t\t\t\t\t<h1 class=\"elementor-heading-title elementor-size-default\">Avis l\u00e9gal<\/h1>\t\t\t\t<\/div>\n\t\t\t\t<\/div>\n\t\t\t\t\t<\/div>\n\t\t\t\t<\/div>\n\t\t<div class=\"elementor-element elementor-element-16c7546 e-flex e-con-boxed wpr-jarallax-no wpr-parallax-no wpr-sticky-section-no e-con e-parent\" data-id=\"16c7546\" data-element_type=\"container\">\n\t\t\t\t\t<div class=\"e-con-inner\">\n\t\t<div class=\"elementor-element elementor-element-24b18e7 e-flex e-con-boxed wpr-jarallax-no wpr-parallax-no wpr-sticky-section-no elementor-invisible e-con e-child\" data-id=\"24b18e7\" data-element_type=\"container\" data-settings=\"{&quot;animation&quot;:&quot;fadeIn&quot;,&quot;animation_mobile&quot;:&quot;fadeIn&quot;}\">\n\t\t\t\t\t<div class=\"e-con-inner\">\n\t\t\t\t<div class=\"elementor-element elementor-element-1e84e4b elementor-widget elementor-widget-text-editor\" data-id=\"1e84e4b\" data-element_type=\"widget\" data-widget_type=\"text-editor.default\">\n\t\t\t\t<div class=\"elementor-widget-container\">\n\t\t\t\t\t\t\t\t\t<p>L\u2019utilisation de ce <i>site web<\/i> suppose la connaissance qu\u2019il contient des informations, photographies, vid\u00e9os, graphiques, images, logiciels ainsi que d\u2019autres mat\u00e9riaux et services (ci-apr\u00e8s, le \u00ab Contenu \u00bb), et que ce Contenu, ainsi que son design et ses codes sources, sont la propri\u00e9t\u00e9 intellectuelle de <strong>GeoAmbient Consultoria Geol\u00f2gica S.L<\/strong> (B64536212) ou qu\u2019ils ont fait l\u2019objet d\u2019une licence ou d\u2019une cession par des fournisseurs de contenu ind\u00e9pendants.<\/p><p>L\u2019Utilisateur de ce <i>site web<\/i> accepte et sait que <strong>GeoAmbient<\/strong> (B64536212) permet l\u2019acc\u00e8s \u00e0 ce contenu, mais que celui-ci est prot\u00e9g\u00e9 par les lois de propri\u00e9t\u00e9 intellectuelle et industrielle (ci-apr\u00e8s, les \u00ab Droits \u00bb), ainsi que que ces Droits sont valides et prot\u00e9g\u00e9s par tous les moyens existants actuellement ou qui seront d\u00e9velopp\u00e9s \u00e0 l\u2019avenir. L\u2019Utilisateur accepte que l\u2019utilisation du contenu est soumise \u00e0 ces r\u00e8gles, ainsi qu\u2019aux droits et aux lois relatives \u00e0 la propri\u00e9t\u00e9 priv\u00e9e applicables dans la l\u00e9gislation en vigueur.<\/p><p>Par cons\u00e9quent, tout le contenu du <i>site web<\/i> de <strong>GeoAmbient<\/strong> est prot\u00e9g\u00e9 par ces Droits, et <strong>GeoAmbient<\/strong> (B64536212) en est propri\u00e9taire ou, le cas \u00e9ch\u00e9ant, licenci\u00e9 ; ainsi, l\u2019utilisateur ne peut pas modifier, publier, transmettre, participer au transfert ou \u00e0 la vente, reproduire, cr\u00e9er des \u0153uvres d\u00e9riv\u00e9es, distribuer, montrer, exposer ou exploiter d\u2019une quelconque mani\u00e8re tout ou partie des contenus.<\/p><p>Le design de tout le contenu du <i>site web<\/i> est la propri\u00e9t\u00e9 de <strong>GeoAmbient<\/strong> (B64536212) et est \u00e9galement prot\u00e9g\u00e9 par les lois nationales et internationales de propri\u00e9t\u00e9 intellectuelle et industrielle.<\/p><p>Toute autre marque, nom de produit ou entreprise mentionn\u00e9 sur ce <i>site web<\/i> sont des droits de propri\u00e9t\u00e9 intellectuelle ou industrielle enregistr\u00e9s par leurs soci\u00e9t\u00e9s respectives. Toute reproduction totale ou partielle sans l\u2019autorisation des propri\u00e9taires est interdite.<\/p><p><strong>GeoAmbient<\/strong> (B64536212) pourra effectuer toutes les modifications techniques n\u00e9cessaires pour am\u00e9liorer la qualit\u00e9, la performance, l\u2019efficacit\u00e9 du syst\u00e8me et la connexion aux r\u00e9seaux th\u00e9matiques ou \u00e0 Internet.<\/p>\t\t\t\t\t\t\t\t<\/div>\n\t\t\t\t<\/div>\n\t\t\t\t<div class=\"elementor-element elementor-element-916f6ca elementor-widget elementor-widget-heading\" data-id=\"916f6ca\" data-element_type=\"widget\" data-widget_type=\"heading.default\">\n\t\t\t\t<div class=\"elementor-widget-container\">\n\t\t\t\t\t<h2 class=\"elementor-heading-title elementor-size-default\">Politique de protection des donn\u00e9es<\/h2>\t\t\t\t<\/div>\n\t\t\t\t<\/div>\n\t\t\t\t<div class=\"elementor-element elementor-element-7377529 elementor-widget elementor-widget-text-editor\" data-id=\"7377529\" data-element_type=\"widget\" data-widget_type=\"text-editor.default\">\n\t\t\t\t<div class=\"elementor-widget-container\">\n\t\t\t\t\t\t\t\t\t<p>Les informations re\u00e7ues par <strong>GeoAmbient<\/strong> (B64536212) via son site <i>web<\/i> seront trait\u00e9es avec la plus grande confidentialit\u00e9. <strong>GeoAmbient<\/strong> (B64536212) respectera en tout temps les dispositions en vigueur en mati\u00e8re de protection des donn\u00e9es, en particulier la Loi Organique 15\/1999 du 13 d\u00e9cembre sur la protection des donn\u00e9es \u00e0 caract\u00e8re personnel, et prendra les mesures n\u00e9cessaires pour, concernant ces donn\u00e9es, \u00e9viter leur alt\u00e9ration, perte, traitement et acc\u00e8s non autoris\u00e9s, et pour que ses employ\u00e9s respectent ces prescriptions, ainsi que le devoir de secret sur les donn\u00e9es prot\u00e9g\u00e9es et les autres obligations de confidentialit\u00e9 en vigueur.<\/p><p>De m\u00eame, <strong>GeoAmbient<\/strong> s\u2019engage \u00e0 ne pas utiliser les donn\u00e9es personnelles des utilisateurs du site \u00e0 des fins autres que celles li\u00e9es \u00e0 la protection et aux autres obligations de confidentialit\u00e9 en vigueur. Elle s\u2019engage \u00e9galement \u00e0 ne pas utiliser les donn\u00e9es personnelles des utilisateurs du site \u00e0 des fins \u00e9trang\u00e8res \u00e0 l\u2019objet de la prestation des services qu\u2019elle fournit.<\/p>\t\t\t\t\t\t\t\t<\/div>\n\t\t\t\t<\/div>\n\t\t\t\t\t<\/div>\n\t\t\t\t<\/div>\n\t\t\t\t\t<\/div>\n\t\t\t\t<\/div>\n\t\t\t\t<\/div>\n\t\t","protected":false},"excerpt":{"rendered":"<p>Avis l\u00e9gal L\u2019utilisation de ce site web suppose la connaissance qu\u2019il contient des informations, photographies, vid\u00e9os, graphiques, images, logiciels ainsi que d\u2019autres mat\u00e9riaux et services (ci-apr\u00e8s, le \u00ab Contenu \u00bb), et que ce Contenu, ainsi que son design et ses codes sources, sont la propri\u00e9t\u00e9 intellectuelle de GeoAmbient Consultoria Geol\u00f2gica S.L (B64536212) ou qu\u2019ils ont fait l\u2019objet d\u2019une licence ou d\u2019une cession par des fournisseurs de contenu ind\u00e9pendants. L\u2019Utilisateur de ce site web accepte et sait que GeoAmbient (B64536212) permet l\u2019acc\u00e8s \u00e0 ce contenu, mais que celui-ci est prot\u00e9g\u00e9 par les lois de propri\u00e9t\u00e9 intellectuelle et industrielle (ci-apr\u00e8s, les \u00ab Droits \u00bb), ainsi que que ces Droits sont valides et prot\u00e9g\u00e9s par tous les moyens existants actuellement ou qui seront d\u00e9velopp\u00e9s \u00e0 l\u2019avenir. L\u2019Utilisateur accepte que l\u2019utilisation du contenu est soumise \u00e0 ces r\u00e8gles, ainsi qu\u2019aux droits et aux lois relatives \u00e0 la propri\u00e9t\u00e9 priv\u00e9e applicables dans la l\u00e9gislation en vigueur. Par cons\u00e9quent, tout le contenu du site web de GeoAmbient est prot\u00e9g\u00e9 par ces Droits, et GeoAmbient (B64536212) en est propri\u00e9taire ou, le cas \u00e9ch\u00e9ant, licenci\u00e9 ; ainsi, l\u2019utilisateur ne peut pas modifier, publier, transmettre, participer au transfert ou \u00e0 la vente, reproduire, cr\u00e9er des \u0153uvres d\u00e9riv\u00e9es, distribuer, montrer, exposer ou exploiter d\u2019une quelconque mani\u00e8re tout ou partie des contenus. Le design de tout le contenu du site web est la propri\u00e9t\u00e9 de GeoAmbient (B64536212) et est \u00e9galement prot\u00e9g\u00e9 par les lois nationales et internationales de propri\u00e9t\u00e9 intellectuelle et industrielle. Toute autre marque, nom de produit ou entreprise mentionn\u00e9 sur ce site web sont des droits de propri\u00e9t\u00e9 intellectuelle ou industrielle enregistr\u00e9s par leurs soci\u00e9t\u00e9s respectives. Toute reproduction totale ou partielle sans l\u2019autorisation des propri\u00e9taires est interdite. GeoAmbient (B64536212) pourra effectuer toutes les modifications techniques n\u00e9cessaires pour am\u00e9liorer la qualit\u00e9, la performance, l\u2019efficacit\u00e9 du syst\u00e8me et la connexion aux r\u00e9seaux th\u00e9matiques ou \u00e0 Internet. Politique de protection des donn\u00e9es Les informations re\u00e7ues par GeoAmbient (B64536212) via son site web seront trait\u00e9es avec la plus grande confidentialit\u00e9. GeoAmbient (B64536212) respectera en tout temps les dispositions en vigueur en mati\u00e8re de protection des donn\u00e9es, en particulier la Loi Organique 15\/1999 du 13 d\u00e9cembre sur la protection des donn\u00e9es \u00e0 caract\u00e8re personnel, et prendra les mesures n\u00e9cessaires pour, concernant ces donn\u00e9es, \u00e9viter leur alt\u00e9ration, perte, traitement et acc\u00e8s non autoris\u00e9s, et pour que ses employ\u00e9s respectent ces prescriptions, ainsi que le devoir de secret sur les donn\u00e9es prot\u00e9g\u00e9es et les autres obligations de confidentialit\u00e9 en vigueur. De m\u00eame, GeoAmbient s\u2019engage \u00e0 ne pas utiliser les donn\u00e9es personnelles des utilisateurs du site \u00e0 des fins autres que celles li\u00e9es \u00e0 la protection et aux autres obligations de confidentialit\u00e9 en vigueur. Elle s\u2019engage \u00e9galement \u00e0 ne pas utiliser les donn\u00e9es personnelles des utilisateurs du site \u00e0 des fins \u00e9trang\u00e8res \u00e0 l\u2019objet de la prestation des services qu\u2019elle fournit.<\/p>\n","protected":false},"author":1,"featured_media":0,"parent":0,"menu_order":0,"comment_status":"closed","ping_status":"closed","template":"elementor_canvas","meta":{"footnotes":""},"class_list":["post-6994","page","type-page","status-publish","hentry"],"acf":[],"_links":{"self":[{"href":"https:\/\/geoambient.cat\/fr\/wp-json\/wp\/v2\/pages\/6994","targetHints":{"allow":["GET"]}}],"collection":[{"href":"https:\/\/geoambient.cat\/fr\/wp-json\/wp\/v2\/pages"}],"about":[{"href":"https:\/\/geoambient.cat\/fr\/wp-json\/wp\/v2\/types\/page"}],"author":[{"embeddable":true,"href":"https:\/\/geoambient.cat\/fr\/wp-json\/wp\/v2\/users\/1"}],"replies":[{"embeddable":true,"href":"https:\/\/geoambient.cat\/fr\/wp-json\/wp\/v2\/comments?post=6994"}],"version-history":[{"count":4,"href":"https:\/\/geoambient.cat\/fr\/wp-json\/wp\/v2\/pages\/6994\/revisions"}],"predecessor-version":[{"id":6998,"href":"https:\/\/geoambient.cat\/fr\/wp-json\/wp\/v2\/pages\/6994\/revisions\/6998"}],"wp:attachment":[{"href":"https:\/\/geoambient.cat\/fr\/wp-json\/wp\/v2\/media?parent=6994"}],"curies":[{"name":"wp","href":"https:\/\/api.w.org\/{rel}","templated":true}]}}