{"id":6979,"date":"2025-07-26T18:28:53","date_gmt":"2025-07-26T18:28:53","guid":{"rendered":"https:\/\/geoambient.cat\/?page_id=6979"},"modified":"2025-07-26T18:44:57","modified_gmt":"2025-07-26T18:44:57","slug":"politique-de-confidentialite","status":"publish","type":"page","link":"https:\/\/geoambient.cat\/fr\/politique-de-confidentialite\/","title":{"rendered":"Politique de confidentialit\u00e9"},"content":{"rendered":"\t\t<div data-elementor-type=\"wp-page\" data-elementor-id=\"6979\" class=\"elementor elementor-6979\">\n\t\t\t\t<div class=\"elementor-element elementor-element-d8a65de sld e-flex e-con-boxed wpr-jarallax-no wpr-parallax-no wpr-sticky-section-no e-con e-parent\" data-id=\"d8a65de\" data-element_type=\"container\" id=\"sld\" data-settings=\"{&quot;background_background&quot;:&quot;classic&quot;}\">\n\t\t\t\t\t<div class=\"e-con-inner\">\n\t\t\t\t<div class=\"elementor-element elementor-element-1b201e4 elementor-invisible elementor-widget elementor-widget-heading\" data-id=\"1b201e4\" data-element_type=\"widget\" data-settings=\"{&quot;_animation&quot;:&quot;fadeIn&quot;}\" data-widget_type=\"heading.default\">\n\t\t\t\t<div class=\"elementor-widget-container\">\n\t\t\t\t\t<h1 class=\"elementor-heading-title elementor-size-default\">Politique de confidentialit\u00e9<\/h1>\t\t\t\t<\/div>\n\t\t\t\t<\/div>\n\t\t\t\t\t<\/div>\n\t\t\t\t<\/div>\n\t\t<div class=\"elementor-element elementor-element-16c7546 e-flex e-con-boxed wpr-jarallax-no wpr-parallax-no wpr-sticky-section-no e-con e-parent\" data-id=\"16c7546\" data-element_type=\"container\">\n\t\t\t\t\t<div class=\"e-con-inner\">\n\t\t<div class=\"elementor-element elementor-element-24b18e7 e-flex e-con-boxed wpr-jarallax-no wpr-parallax-no wpr-sticky-section-no elementor-invisible e-con e-child\" data-id=\"24b18e7\" data-element_type=\"container\" data-settings=\"{&quot;animation&quot;:&quot;fadeIn&quot;,&quot;animation_mobile&quot;:&quot;fadeIn&quot;}\">\n\t\t\t\t\t<div class=\"e-con-inner\">\n\t\t\t\t<div class=\"elementor-element elementor-element-1e84e4b elementor-widget elementor-widget-text-editor\" data-id=\"1e84e4b\" data-element_type=\"widget\" data-widget_type=\"text-editor.default\">\n\t\t\t\t<div class=\"elementor-widget-container\">\n\t\t\t\t\t\t\t\t\t<p style=\"text-align: left;\">Conform\u00e9ment au R\u00e8glement (UE) 2016\/679 du Parlement europ\u00e9en et du Conseil, du 27 avril 2016 (R\u00e8glement G\u00e9n\u00e9ral sur la Protection des Donn\u00e9es &#8211; RGPD), ainsi qu\u2019\u00e0 la Loi Organique 3\/2018 du 5 d\u00e9cembre relative \u00e0 la Protection des Donn\u00e9es Personnelles et \u00e0 la garantie des droits num\u00e9riques, <strong>GeoAmbient<\/strong> (B64536212), domicili\u00e9e \u00e0 [adresse compl\u00e8te si souhait\u00e9e], informe les utilisateurs du site web du traitement de leurs donn\u00e9es personnelles.<\/p><h5><span style=\"color: #0058a3;\">1. Responsable du traitement<\/span><\/h5><p>Le responsable du traitement des donn\u00e9es est :<\/p><p><strong>GeoAmbient Consultoria Geol\u00f3gica S.L<\/strong><br \/><strong>NIF :<\/strong> B64536212<br \/><strong>Adresse e-mail de contact :<\/strong> <a href=\"mailto:geoambient@geoambient.cat\" target=\"_blank\" rel=\"nofollow noopener\">geoambient@geoambient.cat<\/a><br \/><strong>T\u00e9l\u00e9phone de contact :<\/strong> <a href=\"tel:+34936683139\">(+34) 93 668 31 39<\/a><\/p><h5><span style=\"color: #0058a3;\">2. Finalit\u00e9 du traitement<\/span><\/h5><p>Les donn\u00e9es personnelles fournies via ce site web seront trait\u00e9es aux fins suivantes :<\/p><ul><li>G\u00e9rer les demandes formul\u00e9es via les formulaires de contact.<\/li><li>Fournir des informations sur les services, projets ou \u00e9v\u00e9nements li\u00e9s \u00e0 <strong>GeoAmbient<\/strong>.<\/li><li>Respecter les obligations l\u00e9gales applicables.<\/li><li>Am\u00e9liorer la navigation et la qualit\u00e9 du service offerts via le site web.<\/li><\/ul><h5><span style=\"color: #0058a3;\">3. L\u00e9gitimation<\/span><\/h5><p>La base l\u00e9gale pour le traitement des donn\u00e9es est le consentement expr\u00e8s de l\u2019utilisateur, ainsi que le respect des obligations l\u00e9gales applicables \u00e0 <strong>GeoAmbient<\/strong>.<\/p><h5><span style=\"color: #0058a3;\">4. Conservation des donn\u00e9es<\/span><\/h5><p>Les donn\u00e9es seront conserv\u00e9es pendant la dur\u00e9e n\u00e9cessaire pour atteindre la finalit\u00e9 pour laquelle elles ont \u00e9t\u00e9 collect\u00e9es et pour d\u00e9terminer les \u00e9ventuelles responsabilit\u00e9s pouvant d\u00e9couler de cette finalit\u00e9 et du traitement des donn\u00e9es.<\/p><h5><span style=\"color: #0058a3;\">5. Destinataires des donn\u00e9es<\/span><\/h5><p>Les donn\u00e9es ne seront pas communiqu\u00e9es \u00e0 des tiers, sauf obligation l\u00e9gale ou si cela est n\u00e9cessaire pour la prestation du service, apr\u00e8s information et consentement de la personne concern\u00e9e.<\/p><h5><span style=\"color: #0058a3;\">6. Droits des personnes concern\u00e9es<\/span><\/h5><p>Les utilisateurs peuvent exercer \u00e0 tout moment leurs droits d\u2019acc\u00e8s, de rectification, de suppression, de limitation, d\u2019opposition et de portabilit\u00e9 de leurs donn\u00e9es personnelles en adressant une communication \u00e9crite \u00e0 <strong>GeoAmbient<\/strong>, \u00e0 l\u2019adresse indiqu\u00e9e ci-dessus, ou en envoyant un courriel \u00e0 [email], en joignant une copie de leur pi\u00e8ce d\u2019identit\u00e9 ou document \u00e9quivalent.<\/p><p>Ils ont \u00e9galement le droit de d\u00e9poser une r\u00e9clamation aupr\u00e8s de l\u2019Agence espagnole de protection des donn\u00e9es s\u2019ils estiment que le traitement de leurs donn\u00e9es ne respecte pas la r\u00e9glementation en vigueur.<\/p><h5><span style=\"color: #0058a3;\">7. Mesures de s\u00e9curit\u00e9<\/span><\/h5><p><strong>GeoAmbient<\/strong> s\u2019engage \u00e0 garantir la s\u00e9curit\u00e9 et la confidentialit\u00e9 des donn\u00e9es personnelles fournies par les utilisateurs, en adoptant les mesures techniques et organisationnelles appropri\u00e9es pour \u00e9viter leur perte, acc\u00e8s non autoris\u00e9 ou traitement abusif.<\/p>\t\t\t\t\t\t\t\t<\/div>\n\t\t\t\t<\/div>\n\t\t\t\t\t<\/div>\n\t\t\t\t<\/div>\n\t\t\t\t\t<\/div>\n\t\t\t\t<\/div>\n\t\t\t\t<\/div>\n\t\t","protected":false},"excerpt":{"rendered":"<p>Politique de confidentialit\u00e9 Conform\u00e9ment au R\u00e8glement (UE) 2016\/679 du Parlement europ\u00e9en et du Conseil, du 27 avril 2016 (R\u00e8glement G\u00e9n\u00e9ral sur la Protection des Donn\u00e9es &#8211; RGPD), ainsi qu\u2019\u00e0 la Loi Organique 3\/2018 du 5 d\u00e9cembre relative \u00e0 la Protection des Donn\u00e9es Personnelles et \u00e0 la garantie des droits num\u00e9riques, GeoAmbient (B64536212), domicili\u00e9e \u00e0 [adresse compl\u00e8te si souhait\u00e9e], informe les utilisateurs du site web du traitement de leurs donn\u00e9es personnelles. 1. Responsable du traitement Le responsable du traitement des donn\u00e9es est : GeoAmbient Consultoria Geol\u00f3gica S.LNIF : B64536212Adresse e-mail de contact : geoambient@geoambient.catT\u00e9l\u00e9phone de contact : (+34) 93 668 31 39 2. Finalit\u00e9 du traitement Les donn\u00e9es personnelles fournies via ce site web seront trait\u00e9es aux fins suivantes : G\u00e9rer les demandes formul\u00e9es via les formulaires de contact. Fournir des informations sur les services, projets ou \u00e9v\u00e9nements li\u00e9s \u00e0 GeoAmbient. Respecter les obligations l\u00e9gales applicables. Am\u00e9liorer la navigation et la qualit\u00e9 du service offerts via le site web. 3. L\u00e9gitimation La base l\u00e9gale pour le traitement des donn\u00e9es est le consentement expr\u00e8s de l\u2019utilisateur, ainsi que le respect des obligations l\u00e9gales applicables \u00e0 GeoAmbient. 4. Conservation des donn\u00e9es Les donn\u00e9es seront conserv\u00e9es pendant la dur\u00e9e n\u00e9cessaire pour atteindre la finalit\u00e9 pour laquelle elles ont \u00e9t\u00e9 collect\u00e9es et pour d\u00e9terminer les \u00e9ventuelles responsabilit\u00e9s pouvant d\u00e9couler de cette finalit\u00e9 et du traitement des donn\u00e9es. 5. Destinataires des donn\u00e9es Les donn\u00e9es ne seront pas communiqu\u00e9es \u00e0 des tiers, sauf obligation l\u00e9gale ou si cela est n\u00e9cessaire pour la prestation du service, apr\u00e8s information et consentement de la personne concern\u00e9e. 6. Droits des personnes concern\u00e9es Les utilisateurs peuvent exercer \u00e0 tout moment leurs droits d\u2019acc\u00e8s, de rectification, de suppression, de limitation, d\u2019opposition et de portabilit\u00e9 de leurs donn\u00e9es personnelles en adressant une communication \u00e9crite \u00e0 GeoAmbient, \u00e0 l\u2019adresse indiqu\u00e9e ci-dessus, ou en envoyant un courriel \u00e0 [email], en joignant une copie de leur pi\u00e8ce d\u2019identit\u00e9 ou document \u00e9quivalent. Ils ont \u00e9galement le droit de d\u00e9poser une r\u00e9clamation aupr\u00e8s de l\u2019Agence espagnole de protection des donn\u00e9es s\u2019ils estiment que le traitement de leurs donn\u00e9es ne respecte pas la r\u00e9glementation en vigueur. 7. Mesures de s\u00e9curit\u00e9 GeoAmbient s\u2019engage \u00e0 garantir la s\u00e9curit\u00e9 et la confidentialit\u00e9 des donn\u00e9es personnelles fournies par les utilisateurs, en adoptant les mesures techniques et organisationnelles appropri\u00e9es pour \u00e9viter leur perte, acc\u00e8s non autoris\u00e9 ou traitement abusif.<\/p>\n","protected":false},"author":1,"featured_media":0,"parent":0,"menu_order":0,"comment_status":"closed","ping_status":"closed","template":"elementor_canvas","meta":{"footnotes":""},"class_list":["post-6979","page","type-page","status-publish","hentry"],"acf":[],"_links":{"self":[{"href":"https:\/\/geoambient.cat\/fr\/wp-json\/wp\/v2\/pages\/6979","targetHints":{"allow":["GET"]}}],"collection":[{"href":"https:\/\/geoambient.cat\/fr\/wp-json\/wp\/v2\/pages"}],"about":[{"href":"https:\/\/geoambient.cat\/fr\/wp-json\/wp\/v2\/types\/page"}],"author":[{"embeddable":true,"href":"https:\/\/geoambient.cat\/fr\/wp-json\/wp\/v2\/users\/1"}],"replies":[{"embeddable":true,"href":"https:\/\/geoambient.cat\/fr\/wp-json\/wp\/v2\/comments?post=6979"}],"version-history":[{"count":4,"href":"https:\/\/geoambient.cat\/fr\/wp-json\/wp\/v2\/pages\/6979\/revisions"}],"predecessor-version":[{"id":6983,"href":"https:\/\/geoambient.cat\/fr\/wp-json\/wp\/v2\/pages\/6979\/revisions\/6983"}],"wp:attachment":[{"href":"https:\/\/geoambient.cat\/fr\/wp-json\/wp\/v2\/media?parent=6979"}],"curies":[{"name":"wp","href":"https:\/\/api.w.org\/{rel}","templated":true}]}}