{"id":6926,"date":"2025-07-26T17:20:53","date_gmt":"2025-07-26T17:20:53","guid":{"rendered":"https:\/\/geoambient.cat\/?page_id=6926"},"modified":"2025-08-04T16:32:09","modified_gmt":"2025-08-04T16:32:09","slug":"lixiviats","status":"publish","type":"page","link":"https:\/\/geoambient.cat\/fr\/lixiviats\/","title":{"rendered":"Lixiviats"},"content":{"rendered":"\t\t<div data-elementor-type=\"wp-page\" data-elementor-id=\"6926\" class=\"elementor elementor-6926 elementor-6921\">\n\t\t\t\t<div class=\"elementor-element elementor-element-d8a65de sld e-flex e-con-boxed wpr-jarallax-no wpr-parallax-no wpr-sticky-section-no e-con e-parent\" data-id=\"d8a65de\" data-element_type=\"container\" id=\"sld\" data-settings=\"{&quot;background_background&quot;:&quot;video&quot;,&quot;background_play_on_mobile&quot;:&quot;yes&quot;,&quot;background_video_link&quot;:&quot;\\\/wp-content\\\/themes\\\/geoambient-kit-child\\\/Videos\\\/used\\\/aguas-residuales\\\/LIXIVIADOS.mp4&quot;}\">\n\t\t\t\t\t<div class=\"e-con-inner\">\n\t\t<div class=\"elementor-background-video-container\" aria-hidden=\"true\">\n\t\t\t\t\t\t\t<video class=\"elementor-background-video-hosted\" autoplay muted playsinline loop><\/video>\n\t\t\t\t\t<\/div>\t\t<div class=\"elementor-element elementor-element-1b201e4 elementor-invisible elementor-widget elementor-widget-heading\" data-id=\"1b201e4\" data-element_type=\"widget\" data-settings=\"{&quot;_animation&quot;:&quot;fadeIn&quot;}\" data-widget_type=\"heading.default\">\n\t\t\t\t<div class=\"elementor-widget-container\">\n\t\t\t\t\t<h1 class=\"elementor-heading-title elementor-size-default\">Lixiviats<\/h1>\t\t\t\t<\/div>\n\t\t\t\t<\/div>\n\t\t\t\t\t<\/div>\n\t\t\t\t<\/div>\n\t\t<div class=\"elementor-element elementor-element-16c7546 e-flex e-con-boxed wpr-jarallax-no wpr-parallax-no wpr-sticky-section-no e-con e-parent\" data-id=\"16c7546\" data-element_type=\"container\">\n\t\t\t\t\t<div class=\"e-con-inner\">\n\t\t<div class=\"elementor-element elementor-element-568e15c e-flex e-con-boxed wpr-jarallax-no wpr-parallax-no wpr-sticky-section-no elementor-invisible e-con e-child\" data-id=\"568e15c\" data-element_type=\"container\" data-settings=\"{&quot;animation&quot;:&quot;fadeIn&quot;,&quot;animation_mobile&quot;:&quot;fadeIn&quot;}\">\n\t\t\t\t\t<div class=\"e-con-inner\">\n\t\t\t\t<div class=\"elementor-element elementor-element-1f59efd elementor-invisible elementor-widget elementor-widget-image\" data-id=\"1f59efd\" data-element_type=\"widget\" data-settings=\"{&quot;_animation&quot;:&quot;fadeIn&quot;,&quot;_animation_mobile&quot;:&quot;none&quot;}\" data-widget_type=\"image.default\">\n\t\t\t\t<div class=\"elementor-widget-container\">\n\t\t\t\t\t\t\t\t\t\t\t\t\t\t\t<img fetchpriority=\"high\" decoding=\"async\" width=\"1200\" height=\"735\" src=\"https:\/\/geoambient.cat\/wp-content\/uploads\/2025\/05\/Aguas_Residuales-Lixiviados-instalacion-de-depuracion-de-lixiviados.jpg\" class=\"attachment-full size-full wp-image-3971\" alt=\"\" srcset=\"https:\/\/geoambient.cat\/wp-content\/uploads\/2025\/05\/Aguas_Residuales-Lixiviados-instalacion-de-depuracion-de-lixiviados.jpg 1200w, https:\/\/geoambient.cat\/wp-content\/uploads\/2025\/05\/Aguas_Residuales-Lixiviados-instalacion-de-depuracion-de-lixiviados-300x184.jpg 300w, https:\/\/geoambient.cat\/wp-content\/uploads\/2025\/05\/Aguas_Residuales-Lixiviados-instalacion-de-depuracion-de-lixiviados-1024x627.jpg 1024w, https:\/\/geoambient.cat\/wp-content\/uploads\/2025\/05\/Aguas_Residuales-Lixiviados-instalacion-de-depuracion-de-lixiviados-768x470.jpg 768w\" sizes=\"(max-width: 1200px) 100vw, 1200px\" \/>\t\t\t\t\t\t\t\t\t\t\t\t\t\t\t<\/div>\n\t\t\t\t<\/div>\n\t\t\t\t\t<\/div>\n\t\t\t\t<\/div>\n\t\t<div class=\"elementor-element elementor-element-24b18e7 e-flex e-con-boxed wpr-jarallax-no wpr-parallax-no wpr-sticky-section-no elementor-invisible e-con e-child\" data-id=\"24b18e7\" data-element_type=\"container\" data-settings=\"{&quot;animation&quot;:&quot;fadeIn&quot;,&quot;animation_mobile&quot;:&quot;fadeIn&quot;}\">\n\t\t\t\t\t<div class=\"e-con-inner\">\n\t\t\t\t<div class=\"elementor-element elementor-element-916f6ca elementor-widget elementor-widget-heading\" data-id=\"916f6ca\" data-element_type=\"widget\" data-widget_type=\"heading.default\">\n\t\t\t\t<div class=\"elementor-widget-container\">\n\t\t\t\t\t<h2 class=\"elementor-heading-title elementor-size-default\">Conception et installation de stations de traitement des lixiviats <\/h2>\t\t\t\t<\/div>\n\t\t\t\t<\/div>\n\t\t\t\t<div class=\"elementor-element elementor-element-1e84e4b elementor-widget elementor-widget-text-editor\" data-id=\"1e84e4b\" data-element_type=\"widget\" data-widget_type=\"text-editor.default\">\n\t\t\t\t<div class=\"elementor-widget-container\">\n\t\t\t\t\t\t\t\t\t<p><span data-contrast=\"auto\">Chez <\/span><b><span data-contrast=\"auto\">GeoAmbient<\/span><\/b><span data-contrast=\"auto\">, nous concevons et installons des <\/span><b><span data-contrast=\"auto\">stations de traitement adapt\u00e9es \u00e0 chaque type de d\u00e9charge<\/span><\/b><span data-contrast=\"auto\">, en tenant compte de la composition sp\u00e9cifique des lixiviats produits.<\/span><\/p><p><span data-contrast=\"auto\">Nous combinons des <\/span><b><span data-contrast=\"auto\">technologies durables, classiques et innovantes<\/span><\/b><span data-contrast=\"auto\"> afin de garantir l\u2019efficacit\u00e9 du processus et le respect des objectifs de d\u00e9pollution.<\/span><\/p>\t\t\t\t\t\t\t\t<\/div>\n\t\t\t\t<\/div>\n\t\t\t\t\t<\/div>\n\t\t\t\t<\/div>\n\t\t\t\t\t<\/div>\n\t\t\t\t<\/div>\n\t\t<div class=\"elementor-element elementor-element-cb22295 e-flex e-con-boxed wpr-jarallax-no wpr-parallax-no wpr-sticky-section-no e-con e-parent\" data-id=\"cb22295\" data-element_type=\"container\">\n\t\t\t\t\t<div class=\"e-con-inner\">\n\t\t\t\t<div class=\"elementor-element elementor-element-b564ce4 elementor-widget elementor-widget-heading\" data-id=\"b564ce4\" data-element_type=\"widget\" data-widget_type=\"heading.default\">\n\t\t\t\t<div class=\"elementor-widget-container\">\n\t\t\t\t\t<h2 class=\"elementor-heading-title elementor-size-default\">Lixiviats<\/h2>\t\t\t\t<\/div>\n\t\t\t\t<\/div>\n\t\t\t\t\t<\/div>\n\t\t\t\t<\/div>\n\t\t<div class=\"elementor-element elementor-element-3dbb499 e-flex e-con-boxed wpr-jarallax-no wpr-parallax-no wpr-sticky-section-no e-con e-parent\" data-id=\"3dbb499\" data-element_type=\"container\">\n\t\t\t\t\t<div class=\"e-con-inner\">\n\t\t<div class=\"elementor-element elementor-element-54420f6 e-con-full e-flex wpr-jarallax-no wpr-parallax-no wpr-sticky-section-no e-con e-child\" data-id=\"54420f6\" data-element_type=\"container\">\n\t\t\t\t<div class=\"elementor-element elementor-element-3ee052a elementor-widget elementor-widget-video\" data-id=\"3ee052a\" data-element_type=\"widget\" data-settings=\"{&quot;video_type&quot;:&quot;hosted&quot;,&quot;controls&quot;:&quot;yes&quot;}\" data-widget_type=\"video.default\">\n\t\t\t\t<div class=\"elementor-widget-container\">\n\t\t\t\t\t\t\t<div class=\"e-hosted-video elementor-wrapper elementor-open-inline\">\n\t\t\t\t\t<video class=\"elementor-video\" src=\"https:\/\/geoambient.cat\/wp-content\/themes\/geoambient-kit-child\/Videos\/AGUAS_RESIDUALES\/LIXIVIADOS\/1_TAR-Lixiviats_RNP_Trifyl_(BRMUltrafiltracioNanofiltracioCA).mp4\" controls=\"\" preload=\"auto\" controlsList=\"nodownload\"><\/video>\n\t\t\t\t<\/div>\n\t\t\t\t\t\t<\/div>\n\t\t\t\t<\/div>\n\t\t\t\t<\/div>\n\t\t<div class=\"elementor-element elementor-element-bd57e5a e-con-full e-flex wpr-jarallax-no wpr-parallax-no wpr-sticky-section-no e-con e-child\" data-id=\"bd57e5a\" data-element_type=\"container\">\n\t\t\t\t<div class=\"elementor-element elementor-element-ce721a9 elementor-widget elementor-widget-video\" data-id=\"ce721a9\" data-element_type=\"widget\" data-settings=\"{&quot;video_type&quot;:&quot;hosted&quot;,&quot;controls&quot;:&quot;yes&quot;}\" data-widget_type=\"video.default\">\n\t\t\t\t<div class=\"elementor-widget-container\">\n\t\t\t\t\t\t\t<div class=\"e-hosted-video elementor-wrapper elementor-open-inline\">\n\t\t\t\t\t<video class=\"elementor-video\" src=\"https:\/\/geoambient.cat\/wp-content\/themes\/geoambient-kit-child\/Videos\/AGUAS_RESIDUALES\/LIXIVIADOS\/2_TAR-Lixiviats_RNP_Orange_(BRMUltrafiltracioCA).mp4\" controls=\"\" preload=\"metadata\" controlsList=\"nodownload\"><\/video>\n\t\t\t\t<\/div>\n\t\t\t\t\t\t<\/div>\n\t\t\t\t<\/div>\n\t\t\t\t<\/div>\n\t\t<div class=\"elementor-element elementor-element-9c4d41d e-con-full e-flex wpr-jarallax-no wpr-parallax-no wpr-sticky-section-no e-con e-child\" data-id=\"9c4d41d\" data-element_type=\"container\">\n\t\t\t\t<div class=\"elementor-element elementor-element-5da42e1 elementor-widget elementor-widget-video\" data-id=\"5da42e1\" data-element_type=\"widget\" data-settings=\"{&quot;video_type&quot;:&quot;hosted&quot;,&quot;controls&quot;:&quot;yes&quot;}\" data-widget_type=\"video.default\">\n\t\t\t\t<div class=\"elementor-widget-container\">\n\t\t\t\t\t\t\t<div class=\"e-hosted-video elementor-wrapper elementor-open-inline\">\n\t\t\t\t\t<video class=\"elementor-video\" src=\"https:\/\/geoambient.cat\/wp-content\/themes\/geoambient-kit-child\/Videos\/AGUAS_RESIDUALES\/LIXIVIADOS\/4_TAR-Lixiviats_RNP_Arbois_(OsmosisEvaporador).mp4\" controls=\"\" preload=\"metadata\" controlsList=\"nodownload\"><\/video>\n\t\t\t\t<\/div>\n\t\t\t\t\t\t<\/div>\n\t\t\t\t<\/div>\n\t\t\t\t<\/div>\n\t\t\t\t\t<\/div>\n\t\t\t\t<\/div>\n\t\t<div class=\"elementor-element elementor-element-899a5bf e-flex e-con-boxed wpr-jarallax-no wpr-parallax-no wpr-sticky-section-no e-con e-parent\" data-id=\"899a5bf\" data-element_type=\"container\">\n\t\t\t\t\t<div class=\"e-con-inner\">\n\t\t<div class=\"elementor-element elementor-element-957d7fc e-flex e-con-boxed wpr-jarallax-no wpr-parallax-no wpr-sticky-section-no elementor-invisible e-con e-child\" data-id=\"957d7fc\" data-element_type=\"container\" data-settings=\"{&quot;animation&quot;:&quot;fadeIn&quot;,&quot;animation_mobile&quot;:&quot;fadeIn&quot;}\">\n\t\t\t\t\t<div class=\"e-con-inner\">\n\t\t\t\t<div class=\"elementor-element elementor-element-d95129d elementor-widget elementor-widget-heading\" data-id=\"d95129d\" data-element_type=\"widget\" data-widget_type=\"heading.default\">\n\t\t\t\t<div class=\"elementor-widget-container\">\n\t\t\t\t\t<h3 class=\"elementor-heading-title elementor-size-default\">Parmi les solutions que nous int\u00e9grons, on trouve : <\/h3>\t\t\t\t<\/div>\n\t\t\t\t<\/div>\n\t\t\t\t<div class=\"elementor-element elementor-element-e619a3f elementor-widget elementor-widget-text-editor\" data-id=\"e619a3f\" data-element_type=\"widget\" data-widget_type=\"text-editor.default\">\n\t\t\t\t<div class=\"elementor-widget-container\">\n\t\t\t\t\t\t\t\t\t<ul><li aria-setsize=\"-1\" data-leveltext=\"\uf0b7\" data-font=\"Symbol\" data-listid=\"4\" data-list-defn-props=\"{&quot;335552541&quot;:1,&quot;335559685&quot;:720,&quot;335559991&quot;:360,&quot;469769226&quot;:&quot;Symbol&quot;,&quot;469769242&quot;:[8226],&quot;469777803&quot;:&quot;left&quot;,&quot;469777804&quot;:&quot;\uf0b7&quot;,&quot;469777815&quot;:&quot;multilevel&quot;}\" data-aria-posinset=\"1\" data-aria-level=\"1\"><span data-contrast=\"auto\">Des <\/span><b><span data-contrast=\"auto\">zones humides artificielles<\/span><\/b><span data-contrast=\"auto\"> \u00e0 flux horizontal et vertical, comme alternative naturelle et performante.<\/span><span data-ccp-props=\"{&quot;134233117&quot;:true,&quot;134233118&quot;:true,&quot;201341983&quot;:0,&quot;335559740&quot;:240}\">\u00a0<\/span><\/li><\/ul><ul><li aria-setsize=\"-1\" data-leveltext=\"\uf0b7\" data-font=\"Symbol\" data-listid=\"4\" data-list-defn-props=\"{&quot;335552541&quot;:1,&quot;335559685&quot;:720,&quot;335559991&quot;:360,&quot;469769226&quot;:&quot;Symbol&quot;,&quot;469769242&quot;:[8226],&quot;469777803&quot;:&quot;left&quot;,&quot;469777804&quot;:&quot;\uf0b7&quot;,&quot;469777815&quot;:&quot;multilevel&quot;}\" data-aria-posinset=\"2\" data-aria-level=\"1\"><span data-contrast=\"auto\">Des <\/span><b><span data-contrast=\"auto\">techniques conventionnelles<\/span><\/b><span data-contrast=\"auto\"> telles que les r\u00e9acteurs biologiques, la d\u00e9cantation, la floculation, l\u2019osmose et l\u2019\u00e9vaporation.<\/span><span data-ccp-props=\"{&quot;134233117&quot;:true,&quot;134233118&quot;:true,&quot;201341983&quot;:0,&quot;335559740&quot;:240}\">\u00a0<\/span><\/li><\/ul><ul><li aria-setsize=\"-1\" data-leveltext=\"\uf0b7\" data-font=\"Symbol\" data-listid=\"4\" data-list-defn-props=\"{&quot;335552541&quot;:1,&quot;335559685&quot;:720,&quot;335559991&quot;:360,&quot;469769226&quot;:&quot;Symbol&quot;,&quot;469769242&quot;:[8226],&quot;469777803&quot;:&quot;left&quot;,&quot;469777804&quot;:&quot;\uf0b7&quot;,&quot;469777815&quot;:&quot;multilevel&quot;}\" data-aria-posinset=\"3\" data-aria-level=\"1\"><span data-contrast=\"auto\">Des <\/span><b><span data-contrast=\"auto\">technologies avanc\u00e9es<\/span><\/b><span data-contrast=\"auto\"> comme la superfiltation par membranes, pour un traitement de haute pr\u00e9cision.<\/span><span data-ccp-props=\"{&quot;134233117&quot;:true,&quot;134233118&quot;:true,&quot;201341983&quot;:0,&quot;335559740&quot;:240}\">\u00a0<\/span><\/li><\/ul>\t\t\t\t\t\t\t\t<\/div>\n\t\t\t\t<\/div>\n\t\t\t\t<div class=\"elementor-element elementor-element-c3f39f1 elementor-widget elementor-widget-text-editor\" data-id=\"c3f39f1\" data-element_type=\"widget\" data-widget_type=\"text-editor.default\">\n\t\t\t\t<div class=\"elementor-widget-container\">\n\t\t\t\t\t\t\t\t\t<p>Gr\u00e2ce \u00e0 cette approche globale et adaptable, nous proposons des <strong>solutions sur mesure, efficaces et durables<\/strong>, r\u00e9pondant aux besoins sp\u00e9cifiques de chaque projet.<\/p>\t\t\t\t\t\t\t\t<\/div>\n\t\t\t\t<\/div>\n\t\t\t\t\t<\/div>\n\t\t\t\t<\/div>\n\t\t<div class=\"elementor-element elementor-element-e6ad645 e-flex e-con-boxed wpr-jarallax-no wpr-parallax-no wpr-sticky-section-no elementor-invisible e-con e-child\" data-id=\"e6ad645\" data-element_type=\"container\" data-settings=\"{&quot;animation&quot;:&quot;fadeIn&quot;,&quot;animation_mobile&quot;:&quot;fadeIn&quot;}\">\n\t\t\t\t\t<div class=\"e-con-inner\">\n\t\t\t\t<div class=\"elementor-element elementor-element-df200bb elementor-invisible elementor-widget elementor-widget-image\" data-id=\"df200bb\" data-element_type=\"widget\" data-settings=\"{&quot;_animation&quot;:&quot;fadeIn&quot;,&quot;_animation_mobile&quot;:&quot;none&quot;}\" data-widget_type=\"image.default\">\n\t\t\t\t<div class=\"elementor-widget-container\">\n\t\t\t\t\t\t\t\t\t\t\t\t\t\t\t<img decoding=\"async\" width=\"1200\" height=\"2133\" src=\"https:\/\/geoambient.cat\/wp-content\/uploads\/2025\/05\/Aguas_Residuales-Lixiviados-osmosis-inversa-2.jpg\" class=\"attachment-full size-full wp-image-3991\" alt=\"Aguas_Residuales\" srcset=\"https:\/\/geoambient.cat\/wp-content\/uploads\/2025\/05\/Aguas_Residuales-Lixiviados-osmosis-inversa-2.jpg 1200w, https:\/\/geoambient.cat\/wp-content\/uploads\/2025\/05\/Aguas_Residuales-Lixiviados-osmosis-inversa-2-169x300.jpg 169w, https:\/\/geoambient.cat\/wp-content\/uploads\/2025\/05\/Aguas_Residuales-Lixiviados-osmosis-inversa-2-576x1024.jpg 576w, https:\/\/geoambient.cat\/wp-content\/uploads\/2025\/05\/Aguas_Residuales-Lixiviados-osmosis-inversa-2-768x1365.jpg 768w, https:\/\/geoambient.cat\/wp-content\/uploads\/2025\/05\/Aguas_Residuales-Lixiviados-osmosis-inversa-2-864x1536.jpg 864w, https:\/\/geoambient.cat\/wp-content\/uploads\/2025\/05\/Aguas_Residuales-Lixiviados-osmosis-inversa-2-1152x2048.jpg 1152w\" sizes=\"(max-width: 1200px) 100vw, 1200px\" \/>\t\t\t\t\t\t\t\t\t\t\t\t\t\t\t<\/div>\n\t\t\t\t<\/div>\n\t\t\t\t\t<\/div>\n\t\t\t\t<\/div>\n\t\t\t\t\t<\/div>\n\t\t\t\t<\/div>\n\t\t\t\t<\/div>\n\t\t","protected":false},"excerpt":{"rendered":"<p>Lixiviats Conception et installation de stations de traitement des lixiviats Chez GeoAmbient, nous concevons et installons des stations de traitement adapt\u00e9es \u00e0 chaque type de d\u00e9charge, en tenant compte de la composition sp\u00e9cifique des lixiviats produits. Nous combinons des technologies durables, classiques et innovantes afin de garantir l\u2019efficacit\u00e9 du processus et le respect des objectifs de d\u00e9pollution. Lixiviats https:\/\/geoambient.cat\/wp-content\/themes\/geoambient-kit-child\/Videos\/AGUAS_RESIDUALES\/LIXIVIADOS\/1_TAR-Lixiviats_RNP_Trifyl_(BRMUltrafiltracioNanofiltracioCA).mp4https:\/\/geoambient.cat\/wp-content\/themes\/geoambient-kit-child\/Videos\/AGUAS_RESIDUALES\/LIXIVIADOS\/2_TAR-Lixiviats_RNP_Orange_(BRMUltrafiltracioCA).mp4https:\/\/geoambient.cat\/wp-content\/themes\/geoambient-kit-child\/Videos\/AGUAS_RESIDUALES\/LIXIVIADOS\/4_TAR-Lixiviats_RNP_Arbois_(OsmosisEvaporador).mp4 Parmi les solutions que nous int\u00e9grons, on trouve : Des zones humides artificielles \u00e0 flux horizontal et vertical, comme alternative naturelle et performante.\u00a0 Des techniques conventionnelles telles que les r\u00e9acteurs biologiques, la d\u00e9cantation, la floculation, l\u2019osmose et l\u2019\u00e9vaporation.\u00a0 Des technologies avanc\u00e9es comme la superfiltation par membranes, pour un traitement de haute pr\u00e9cision.\u00a0 Gr\u00e2ce \u00e0 cette approche globale et adaptable, nous proposons des solutions sur mesure, efficaces et durables, r\u00e9pondant aux besoins sp\u00e9cifiques de chaque projet.<\/p>\n","protected":false},"author":1,"featured_media":2558,"parent":0,"menu_order":0,"comment_status":"closed","ping_status":"closed","template":"elementor_canvas","meta":{"footnotes":""},"class_list":["post-6926","page","type-page","status-publish","has-post-thumbnail","hentry"],"acf":[],"_links":{"self":[{"href":"https:\/\/geoambient.cat\/fr\/wp-json\/wp\/v2\/pages\/6926","targetHints":{"allow":["GET"]}}],"collection":[{"href":"https:\/\/geoambient.cat\/fr\/wp-json\/wp\/v2\/pages"}],"about":[{"href":"https:\/\/geoambient.cat\/fr\/wp-json\/wp\/v2\/types\/page"}],"author":[{"embeddable":true,"href":"https:\/\/geoambient.cat\/fr\/wp-json\/wp\/v2\/users\/1"}],"replies":[{"embeddable":true,"href":"https:\/\/geoambient.cat\/fr\/wp-json\/wp\/v2\/comments?post=6926"}],"version-history":[{"count":6,"href":"https:\/\/geoambient.cat\/fr\/wp-json\/wp\/v2\/pages\/6926\/revisions"}],"predecessor-version":[{"id":7827,"href":"https:\/\/geoambient.cat\/fr\/wp-json\/wp\/v2\/pages\/6926\/revisions\/7827"}],"wp:featuredmedia":[{"embeddable":true,"href":"https:\/\/geoambient.cat\/fr\/wp-json\/wp\/v2\/media\/2558"}],"wp:attachment":[{"href":"https:\/\/geoambient.cat\/fr\/wp-json\/wp\/v2\/media?parent=6926"}],"curies":[{"name":"wp","href":"https:\/\/api.w.org\/{rel}","templated":true}]}}