{"id":6911,"date":"2025-07-26T16:29:06","date_gmt":"2025-07-26T16:29:06","guid":{"rendered":"https:\/\/geoambient.cat\/?page_id=6911"},"modified":"2025-09-04T07:51:05","modified_gmt":"2025-09-04T07:51:05","slug":"urbain","status":"publish","type":"page","link":"https:\/\/geoambient.cat\/fr\/urbain\/","title":{"rendered":"Urbain"},"content":{"rendered":"\t\t<div data-elementor-type=\"wp-page\" data-elementor-id=\"6911\" class=\"elementor elementor-6911 elementor-6906\">\n\t\t\t\t<div class=\"elementor-element elementor-element-d8a65de sld e-flex e-con-boxed wpr-jarallax-no wpr-parallax-no wpr-sticky-section-no e-con e-parent\" data-id=\"d8a65de\" data-element_type=\"container\" id=\"sld\" data-settings=\"{&quot;background_background&quot;:&quot;video&quot;,&quot;background_play_on_mobile&quot;:&quot;yes&quot;,&quot;background_video_link&quot;:&quot;\\\/wp-content\\\/themes\\\/geoambient-kit-child\\\/Videos\\\/used\\\/aguas-residuales\\\/urbanas.mp4&quot;}\">\n\t\t\t\t\t<div class=\"e-con-inner\">\n\t\t<div class=\"elementor-background-video-container\" aria-hidden=\"true\">\n\t\t\t\t\t\t\t<video class=\"elementor-background-video-hosted\" autoplay muted playsinline loop><\/video>\n\t\t\t\t\t<\/div>\t\t<div class=\"elementor-element elementor-element-1b201e4 elementor-invisible elementor-widget elementor-widget-heading\" data-id=\"1b201e4\" data-element_type=\"widget\" data-settings=\"{&quot;_animation&quot;:&quot;fadeIn&quot;}\" data-widget_type=\"heading.default\">\n\t\t\t\t<div class=\"elementor-widget-container\">\n\t\t\t\t\t<h1 class=\"elementor-heading-title elementor-size-default\">Urbain<\/h1>\t\t\t\t<\/div>\n\t\t\t\t<\/div>\n\t\t\t\t\t<\/div>\n\t\t\t\t<\/div>\n\t\t<div class=\"elementor-element elementor-element-16c7546 e-flex e-con-boxed wpr-jarallax-no wpr-parallax-no wpr-sticky-section-no e-con e-parent\" data-id=\"16c7546\" data-element_type=\"container\">\n\t\t\t\t\t<div class=\"e-con-inner\">\n\t\t<div class=\"elementor-element elementor-element-568e15c e-flex e-con-boxed wpr-jarallax-no wpr-parallax-no wpr-sticky-section-no elementor-invisible e-con e-child\" data-id=\"568e15c\" data-element_type=\"container\" data-settings=\"{&quot;animation&quot;:&quot;fadeIn&quot;,&quot;animation_mobile&quot;:&quot;fadeIn&quot;}\">\n\t\t\t\t\t<div class=\"e-con-inner\">\n\t\t\t\t<div class=\"elementor-element elementor-element-1f59efd elementor-invisible elementor-widget elementor-widget-image\" data-id=\"1f59efd\" data-element_type=\"widget\" data-settings=\"{&quot;_animation&quot;:&quot;fadeIn&quot;,&quot;_animation_mobile&quot;:&quot;none&quot;}\" data-widget_type=\"image.default\">\n\t\t\t\t<div class=\"elementor-widget-container\">\n\t\t\t\t\t\t\t\t\t\t\t\t\t\t\t<img fetchpriority=\"high\" decoding=\"async\" width=\"1200\" height=\"900\" src=\"https:\/\/geoambient.cat\/wp-content\/uploads\/2025\/05\/Aguas_Residuales-Urbanas-EDAR-de-Montcarra.jpg\" class=\"attachment-full size-full wp-image-4051\" alt=\"EDAR de Montcarra\" srcset=\"https:\/\/geoambient.cat\/wp-content\/uploads\/2025\/05\/Aguas_Residuales-Urbanas-EDAR-de-Montcarra.jpg 1200w, https:\/\/geoambient.cat\/wp-content\/uploads\/2025\/05\/Aguas_Residuales-Urbanas-EDAR-de-Montcarra-300x225.jpg 300w, https:\/\/geoambient.cat\/wp-content\/uploads\/2025\/05\/Aguas_Residuales-Urbanas-EDAR-de-Montcarra-1024x768.jpg 1024w, https:\/\/geoambient.cat\/wp-content\/uploads\/2025\/05\/Aguas_Residuales-Urbanas-EDAR-de-Montcarra-768x576.jpg 768w\" sizes=\"(max-width: 1200px) 100vw, 1200px\" \/>\t\t\t\t\t\t\t\t\t\t\t\t\t\t\t<\/div>\n\t\t\t\t<\/div>\n\t\t\t\t\t<\/div>\n\t\t\t\t<\/div>\n\t\t<div class=\"elementor-element elementor-element-24b18e7 e-flex e-con-boxed wpr-jarallax-no wpr-parallax-no wpr-sticky-section-no elementor-invisible e-con e-child\" data-id=\"24b18e7\" data-element_type=\"container\" data-settings=\"{&quot;animation&quot;:&quot;fadeIn&quot;,&quot;animation_mobile&quot;:&quot;fadeIn&quot;}\">\n\t\t\t\t\t<div class=\"e-con-inner\">\n\t\t\t\t<div class=\"elementor-element elementor-element-916f6ca elementor-widget elementor-widget-heading\" data-id=\"916f6ca\" data-element_type=\"widget\" data-widget_type=\"heading.default\">\n\t\t\t\t<div class=\"elementor-widget-container\">\n\t\t\t\t\t<h2 class=\"elementor-heading-title elementor-size-default\">Traitement des eaux us\u00e9es pour petites communaut\u00e9s <\/h2>\t\t\t\t<\/div>\n\t\t\t\t<\/div>\n\t\t\t\t<div class=\"elementor-element elementor-element-cb746df elementor-widget elementor-widget-text-editor\" data-id=\"cb746df\" data-element_type=\"widget\" data-widget_type=\"text-editor.default\">\n\t\t\t\t<div class=\"elementor-widget-container\">\n\t\t\t\t\t\t\t\t\t<p>Chez <strong>GeoAmbient<\/strong>, nous concevons et construisons <strong>des stations de traitement des eaux us\u00e9es sanitaires<\/strong> pour des communaut\u00e9s allant jusqu\u2019\u00e0 <strong>2 000 \u00e9quivalents-habitants<\/strong>, en utilisant des<strong> technologies hautement durables et efficaces<\/strong>.<\/p>\t\t\t\t\t\t\t\t<\/div>\n\t\t\t\t<\/div>\n\t\t\t\t<div class=\"elementor-element elementor-element-da6ca92 elementor-widget elementor-widget-heading\" data-id=\"da6ca92\" data-element_type=\"widget\" data-widget_type=\"heading.default\">\n\t\t\t\t<div class=\"elementor-widget-container\">\n\t\t\t\t\t<h3 class=\"elementor-heading-title elementor-size-default\">Nous travaillons avec une large gamme de solutions adapt\u00e9es aux conditions et besoins sp\u00e9cifiques de chaque projet : <\/h3>\t\t\t\t<\/div>\n\t\t\t\t<\/div>\n\t\t\t\t<div class=\"elementor-element elementor-element-785c9fc elementor-widget elementor-widget-text-editor\" data-id=\"785c9fc\" data-element_type=\"widget\" data-widget_type=\"text-editor.default\">\n\t\t\t\t<div class=\"elementor-widget-container\">\n\t\t\t\t\t\t\t\t\t<ul><li><strong>Zones humides artificielles<\/strong> \u00e0 flux vertical et horizontal<\/li><li><strong>Biodisques et cuves Imhoff<\/strong><\/li><li><strong>Syst\u00e8mes de pr\u00e9traitement automatis\u00e9s<\/strong><\/li><li><strong>Syst\u00e8mes de r\u00e9utilisation de l\u2019eau trait\u00e9e<\/strong><\/li><li><strong>Conceptions personnalis\u00e9es<\/strong> pour maximiser l\u2019efficacit\u00e9 et l\u2019int\u00e9gration avec l\u2019environnement<\/li><\/ul>\t\t\t\t\t\t\t\t<\/div>\n\t\t\t\t<\/div>\n\t\t\t\t\t<\/div>\n\t\t\t\t<\/div>\n\t\t\t\t\t<\/div>\n\t\t\t\t<\/div>\n\t\t<div class=\"elementor-element elementor-element-899a5bf e-flex e-con-boxed wpr-jarallax-no wpr-parallax-no wpr-sticky-section-no e-con e-parent\" data-id=\"899a5bf\" data-element_type=\"container\">\n\t\t\t\t\t<div class=\"e-con-inner\">\n\t\t<div class=\"elementor-element elementor-element-957d7fc e-flex e-con-boxed wpr-jarallax-no wpr-parallax-no wpr-sticky-section-no elementor-invisible e-con e-child\" data-id=\"957d7fc\" data-element_type=\"container\" data-settings=\"{&quot;animation&quot;:&quot;fadeIn&quot;,&quot;animation_mobile&quot;:&quot;fadeIn&quot;}\">\n\t\t\t\t\t<div class=\"e-con-inner\">\n\t\t\t\t<div class=\"elementor-element elementor-element-c06b022 elementor-widget elementor-widget-heading\" data-id=\"c06b022\" data-element_type=\"widget\" data-widget_type=\"heading.default\">\n\t\t\t\t<div class=\"elementor-widget-container\">\n\t\t\t\t\t<h3 class=\"elementor-heading-title elementor-size-default\">Avec cette approche, nous obtenons: <\/h3>\t\t\t\t<\/div>\n\t\t\t\t<\/div>\n\t\t\t\t<div class=\"elementor-element elementor-element-e619a3f elementor-widget elementor-widget-text-editor\" data-id=\"e619a3f\" data-element_type=\"widget\" data-widget_type=\"text-editor.default\">\n\t\t\t\t<div class=\"elementor-widget-container\">\n\t\t\t\t\t\t\t\t\t<ul style=\"text-align: left;\"><li>Una <strong>alta efic\u00e0cia de depuraci\u00f3<\/strong><\/li><li><strong>Reducci\u00f3 de costos de manteniment<\/strong><\/li><li>Una gesti\u00f3 <strong>ambientalment responsable i sostenible<\/strong><\/li><li>La promoci\u00f3 d\u2019una <strong>economia circular real<\/strong><\/li><\/ul>\t\t\t\t\t\t\t\t<\/div>\n\t\t\t\t<\/div>\n\t\t\t\t<div class=\"elementor-element elementor-element-e2a5733 elementor-widget elementor-widget-text-editor\" data-id=\"e2a5733\" data-element_type=\"widget\" data-widget_type=\"text-editor.default\">\n\t\t\t\t<div class=\"elementor-widget-container\">\n\t\t\t\t\t\t\t\t\t<ul><li>Une <strong>haute efficacit\u00e9 de traitement<\/strong><\/li><li><strong>R\u00e9duction des co\u00fbts de maintenance<\/strong><\/li><li>Une gestion <strong>responsable et durable de l\u2019environnement<\/strong><\/li><li>La promotion d\u2019une <strong>\u00e9conomie circulaire r\u00e9elle <\/strong><\/li><\/ul>\t\t\t\t\t\t\t\t<\/div>\n\t\t\t\t<\/div>\n\t\t\t\t<div class=\"elementor-element elementor-element-cb57fca elementor-widget elementor-widget-text-editor\" data-id=\"cb57fca\" data-element_type=\"widget\" data-widget_type=\"text-editor.default\">\n\t\t\t\t<div class=\"elementor-widget-container\">\n\t\t\t\t\t\t\t\t\t<p>Chez <strong>GeoAmbient<\/strong>, nous croyons en des solutions qui prennent soin de l\u2019environnement et apportent de la valeur aux communaut\u00e9s.<\/p>\t\t\t\t\t\t\t\t<\/div>\n\t\t\t\t<\/div>\n\t\t\t\t\t<\/div>\n\t\t\t\t<\/div>\n\t\t<div class=\"elementor-element elementor-element-e6ad645 e-flex e-con-boxed wpr-jarallax-no wpr-parallax-no wpr-sticky-section-no elementor-invisible e-con e-child\" data-id=\"e6ad645\" data-element_type=\"container\" data-settings=\"{&quot;animation&quot;:&quot;fadeIn&quot;,&quot;animation_mobile&quot;:&quot;fadeIn&quot;}\">\n\t\t\t\t\t<div class=\"e-con-inner\">\n\t\t\t\t<div class=\"elementor-element elementor-element-df200bb elementor-invisible elementor-widget elementor-widget-image\" data-id=\"df200bb\" data-element_type=\"widget\" data-settings=\"{&quot;_animation&quot;:&quot;fadeIn&quot;,&quot;_animation_mobile&quot;:&quot;none&quot;}\" data-widget_type=\"image.default\">\n\t\t\t\t<div class=\"elementor-widget-container\">\n\t\t\t\t\t\t\t\t\t\t\t\t\t\t\t<img decoding=\"async\" width=\"1200\" height=\"675\" src=\"https:\/\/geoambient.cat\/wp-content\/uploads\/2025\/05\/Aguas_Residuales-Urbanas-Saint-Didier-Debizones-800he.jpg\" class=\"attachment-full size-full wp-image-4095\" alt=\"\" srcset=\"https:\/\/geoambient.cat\/wp-content\/uploads\/2025\/05\/Aguas_Residuales-Urbanas-Saint-Didier-Debizones-800he.jpg 1200w, https:\/\/geoambient.cat\/wp-content\/uploads\/2025\/05\/Aguas_Residuales-Urbanas-Saint-Didier-Debizones-800he-300x169.jpg 300w, https:\/\/geoambient.cat\/wp-content\/uploads\/2025\/05\/Aguas_Residuales-Urbanas-Saint-Didier-Debizones-800he-1024x576.jpg 1024w, https:\/\/geoambient.cat\/wp-content\/uploads\/2025\/05\/Aguas_Residuales-Urbanas-Saint-Didier-Debizones-800he-768x432.jpg 768w\" sizes=\"(max-width: 1200px) 100vw, 1200px\" \/>\t\t\t\t\t\t\t\t\t\t\t\t\t\t\t<\/div>\n\t\t\t\t<\/div>\n\t\t\t\t\t<\/div>\n\t\t\t\t<\/div>\n\t\t\t\t\t<\/div>\n\t\t\t\t<\/div>\n\t\t\t\t<\/div>\n\t\t","protected":false},"excerpt":{"rendered":"<p>Urbain Traitement des eaux us\u00e9es pour petites communaut\u00e9s Chez GeoAmbient, nous concevons et construisons des stations de traitement des eaux us\u00e9es sanitaires pour des communaut\u00e9s allant jusqu\u2019\u00e0 2 000 \u00e9quivalents-habitants, en utilisant des technologies hautement durables et efficaces. Nous travaillons avec une large gamme de solutions adapt\u00e9es aux conditions et besoins sp\u00e9cifiques de chaque projet : Zones humides artificielles \u00e0 flux vertical et horizontal Biodisques et cuves Imhoff Syst\u00e8mes de pr\u00e9traitement automatis\u00e9s Syst\u00e8mes de r\u00e9utilisation de l\u2019eau trait\u00e9e Conceptions personnalis\u00e9es pour maximiser l\u2019efficacit\u00e9 et l\u2019int\u00e9gration avec l\u2019environnement Avec cette approche, nous obtenons: Una alta efic\u00e0cia de depuraci\u00f3 Reducci\u00f3 de costos de manteniment Una gesti\u00f3 ambientalment responsable i sostenible La promoci\u00f3 d\u2019una economia circular real Une haute efficacit\u00e9 de traitement R\u00e9duction des co\u00fbts de maintenance Une gestion responsable et durable de l\u2019environnement La promotion d\u2019une \u00e9conomie circulaire r\u00e9elle Chez GeoAmbient, nous croyons en des solutions qui prennent soin de l\u2019environnement et apportent de la valeur aux communaut\u00e9s.<\/p>\n","protected":false},"author":1,"featured_media":2558,"parent":0,"menu_order":0,"comment_status":"closed","ping_status":"closed","template":"elementor_canvas","meta":{"footnotes":""},"class_list":["post-6911","page","type-page","status-publish","has-post-thumbnail","hentry"],"acf":[],"_links":{"self":[{"href":"https:\/\/geoambient.cat\/fr\/wp-json\/wp\/v2\/pages\/6911","targetHints":{"allow":["GET"]}}],"collection":[{"href":"https:\/\/geoambient.cat\/fr\/wp-json\/wp\/v2\/pages"}],"about":[{"href":"https:\/\/geoambient.cat\/fr\/wp-json\/wp\/v2\/types\/page"}],"author":[{"embeddable":true,"href":"https:\/\/geoambient.cat\/fr\/wp-json\/wp\/v2\/users\/1"}],"replies":[{"embeddable":true,"href":"https:\/\/geoambient.cat\/fr\/wp-json\/wp\/v2\/comments?post=6911"}],"version-history":[{"count":7,"href":"https:\/\/geoambient.cat\/fr\/wp-json\/wp\/v2\/pages\/6911\/revisions"}],"predecessor-version":[{"id":7996,"href":"https:\/\/geoambient.cat\/fr\/wp-json\/wp\/v2\/pages\/6911\/revisions\/7996"}],"wp:featuredmedia":[{"embeddable":true,"href":"https:\/\/geoambient.cat\/fr\/wp-json\/wp\/v2\/media\/2558"}],"wp:attachment":[{"href":"https:\/\/geoambient.cat\/fr\/wp-json\/wp\/v2\/media?parent=6911"}],"curies":[{"name":"wp","href":"https:\/\/api.w.org\/{rel}","templated":true}]}}