{"id":6893,"date":"2025-07-26T15:44:00","date_gmt":"2025-07-26T15:44:00","guid":{"rendered":"https:\/\/geoambient.cat\/?page_id=6893"},"modified":"2025-08-04T16:31:07","modified_gmt":"2025-08-04T16:31:07","slug":"industriels","status":"publish","type":"page","link":"https:\/\/geoambient.cat\/fr\/industriels\/","title":{"rendered":"Industriels"},"content":{"rendered":"\t\t<div data-elementor-type=\"wp-page\" data-elementor-id=\"6893\" class=\"elementor elementor-6893\">\n\t\t\t\t<div class=\"elementor-element elementor-element-d8a65de sld e-flex e-con-boxed wpr-jarallax-no wpr-parallax-no wpr-sticky-section-no e-con e-parent\" data-id=\"d8a65de\" data-element_type=\"container\" id=\"sld\" data-settings=\"{&quot;background_background&quot;:&quot;video&quot;,&quot;background_play_on_mobile&quot;:&quot;yes&quot;,&quot;background_video_link&quot;:&quot;\\\/wp-content\\\/themes\\\/geoambient-kit-child\\\/Videos\\\/used\\\/aguas-residuales\\\/INDUSTRIALES.mp4&quot;}\">\n\t\t\t\t\t<div class=\"e-con-inner\">\n\t\t<div class=\"elementor-background-video-container\" aria-hidden=\"true\">\n\t\t\t\t\t\t\t<video class=\"elementor-background-video-hosted\" autoplay muted playsinline loop><\/video>\n\t\t\t\t\t<\/div>\t\t<div class=\"elementor-element elementor-element-1b201e4 elementor-invisible elementor-widget elementor-widget-heading\" data-id=\"1b201e4\" data-element_type=\"widget\" data-settings=\"{&quot;_animation&quot;:&quot;fadeIn&quot;}\" data-widget_type=\"heading.default\">\n\t\t\t\t<div class=\"elementor-widget-container\">\n\t\t\t\t\t<h1 class=\"elementor-heading-title elementor-size-default\">Industriels<\/h1>\t\t\t\t<\/div>\n\t\t\t\t<\/div>\n\t\t\t\t\t<\/div>\n\t\t\t\t<\/div>\n\t\t<div class=\"elementor-element elementor-element-16c7546 e-flex e-con-boxed wpr-jarallax-no wpr-parallax-no wpr-sticky-section-no e-con e-parent\" data-id=\"16c7546\" data-element_type=\"container\">\n\t\t\t\t\t<div class=\"e-con-inner\">\n\t\t<div class=\"elementor-element elementor-element-568e15c e-flex e-con-boxed wpr-jarallax-no wpr-parallax-no wpr-sticky-section-no elementor-invisible e-con e-child\" data-id=\"568e15c\" data-element_type=\"container\" data-settings=\"{&quot;animation&quot;:&quot;fadeIn&quot;,&quot;animation_mobile&quot;:&quot;fadeIn&quot;}\">\n\t\t\t\t\t<div class=\"e-con-inner\">\n\t\t\t\t<div class=\"elementor-element elementor-element-1f59efd elementor-invisible elementor-widget elementor-widget-image\" data-id=\"1f59efd\" data-element_type=\"widget\" data-settings=\"{&quot;_animation&quot;:&quot;fadeIn&quot;,&quot;_animation_mobile&quot;:&quot;none&quot;}\" data-widget_type=\"image.default\">\n\t\t\t\t<div class=\"elementor-widget-container\">\n\t\t\t\t\t\t\t\t\t\t\t\t\t\t\t<img fetchpriority=\"high\" decoding=\"async\" width=\"1200\" height=\"900\" src=\"https:\/\/geoambient.cat\/wp-content\/uploads\/2025\/05\/Aguas_Residuales-Industriales-tratamiento-de-aguas-contaminadas.jpg\" class=\"attachment-full size-full wp-image-4135\" alt=\"\" srcset=\"https:\/\/geoambient.cat\/wp-content\/uploads\/2025\/05\/Aguas_Residuales-Industriales-tratamiento-de-aguas-contaminadas.jpg 1200w, https:\/\/geoambient.cat\/wp-content\/uploads\/2025\/05\/Aguas_Residuales-Industriales-tratamiento-de-aguas-contaminadas-300x225.jpg 300w, https:\/\/geoambient.cat\/wp-content\/uploads\/2025\/05\/Aguas_Residuales-Industriales-tratamiento-de-aguas-contaminadas-1024x768.jpg 1024w, https:\/\/geoambient.cat\/wp-content\/uploads\/2025\/05\/Aguas_Residuales-Industriales-tratamiento-de-aguas-contaminadas-768x576.jpg 768w\" sizes=\"(max-width: 1200px) 100vw, 1200px\" \/>\t\t\t\t\t\t\t\t\t\t\t\t\t\t\t<\/div>\n\t\t\t\t<\/div>\n\t\t\t\t\t<\/div>\n\t\t\t\t<\/div>\n\t\t<div class=\"elementor-element elementor-element-24b18e7 e-flex e-con-boxed wpr-jarallax-no wpr-parallax-no wpr-sticky-section-no elementor-invisible e-con e-child\" data-id=\"24b18e7\" data-element_type=\"container\" data-settings=\"{&quot;animation&quot;:&quot;fadeIn&quot;,&quot;animation_mobile&quot;:&quot;fadeIn&quot;}\">\n\t\t\t\t\t<div class=\"e-con-inner\">\n\t\t\t\t<div class=\"elementor-element elementor-element-916f6ca elementor-widget elementor-widget-heading\" data-id=\"916f6ca\" data-element_type=\"widget\" data-widget_type=\"heading.default\">\n\t\t\t\t<div class=\"elementor-widget-container\">\n\t\t\t\t\t<h2 class=\"elementor-heading-title elementor-size-default\">Traitement et r\u00e9utilisation de l\u2019eau <\/h2>\t\t\t\t<\/div>\n\t\t\t\t<\/div>\n\t\t\t\t<div class=\"elementor-element elementor-element-67b7520 elementor-widget elementor-widget-text-editor\" data-id=\"67b7520\" data-element_type=\"widget\" data-widget_type=\"text-editor.default\">\n\t\t\t\t<div class=\"elementor-widget-container\">\n\t\t\t\t\t\t\t\t\t<p>Chez <strong>GeoAmbient<\/strong>, nous misons sur l<strong>\u2019innovation et la durabilit\u00e9<\/strong> dans le traitement et la r\u00e9utilisation de l\u2019eau. Nous proposons des <strong>solutions sur mesure<\/strong>, con\u00e7ues sp\u00e9cifiquement pour r\u00e9pondre aux besoins uniques de chaque projet, avec pour objectif d\u2019<strong>optimiser les ressources hydriques et de r\u00e9duire l\u2019impact environnemental<\/strong>.<\/p>\t\t\t\t\t\t\t\t<\/div>\n\t\t\t\t<\/div>\n\t\t\t\t\t<\/div>\n\t\t\t\t<\/div>\n\t\t\t\t\t<\/div>\n\t\t\t\t<\/div>\n\t\t<div class=\"elementor-element elementor-element-899a5bf e-flex e-con-boxed wpr-jarallax-no wpr-parallax-no wpr-sticky-section-no e-con e-parent\" data-id=\"899a5bf\" data-element_type=\"container\">\n\t\t\t\t\t<div class=\"e-con-inner\">\n\t\t<div class=\"elementor-element elementor-element-957d7fc e-flex e-con-boxed wpr-jarallax-no wpr-parallax-no wpr-sticky-section-no elementor-invisible e-con e-child\" data-id=\"957d7fc\" data-element_type=\"container\" data-settings=\"{&quot;animation&quot;:&quot;fadeIn&quot;,&quot;animation_mobile&quot;:&quot;fadeIn&quot;}\">\n\t\t\t\t\t<div class=\"e-con-inner\">\n\t\t\t\t<div class=\"elementor-element elementor-element-22053c7 elementor-widget elementor-widget-heading\" data-id=\"22053c7\" data-element_type=\"widget\" data-widget_type=\"heading.default\">\n\t\t\t\t<div class=\"elementor-widget-container\">\n\t\t\t\t\t<h3 class=\"elementor-heading-title elementor-size-default\">Nos services incluent: <\/h3>\t\t\t\t<\/div>\n\t\t\t\t<\/div>\n\t\t\t\t<div class=\"elementor-element elementor-element-e619a3f elementor-widget elementor-widget-text-editor\" data-id=\"e619a3f\" data-element_type=\"widget\" data-widget_type=\"text-editor.default\">\n\t\t\t\t<div class=\"elementor-widget-container\">\n\t\t\t\t\t\t\t\t\t<ul><li><strong>Conception personnalis\u00e9e du syst\u00e8me de traitement<\/strong>, bas\u00e9e sur les caract\u00e9ristiques sp\u00e9cifiques de l\u2019eau et les objectifs du client.<\/li><li>Application des <strong>Meilleures Techniques Disponibles (MTD)<\/strong> pour garantir l\u2019efficacit\u00e9 et la durabilit\u00e9 du syst\u00e8me.<\/li><li><strong>R\u00e9daction du projet de construction<\/strong>, incluant tous les d\u00e9tails techniques et r\u00e9glementaires n\u00e9cessaires pour assurer une ex\u00e9cution optimale.<\/li><li><strong>Coordination et suivi de l\u2019installation<\/strong>, afin de garantir que le syst\u00e8me respecte pleinement les objectifs de traitement fix\u00e9s.<\/li><\/ul>\t\t\t\t\t\t\t\t<\/div>\n\t\t\t\t<\/div>\n\t\t\t\t<div class=\"elementor-element elementor-element-11d9bf7 elementor-widget elementor-widget-text-editor\" data-id=\"11d9bf7\" data-element_type=\"widget\" data-widget_type=\"text-editor.default\">\n\t\t\t\t<div class=\"elementor-widget-container\">\n\t\t\t\t\t\t\t\t\t<p>Nous nous engageons \u00e0 transformer chaque d\u00e9fi en une <strong>opportunit\u00e9 d\u2019am\u00e9lioration environnementale<\/strong>, en contribuant \u00e0 une gestion de l\u2019eau plus efficace et plus responsable.<\/p>\t\t\t\t\t\t\t\t<\/div>\n\t\t\t\t<\/div>\n\t\t\t\t\t<\/div>\n\t\t\t\t<\/div>\n\t\t<div class=\"elementor-element elementor-element-e6ad645 e-flex e-con-boxed wpr-jarallax-no wpr-parallax-no wpr-sticky-section-no elementor-invisible e-con e-child\" data-id=\"e6ad645\" data-element_type=\"container\" data-settings=\"{&quot;animation&quot;:&quot;fadeIn&quot;,&quot;animation_mobile&quot;:&quot;fadeIn&quot;}\">\n\t\t\t\t\t<div class=\"e-con-inner\">\n\t\t\t\t<div class=\"elementor-element elementor-element-df200bb elementor-invisible elementor-widget elementor-widget-image\" data-id=\"df200bb\" data-element_type=\"widget\" data-settings=\"{&quot;_animation&quot;:&quot;fadeIn&quot;,&quot;_animation_mobile&quot;:&quot;none&quot;}\" data-widget_type=\"image.default\">\n\t\t\t\t<div class=\"elementor-widget-container\">\n\t\t\t\t\t\t\t\t\t\t\t\t\t\t\t<img decoding=\"async\" width=\"1200\" height=\"906\" src=\"https:\/\/geoambient.cat\/wp-content\/uploads\/2025\/05\/Aguas_Residuales-Industriales-Tratamiento-de-aguas-contaminadas-3.jpg\" class=\"attachment-full size-full wp-image-4123\" alt=\"\" srcset=\"https:\/\/geoambient.cat\/wp-content\/uploads\/2025\/05\/Aguas_Residuales-Industriales-Tratamiento-de-aguas-contaminadas-3.jpg 1200w, https:\/\/geoambient.cat\/wp-content\/uploads\/2025\/05\/Aguas_Residuales-Industriales-Tratamiento-de-aguas-contaminadas-3-300x227.jpg 300w, https:\/\/geoambient.cat\/wp-content\/uploads\/2025\/05\/Aguas_Residuales-Industriales-Tratamiento-de-aguas-contaminadas-3-1024x773.jpg 1024w, https:\/\/geoambient.cat\/wp-content\/uploads\/2025\/05\/Aguas_Residuales-Industriales-Tratamiento-de-aguas-contaminadas-3-768x580.jpg 768w\" sizes=\"(max-width: 1200px) 100vw, 1200px\" \/>\t\t\t\t\t\t\t\t\t\t\t\t\t\t\t<\/div>\n\t\t\t\t<\/div>\n\t\t\t\t\t<\/div>\n\t\t\t\t<\/div>\n\t\t\t\t\t<\/div>\n\t\t\t\t<\/div>\n\t\t\t\t<\/div>\n\t\t","protected":false},"excerpt":{"rendered":"<p>Industriels Traitement et r\u00e9utilisation de l\u2019eau Chez GeoAmbient, nous misons sur l\u2019innovation et la durabilit\u00e9 dans le traitement et la r\u00e9utilisation de l\u2019eau. Nous proposons des solutions sur mesure, con\u00e7ues sp\u00e9cifiquement pour r\u00e9pondre aux besoins uniques de chaque projet, avec pour objectif d\u2019optimiser les ressources hydriques et de r\u00e9duire l\u2019impact environnemental. Nos services incluent: Conception personnalis\u00e9e du syst\u00e8me de traitement, bas\u00e9e sur les caract\u00e9ristiques sp\u00e9cifiques de l\u2019eau et les objectifs du client. Application des Meilleures Techniques Disponibles (MTD) pour garantir l\u2019efficacit\u00e9 et la durabilit\u00e9 du syst\u00e8me. R\u00e9daction du projet de construction, incluant tous les d\u00e9tails techniques et r\u00e9glementaires n\u00e9cessaires pour assurer une ex\u00e9cution optimale. Coordination et suivi de l\u2019installation, afin de garantir que le syst\u00e8me respecte pleinement les objectifs de traitement fix\u00e9s. Nous nous engageons \u00e0 transformer chaque d\u00e9fi en une opportunit\u00e9 d\u2019am\u00e9lioration environnementale, en contribuant \u00e0 une gestion de l\u2019eau plus efficace et plus responsable.<\/p>\n","protected":false},"author":1,"featured_media":2558,"parent":0,"menu_order":0,"comment_status":"closed","ping_status":"closed","template":"elementor_canvas","meta":{"footnotes":""},"class_list":["post-6893","page","type-page","status-publish","has-post-thumbnail","hentry"],"acf":[],"_links":{"self":[{"href":"https:\/\/geoambient.cat\/fr\/wp-json\/wp\/v2\/pages\/6893","targetHints":{"allow":["GET"]}}],"collection":[{"href":"https:\/\/geoambient.cat\/fr\/wp-json\/wp\/v2\/pages"}],"about":[{"href":"https:\/\/geoambient.cat\/fr\/wp-json\/wp\/v2\/types\/page"}],"author":[{"embeddable":true,"href":"https:\/\/geoambient.cat\/fr\/wp-json\/wp\/v2\/users\/1"}],"replies":[{"embeddable":true,"href":"https:\/\/geoambient.cat\/fr\/wp-json\/wp\/v2\/comments?post=6893"}],"version-history":[{"count":7,"href":"https:\/\/geoambient.cat\/fr\/wp-json\/wp\/v2\/pages\/6893\/revisions"}],"predecessor-version":[{"id":7824,"href":"https:\/\/geoambient.cat\/fr\/wp-json\/wp\/v2\/pages\/6893\/revisions\/7824"}],"wp:featuredmedia":[{"embeddable":true,"href":"https:\/\/geoambient.cat\/fr\/wp-json\/wp\/v2\/media\/2558"}],"wp:attachment":[{"href":"https:\/\/geoambient.cat\/fr\/wp-json\/wp\/v2\/media?parent=6893"}],"curies":[{"name":"wp","href":"https:\/\/api.w.org\/{rel}","templated":true}]}}