{"id":6783,"date":"2025-07-22T21:48:49","date_gmt":"2025-07-22T21:48:49","guid":{"rendered":"https:\/\/geoambient.cat\/?page_id=6783"},"modified":"2025-09-04T07:52:26","modified_gmt":"2025-09-04T07:52:26","slug":"gestion-environnementale-de-chantier","status":"publish","type":"page","link":"https:\/\/geoambient.cat\/fr\/gestion-environnementale-de-chantier\/","title":{"rendered":"Gestion environnementale de chantier"},"content":{"rendered":"\t\t<div data-elementor-type=\"wp-page\" data-elementor-id=\"6783\" class=\"elementor elementor-6783\">\n\t\t\t\t<div class=\"elementor-element elementor-element-d8a65de sld e-flex e-con-boxed wpr-jarallax-no wpr-parallax-no wpr-sticky-section-no e-con e-parent\" data-id=\"d8a65de\" data-element_type=\"container\" id=\"sld\" data-settings=\"{&quot;background_background&quot;:&quot;video&quot;,&quot;background_play_on_mobile&quot;:&quot;yes&quot;,&quot;background_video_link&quot;:&quot;\\\/wp-content\\\/themes\\\/geoambient-kit-child\\\/Videos\\\/used\\\/DAO.mp4&quot;}\">\n\t\t\t\t\t<div class=\"e-con-inner\">\n\t\t<div class=\"elementor-background-video-container\" aria-hidden=\"true\">\n\t\t\t\t\t\t\t<video class=\"elementor-background-video-hosted\" autoplay muted playsinline loop><\/video>\n\t\t\t\t\t<\/div>\t\t<div class=\"elementor-element elementor-element-1b201e4 elementor-invisible elementor-widget elementor-widget-heading\" data-id=\"1b201e4\" data-element_type=\"widget\" data-settings=\"{&quot;_animation&quot;:&quot;fadeIn&quot;}\" data-widget_type=\"heading.default\">\n\t\t\t\t<div class=\"elementor-widget-container\">\n\t\t\t\t\t<h1 class=\"elementor-heading-title elementor-size-default\">Gestion environnementale de chantier<\/h1>\t\t\t\t<\/div>\n\t\t\t\t<\/div>\n\t\t\t\t\t<\/div>\n\t\t\t\t<\/div>\n\t\t<div class=\"elementor-element elementor-element-16c7546 e-flex e-con-boxed wpr-jarallax-no wpr-parallax-no wpr-sticky-section-no e-con e-parent\" data-id=\"16c7546\" data-element_type=\"container\">\n\t\t\t\t\t<div class=\"e-con-inner\">\n\t\t<div class=\"elementor-element elementor-element-568e15c e-flex e-con-boxed wpr-jarallax-no wpr-parallax-no wpr-sticky-section-no elementor-invisible e-con e-child\" data-id=\"568e15c\" data-element_type=\"container\" data-settings=\"{&quot;animation&quot;:&quot;fadeIn&quot;,&quot;animation_mobile&quot;:&quot;fadeIn&quot;}\">\n\t\t\t\t\t<div class=\"e-con-inner\">\n\t\t\t\t<div class=\"elementor-element elementor-element-1f59efd elementor-invisible elementor-widget elementor-widget-image\" data-id=\"1f59efd\" data-element_type=\"widget\" data-settings=\"{&quot;_animation&quot;:&quot;fadeIn&quot;,&quot;_animation_mobile&quot;:&quot;none&quot;}\" data-widget_type=\"image.default\">\n\t\t\t\t<div class=\"elementor-widget-container\">\n\t\t\t\t\t\t\t\t\t\t\t\t\t\t\t<img fetchpriority=\"high\" decoding=\"async\" width=\"1500\" height=\"2000\" src=\"https:\/\/geoambient.cat\/wp-content\/uploads\/2025\/05\/Suelos_contaminados-1297-vilanova-1.jpg\" class=\"attachment-full size-full wp-image-2820\" alt=\"\" srcset=\"https:\/\/geoambient.cat\/wp-content\/uploads\/2025\/05\/Suelos_contaminados-1297-vilanova-1.jpg 1500w, https:\/\/geoambient.cat\/wp-content\/uploads\/2025\/05\/Suelos_contaminados-1297-vilanova-1-225x300.jpg 225w, https:\/\/geoambient.cat\/wp-content\/uploads\/2025\/05\/Suelos_contaminados-1297-vilanova-1-768x1024.jpg 768w, https:\/\/geoambient.cat\/wp-content\/uploads\/2025\/05\/Suelos_contaminados-1297-vilanova-1-1152x1536.jpg 1152w\" sizes=\"(max-width: 1500px) 100vw, 1500px\" \/>\t\t\t\t\t\t\t\t\t\t\t\t\t\t\t<\/div>\n\t\t\t\t<\/div>\n\t\t\t\t\t<\/div>\n\t\t\t\t<\/div>\n\t\t<div class=\"elementor-element elementor-element-24b18e7 e-flex e-con-boxed wpr-jarallax-no wpr-parallax-no wpr-sticky-section-no elementor-invisible e-con e-child\" data-id=\"24b18e7\" data-element_type=\"container\" data-settings=\"{&quot;animation&quot;:&quot;fadeIn&quot;,&quot;animation_mobile&quot;:&quot;fadeIn&quot;}\">\n\t\t\t\t\t<div class=\"e-con-inner\">\n\t\t\t\t<div class=\"elementor-element elementor-element-64862a3 elementor-widget elementor-widget-heading\" data-id=\"64862a3\" data-element_type=\"widget\" data-widget_type=\"heading.default\">\n\t\t\t\t<div class=\"elementor-widget-container\">\n\t\t\t\t\t<h2 class=\"elementor-heading-title elementor-size-default\">Gestion environnementale de chantier (DAO) et gestion des sols r\u00e9siduels <\/h2>\t\t\t\t<\/div>\n\t\t\t\t<\/div>\n\t\t\t\t<div class=\"elementor-element elementor-element-03a7eda elementor-widget elementor-widget-text-editor\" data-id=\"03a7eda\" data-element_type=\"widget\" data-widget_type=\"text-editor.default\">\n\t\t\t\t<div class=\"elementor-widget-container\">\n\t\t\t\t\t\t\t\t\t<p>Chez <strong>GeoAmbient<\/strong>, nous nous sp\u00e9cialisons dans la r\u00e9alisation de <strong>Gestion Environnementale de Chantier (DAO)<\/strong>, principalement ax\u00e9e sur l&rsquo;excavation s\u00e9lective des sols et la validation des sols r\u00e9siduels. Notre objectif est d&rsquo;assurer une gestion et un traitement appropri\u00e9s des sols affect\u00e9s, tout en optimisant les co\u00fbts et en garantissant la durabilit\u00e9 de chaque projet.<\/p>\t\t\t\t\t\t\t\t<\/div>\n\t\t\t\t<\/div>\n\t\t\t\t<div class=\"elementor-element elementor-element-86733dd elementor-widget elementor-widget-heading\" data-id=\"86733dd\" data-element_type=\"widget\" data-widget_type=\"heading.default\">\n\t\t\t\t<div class=\"elementor-widget-container\">\n\t\t\t\t\t<h3 class=\"elementor-heading-title elementor-size-default\">Gestion efficiente de l'excavation des sols <\/h3>\t\t\t\t<\/div>\n\t\t\t\t<\/div>\n\t\t\t\t<div class=\"elementor-element elementor-element-7e06486 elementor-widget elementor-widget-text-editor\" data-id=\"7e06486\" data-element_type=\"widget\" data-widget_type=\"text-editor.default\">\n\t\t\t\t<div class=\"elementor-widget-container\">\n\t\t\t\t\t\t\t\t\t<p>Lorsqu&rsquo;une contamination des sols est d\u00e9tect\u00e9e, l&rsquo;objectif principal est de la g\u00e9rer correctement en diff\u00e9renciant les types de mat\u00e9riaux. Cela nous permet d&rsquo;appliquer le traitement le plus appropri\u00e9 pour chaque cas, minimisant ainsi les co\u00fbts et maximisant l&rsquo;efficacit\u00e9 op\u00e9rationnelle.\u00a0<\/p>\t\t\t\t\t\t\t\t<\/div>\n\t\t\t\t<\/div>\n\t\t\t\t<div class=\"elementor-element elementor-element-43694d1 elementor-widget elementor-widget-heading\" data-id=\"43694d1\" data-element_type=\"widget\" data-widget_type=\"heading.default\">\n\t\t\t\t<div class=\"elementor-widget-container\">\n\t\t\t\t\t<h2 class=\"elementor-heading-title elementor-size-default\">Une DAO bien d\u00e9finie nous permet de:<\/h2>\t\t\t\t<\/div>\n\t\t\t\t<\/div>\n\t\t\t\t<div class=\"elementor-element elementor-element-fd3cd53 elementor-widget elementor-widget-text-editor\" data-id=\"fd3cd53\" data-element_type=\"widget\" data-widget_type=\"text-editor.default\">\n\t\t\t\t<div class=\"elementor-widget-container\">\n\t\t\t\t\t\t\t\t\t<ul><li>Discriminer les sols en fonction du degr\u00e9 de contamination.<\/li><li>Appliquer des solutions sp\u00e9cifiques pour chaque type de sol, comme des traitements sur place ou leur retrait vers un site de gestion final.<\/li><\/ul>\t\t\t\t\t\t\t\t<\/div>\n\t\t\t\t<\/div>\n\t\t\t\t\t<\/div>\n\t\t\t\t<\/div>\n\t\t\t\t\t<\/div>\n\t\t\t\t<\/div>\n\t\t<div class=\"elementor-element elementor-element-899a5bf e-flex e-con-boxed wpr-jarallax-no wpr-parallax-no wpr-sticky-section-no e-con e-parent\" data-id=\"899a5bf\" data-element_type=\"container\">\n\t\t\t\t\t<div class=\"e-con-inner\">\n\t\t<div class=\"elementor-element elementor-element-957d7fc e-flex e-con-boxed wpr-jarallax-no wpr-parallax-no wpr-sticky-section-no elementor-invisible e-con e-child\" data-id=\"957d7fc\" data-element_type=\"container\" data-settings=\"{&quot;animation&quot;:&quot;fadeIn&quot;,&quot;animation_mobile&quot;:&quot;fadeIn&quot;}\">\n\t\t\t\t\t<div class=\"e-con-inner\">\n\t\t\t\t<div class=\"elementor-element elementor-element-ff730ff elementor-widget elementor-widget-heading\" data-id=\"ff730ff\" data-element_type=\"widget\" data-widget_type=\"heading.default\">\n\t\t\t\t<div class=\"elementor-widget-container\">\n\t\t\t\t\t<h3 class=\"elementor-heading-title elementor-size-default\">Planification et ex\u00e9cution d\u00e9di\u00e9es <\/h3>\t\t\t\t<\/div>\n\t\t\t\t<\/div>\n\t\t\t\t<div class=\"elementor-element elementor-element-e619a3f elementor-widget elementor-widget-text-editor\" data-id=\"e619a3f\" data-element_type=\"widget\" data-widget_type=\"text-editor.default\">\n\t\t\t\t<div class=\"elementor-widget-container\">\n\t\t\t\t\t\t\t\t\t<p>Pour garantir l&rsquo;optimisation d&rsquo;une excavation s\u00e9lective, il est essentiel de r\u00e9aliser une <strong>Investigation D\u00e9tail\u00e9e<\/strong> pr\u00e9alable pour d\u00e9limiter et caract\u00e9riser la contamination des sols. En outre, un <strong>Plan d&rsquo;Excavation<\/strong> clairement d\u00e9fini est n\u00e9cessaire, pr\u00e9cisant la m\u00e9thodologie et les crit\u00e8res \u00e0 suivre pour la gestion et le traitement efficaces des sols.<\/p><p>Durant l&rsquo;ex\u00e9cution de l&rsquo;excavation, un technicien habilit\u00e9 supervise l&rsquo;ensemble du processus, fournissant des instructions pour g\u00e9rer les mat\u00e9riaux en fonction de leur degr\u00e9 de contamination. Les sols les plus contamin\u00e9s sont retir\u00e9s de mani\u00e8re s\u00e9curis\u00e9e, tandis que les sols moins affect\u00e9s peuvent \u00eatre trait\u00e9s sur place.<\/p>\t\t\t\t\t\t\t\t<\/div>\n\t\t\t\t<\/div>\n\t\t\t\t\t<\/div>\n\t\t\t\t<\/div>\n\t\t<div class=\"elementor-element elementor-element-e6ad645 e-flex e-con-boxed wpr-jarallax-no wpr-parallax-no wpr-sticky-section-no elementor-invisible e-con e-child\" data-id=\"e6ad645\" data-element_type=\"container\" data-settings=\"{&quot;animation&quot;:&quot;fadeIn&quot;,&quot;animation_mobile&quot;:&quot;fadeIn&quot;}\">\n\t\t\t\t\t<div class=\"e-con-inner\">\n\t\t\t\t<div class=\"elementor-element elementor-element-df200bb elementor-invisible elementor-widget elementor-widget-image\" data-id=\"df200bb\" data-element_type=\"widget\" data-settings=\"{&quot;_animation&quot;:&quot;fadeIn&quot;,&quot;_animation_mobile&quot;:&quot;none&quot;}\" data-widget_type=\"image.default\">\n\t\t\t\t<div class=\"elementor-widget-container\">\n\t\t\t\t\t\t\t\t\t\t\t\t\t\t\t<img decoding=\"async\" width=\"2000\" height=\"1500\" src=\"https:\/\/geoambient.cat\/wp-content\/uploads\/2025\/06\/Suelos_contaminados-DAO-1237-lallagosta-5.jpg\" class=\"attachment-full size-full wp-image-6190\" alt=\"Suelos_contaminados-DAO-1237-lallagosta-5\" srcset=\"https:\/\/geoambient.cat\/wp-content\/uploads\/2025\/06\/Suelos_contaminados-DAO-1237-lallagosta-5.jpg 2000w, https:\/\/geoambient.cat\/wp-content\/uploads\/2025\/06\/Suelos_contaminados-DAO-1237-lallagosta-5-300x225.jpg 300w, https:\/\/geoambient.cat\/wp-content\/uploads\/2025\/06\/Suelos_contaminados-DAO-1237-lallagosta-5-1024x768.jpg 1024w, https:\/\/geoambient.cat\/wp-content\/uploads\/2025\/06\/Suelos_contaminados-DAO-1237-lallagosta-5-768x576.jpg 768w, https:\/\/geoambient.cat\/wp-content\/uploads\/2025\/06\/Suelos_contaminados-DAO-1237-lallagosta-5-1536x1152.jpg 1536w\" sizes=\"(max-width: 2000px) 100vw, 2000px\" \/>\t\t\t\t\t\t\t\t\t\t\t\t\t\t\t<\/div>\n\t\t\t\t<\/div>\n\t\t\t\t\t<\/div>\n\t\t\t\t<\/div>\n\t\t\t\t\t<\/div>\n\t\t\t\t<\/div>\n\t\t<div class=\"elementor-element elementor-element-54e89b4 e-flex e-con-boxed wpr-jarallax-no wpr-parallax-no wpr-sticky-section-no e-con e-parent\" data-id=\"54e89b4\" data-element_type=\"container\">\n\t\t\t\t\t<div class=\"e-con-inner\">\n\t\t<div class=\"elementor-element elementor-element-951390f e-flex e-con-boxed wpr-jarallax-no wpr-parallax-no wpr-sticky-section-no elementor-invisible e-con e-child\" data-id=\"951390f\" data-element_type=\"container\" data-settings=\"{&quot;animation&quot;:&quot;fadeIn&quot;,&quot;animation_mobile&quot;:&quot;fadeIn&quot;}\">\n\t\t\t\t\t<div class=\"e-con-inner\">\n\t\t\t\t<div class=\"elementor-element elementor-element-5f58813 elementor-invisible elementor-widget elementor-widget-image\" data-id=\"5f58813\" data-element_type=\"widget\" data-settings=\"{&quot;_animation&quot;:&quot;fadeIn&quot;,&quot;_animation_mobile&quot;:&quot;none&quot;}\" data-widget_type=\"image.default\">\n\t\t\t\t<div class=\"elementor-widget-container\">\n\t\t\t\t\t\t\t\t\t\t\t\t\t\t\t<img decoding=\"async\" width=\"1000\" height=\"750\" src=\"https:\/\/geoambient.cat\/wp-content\/uploads\/2025\/05\/Suelos_contaminados-1560-montornes-3.jpg\" class=\"attachment-full size-full wp-image-2760\" alt=\"\" srcset=\"https:\/\/geoambient.cat\/wp-content\/uploads\/2025\/05\/Suelos_contaminados-1560-montornes-3.jpg 1000w, https:\/\/geoambient.cat\/wp-content\/uploads\/2025\/05\/Suelos_contaminados-1560-montornes-3-300x225.jpg 300w, https:\/\/geoambient.cat\/wp-content\/uploads\/2025\/05\/Suelos_contaminados-1560-montornes-3-768x576.jpg 768w\" sizes=\"(max-width: 1000px) 100vw, 1000px\" \/>\t\t\t\t\t\t\t\t\t\t\t\t\t\t\t<\/div>\n\t\t\t\t<\/div>\n\t\t\t\t\t<\/div>\n\t\t\t\t<\/div>\n\t\t<div class=\"elementor-element elementor-element-d1a5f43 e-flex e-con-boxed wpr-jarallax-no wpr-parallax-no wpr-sticky-section-no elementor-invisible e-con e-child\" data-id=\"d1a5f43\" data-element_type=\"container\" data-settings=\"{&quot;animation&quot;:&quot;fadeIn&quot;,&quot;animation_mobile&quot;:&quot;fadeIn&quot;}\">\n\t\t\t\t\t<div class=\"e-con-inner\">\n\t\t\t\t<div class=\"elementor-element elementor-element-f24dd95 elementor-widget elementor-widget-heading\" data-id=\"f24dd95\" data-element_type=\"widget\" data-widget_type=\"heading.default\">\n\t\t\t\t<div class=\"elementor-widget-container\">\n\t\t\t\t\t<h3 class=\"elementor-heading-title elementor-size-default\">Garantie de r\u00e9sultats et conformit\u00e9 aux normes <\/h3>\t\t\t\t<\/div>\n\t\t\t\t<\/div>\n\t\t\t\t<div class=\"elementor-element elementor-element-8213a1f elementor-widget elementor-widget-text-editor\" data-id=\"8213a1f\" data-element_type=\"widget\" data-widget_type=\"text-editor.default\">\n\t\t\t\t<div class=\"elementor-widget-container\">\n\t\t\t\t\t\t\t\t\t<p>Afin de garantir que tous les sols contamin\u00e9s ont \u00e9t\u00e9 correctement retir\u00e9s, un <strong>\u00e9chantillonnage des sols r\u00e9siduels<\/strong> est effectu\u00e9 conform\u00e9ment aux r\u00e9glementations \u00e9tablies par les autorit\u00e9s comp\u00e9tentes et aux <strong>Instructions Techniques<\/strong> \u00e9labor\u00e9es par <strong>GeoAmbient<\/strong>. Cette phase finale assure que chaque type de sol a \u00e9t\u00e9 correctement g\u00e9r\u00e9.<\/p>\t\t\t\t\t\t\t\t<\/div>\n\t\t\t\t<\/div>\n\t\t\t\t<div class=\"elementor-element elementor-element-2c9cc27 elementor-widget elementor-widget-heading\" data-id=\"2c9cc27\" data-element_type=\"widget\" data-widget_type=\"heading.default\">\n\t\t\t\t<div class=\"elementor-widget-container\">\n\t\t\t\t\t<h3 class=\"elementor-heading-title elementor-size-default\">Certification et capacit\u00e9 administrative <\/h3>\t\t\t\t<\/div>\n\t\t\t\t<\/div>\n\t\t\t\t<div class=\"elementor-element elementor-element-8f49904 elementor-widget elementor-widget-text-editor\" data-id=\"8f49904\" data-element_type=\"widget\" data-widget_type=\"text-editor.default\">\n\t\t\t\t<div class=\"elementor-widget-container\">\n\t\t\t\t\t\t\t\t\t<p>D&rsquo;un point de vue administratif, <strong>GeoAmbient<\/strong> est certifi\u00e9 pour r\u00e9aliser la <strong>Gestion Environnementale de Chantier (DAO)<\/strong> et l&rsquo;\u00e9chantillonnage des sols r\u00e9siduels, garantissant le respect des r\u00e9glementations en vigueur \u00e0 tout moment.<\/p>\t\t\t\t\t\t\t\t<\/div>\n\t\t\t\t<\/div>\n\t\t\t\t\t<\/div>\n\t\t\t\t<\/div>\n\t\t\t\t\t<\/div>\n\t\t\t\t<\/div>\n\t\t\t\t<\/div>\n\t\t","protected":false},"excerpt":{"rendered":"<p>Gestion environnementale de chantier Gestion environnementale de chantier (DAO) et gestion des sols r\u00e9siduels Chez GeoAmbient, nous nous sp\u00e9cialisons dans la r\u00e9alisation de Gestion Environnementale de Chantier (DAO), principalement ax\u00e9e sur l&rsquo;excavation s\u00e9lective des sols et la validation des sols r\u00e9siduels. Notre objectif est d&rsquo;assurer une gestion et un traitement appropri\u00e9s des sols affect\u00e9s, tout en optimisant les co\u00fbts et en garantissant la durabilit\u00e9 de chaque projet. Gestion efficiente de l&rsquo;excavation des sols Lorsqu&rsquo;une contamination des sols est d\u00e9tect\u00e9e, l&rsquo;objectif principal est de la g\u00e9rer correctement en diff\u00e9renciant les types de mat\u00e9riaux. Cela nous permet d&rsquo;appliquer le traitement le plus appropri\u00e9 pour chaque cas, minimisant ainsi les co\u00fbts et maximisant l&rsquo;efficacit\u00e9 op\u00e9rationnelle.\u00a0 Une DAO bien d\u00e9finie nous permet de: Discriminer les sols en fonction du degr\u00e9 de contamination. Appliquer des solutions sp\u00e9cifiques pour chaque type de sol, comme des traitements sur place ou leur retrait vers un site de gestion final. Planification et ex\u00e9cution d\u00e9di\u00e9es Pour garantir l&rsquo;optimisation d&rsquo;une excavation s\u00e9lective, il est essentiel de r\u00e9aliser une Investigation D\u00e9tail\u00e9e pr\u00e9alable pour d\u00e9limiter et caract\u00e9riser la contamination des sols. En outre, un Plan d&rsquo;Excavation clairement d\u00e9fini est n\u00e9cessaire, pr\u00e9cisant la m\u00e9thodologie et les crit\u00e8res \u00e0 suivre pour la gestion et le traitement efficaces des sols. Durant l&rsquo;ex\u00e9cution de l&rsquo;excavation, un technicien habilit\u00e9 supervise l&rsquo;ensemble du processus, fournissant des instructions pour g\u00e9rer les mat\u00e9riaux en fonction de leur degr\u00e9 de contamination. Les sols les plus contamin\u00e9s sont retir\u00e9s de mani\u00e8re s\u00e9curis\u00e9e, tandis que les sols moins affect\u00e9s peuvent \u00eatre trait\u00e9s sur place. Garantie de r\u00e9sultats et conformit\u00e9 aux normes Afin de garantir que tous les sols contamin\u00e9s ont \u00e9t\u00e9 correctement retir\u00e9s, un \u00e9chantillonnage des sols r\u00e9siduels est effectu\u00e9 conform\u00e9ment aux r\u00e9glementations \u00e9tablies par les autorit\u00e9s comp\u00e9tentes et aux Instructions Techniques \u00e9labor\u00e9es par GeoAmbient. Cette phase finale assure que chaque type de sol a \u00e9t\u00e9 correctement g\u00e9r\u00e9. Certification et capacit\u00e9 administrative D&rsquo;un point de vue administratif, GeoAmbient est certifi\u00e9 pour r\u00e9aliser la Gestion Environnementale de Chantier (DAO) et l&rsquo;\u00e9chantillonnage des sols r\u00e9siduels, garantissant le respect des r\u00e9glementations en vigueur \u00e0 tout moment.<\/p>\n","protected":false},"author":1,"featured_media":2754,"parent":0,"menu_order":0,"comment_status":"closed","ping_status":"closed","template":"elementor_canvas","meta":{"footnotes":""},"class_list":["post-6783","page","type-page","status-publish","has-post-thumbnail","hentry"],"acf":[],"_links":{"self":[{"href":"https:\/\/geoambient.cat\/fr\/wp-json\/wp\/v2\/pages\/6783","targetHints":{"allow":["GET"]}}],"collection":[{"href":"https:\/\/geoambient.cat\/fr\/wp-json\/wp\/v2\/pages"}],"about":[{"href":"https:\/\/geoambient.cat\/fr\/wp-json\/wp\/v2\/types\/page"}],"author":[{"embeddable":true,"href":"https:\/\/geoambient.cat\/fr\/wp-json\/wp\/v2\/users\/1"}],"replies":[{"embeddable":true,"href":"https:\/\/geoambient.cat\/fr\/wp-json\/wp\/v2\/comments?post=6783"}],"version-history":[{"count":10,"href":"https:\/\/geoambient.cat\/fr\/wp-json\/wp\/v2\/pages\/6783\/revisions"}],"predecessor-version":[{"id":7999,"href":"https:\/\/geoambient.cat\/fr\/wp-json\/wp\/v2\/pages\/6783\/revisions\/7999"}],"wp:featuredmedia":[{"embeddable":true,"href":"https:\/\/geoambient.cat\/fr\/wp-json\/wp\/v2\/media\/2754"}],"wp:attachment":[{"href":"https:\/\/geoambient.cat\/fr\/wp-json\/wp\/v2\/media?parent=6783"}],"curies":[{"name":"wp","href":"https:\/\/api.w.org\/{rel}","templated":true}]}}