{"id":6765,"date":"2025-07-22T21:03:17","date_gmt":"2025-07-22T21:03:17","guid":{"rendered":"https:\/\/geoambient.cat\/?page_id=6765"},"modified":"2025-08-04T16:40:30","modified_gmt":"2025-08-04T16:40:30","slug":"rehabilitation-de-sites-degrades","status":"publish","type":"page","link":"https:\/\/geoambient.cat\/fr\/rehabilitation-de-sites-degrades\/","title":{"rendered":"R\u00e9habilitation de sites d\u00e9grad\u00e9s"},"content":{"rendered":"\t\t<div data-elementor-type=\"wp-page\" data-elementor-id=\"6765\" class=\"elementor elementor-6765\">\n\t\t\t\t<div class=\"elementor-element elementor-element-d8a65de sld e-flex e-con-boxed wpr-jarallax-no wpr-parallax-no wpr-sticky-section-no e-con e-parent\" data-id=\"d8a65de\" data-element_type=\"container\" id=\"sld\" data-settings=\"{&quot;background_background&quot;:&quot;video&quot;,&quot;background_play_on_mobile&quot;:&quot;yes&quot;,&quot;background_video_link&quot;:&quot;\\\/wp-content\\\/themes\\\/geoambient-kit-child\\\/Videos\\\/used\\\/REHABILITACION.mp4&quot;}\">\n\t\t\t\t\t<div class=\"e-con-inner\">\n\t\t<div class=\"elementor-background-video-container\" aria-hidden=\"true\">\n\t\t\t\t\t\t\t<video class=\"elementor-background-video-hosted\" autoplay muted playsinline loop><\/video>\n\t\t\t\t\t<\/div>\t\t<div class=\"elementor-element elementor-element-1b201e4 elementor-invisible elementor-widget elementor-widget-heading\" data-id=\"1b201e4\" data-element_type=\"widget\" data-settings=\"{&quot;_animation&quot;:&quot;fadeIn&quot;}\" data-widget_type=\"heading.default\">\n\t\t\t\t<div class=\"elementor-widget-container\">\n\t\t\t\t\t<h1 class=\"elementor-heading-title elementor-size-default\">R\u00e9habilitation de sites d\u00e9grad\u00e9s<\/h1>\t\t\t\t<\/div>\n\t\t\t\t<\/div>\n\t\t\t\t\t<\/div>\n\t\t\t\t<\/div>\n\t\t<div class=\"elementor-element elementor-element-16c7546 e-flex e-con-boxed wpr-jarallax-no wpr-parallax-no wpr-sticky-section-no e-con e-parent\" data-id=\"16c7546\" data-element_type=\"container\">\n\t\t\t\t\t<div class=\"e-con-inner\">\n\t\t<div class=\"elementor-element elementor-element-568e15c e-flex e-con-boxed wpr-jarallax-no wpr-parallax-no wpr-sticky-section-no elementor-invisible e-con e-child\" data-id=\"568e15c\" data-element_type=\"container\" data-settings=\"{&quot;animation&quot;:&quot;fadeIn&quot;,&quot;animation_mobile&quot;:&quot;fadeIn&quot;}\">\n\t\t\t\t\t<div class=\"e-con-inner\">\n\t\t\t\t<div class=\"elementor-element elementor-element-1f59efd elementor-invisible elementor-widget elementor-widget-image\" data-id=\"1f59efd\" data-element_type=\"widget\" data-settings=\"{&quot;_animation&quot;:&quot;fadeIn&quot;,&quot;_animation_mobile&quot;:&quot;none&quot;}\" data-widget_type=\"image.default\">\n\t\t\t\t<div class=\"elementor-widget-container\">\n\t\t\t\t\t\t\t\t\t\t\t\t\t\t\t<img fetchpriority=\"high\" decoding=\"async\" width=\"1368\" height=\"912\" src=\"https:\/\/geoambient.cat\/wp-content\/uploads\/2025\/05\/Rehabilitacion-de-sitios-degradados-7.jpg\" class=\"attachment-full size-full wp-image-2704\" alt=\"Rehabilitaci\u00f3n\" srcset=\"https:\/\/geoambient.cat\/wp-content\/uploads\/2025\/05\/Rehabilitacion-de-sitios-degradados-7.jpg 1368w, https:\/\/geoambient.cat\/wp-content\/uploads\/2025\/05\/Rehabilitacion-de-sitios-degradados-7-300x200.jpg 300w, https:\/\/geoambient.cat\/wp-content\/uploads\/2025\/05\/Rehabilitacion-de-sitios-degradados-7-1024x683.jpg 1024w, https:\/\/geoambient.cat\/wp-content\/uploads\/2025\/05\/Rehabilitacion-de-sitios-degradados-7-768x512.jpg 768w\" sizes=\"(max-width: 1368px) 100vw, 1368px\" \/>\t\t\t\t\t\t\t\t\t\t\t\t\t\t\t<\/div>\n\t\t\t\t<\/div>\n\t\t\t\t\t<\/div>\n\t\t\t\t<\/div>\n\t\t<div class=\"elementor-element elementor-element-24b18e7 e-flex e-con-boxed wpr-jarallax-no wpr-parallax-no wpr-sticky-section-no elementor-invisible e-con e-child\" data-id=\"24b18e7\" data-element_type=\"container\" data-settings=\"{&quot;animation&quot;:&quot;fadeIn&quot;,&quot;animation_mobile&quot;:&quot;fadeIn&quot;}\">\n\t\t\t\t\t<div class=\"e-con-inner\">\n\t\t\t\t<div class=\"elementor-element elementor-element-336b179 elementor-widget elementor-widget-heading\" data-id=\"336b179\" data-element_type=\"widget\" data-widget_type=\"heading.default\">\n\t\t\t\t<div class=\"elementor-widget-container\">\n\t\t\t\t\t<h2 class=\"elementor-heading-title elementor-size-default\">R\u00e9habiliter le pass\u00e9 pour construire un avenir durable <\/h2>\t\t\t\t<\/div>\n\t\t\t\t<\/div>\n\t\t\t\t<div class=\"elementor-element elementor-element-2b6d810 elementor-widget elementor-widget-text-editor\" data-id=\"2b6d810\" data-element_type=\"widget\" data-widget_type=\"text-editor.default\">\n\t\t\t\t<div class=\"elementor-widget-container\">\n\t\t\t\t\t\t\t\t\t<p>Au cours des derni\u00e8res ann\u00e9es, le d\u00e9veloppement industriel a profond\u00e9ment marqu\u00e9 de nombreux territoires. De nombreux sites ont vu leur sous-sol se d\u00e9grader \u00e0 cause d\u2019activit\u00e9s historiques, compromettant ainsi leur valeur environnementale et leur potentiel d\u2019utilisation future.<\/p><p>Dans ce contexte, <strong>GeoAmbient<\/strong> s\u2019engage r\u00e9solument en faveur du d\u00e9veloppement durable. Nous sommes un cabinet de conseil sp\u00e9cialis\u00e9 dans la <b>r\u00e9habilitation des sols d\u00e9grad\u00e9s<\/b>, avec pour objectif de leur redonner leur fonctionnalit\u00e9, tout en garantissant les normes les plus strictes en mati\u00e8re de qualit\u00e9, de s\u00e9curit\u00e9 et de conformit\u00e9 r\u00e9glementaire.<\/p>\t\t\t\t\t\t\t\t<\/div>\n\t\t\t\t<\/div>\n\t\t\t\t\t<\/div>\n\t\t\t\t<\/div>\n\t\t\t\t\t<\/div>\n\t\t\t\t<\/div>\n\t\t<div class=\"elementor-element elementor-element-899a5bf e-flex e-con-boxed wpr-jarallax-no wpr-parallax-no wpr-sticky-section-no e-con e-parent\" data-id=\"899a5bf\" data-element_type=\"container\">\n\t\t\t\t\t<div class=\"e-con-inner\">\n\t\t<div class=\"elementor-element elementor-element-957d7fc e-flex e-con-boxed wpr-jarallax-no wpr-parallax-no wpr-sticky-section-no elementor-invisible e-con e-child\" data-id=\"957d7fc\" data-element_type=\"container\" data-settings=\"{&quot;animation&quot;:&quot;fadeIn&quot;,&quot;animation_mobile&quot;:&quot;fadeIn&quot;}\">\n\t\t\t\t\t<div class=\"e-con-inner\">\n\t\t\t\t<div class=\"elementor-element elementor-element-6bfb6a8 elementor-widget elementor-widget-text-editor\" data-id=\"6bfb6a8\" data-element_type=\"widget\" data-widget_type=\"text-editor.default\">\n\t\t\t\t<div class=\"elementor-widget-container\">\n\t\t\t\t\t\t\t\t\t<p>Nous disposons de toutes les <strong>comp\u00e9tences techniques, ressources et savoir-faire humain n\u00e9cessaires<\/strong> pour mener \u00e0 bien ces projets avec efficacit\u00e9 et responsabilit\u00e9. De la <strong>caract\u00e9risation initiale \u00e0 l\u2019\u00e9tude historique<\/strong>, en passant par la <strong>d\u00e9contamination<\/strong> et jusqu\u2019\u00e0 la <strong>certification l\u00e9gale<\/strong> du terrain pour ses nouveaux usages, nous g\u00e9rons chaque \u00e9tape avec rigueur et engagement. Nous assurons \u00e9galement la communication avec les autorit\u00e9s comp\u00e9tentes afin que chaque action soit pleinement conforme \u00e0 la l\u00e9gislation en vigueur.<\/p><p>Au-del\u00e0 des aspects techniques, chez <strong>GeoAmbient<\/strong>, nous sommes convaincus que le <strong>sous-sol est une ressource pr\u00e9cieuse et limit\u00e9e<\/strong>. Sa r\u00e9habilitation repr\u00e9sente une opportunit\u00e9 de concilier d\u00e9veloppement et respect de l\u2019environnement. C\u2019est pourquoi, depuis plus de 20 ans, nous d\u00e9veloppons des <strong>m\u00e9thodes innovantes et construisons des synergies solides<\/strong> qui nous ont permis de r\u00e9habiliter avec succ\u00e8s plus de <strong>120 sites<\/strong>, redonnant vie \u00e0 des espaces longtemps n\u00e9glig\u00e9s.<\/p><p>Parce qu\u2019en r\u00e9habilitant la terre, nous r\u00e9habilitons aussi l\u2019avenir.<\/p>\t\t\t\t\t\t\t\t<\/div>\n\t\t\t\t<\/div>\n\t\t\t\t\t<\/div>\n\t\t\t\t<\/div>\n\t\t<div class=\"elementor-element elementor-element-e6ad645 e-flex e-con-boxed wpr-jarallax-no wpr-parallax-no wpr-sticky-section-no elementor-invisible e-con e-child\" data-id=\"e6ad645\" data-element_type=\"container\" data-settings=\"{&quot;animation&quot;:&quot;fadeIn&quot;,&quot;animation_mobile&quot;:&quot;fadeIn&quot;}\">\n\t\t\t\t\t<div class=\"e-con-inner\">\n\t\t\t\t<div class=\"elementor-element elementor-element-df200bb elementor-invisible elementor-widget elementor-widget-image\" data-id=\"df200bb\" data-element_type=\"widget\" data-settings=\"{&quot;_animation&quot;:&quot;fadeIn&quot;,&quot;_animation_mobile&quot;:&quot;none&quot;}\" data-widget_type=\"image.default\">\n\t\t\t\t<div class=\"elementor-widget-container\">\n\t\t\t\t\t\t\t\t\t\t\t\t\t\t\t<img decoding=\"async\" width=\"1200\" height=\"550\" src=\"https:\/\/geoambient.cat\/wp-content\/uploads\/2025\/06\/IMG_9682-rsz.jpg\" class=\"attachment-full size-full wp-image-6157\" alt=\"\" srcset=\"https:\/\/geoambient.cat\/wp-content\/uploads\/2025\/06\/IMG_9682-rsz.jpg 1200w, https:\/\/geoambient.cat\/wp-content\/uploads\/2025\/06\/IMG_9682-rsz-300x138.jpg 300w, https:\/\/geoambient.cat\/wp-content\/uploads\/2025\/06\/IMG_9682-rsz-1024x469.jpg 1024w, https:\/\/geoambient.cat\/wp-content\/uploads\/2025\/06\/IMG_9682-rsz-768x352.jpg 768w\" sizes=\"(max-width: 1200px) 100vw, 1200px\" \/>\t\t\t\t\t\t\t\t\t\t\t\t\t\t\t<\/div>\n\t\t\t\t<\/div>\n\t\t\t\t\t<\/div>\n\t\t\t\t<\/div>\n\t\t\t\t\t<\/div>\n\t\t\t\t<\/div>\n\t\t\t\t<\/div>\n\t\t","protected":false},"excerpt":{"rendered":"<p>R\u00e9habilitation de sites d\u00e9grad\u00e9s R\u00e9habiliter le pass\u00e9 pour construire un avenir durable Au cours des derni\u00e8res ann\u00e9es, le d\u00e9veloppement industriel a profond\u00e9ment marqu\u00e9 de nombreux territoires. De nombreux sites ont vu leur sous-sol se d\u00e9grader \u00e0 cause d\u2019activit\u00e9s historiques, compromettant ainsi leur valeur environnementale et leur potentiel d\u2019utilisation future. Dans ce contexte, GeoAmbient s\u2019engage r\u00e9solument en faveur du d\u00e9veloppement durable. Nous sommes un cabinet de conseil sp\u00e9cialis\u00e9 dans la r\u00e9habilitation des sols d\u00e9grad\u00e9s, avec pour objectif de leur redonner leur fonctionnalit\u00e9, tout en garantissant les normes les plus strictes en mati\u00e8re de qualit\u00e9, de s\u00e9curit\u00e9 et de conformit\u00e9 r\u00e9glementaire. Nous disposons de toutes les comp\u00e9tences techniques, ressources et savoir-faire humain n\u00e9cessaires pour mener \u00e0 bien ces projets avec efficacit\u00e9 et responsabilit\u00e9. De la caract\u00e9risation initiale \u00e0 l\u2019\u00e9tude historique, en passant par la d\u00e9contamination et jusqu\u2019\u00e0 la certification l\u00e9gale du terrain pour ses nouveaux usages, nous g\u00e9rons chaque \u00e9tape avec rigueur et engagement. Nous assurons \u00e9galement la communication avec les autorit\u00e9s comp\u00e9tentes afin que chaque action soit pleinement conforme \u00e0 la l\u00e9gislation en vigueur. Au-del\u00e0 des aspects techniques, chez GeoAmbient, nous sommes convaincus que le sous-sol est une ressource pr\u00e9cieuse et limit\u00e9e. Sa r\u00e9habilitation repr\u00e9sente une opportunit\u00e9 de concilier d\u00e9veloppement et respect de l\u2019environnement. C\u2019est pourquoi, depuis plus de 20 ans, nous d\u00e9veloppons des m\u00e9thodes innovantes et construisons des synergies solides qui nous ont permis de r\u00e9habiliter avec succ\u00e8s plus de 120 sites, redonnant vie \u00e0 des espaces longtemps n\u00e9glig\u00e9s. Parce qu\u2019en r\u00e9habilitant la terre, nous r\u00e9habilitons aussi l\u2019avenir.<\/p>\n","protected":false},"author":1,"featured_media":2642,"parent":0,"menu_order":0,"comment_status":"closed","ping_status":"closed","template":"elementor_canvas","meta":{"footnotes":""},"class_list":["post-6765","page","type-page","status-publish","has-post-thumbnail","hentry"],"acf":[],"_links":{"self":[{"href":"https:\/\/geoambient.cat\/fr\/wp-json\/wp\/v2\/pages\/6765","targetHints":{"allow":["GET"]}}],"collection":[{"href":"https:\/\/geoambient.cat\/fr\/wp-json\/wp\/v2\/pages"}],"about":[{"href":"https:\/\/geoambient.cat\/fr\/wp-json\/wp\/v2\/types\/page"}],"author":[{"embeddable":true,"href":"https:\/\/geoambient.cat\/fr\/wp-json\/wp\/v2\/users\/1"}],"replies":[{"embeddable":true,"href":"https:\/\/geoambient.cat\/fr\/wp-json\/wp\/v2\/comments?post=6765"}],"version-history":[{"count":7,"href":"https:\/\/geoambient.cat\/fr\/wp-json\/wp\/v2\/pages\/6765\/revisions"}],"predecessor-version":[{"id":7842,"href":"https:\/\/geoambient.cat\/fr\/wp-json\/wp\/v2\/pages\/6765\/revisions\/7842"}],"wp:featuredmedia":[{"embeddable":true,"href":"https:\/\/geoambient.cat\/fr\/wp-json\/wp\/v2\/media\/2642"}],"wp:attachment":[{"href":"https:\/\/geoambient.cat\/fr\/wp-json\/wp\/v2\/media?parent=6765"}],"curies":[{"name":"wp","href":"https:\/\/api.w.org\/{rel}","templated":true}]}}