{"id":6744,"date":"2025-07-21T19:38:00","date_gmt":"2025-07-21T19:38:00","guid":{"rendered":"https:\/\/geoambient.cat\/?page_id=6744"},"modified":"2025-08-04T16:27:52","modified_gmt":"2025-08-04T16:27:52","slug":"essais-pilotes","status":"publish","type":"page","link":"https:\/\/geoambient.cat\/fr\/essais-pilotes\/","title":{"rendered":"Essais pilotes"},"content":{"rendered":"\t\t<div data-elementor-type=\"wp-page\" data-elementor-id=\"6744\" class=\"elementor elementor-6744\">\n\t\t\t\t<div class=\"elementor-element elementor-element-d8a65de sld e-flex e-con-boxed wpr-jarallax-no wpr-parallax-no wpr-sticky-section-no e-con e-parent\" data-id=\"d8a65de\" data-element_type=\"container\" id=\"sld\" data-settings=\"{&quot;background_background&quot;:&quot;video&quot;,&quot;background_play_on_mobile&quot;:&quot;yes&quot;,&quot;background_video_link&quot;:&quot;\\\/wp-content\\\/themes\\\/geoambient-kit-child\\\/Videos\\\/used\\\/Pruebas_Piloto.mp4&quot;}\">\n\t\t\t\t\t<div class=\"e-con-inner\">\n\t\t<div class=\"elementor-background-video-container\" aria-hidden=\"true\">\n\t\t\t\t\t\t\t<video class=\"elementor-background-video-hosted\" autoplay muted playsinline loop><\/video>\n\t\t\t\t\t<\/div>\t\t<div class=\"elementor-element elementor-element-1b201e4 elementor-invisible elementor-widget elementor-widget-heading\" data-id=\"1b201e4\" data-element_type=\"widget\" data-settings=\"{&quot;_animation&quot;:&quot;fadeIn&quot;}\" data-widget_type=\"heading.default\">\n\t\t\t\t<div class=\"elementor-widget-container\">\n\t\t\t\t\t<h1 class=\"elementor-heading-title elementor-size-default\">Essais pilotes<\/h1>\t\t\t\t<\/div>\n\t\t\t\t<\/div>\n\t\t\t\t\t<\/div>\n\t\t\t\t<\/div>\n\t\t<div class=\"elementor-element elementor-element-16c7546 e-flex e-con-boxed wpr-jarallax-no wpr-parallax-no wpr-sticky-section-no e-con e-parent\" data-id=\"16c7546\" data-element_type=\"container\">\n\t\t\t\t\t<div class=\"e-con-inner\">\n\t\t<div class=\"elementor-element elementor-element-568e15c e-flex e-con-boxed wpr-jarallax-no wpr-parallax-no wpr-sticky-section-no elementor-invisible e-con e-child\" data-id=\"568e15c\" data-element_type=\"container\" data-settings=\"{&quot;animation&quot;:&quot;fadeIn&quot;,&quot;animation_mobile&quot;:&quot;fadeIn&quot;}\">\n\t\t\t\t\t<div class=\"e-con-inner\">\n\t\t\t\t<div class=\"elementor-element elementor-element-1f59efd elementor-invisible elementor-widget elementor-widget-image\" data-id=\"1f59efd\" data-element_type=\"widget\" data-settings=\"{&quot;_animation&quot;:&quot;fadeIn&quot;,&quot;_animation_mobile&quot;:&quot;none&quot;}\" data-widget_type=\"image.default\">\n\t\t\t\t<div class=\"elementor-widget-container\">\n\t\t\t\t\t\t\t\t\t\t\t\t\t\t\t<img fetchpriority=\"high\" decoding=\"async\" width=\"1200\" height=\"900\" src=\"https:\/\/geoambient.cat\/wp-content\/uploads\/2025\/06\/3-rsz.jpg\" class=\"attachment-full size-full wp-image-6144\" alt=\"\" srcset=\"https:\/\/geoambient.cat\/wp-content\/uploads\/2025\/06\/3-rsz.jpg 1200w, https:\/\/geoambient.cat\/wp-content\/uploads\/2025\/06\/3-rsz-300x225.jpg 300w, https:\/\/geoambient.cat\/wp-content\/uploads\/2025\/06\/3-rsz-1024x768.jpg 1024w, https:\/\/geoambient.cat\/wp-content\/uploads\/2025\/06\/3-rsz-768x576.jpg 768w\" sizes=\"(max-width: 1200px) 100vw, 1200px\" \/>\t\t\t\t\t\t\t\t\t\t\t\t\t\t\t<\/div>\n\t\t\t\t<\/div>\n\t\t\t\t\t<\/div>\n\t\t\t\t<\/div>\n\t\t<div class=\"elementor-element elementor-element-24b18e7 e-flex e-con-boxed wpr-jarallax-no wpr-parallax-no wpr-sticky-section-no elementor-invisible e-con e-child\" data-id=\"24b18e7\" data-element_type=\"container\" data-settings=\"{&quot;animation&quot;:&quot;fadeIn&quot;,&quot;animation_mobile&quot;:&quot;fadeIn&quot;}\">\n\t\t\t\t\t<div class=\"e-con-inner\">\n\t\t\t\t<div class=\"elementor-element elementor-element-916f6ca elementor-widget elementor-widget-heading\" data-id=\"916f6ca\" data-element_type=\"widget\" data-widget_type=\"heading.default\">\n\t\t\t\t<div class=\"elementor-widget-container\">\n\t\t\t\t\t<h2 class=\"elementor-heading-title elementor-size-default\">La valeur des essais pilotes<\/h2>\t\t\t\t<\/div>\n\t\t\t\t<\/div>\n\t\t\t\t<div class=\"elementor-element elementor-element-8bd8cc5 elementor-widget elementor-widget-heading\" data-id=\"8bd8cc5\" data-element_type=\"widget\" data-widget_type=\"heading.default\">\n\t\t\t\t<div class=\"elementor-widget-container\">\n\t\t\t\t\t<h3 class=\"elementor-heading-title elementor-size-default\">Pr\u00e9cision pour une d\u00e9contamination efficace<\/h3>\t\t\t\t<\/div>\n\t\t\t\t<\/div>\n\t\t\t\t<div class=\"elementor-element elementor-element-088c068 elementor-widget elementor-widget-text-editor\" data-id=\"088c068\" data-element_type=\"widget\" data-widget_type=\"text-editor.default\">\n\t\t\t\t<div class=\"elementor-widget-container\">\n\t\t\t\t\t\t\t\t\t<p>Dans les projets de r\u00e9habilitation du sous-sol, concevoir des solutions efficaces ne peut se baser sur des estimations g\u00e9n\u00e9riques. Chaque site pr\u00e9sente des conditions uniques, tant par la nature des contaminants que par les caract\u00e9ristiques g\u00e9ologiques de son environnement. C\u2019est pourquoi, chez <strong>GeoAmbient<\/strong>, nous d\u00e9fendons avec conviction la <strong>r\u00e9alisation d\u2019essais pilotes comme \u00e9tape essentielle<\/strong> pour dimensionner correctement toute strat\u00e9gie de d\u00e9contamination. Ces essais permettent de valider <em>sur le<\/em> terrain la faisabilit\u00e9 technique des solutions propos\u00e9es, d\u2019ajuster les param\u00e8tres critiques et d\u2019optimiser les ressources avant une mise en \u0153uvre \u00e0 grande \u00e9chelle.<\/p>\t\t\t\t\t\t\t\t<\/div>\n\t\t\t\t<\/div>\n\t\t\t\t\t<\/div>\n\t\t\t\t<\/div>\n\t\t\t\t\t<\/div>\n\t\t\t\t<\/div>\n\t\t<div class=\"elementor-element elementor-element-899a5bf e-flex e-con-boxed wpr-jarallax-no wpr-parallax-no wpr-sticky-section-no e-con e-parent\" data-id=\"899a5bf\" data-element_type=\"container\">\n\t\t\t\t\t<div class=\"e-con-inner\">\n\t\t<div class=\"elementor-element elementor-element-957d7fc e-flex e-con-boxed wpr-jarallax-no wpr-parallax-no wpr-sticky-section-no elementor-invisible e-con e-child\" data-id=\"957d7fc\" data-element_type=\"container\" data-settings=\"{&quot;animation&quot;:&quot;fadeIn&quot;,&quot;animation_mobile&quot;:&quot;fadeIn&quot;}\">\n\t\t\t\t\t<div class=\"e-con-inner\">\n\t\t\t\t<div class=\"elementor-element elementor-element-cd355e2 elementor-widget elementor-widget-text-editor\" data-id=\"cd355e2\" data-element_type=\"widget\" data-widget_type=\"text-editor.default\">\n\t\t\t\t<div class=\"elementor-widget-container\">\n\t\t\t\t\t\t\t\t\t<p>Gr\u00e2ce \u00e0 nos <strong>capacit\u00e9s techniques \u00e9lev\u00e9es, notre expertise multidisciplinaire et notre \u00e9quipement sp\u00e9cialis\u00e9<\/strong>, <strong>GeoAmbient<\/strong> d\u00e9veloppe des essais pilotes qui respectent les normes de qualit\u00e9 les plus exigeantes, tout en r\u00e9duisant les <strong>incertitudes et en maximisant les r\u00e9sultats<\/strong>. Cette m\u00e9thode garantit une approche rigoureuse, adapt\u00e9e \u00e0 chaque cas, et nous permet de proposer \u00e0 nos clients des projets techniquement solides, \u00e9conomiquement viables et durables \u00e0 long terme.<\/p>\t\t\t\t\t\t\t\t<\/div>\n\t\t\t\t<\/div>\n\t\t\t\t\t<\/div>\n\t\t\t\t<\/div>\n\t\t<div class=\"elementor-element elementor-element-e6ad645 e-flex e-con-boxed wpr-jarallax-no wpr-parallax-no wpr-sticky-section-no elementor-invisible e-con e-child\" data-id=\"e6ad645\" data-element_type=\"container\" data-settings=\"{&quot;animation&quot;:&quot;fadeIn&quot;,&quot;animation_mobile&quot;:&quot;fadeIn&quot;}\">\n\t\t\t\t\t<div class=\"e-con-inner\">\n\t\t\t\t<div class=\"elementor-element elementor-element-df200bb elementor-invisible elementor-widget elementor-widget-image\" data-id=\"df200bb\" data-element_type=\"widget\" data-settings=\"{&quot;_animation&quot;:&quot;fadeIn&quot;,&quot;_animation_mobile&quot;:&quot;none&quot;}\" data-widget_type=\"image.default\">\n\t\t\t\t<div class=\"elementor-widget-container\">\n\t\t\t\t\t\t\t\t\t\t\t\t\t\t\t<img decoding=\"async\" width=\"1200\" height=\"900\" src=\"https:\/\/geoambient.cat\/wp-content\/uploads\/2025\/06\/IMG_9003-1.jpg\" class=\"attachment-full size-full wp-image-6149\" alt=\"\" srcset=\"https:\/\/geoambient.cat\/wp-content\/uploads\/2025\/06\/IMG_9003-1.jpg 1200w, https:\/\/geoambient.cat\/wp-content\/uploads\/2025\/06\/IMG_9003-1-300x225.jpg 300w, https:\/\/geoambient.cat\/wp-content\/uploads\/2025\/06\/IMG_9003-1-1024x768.jpg 1024w, https:\/\/geoambient.cat\/wp-content\/uploads\/2025\/06\/IMG_9003-1-768x576.jpg 768w\" sizes=\"(max-width: 1200px) 100vw, 1200px\" \/>\t\t\t\t\t\t\t\t\t\t\t\t\t\t\t<\/div>\n\t\t\t\t<\/div>\n\t\t\t\t\t<\/div>\n\t\t\t\t<\/div>\n\t\t\t\t\t<\/div>\n\t\t\t\t<\/div>\n\t\t\t\t<\/div>\n\t\t","protected":false},"excerpt":{"rendered":"<p>Essais pilotes La valeur des essais pilotes Pr\u00e9cision pour une d\u00e9contamination efficace Dans les projets de r\u00e9habilitation du sous-sol, concevoir des solutions efficaces ne peut se baser sur des estimations g\u00e9n\u00e9riques. Chaque site pr\u00e9sente des conditions uniques, tant par la nature des contaminants que par les caract\u00e9ristiques g\u00e9ologiques de son environnement. C\u2019est pourquoi, chez GeoAmbient, nous d\u00e9fendons avec conviction la r\u00e9alisation d\u2019essais pilotes comme \u00e9tape essentielle pour dimensionner correctement toute strat\u00e9gie de d\u00e9contamination. Ces essais permettent de valider sur le terrain la faisabilit\u00e9 technique des solutions propos\u00e9es, d\u2019ajuster les param\u00e8tres critiques et d\u2019optimiser les ressources avant une mise en \u0153uvre \u00e0 grande \u00e9chelle. Gr\u00e2ce \u00e0 nos capacit\u00e9s techniques \u00e9lev\u00e9es, notre expertise multidisciplinaire et notre \u00e9quipement sp\u00e9cialis\u00e9, GeoAmbient d\u00e9veloppe des essais pilotes qui respectent les normes de qualit\u00e9 les plus exigeantes, tout en r\u00e9duisant les incertitudes et en maximisant les r\u00e9sultats. Cette m\u00e9thode garantit une approche rigoureuse, adapt\u00e9e \u00e0 chaque cas, et nous permet de proposer \u00e0 nos clients des projets techniquement solides, \u00e9conomiquement viables et durables \u00e0 long terme.<\/p>\n","protected":false},"author":1,"featured_media":2558,"parent":0,"menu_order":0,"comment_status":"closed","ping_status":"closed","template":"elementor_canvas","meta":{"footnotes":""},"class_list":["post-6744","page","type-page","status-publish","has-post-thumbnail","hentry"],"acf":[],"_links":{"self":[{"href":"https:\/\/geoambient.cat\/fr\/wp-json\/wp\/v2\/pages\/6744","targetHints":{"allow":["GET"]}}],"collection":[{"href":"https:\/\/geoambient.cat\/fr\/wp-json\/wp\/v2\/pages"}],"about":[{"href":"https:\/\/geoambient.cat\/fr\/wp-json\/wp\/v2\/types\/page"}],"author":[{"embeddable":true,"href":"https:\/\/geoambient.cat\/fr\/wp-json\/wp\/v2\/users\/1"}],"replies":[{"embeddable":true,"href":"https:\/\/geoambient.cat\/fr\/wp-json\/wp\/v2\/comments?post=6744"}],"version-history":[{"count":7,"href":"https:\/\/geoambient.cat\/fr\/wp-json\/wp\/v2\/pages\/6744\/revisions"}],"predecessor-version":[{"id":7818,"href":"https:\/\/geoambient.cat\/fr\/wp-json\/wp\/v2\/pages\/6744\/revisions\/7818"}],"wp:featuredmedia":[{"embeddable":true,"href":"https:\/\/geoambient.cat\/fr\/wp-json\/wp\/v2\/media\/2558"}],"wp:attachment":[{"href":"https:\/\/geoambient.cat\/fr\/wp-json\/wp\/v2\/media?parent=6744"}],"curies":[{"name":"wp","href":"https:\/\/api.w.org\/{rel}","templated":true}]}}