{"id":6725,"date":"2025-07-21T18:31:27","date_gmt":"2025-07-21T18:31:27","guid":{"rendered":"https:\/\/geoambient.cat\/?page_id=6725"},"modified":"2025-08-04T16:16:03","modified_gmt":"2025-08-04T16:16:03","slug":"decontaminer","status":"publish","type":"page","link":"https:\/\/geoambient.cat\/fr\/decontaminer\/","title":{"rendered":"D\u00e9contaminer"},"content":{"rendered":"\t\t<div data-elementor-type=\"wp-page\" data-elementor-id=\"6725\" class=\"elementor elementor-6725\">\n\t\t\t\t<div class=\"elementor-element elementor-element-d8a65de sld e-flex e-con-boxed wpr-jarallax-no wpr-parallax-no wpr-sticky-section-no e-con e-parent\" data-id=\"d8a65de\" data-element_type=\"container\" id=\"sld\" data-settings=\"{&quot;background_background&quot;:&quot;video&quot;,&quot;background_play_on_mobile&quot;:&quot;yes&quot;,&quot;background_video_link&quot;:&quot;\\\/wp-content\\\/themes\\\/geoambient-kit-child\\\/Videos\\\/used\\\/DESCONTAMINACION.mp4&quot;}\">\n\t\t\t\t\t<div class=\"e-con-inner\">\n\t\t<div class=\"elementor-background-video-container\" aria-hidden=\"true\">\n\t\t\t\t\t\t\t<video class=\"elementor-background-video-hosted\" autoplay muted playsinline loop><\/video>\n\t\t\t\t\t<\/div>\t\t<div class=\"elementor-element elementor-element-1b201e4 elementor-invisible elementor-widget elementor-widget-heading\" data-id=\"1b201e4\" data-element_type=\"widget\" data-settings=\"{&quot;_animation&quot;:&quot;fadeIn&quot;}\" data-widget_type=\"heading.default\">\n\t\t\t\t<div class=\"elementor-widget-container\">\n\t\t\t\t\t<h1 class=\"elementor-heading-title elementor-size-default\">D\u00e9contaminer<\/h1>\t\t\t\t<\/div>\n\t\t\t\t<\/div>\n\t\t\t\t\t<\/div>\n\t\t\t\t<\/div>\n\t\t<div class=\"elementor-element elementor-element-16c7546 e-flex e-con-boxed wpr-jarallax-no wpr-parallax-no wpr-sticky-section-no e-con e-parent\" data-id=\"16c7546\" data-element_type=\"container\">\n\t\t\t\t\t<div class=\"e-con-inner\">\n\t\t<div class=\"elementor-element elementor-element-568e15c e-flex e-con-boxed wpr-jarallax-no wpr-parallax-no wpr-sticky-section-no elementor-invisible e-con e-child\" data-id=\"568e15c\" data-element_type=\"container\" data-settings=\"{&quot;animation&quot;:&quot;fadeIn&quot;,&quot;animation_mobile&quot;:&quot;fadeIn&quot;}\">\n\t\t\t\t\t<div class=\"e-con-inner\">\n\t\t\t\t<div class=\"elementor-element elementor-element-1f59efd elementor-invisible elementor-widget elementor-widget-image\" data-id=\"1f59efd\" data-element_type=\"widget\" data-settings=\"{&quot;_animation&quot;:&quot;fadeIn&quot;,&quot;_animation_mobile&quot;:&quot;none&quot;}\" data-widget_type=\"image.default\">\n\t\t\t\t<div class=\"elementor-widget-container\">\n\t\t\t\t\t\t\t\t\t\t\t\t\t\t\t<img fetchpriority=\"high\" decoding=\"async\" width=\"2016\" height=\"1512\" src=\"https:\/\/geoambient.cat\/wp-content\/uploads\/2025\/05\/Suelos_contaminados_-_descontaminacion-8.jpg\" class=\"attachment-full size-full wp-image-2600\" alt=\"\" srcset=\"https:\/\/geoambient.cat\/wp-content\/uploads\/2025\/05\/Suelos_contaminados_-_descontaminacion-8.jpg 2016w, https:\/\/geoambient.cat\/wp-content\/uploads\/2025\/05\/Suelos_contaminados_-_descontaminacion-8-300x225.jpg 300w, https:\/\/geoambient.cat\/wp-content\/uploads\/2025\/05\/Suelos_contaminados_-_descontaminacion-8-1024x768.jpg 1024w, https:\/\/geoambient.cat\/wp-content\/uploads\/2025\/05\/Suelos_contaminados_-_descontaminacion-8-768x576.jpg 768w, https:\/\/geoambient.cat\/wp-content\/uploads\/2025\/05\/Suelos_contaminados_-_descontaminacion-8-1536x1152.jpg 1536w\" sizes=\"(max-width: 2016px) 100vw, 2016px\" \/>\t\t\t\t\t\t\t\t\t\t\t\t\t\t\t<\/div>\n\t\t\t\t<\/div>\n\t\t\t\t\t<\/div>\n\t\t\t\t<\/div>\n\t\t<div class=\"elementor-element elementor-element-24b18e7 e-flex e-con-boxed wpr-jarallax-no wpr-parallax-no wpr-sticky-section-no elementor-invisible e-con e-child\" data-id=\"24b18e7\" data-element_type=\"container\" data-settings=\"{&quot;animation&quot;:&quot;fadeIn&quot;,&quot;animation_mobile&quot;:&quot;fadeIn&quot;}\">\n\t\t\t\t\t<div class=\"e-con-inner\">\n\t\t\t\t<div class=\"elementor-element elementor-element-916f6ca elementor-widget elementor-widget-heading\" data-id=\"916f6ca\" data-element_type=\"widget\" data-widget_type=\"heading.default\">\n\t\t\t\t<div class=\"elementor-widget-container\">\n\t\t\t\t\t<h2 class=\"elementor-heading-title elementor-size-default\">D\u00e9contaminer, c'est investir dans le pr\u00e9sent et l'avenir <\/h2>\t\t\t\t<\/div>\n\t\t\t\t<\/div>\n\t\t\t\t<div class=\"elementor-element elementor-element-1e84e4b elementor-widget elementor-widget-text-editor\" data-id=\"1e84e4b\" data-element_type=\"widget\" data-widget_type=\"text-editor.default\">\n\t\t\t\t<div class=\"elementor-widget-container\">\n\t\t\t\t\t\t\t\t\t<p>La implantaci\u00f3 d&rsquo;activitats econ\u00f2miques en el territori que comportin la utilitzaci\u00f3 de productes\/mat\u00e8ries\/residus contaminants, implica sempre un risc de contaminaci\u00f3 del subsol.<\/p><p>Quan aquest risc es materialitza en forma d&rsquo;incidents d&rsquo;afecci\u00f3 al subsol, es requereixen actuacions per eliminar o mitigar l\u2019afecci\u00f3, i aix\u00ed evitar o minimitzar les potencials conseq\u00fc\u00e8ncies, ja siguin socials, econ\u00f2miques, ambientals, laborals&#8230; i a la vegada revaloritzar el sol afectat.\u00a0<\/p>\t\t\t\t\t\t\t\t<\/div>\n\t\t\t\t<\/div>\n\t\t\t\t\t<\/div>\n\t\t\t\t<\/div>\n\t\t\t\t\t<\/div>\n\t\t\t\t<\/div>\n\t\t<div class=\"elementor-element elementor-element-899a5bf e-flex e-con-boxed wpr-jarallax-no wpr-parallax-no wpr-sticky-section-no e-con e-parent\" data-id=\"899a5bf\" data-element_type=\"container\">\n\t\t\t\t\t<div class=\"e-con-inner\">\n\t\t<div class=\"elementor-element elementor-element-957d7fc e-flex e-con-boxed wpr-jarallax-no wpr-parallax-no wpr-sticky-section-no elementor-invisible e-con e-child\" data-id=\"957d7fc\" data-element_type=\"container\" data-settings=\"{&quot;animation&quot;:&quot;fadeIn&quot;,&quot;animation_mobile&quot;:&quot;fadeIn&quot;}\">\n\t\t\t\t\t<div class=\"e-con-inner\">\n\t\t\t\t<div class=\"elementor-element elementor-element-27be2d2 elementor-widget elementor-widget-text-editor\" data-id=\"27be2d2\" data-element_type=\"widget\" data-widget_type=\"text-editor.default\">\n\t\t\t\t<div class=\"elementor-widget-container\">\n\t\t\t\t\t\t\t\t\t<p>Dans ce contexte, <strong>GeoAmbient<\/strong> est une soci\u00e9t\u00e9 d&rsquo;ing\u00e9nierie sp\u00e9cialis\u00e9e dans les projets de d\u00e9contamination des sols depuis plus de 20 ans, concevant des syst\u00e8mes et appliquant les meilleures techniques d&rsquo;assainissement disponibles, dans le but de restaurer la qualit\u00e9 environnementale du sous-sol, garantissant les plus hauts standards de qualit\u00e9, de s\u00e9curit\u00e9 et de conformit\u00e9 \u00e0 la r\u00e9glementation.<\/p><p>Nous disposons d\u2019une \u00e9quipe hautement sp\u00e9cialis\u00e9e et de ressources techniques en mati\u00e8re d\u2019assainissement, ainsi que de l\u2019exp\u00e9rience n\u00e9cessaire pour aborder ce type de projets rapidement, efficacement et de mani\u00e8re responsable. Nous sommes toujours \u00e0 la pointe des nouvelles techniques d&rsquo;assainissement et sommes \u00e9galement innovants dans le d\u00e9veloppement de nouvelles m\u00e9thodologies dans les projets de <strong>R&amp;D&amp;i<\/strong> qui optimisent les processus de d\u00e9contamination.<\/p>\t\t\t\t\t\t\t\t<\/div>\n\t\t\t\t<\/div>\n\t\t\t\t\t<\/div>\n\t\t\t\t<\/div>\n\t\t<div class=\"elementor-element elementor-element-e6ad645 e-flex e-con-boxed wpr-jarallax-no wpr-parallax-no wpr-sticky-section-no elementor-invisible e-con e-child\" data-id=\"e6ad645\" data-element_type=\"container\" data-settings=\"{&quot;animation&quot;:&quot;fadeIn&quot;,&quot;animation_mobile&quot;:&quot;fadeIn&quot;}\">\n\t\t\t\t\t<div class=\"e-con-inner\">\n\t\t\t\t<div class=\"elementor-element elementor-element-df200bb elementor-invisible elementor-widget elementor-widget-image\" data-id=\"df200bb\" data-element_type=\"widget\" data-settings=\"{&quot;_animation&quot;:&quot;fadeIn&quot;,&quot;_animation_mobile&quot;:&quot;none&quot;}\" data-widget_type=\"image.default\">\n\t\t\t\t<div class=\"elementor-widget-container\">\n\t\t\t\t\t\t\t\t\t\t\t\t\t\t\t<img decoding=\"async\" width=\"1000\" height=\"750\" src=\"https:\/\/geoambient.cat\/wp-content\/uploads\/2025\/05\/Suelos_contaminados_-_descontaminacion-6.jpg\" class=\"attachment-full size-full wp-image-2592\" alt=\"\" srcset=\"https:\/\/geoambient.cat\/wp-content\/uploads\/2025\/05\/Suelos_contaminados_-_descontaminacion-6.jpg 1000w, https:\/\/geoambient.cat\/wp-content\/uploads\/2025\/05\/Suelos_contaminados_-_descontaminacion-6-300x225.jpg 300w, https:\/\/geoambient.cat\/wp-content\/uploads\/2025\/05\/Suelos_contaminados_-_descontaminacion-6-768x576.jpg 768w\" sizes=\"(max-width: 1000px) 100vw, 1000px\" \/>\t\t\t\t\t\t\t\t\t\t\t\t\t\t\t<\/div>\n\t\t\t\t<\/div>\n\t\t\t\t\t<\/div>\n\t\t\t\t<\/div>\n\t\t\t\t\t<\/div>\n\t\t\t\t<\/div>\n\t\t\t\t<\/div>\n\t\t","protected":false},"excerpt":{"rendered":"<p>D\u00e9contaminer D\u00e9contaminer, c&rsquo;est investir dans le pr\u00e9sent et l&rsquo;avenir La implantaci\u00f3 d&rsquo;activitats econ\u00f2miques en el territori que comportin la utilitzaci\u00f3 de productes\/mat\u00e8ries\/residus contaminants, implica sempre un risc de contaminaci\u00f3 del subsol. Quan aquest risc es materialitza en forma d&rsquo;incidents d&rsquo;afecci\u00f3 al subsol, es requereixen actuacions per eliminar o mitigar l\u2019afecci\u00f3, i aix\u00ed evitar o minimitzar les potencials conseq\u00fc\u00e8ncies, ja siguin socials, econ\u00f2miques, ambientals, laborals&#8230; i a la vegada revaloritzar el sol afectat.\u00a0 Dans ce contexte, GeoAmbient est une soci\u00e9t\u00e9 d&rsquo;ing\u00e9nierie sp\u00e9cialis\u00e9e dans les projets de d\u00e9contamination des sols depuis plus de 20 ans, concevant des syst\u00e8mes et appliquant les meilleures techniques d&rsquo;assainissement disponibles, dans le but de restaurer la qualit\u00e9 environnementale du sous-sol, garantissant les plus hauts standards de qualit\u00e9, de s\u00e9curit\u00e9 et de conformit\u00e9 \u00e0 la r\u00e9glementation. Nous disposons d\u2019une \u00e9quipe hautement sp\u00e9cialis\u00e9e et de ressources techniques en mati\u00e8re d\u2019assainissement, ainsi que de l\u2019exp\u00e9rience n\u00e9cessaire pour aborder ce type de projets rapidement, efficacement et de mani\u00e8re responsable. Nous sommes toujours \u00e0 la pointe des nouvelles techniques d&rsquo;assainissement et sommes \u00e9galement innovants dans le d\u00e9veloppement de nouvelles m\u00e9thodologies dans les projets de R&amp;D&amp;i qui optimisent les processus de d\u00e9contamination.<\/p>\n","protected":false},"author":1,"featured_media":2590,"parent":0,"menu_order":0,"comment_status":"closed","ping_status":"closed","template":"elementor_canvas","meta":{"footnotes":""},"class_list":["post-6725","page","type-page","status-publish","has-post-thumbnail","hentry"],"acf":[],"_links":{"self":[{"href":"https:\/\/geoambient.cat\/fr\/wp-json\/wp\/v2\/pages\/6725","targetHints":{"allow":["GET"]}}],"collection":[{"href":"https:\/\/geoambient.cat\/fr\/wp-json\/wp\/v2\/pages"}],"about":[{"href":"https:\/\/geoambient.cat\/fr\/wp-json\/wp\/v2\/types\/page"}],"author":[{"embeddable":true,"href":"https:\/\/geoambient.cat\/fr\/wp-json\/wp\/v2\/users\/1"}],"replies":[{"embeddable":true,"href":"https:\/\/geoambient.cat\/fr\/wp-json\/wp\/v2\/comments?post=6725"}],"version-history":[{"count":7,"href":"https:\/\/geoambient.cat\/fr\/wp-json\/wp\/v2\/pages\/6725\/revisions"}],"predecessor-version":[{"id":7805,"href":"https:\/\/geoambient.cat\/fr\/wp-json\/wp\/v2\/pages\/6725\/revisions\/7805"}],"wp:featuredmedia":[{"embeddable":true,"href":"https:\/\/geoambient.cat\/fr\/wp-json\/wp\/v2\/media\/2590"}],"wp:attachment":[{"href":"https:\/\/geoambient.cat\/fr\/wp-json\/wp\/v2\/media?parent=6725"}],"curies":[{"name":"wp","href":"https:\/\/api.w.org\/{rel}","templated":true}]}}