{"id":6695,"date":"2025-07-21T09:19:24","date_gmt":"2025-07-21T09:19:24","guid":{"rendered":"https:\/\/geoambient.cat\/?page_id=6695"},"modified":"2025-08-04T16:13:48","modified_gmt":"2025-08-04T16:13:48","slug":"analyse-quantitative-des-risques","status":"publish","type":"page","link":"https:\/\/geoambient.cat\/fr\/analyse-quantitative-des-risques\/","title":{"rendered":"Analyse quantitative des risques"},"content":{"rendered":"\t\t<div data-elementor-type=\"wp-page\" data-elementor-id=\"6695\" class=\"elementor elementor-6695 elementor-6703\">\n\t\t\t\t<div class=\"elementor-element elementor-element-d8a65de sld e-flex e-con-boxed wpr-jarallax-no wpr-parallax-no wpr-sticky-section-no e-con e-parent\" data-id=\"d8a65de\" data-element_type=\"container\" id=\"sld\" data-settings=\"{&quot;background_background&quot;:&quot;video&quot;,&quot;background_play_on_mobile&quot;:&quot;yes&quot;,&quot;background_video_link&quot;:&quot;\\\/wp-content\\\/themes\\\/geoambient-kit-child\\\/Videos\\\/used\\\/ACR.mp4&quot;}\">\n\t\t\t\t\t<div class=\"e-con-inner\">\n\t\t<div class=\"elementor-background-video-container\" aria-hidden=\"true\">\n\t\t\t\t\t\t\t<video class=\"elementor-background-video-hosted\" autoplay muted playsinline loop><\/video>\n\t\t\t\t\t<\/div>\t\t<div class=\"elementor-element elementor-element-1b201e4 elementor-invisible elementor-widget elementor-widget-heading\" data-id=\"1b201e4\" data-element_type=\"widget\" data-settings=\"{&quot;_animation&quot;:&quot;fadeIn&quot;}\" data-widget_type=\"heading.default\">\n\t\t\t\t<div class=\"elementor-widget-container\">\n\t\t\t\t\t<h1 class=\"elementor-heading-title elementor-size-default\">Analyse quantitative des risques<\/h1>\t\t\t\t<\/div>\n\t\t\t\t<\/div>\n\t\t\t\t\t<\/div>\n\t\t\t\t<\/div>\n\t\t<div class=\"elementor-element elementor-element-16c7546 e-flex e-con-boxed wpr-jarallax-no wpr-parallax-no wpr-sticky-section-no e-con e-parent\" data-id=\"16c7546\" data-element_type=\"container\">\n\t\t\t\t\t<div class=\"e-con-inner\">\n\t\t<div class=\"elementor-element elementor-element-568e15c e-flex e-con-boxed wpr-jarallax-no wpr-parallax-no wpr-sticky-section-no elementor-invisible e-con e-child\" data-id=\"568e15c\" data-element_type=\"container\" data-settings=\"{&quot;animation&quot;:&quot;fadeIn&quot;,&quot;animation_mobile&quot;:&quot;fadeIn&quot;}\">\n\t\t\t\t\t<div class=\"e-con-inner\">\n\t\t\t\t<div class=\"elementor-element elementor-element-1f59efd elementor-invisible elementor-widget elementor-widget-image\" data-id=\"1f59efd\" data-element_type=\"widget\" data-settings=\"{&quot;_animation&quot;:&quot;fadeIn&quot;,&quot;_animation_mobile&quot;:&quot;none&quot;}\" data-widget_type=\"image.default\">\n\t\t\t\t<div class=\"elementor-widget-container\">\n\t\t\t\t\t\t\t\t\t\t\t\t\t\t\t<img fetchpriority=\"high\" decoding=\"async\" width=\"1500\" height=\"2000\" src=\"https:\/\/geoambient.cat\/wp-content\/uploads\/2025\/05\/1664877574600.jpg\" class=\"attachment-full size-full wp-image-1853\" alt=\"\" srcset=\"https:\/\/geoambient.cat\/wp-content\/uploads\/2025\/05\/1664877574600.jpg 1500w, https:\/\/geoambient.cat\/wp-content\/uploads\/2025\/05\/1664877574600-225x300.jpg 225w, https:\/\/geoambient.cat\/wp-content\/uploads\/2025\/05\/1664877574600-768x1024.jpg 768w, https:\/\/geoambient.cat\/wp-content\/uploads\/2025\/05\/1664877574600-1152x1536.jpg 1152w\" sizes=\"(max-width: 1500px) 100vw, 1500px\" \/>\t\t\t\t\t\t\t\t\t\t\t\t\t\t\t<\/div>\n\t\t\t\t<\/div>\n\t\t\t\t\t<\/div>\n\t\t\t\t<\/div>\n\t\t<div class=\"elementor-element elementor-element-24b18e7 e-flex e-con-boxed wpr-jarallax-no wpr-parallax-no wpr-sticky-section-no elementor-invisible e-con e-child\" data-id=\"24b18e7\" data-element_type=\"container\" data-settings=\"{&quot;animation&quot;:&quot;fadeIn&quot;,&quot;animation_mobile&quot;:&quot;fadeIn&quot;}\">\n\t\t\t\t\t<div class=\"e-con-inner\">\n\t\t\t\t<div class=\"elementor-element elementor-element-772e628 elementor-widget elementor-widget-heading\" data-id=\"772e628\" data-element_type=\"widget\" data-widget_type=\"heading.default\">\n\t\t\t\t<div class=\"elementor-widget-container\">\n\t\t\t\t\t<h2 class=\"elementor-heading-title elementor-size-default\">En am\u00e9liorant la qualit\u00e9 de l\u2019environnement, nous prot\u00e9geons votre sant\u00e9.<\/h2>\t\t\t\t<\/div>\n\t\t\t\t<\/div>\n\t\t\t\t<div class=\"elementor-element elementor-element-1e84e4b elementor-widget elementor-widget-text-editor\" data-id=\"1e84e4b\" data-element_type=\"widget\" data-widget_type=\"text-editor.default\">\n\t\t\t\t<div class=\"elementor-widget-container\">\n\t\t\t\t\t\t\t\t\t<p>Chez <strong>GeoAmbient<\/strong>, nous disposons de plus de 20 ans d\u2019exp\u00e9rience dans la r\u00e9alisation d\u2019Analyses <strong>Quantitatives des Risques (AQR)<\/strong> \u2013 un outil essentiel pour \u00e9valuer les risques potentiels li\u00e9s \u00e0 l\u2019exposition \u00e0 des substances chimiques pr\u00e9sentes dans le sous-sol.<\/p><p>Notre objectif est de d\u00e9terminer comment ces contaminants peuvent affecter la sant\u00e9 humaine et les \u00e9cosyst\u00e8mes, et d\u2019\u00e9valuer si le risque est acceptable ou si une intervention est n\u00e9cessaire.<\/p>\t\t\t\t\t\t\t\t<\/div>\n\t\t\t\t<\/div>\n\t\t\t\t<div class=\"elementor-element elementor-element-214a64e elementor-widget elementor-widget-heading\" data-id=\"214a64e\" data-element_type=\"widget\" data-widget_type=\"heading.default\">\n\t\t\t\t<div class=\"elementor-widget-container\">\n\t\t\t\t\t<h3 class=\"elementor-heading-title elementor-size-default\">Pour cela, nous utilisons des mod\u00e9lisations sp\u00e9cifiques qui nous permettent d\u2019analyser: <\/h3>\t\t\t\t<\/div>\n\t\t\t\t<\/div>\n\t\t\t\t<div class=\"elementor-element elementor-element-cf81157 elementor-widget elementor-widget-text-editor\" data-id=\"cf81157\" data-element_type=\"widget\" data-widget_type=\"text-editor.default\">\n\t\t\t\t<div class=\"elementor-widget-container\">\n\t\t\t\t\t\t\t\t\t<ul><li>Les caract\u00e9ristiques du milieu<\/li><li>Les contaminants identifi\u00e9s<\/li><li>Les m\u00e9canismes de transport<\/li><li>Les r\u00e9cepteurs potentiels<\/li><li>Les voies d\u2019exposition<\/li><\/ul>\t\t\t\t\t\t\t\t<\/div>\n\t\t\t\t<\/div>\n\t\t\t\t\t<\/div>\n\t\t\t\t<\/div>\n\t\t\t\t\t<\/div>\n\t\t\t\t<\/div>\n\t\t<div class=\"elementor-element elementor-element-899a5bf e-flex e-con-boxed wpr-jarallax-no wpr-parallax-no wpr-sticky-section-no e-con e-parent\" data-id=\"899a5bf\" data-element_type=\"container\">\n\t\t\t\t\t<div class=\"e-con-inner\">\n\t\t<div class=\"elementor-element elementor-element-957d7fc e-flex e-con-boxed wpr-jarallax-no wpr-parallax-no wpr-sticky-section-no elementor-invisible e-con e-child\" data-id=\"957d7fc\" data-element_type=\"container\" data-settings=\"{&quot;animation&quot;:&quot;fadeIn&quot;,&quot;animation_mobile&quot;:&quot;fadeIn&quot;}\">\n\t\t\t\t\t<div class=\"e-con-inner\">\n\t\t\t\t<div class=\"elementor-element elementor-element-e619a3f elementor-widget elementor-widget-text-editor\" data-id=\"e619a3f\" data-element_type=\"widget\" data-widget_type=\"text-editor.default\">\n\t\t\t\t<div class=\"elementor-widget-container\">\n\t\t\t\t\t\t\t\t\t<p>Nous adoptons une approche s\u00e9quentielle, en commen\u00e7ant par des sc\u00e9narios g\u00e9n\u00e9raux que nous affinons progressivement pour correspondre aux sp\u00e9cificit\u00e9s de chaque site \u00e9tudi\u00e9.<\/p>\t\t\t\t\t\t\t\t<\/div>\n\t\t\t\t<\/div>\n\t\t\t\t<div class=\"elementor-element elementor-element-b40fc05 elementor-widget elementor-widget-heading\" data-id=\"b40fc05\" data-element_type=\"widget\" data-widget_type=\"heading.default\">\n\t\t\t\t<div class=\"elementor-widget-container\">\n\t\t\t\t\t<h3 class=\"elementor-heading-title elementor-size-default\">Gr\u00e2ce \u00e0 ce processus rigoureux, nous pouvons: <\/h3>\t\t\t\t<\/div>\n\t\t\t\t<\/div>\n\t\t\t\t<div class=\"elementor-element elementor-element-d771ee6 elementor-widget elementor-widget-text-editor\" data-id=\"d771ee6\" data-element_type=\"widget\" data-widget_type=\"text-editor.default\">\n\t\t\t\t<div class=\"elementor-widget-container\">\n\t\t\t\t\t\t\t\t\t<ul><li>\u00c9valuer si l\u2019exposition repr\u00e9sente un risque inacceptable pour la sant\u00e9<\/li><li>D\u00e9finir des objectifs de d\u00e9pollution si n\u00e9cessaire<\/li><li>Proposer des mesures correctives pour r\u00e9duire le risque \u00e0 des niveaux s\u00fbrs<\/li><\/ul>\t\t\t\t\t\t\t\t<\/div>\n\t\t\t\t<\/div>\n\t\t\t\t<div class=\"elementor-element elementor-element-99d8c6f elementor-widget elementor-widget-text-editor\" data-id=\"99d8c6f\" data-element_type=\"widget\" data-widget_type=\"text-editor.default\">\n\t\t\t\t<div class=\"elementor-widget-container\">\n\t\t\t\t\t\t\t\t\t<p>Faites confiance \u00e0 <strong>GeoAmbient<\/strong> pour \u00e9valuer avec pr\u00e9cision les risques environnementaux et prot\u00e9ger la sant\u00e9 des personnes et de l\u2019environnement.<\/p>\t\t\t\t\t\t\t\t<\/div>\n\t\t\t\t<\/div>\n\t\t\t\t\t<\/div>\n\t\t\t\t<\/div>\n\t\t<div class=\"elementor-element elementor-element-e6ad645 e-flex e-con-boxed wpr-jarallax-no wpr-parallax-no wpr-sticky-section-no elementor-invisible e-con e-child\" data-id=\"e6ad645\" data-element_type=\"container\" data-settings=\"{&quot;animation&quot;:&quot;fadeIn&quot;,&quot;animation_mobile&quot;:&quot;fadeIn&quot;}\">\n\t\t\t\t\t<div class=\"e-con-inner\">\n\t\t\t\t<div class=\"elementor-element elementor-element-df200bb elementor-invisible elementor-widget elementor-widget-image\" data-id=\"df200bb\" data-element_type=\"widget\" data-settings=\"{&quot;_animation&quot;:&quot;fadeIn&quot;,&quot;_animation_mobile&quot;:&quot;none&quot;}\" data-widget_type=\"image.default\">\n\t\t\t\t<div class=\"elementor-widget-container\">\n\t\t\t\t\t\t\t\t\t\t\t\t\t\t\t<img decoding=\"async\" width=\"1000\" height=\"750\" src=\"https:\/\/geoambient.cat\/wp-content\/uploads\/2025\/05\/Suelos_contaminados-1560-montornes-3.jpg\" class=\"attachment-full size-full wp-image-2760\" alt=\"\" srcset=\"https:\/\/geoambient.cat\/wp-content\/uploads\/2025\/05\/Suelos_contaminados-1560-montornes-3.jpg 1000w, https:\/\/geoambient.cat\/wp-content\/uploads\/2025\/05\/Suelos_contaminados-1560-montornes-3-300x225.jpg 300w, https:\/\/geoambient.cat\/wp-content\/uploads\/2025\/05\/Suelos_contaminados-1560-montornes-3-768x576.jpg 768w\" sizes=\"(max-width: 1000px) 100vw, 1000px\" \/>\t\t\t\t\t\t\t\t\t\t\t\t\t\t\t<\/div>\n\t\t\t\t<\/div>\n\t\t\t\t\t<\/div>\n\t\t\t\t<\/div>\n\t\t\t\t\t<\/div>\n\t\t\t\t<\/div>\n\t\t\t\t<\/div>\n\t\t","protected":false},"excerpt":{"rendered":"<p>Analyse quantitative des risques En am\u00e9liorant la qualit\u00e9 de l\u2019environnement, nous prot\u00e9geons votre sant\u00e9. Chez GeoAmbient, nous disposons de plus de 20 ans d\u2019exp\u00e9rience dans la r\u00e9alisation d\u2019Analyses Quantitatives des Risques (AQR) \u2013 un outil essentiel pour \u00e9valuer les risques potentiels li\u00e9s \u00e0 l\u2019exposition \u00e0 des substances chimiques pr\u00e9sentes dans le sous-sol. Notre objectif est de d\u00e9terminer comment ces contaminants peuvent affecter la sant\u00e9 humaine et les \u00e9cosyst\u00e8mes, et d\u2019\u00e9valuer si le risque est acceptable ou si une intervention est n\u00e9cessaire. Pour cela, nous utilisons des mod\u00e9lisations sp\u00e9cifiques qui nous permettent d\u2019analyser: Les caract\u00e9ristiques du milieu Les contaminants identifi\u00e9s Les m\u00e9canismes de transport Les r\u00e9cepteurs potentiels Les voies d\u2019exposition Nous adoptons une approche s\u00e9quentielle, en commen\u00e7ant par des sc\u00e9narios g\u00e9n\u00e9raux que nous affinons progressivement pour correspondre aux sp\u00e9cificit\u00e9s de chaque site \u00e9tudi\u00e9. Gr\u00e2ce \u00e0 ce processus rigoureux, nous pouvons: \u00c9valuer si l\u2019exposition repr\u00e9sente un risque inacceptable pour la sant\u00e9 D\u00e9finir des objectifs de d\u00e9pollution si n\u00e9cessaire Proposer des mesures correctives pour r\u00e9duire le risque \u00e0 des niveaux s\u00fbrs Faites confiance \u00e0 GeoAmbient pour \u00e9valuer avec pr\u00e9cision les risques environnementaux et prot\u00e9ger la sant\u00e9 des personnes et de l\u2019environnement.<\/p>\n","protected":false},"author":1,"featured_media":2754,"parent":0,"menu_order":0,"comment_status":"closed","ping_status":"closed","template":"elementor_canvas","meta":{"footnotes":""},"class_list":["post-6695","page","type-page","status-publish","has-post-thumbnail","hentry"],"acf":[],"_links":{"self":[{"href":"https:\/\/geoambient.cat\/fr\/wp-json\/wp\/v2\/pages\/6695","targetHints":{"allow":["GET"]}}],"collection":[{"href":"https:\/\/geoambient.cat\/fr\/wp-json\/wp\/v2\/pages"}],"about":[{"href":"https:\/\/geoambient.cat\/fr\/wp-json\/wp\/v2\/types\/page"}],"author":[{"embeddable":true,"href":"https:\/\/geoambient.cat\/fr\/wp-json\/wp\/v2\/users\/1"}],"replies":[{"embeddable":true,"href":"https:\/\/geoambient.cat\/fr\/wp-json\/wp\/v2\/comments?post=6695"}],"version-history":[{"count":7,"href":"https:\/\/geoambient.cat\/fr\/wp-json\/wp\/v2\/pages\/6695\/revisions"}],"predecessor-version":[{"id":7799,"href":"https:\/\/geoambient.cat\/fr\/wp-json\/wp\/v2\/pages\/6695\/revisions\/7799"}],"wp:featuredmedia":[{"embeddable":true,"href":"https:\/\/geoambient.cat\/fr\/wp-json\/wp\/v2\/media\/2754"}],"wp:attachment":[{"href":"https:\/\/geoambient.cat\/fr\/wp-json\/wp\/v2\/media?parent=6695"}],"curies":[{"name":"wp","href":"https:\/\/api.w.org\/{rel}","templated":true}]}}