{"id":6670,"date":"2025-07-21T07:25:08","date_gmt":"2025-07-21T07:25:08","guid":{"rendered":"https:\/\/geoambient.cat\/?page_id=6670"},"modified":"2025-08-04T16:38:36","modified_gmt":"2025-08-04T16:38:36","slug":"recherche","status":"publish","type":"page","link":"https:\/\/geoambient.cat\/fr\/recherche\/","title":{"rendered":"Recherche"},"content":{"rendered":"\t\t<div data-elementor-type=\"wp-page\" data-elementor-id=\"6670\" class=\"elementor elementor-6670\">\n\t\t\t\t<div class=\"elementor-element elementor-element-d8a65de sld e-flex e-con-boxed wpr-jarallax-no wpr-parallax-no wpr-sticky-section-no e-con e-parent\" data-id=\"d8a65de\" data-element_type=\"container\" id=\"sld\" data-settings=\"{&quot;background_background&quot;:&quot;video&quot;,&quot;background_play_on_mobile&quot;:&quot;yes&quot;,&quot;background_video_link&quot;:&quot;\\\/wp-content\\\/themes\\\/geoambient-kit-child\\\/Videos\\\/used\\\/Investigacion.mp4&quot;}\">\n\t\t\t\t\t<div class=\"e-con-inner\">\n\t\t<div class=\"elementor-background-video-container\" aria-hidden=\"true\">\n\t\t\t\t\t\t\t<video class=\"elementor-background-video-hosted\" autoplay muted playsinline loop><\/video>\n\t\t\t\t\t<\/div>\t\t<div class=\"elementor-element elementor-element-1b201e4 elementor-invisible elementor-widget elementor-widget-heading\" data-id=\"1b201e4\" data-element_type=\"widget\" data-settings=\"{&quot;_animation&quot;:&quot;fadeIn&quot;}\" data-widget_type=\"heading.default\">\n\t\t\t\t<div class=\"elementor-widget-container\">\n\t\t\t\t\t<h1 class=\"elementor-heading-title elementor-size-default\">Recherche<\/h1>\t\t\t\t<\/div>\n\t\t\t\t<\/div>\n\t\t\t\t\t<\/div>\n\t\t\t\t<\/div>\n\t\t<div class=\"elementor-element elementor-element-16c7546 e-flex e-con-boxed wpr-jarallax-no wpr-parallax-no wpr-sticky-section-no e-con e-parent\" data-id=\"16c7546\" data-element_type=\"container\">\n\t\t\t\t\t<div class=\"e-con-inner\">\n\t\t<div class=\"elementor-element elementor-element-568e15c e-flex e-con-boxed wpr-jarallax-no wpr-parallax-no wpr-sticky-section-no elementor-invisible e-con e-child\" data-id=\"568e15c\" data-element_type=\"container\" data-settings=\"{&quot;animation&quot;:&quot;fadeIn&quot;,&quot;animation_mobile&quot;:&quot;fadeIn&quot;}\">\n\t\t\t\t\t<div class=\"e-con-inner\">\n\t\t\t\t<div class=\"elementor-element elementor-element-1f59efd elementor-invisible elementor-widget elementor-widget-image\" data-id=\"1f59efd\" data-element_type=\"widget\" data-settings=\"{&quot;_animation&quot;:&quot;fadeIn&quot;,&quot;_animation_mobile&quot;:&quot;none&quot;}\" data-widget_type=\"image.default\">\n\t\t\t\t<div class=\"elementor-widget-container\">\n\t\t\t\t\t\t\t\t\t\t\t\t\t\t\t<img fetchpriority=\"high\" decoding=\"async\" width=\"1200\" height=\"900\" src=\"https:\/\/geoambient.cat\/wp-content\/uploads\/2025\/06\/10.-Castellbisbal-2017-rsz.jpg\" class=\"attachment-full size-full wp-image-6131\" alt=\"\" srcset=\"https:\/\/geoambient.cat\/wp-content\/uploads\/2025\/06\/10.-Castellbisbal-2017-rsz.jpg 1200w, https:\/\/geoambient.cat\/wp-content\/uploads\/2025\/06\/10.-Castellbisbal-2017-rsz-300x225.jpg 300w, https:\/\/geoambient.cat\/wp-content\/uploads\/2025\/06\/10.-Castellbisbal-2017-rsz-1024x768.jpg 1024w, https:\/\/geoambient.cat\/wp-content\/uploads\/2025\/06\/10.-Castellbisbal-2017-rsz-768x576.jpg 768w\" sizes=\"(max-width: 1200px) 100vw, 1200px\" \/>\t\t\t\t\t\t\t\t\t\t\t\t\t\t\t<\/div>\n\t\t\t\t<\/div>\n\t\t\t\t\t<\/div>\n\t\t\t\t<\/div>\n\t\t<div class=\"elementor-element elementor-element-24b18e7 e-flex e-con-boxed wpr-jarallax-no wpr-parallax-no wpr-sticky-section-no elementor-invisible e-con e-child\" data-id=\"24b18e7\" data-element_type=\"container\" data-settings=\"{&quot;animation&quot;:&quot;fadeIn&quot;,&quot;animation_mobile&quot;:&quot;fadeIn&quot;}\">\n\t\t\t\t\t<div class=\"e-con-inner\">\n\t\t\t\t<div class=\"elementor-element elementor-element-1e84e4b elementor-widget elementor-widget-text-editor\" data-id=\"1e84e4b\" data-element_type=\"widget\" data-widget_type=\"text-editor.default\">\n\t\t\t\t<div class=\"elementor-widget-container\">\n\t\t\t\t\t\t\t\t\t<p>L\u2019\u00e9tude de la qualit\u00e9 du sous-sol est un processus technique et scientifique qui permet d\u2019\u00e9valuer les conditions du sol dans une zone sp\u00e9cifique. Son objectif principal est d\u2019analyser la sant\u00e9 environnementale du sous-sol et de d\u00e9tecter d\u2019\u00e9ventuels contaminants pouvant affecter l\u2019environnement, la sant\u00e9 humaine ou les \u00e9cosyst\u00e8mes.<\/p><p>Chez <strong>GeoAmbient<\/strong>, nous sommes accr\u00e9dit\u00e9s pour r\u00e9aliser des \u00e9tudes compl\u00e8tes de la qualit\u00e9 du sous-sol et nous vous accompagnons tout au long du processus administratif.<\/p>\t\t\t\t\t\t\t\t<\/div>\n\t\t\t\t<\/div>\n\t\t\t\t\t<\/div>\n\t\t\t\t<\/div>\n\t\t\t\t\t<\/div>\n\t\t\t\t<\/div>\n\t\t<div class=\"elementor-element elementor-element-899a5bf e-flex e-con-boxed wpr-jarallax-no wpr-parallax-no wpr-sticky-section-no e-con e-parent\" data-id=\"899a5bf\" data-element_type=\"container\">\n\t\t\t\t\t<div class=\"e-con-inner\">\n\t\t<div class=\"elementor-element elementor-element-957d7fc e-flex e-con-boxed wpr-jarallax-no wpr-parallax-no wpr-sticky-section-no elementor-invisible e-con e-child\" data-id=\"957d7fc\" data-element_type=\"container\" data-settings=\"{&quot;animation&quot;:&quot;fadeIn&quot;,&quot;animation_mobile&quot;:&quot;fadeIn&quot;}\">\n\t\t\t\t\t<div class=\"e-con-inner\">\n\t\t\t\t<div class=\"elementor-element elementor-element-7da2347 elementor-widget elementor-widget-heading\" data-id=\"7da2347\" data-element_type=\"widget\" data-widget_type=\"heading.default\">\n\t\t\t\t<div class=\"elementor-widget-container\">\n\t\t\t\t\t<h2 class=\"elementor-heading-title elementor-size-default\">Nos services incluent: <\/h2>\t\t\t\t<\/div>\n\t\t\t\t<\/div>\n\t\t\t\t<div class=\"elementor-element elementor-element-e619a3f elementor-widget elementor-widget-text-editor\" data-id=\"e619a3f\" data-element_type=\"widget\" data-widget_type=\"text-editor.default\">\n\t\t\t\t<div class=\"elementor-widget-container\">\n\t\t\t\t\t\t\t\t\t<ul><li>\u00c9tude pr\u00e9liminaire ou caract\u00e9risation du sous-sol<\/li><li>\u00c9tude d\u00e9taill\u00e9e du sous-sol<\/li><li>Surveillance des sols, des eaux souterraines et des vapeurs<\/li><li>Rapports sur la qualit\u00e9 du sous-sol<\/li><li>Diagnostics environnementaux volontaires<\/li><li>Suivi environnemental p\u00e9riodique<\/li><li>\u00c9tudes des vapeurs ou gaz du sol<\/li><\/ul>\t\t\t\t\t\t\t\t<\/div>\n\t\t\t\t<\/div>\n\t\t\t\t<div class=\"elementor-element elementor-element-99d8c6f elementor-widget elementor-widget-text-editor\" data-id=\"99d8c6f\" data-element_type=\"widget\" data-widget_type=\"text-editor.default\">\n\t\t\t\t<div class=\"elementor-widget-container\">\n\t\t\t\t\t\t\t\t\t<p>Nous utilisons des technologies de pointe et appliquons des techniques innovantes pour vous fournir des r\u00e9sultats pr\u00e9cis, efficaces et adapt\u00e9s \u00e0 vos besoins.\u00a0<\/p>\t\t\t\t\t\t\t\t<\/div>\n\t\t\t\t<\/div>\n\t\t\t\t<div class=\"elementor-element elementor-element-b51c489 elementor-widget elementor-widget-text-editor\" data-id=\"b51c489\" data-element_type=\"widget\" data-widget_type=\"text-editor.default\">\n\t\t\t\t<div class=\"elementor-widget-container\">\n\t\t\t\t\t\t\t\t\t<p><strong>Pour vos \u00e9tudes du sous-sol : des solutions expertes, pr\u00e9cises et engag\u00e9es pour la durabilit\u00e9 de votre environnement.<\/strong><\/p>\t\t\t\t\t\t\t\t<\/div>\n\t\t\t\t<\/div>\n\t\t\t\t\t<\/div>\n\t\t\t\t<\/div>\n\t\t<div class=\"elementor-element elementor-element-e6ad645 e-flex e-con-boxed wpr-jarallax-no wpr-parallax-no wpr-sticky-section-no elementor-invisible e-con e-child\" data-id=\"e6ad645\" data-element_type=\"container\" data-settings=\"{&quot;animation&quot;:&quot;fadeIn&quot;,&quot;animation_mobile&quot;:&quot;fadeIn&quot;}\">\n\t\t\t\t\t<div class=\"e-con-inner\">\n\t\t\t\t<div class=\"elementor-element elementor-element-df200bb elementor-invisible elementor-widget elementor-widget-image\" data-id=\"df200bb\" data-element_type=\"widget\" data-settings=\"{&quot;_animation&quot;:&quot;fadeIn&quot;,&quot;_animation_mobile&quot;:&quot;none&quot;}\" data-widget_type=\"image.default\">\n\t\t\t\t<div class=\"elementor-widget-container\">\n\t\t\t\t\t\t\t\t\t\t\t\t\t\t\t<img decoding=\"async\" width=\"1149\" height=\"673\" src=\"https:\/\/geoambient.cat\/wp-content\/uploads\/2025\/06\/E.jpg\" class=\"attachment-full size-full wp-image-6126\" alt=\"\" srcset=\"https:\/\/geoambient.cat\/wp-content\/uploads\/2025\/06\/E.jpg 1149w, https:\/\/geoambient.cat\/wp-content\/uploads\/2025\/06\/E-300x176.jpg 300w, https:\/\/geoambient.cat\/wp-content\/uploads\/2025\/06\/E-1024x600.jpg 1024w, https:\/\/geoambient.cat\/wp-content\/uploads\/2025\/06\/E-768x450.jpg 768w\" sizes=\"(max-width: 1149px) 100vw, 1149px\" \/>\t\t\t\t\t\t\t\t\t\t\t\t\t\t\t<\/div>\n\t\t\t\t<\/div>\n\t\t\t\t\t<\/div>\n\t\t\t\t<\/div>\n\t\t\t\t\t<\/div>\n\t\t\t\t<\/div>\n\t\t\t\t<\/div>\n\t\t","protected":false},"excerpt":{"rendered":"<p>Recherche L\u2019\u00e9tude de la qualit\u00e9 du sous-sol est un processus technique et scientifique qui permet d\u2019\u00e9valuer les conditions du sol dans une zone sp\u00e9cifique. Son objectif principal est d\u2019analyser la sant\u00e9 environnementale du sous-sol et de d\u00e9tecter d\u2019\u00e9ventuels contaminants pouvant affecter l\u2019environnement, la sant\u00e9 humaine ou les \u00e9cosyst\u00e8mes. Chez GeoAmbient, nous sommes accr\u00e9dit\u00e9s pour r\u00e9aliser des \u00e9tudes compl\u00e8tes de la qualit\u00e9 du sous-sol et nous vous accompagnons tout au long du processus administratif. Nos services incluent: \u00c9tude pr\u00e9liminaire ou caract\u00e9risation du sous-sol \u00c9tude d\u00e9taill\u00e9e du sous-sol Surveillance des sols, des eaux souterraines et des vapeurs Rapports sur la qualit\u00e9 du sous-sol Diagnostics environnementaux volontaires Suivi environnemental p\u00e9riodique \u00c9tudes des vapeurs ou gaz du sol Nous utilisons des technologies de pointe et appliquons des techniques innovantes pour vous fournir des r\u00e9sultats pr\u00e9cis, efficaces et adapt\u00e9s \u00e0 vos besoins.\u00a0 Pour vos \u00e9tudes du sous-sol : des solutions expertes, pr\u00e9cises et engag\u00e9es pour la durabilit\u00e9 de votre environnement.<\/p>\n","protected":false},"author":1,"featured_media":2486,"parent":0,"menu_order":0,"comment_status":"closed","ping_status":"closed","template":"elementor_canvas","meta":{"footnotes":""},"class_list":["post-6670","page","type-page","status-publish","has-post-thumbnail","hentry"],"acf":[],"_links":{"self":[{"href":"https:\/\/geoambient.cat\/fr\/wp-json\/wp\/v2\/pages\/6670","targetHints":{"allow":["GET"]}}],"collection":[{"href":"https:\/\/geoambient.cat\/fr\/wp-json\/wp\/v2\/pages"}],"about":[{"href":"https:\/\/geoambient.cat\/fr\/wp-json\/wp\/v2\/types\/page"}],"author":[{"embeddable":true,"href":"https:\/\/geoambient.cat\/fr\/wp-json\/wp\/v2\/users\/1"}],"replies":[{"embeddable":true,"href":"https:\/\/geoambient.cat\/fr\/wp-json\/wp\/v2\/comments?post=6670"}],"version-history":[{"count":7,"href":"https:\/\/geoambient.cat\/fr\/wp-json\/wp\/v2\/pages\/6670\/revisions"}],"predecessor-version":[{"id":7839,"href":"https:\/\/geoambient.cat\/fr\/wp-json\/wp\/v2\/pages\/6670\/revisions\/7839"}],"wp:featuredmedia":[{"embeddable":true,"href":"https:\/\/geoambient.cat\/fr\/wp-json\/wp\/v2\/media\/2486"}],"wp:attachment":[{"href":"https:\/\/geoambient.cat\/fr\/wp-json\/wp\/v2\/media?parent=6670"}],"curies":[{"name":"wp","href":"https:\/\/api.w.org\/{rel}","templated":true}]}}