{"id":6601,"date":"2025-07-20T19:54:57","date_gmt":"2025-07-20T19:54:57","guid":{"rendered":"https:\/\/geoambient.cat\/?page_id=6601"},"modified":"2025-08-04T16:12:20","modified_gmt":"2025-08-04T16:12:20","slug":"actions-durgence","status":"publish","type":"page","link":"https:\/\/geoambient.cat\/fr\/actions-durgence\/","title":{"rendered":"Actions d&rsquo;urgence"},"content":{"rendered":"\t\t<div data-elementor-type=\"wp-page\" data-elementor-id=\"6601\" class=\"elementor elementor-6601\">\n\t\t\t\t<div class=\"elementor-element elementor-element-d8a65de sld e-flex e-con-boxed wpr-jarallax-no wpr-parallax-no wpr-sticky-section-no e-con e-parent\" data-id=\"d8a65de\" data-element_type=\"container\" id=\"sld\" data-settings=\"{&quot;background_background&quot;:&quot;video&quot;,&quot;background_play_on_mobile&quot;:&quot;yes&quot;,&quot;background_video_link&quot;:&quot;\\\/wp-content\\\/themes\\\/geoambient-kit-child\\\/Videos\\\/SUELOS_CONTAMINADOS\\\/EMERGENCIA.mov&quot;}\">\n\t\t\t\t\t<div class=\"e-con-inner\">\n\t\t<div class=\"elementor-background-video-container\" aria-hidden=\"true\">\n\t\t\t\t\t\t\t<video class=\"elementor-background-video-hosted\" autoplay muted playsinline loop><\/video>\n\t\t\t\t\t<\/div>\t\t<div class=\"elementor-element elementor-element-1b201e4 elementor-invisible elementor-widget elementor-widget-heading\" data-id=\"1b201e4\" data-element_type=\"widget\" data-settings=\"{&quot;_animation&quot;:&quot;fadeIn&quot;}\" data-widget_type=\"heading.default\">\n\t\t\t\t<div class=\"elementor-widget-container\">\n\t\t\t\t\t<h1 class=\"elementor-heading-title elementor-size-default\">Actions d'urgence<\/h1>\t\t\t\t<\/div>\n\t\t\t\t<\/div>\n\t\t\t\t\t<\/div>\n\t\t\t\t<\/div>\n\t\t<div class=\"elementor-element elementor-element-16c7546 e-flex e-con-boxed wpr-jarallax-no wpr-parallax-no wpr-sticky-section-no e-con e-parent\" data-id=\"16c7546\" data-element_type=\"container\">\n\t\t\t\t\t<div class=\"e-con-inner\">\n\t\t<div class=\"elementor-element elementor-element-568e15c e-flex e-con-boxed wpr-jarallax-no wpr-parallax-no wpr-sticky-section-no elementor-invisible e-con e-child\" data-id=\"568e15c\" data-element_type=\"container\" data-settings=\"{&quot;animation&quot;:&quot;fadeIn&quot;,&quot;animation_mobile&quot;:&quot;fadeIn&quot;}\">\n\t\t\t\t\t<div class=\"e-con-inner\">\n\t\t\t\t<div class=\"elementor-element elementor-element-1f59efd elementor-invisible elementor-widget elementor-widget-image\" data-id=\"1f59efd\" data-element_type=\"widget\" data-settings=\"{&quot;_animation&quot;:&quot;fadeIn&quot;,&quot;_animation_mobile&quot;:&quot;none&quot;}\" data-widget_type=\"image.default\">\n\t\t\t\t<div class=\"elementor-widget-container\">\n\t\t\t\t\t\t\t\t\t\t\t\t\t\t\t<img fetchpriority=\"high\" decoding=\"async\" width=\"1156\" height=\"868\" src=\"https:\/\/geoambient.cat\/wp-content\/uploads\/2025\/05\/Suelos-contaminados-Actuaciones-emergencia-4.jpg\" class=\"attachment-full size-full wp-image-2732\" alt=\"\" srcset=\"https:\/\/geoambient.cat\/wp-content\/uploads\/2025\/05\/Suelos-contaminados-Actuaciones-emergencia-4.jpg 1156w, https:\/\/geoambient.cat\/wp-content\/uploads\/2025\/05\/Suelos-contaminados-Actuaciones-emergencia-4-300x225.jpg 300w, https:\/\/geoambient.cat\/wp-content\/uploads\/2025\/05\/Suelos-contaminados-Actuaciones-emergencia-4-1024x769.jpg 1024w, https:\/\/geoambient.cat\/wp-content\/uploads\/2025\/05\/Suelos-contaminados-Actuaciones-emergencia-4-768x577.jpg 768w\" sizes=\"(max-width: 1156px) 100vw, 1156px\" \/>\t\t\t\t\t\t\t\t\t\t\t\t\t\t\t<\/div>\n\t\t\t\t<\/div>\n\t\t\t\t\t<\/div>\n\t\t\t\t<\/div>\n\t\t<div class=\"elementor-element elementor-element-24b18e7 e-flex e-con-boxed wpr-jarallax-no wpr-parallax-no wpr-sticky-section-no elementor-invisible e-con e-child\" data-id=\"24b18e7\" data-element_type=\"container\" data-settings=\"{&quot;animation&quot;:&quot;fadeIn&quot;,&quot;animation_mobile&quot;:&quot;fadeIn&quot;}\">\n\t\t\t\t\t<div class=\"e-con-inner\">\n\t\t\t\t<div class=\"elementor-element elementor-element-64862a3 elementor-widget elementor-widget-heading\" data-id=\"64862a3\" data-element_type=\"widget\" data-widget_type=\"heading.default\">\n\t\t\t\t<div class=\"elementor-widget-container\">\n\t\t\t\t\t<h2 class=\"elementor-heading-title elementor-size-default\">Dans une situation d\u2019urgence, chaque seconde compte.<\/h2>\t\t\t\t<\/div>\n\t\t\t\t<\/div>\n\t\t\t\t<div class=\"elementor-element elementor-element-1e84e4b elementor-widget elementor-widget-text-editor\" data-id=\"1e84e4b\" data-element_type=\"widget\" data-widget_type=\"text-editor.default\">\n\t\t\t\t<div class=\"elementor-widget-container\">\n\t\t\t\t\t\t\t\t\tLorsqu&rsquo;un incident impliquant des substances dangereuses se produit et repr\u00e9sente un risque imminent pour la sant\u00e9 humaine ou l\u2019environnement, il est essentiel d\u2019agir rapidement et efficacement pour ma\u00eetriser la situation et minimiser ses cons\u00e9quences. \t\t\t\t\t\t\t\t<\/div>\n\t\t\t\t<\/div>\n\t\t\t\t<div class=\"elementor-element elementor-element-032074f elementor-widget elementor-widget-heading\" data-id=\"032074f\" data-element_type=\"widget\" data-widget_type=\"heading.default\">\n\t\t\t\t<div class=\"elementor-widget-container\">\n\t\t\t\t\t<h3 class=\"elementor-heading-title elementor-size-default\">Ces situations n\u00e9cessitent: <\/h3>\t\t\t\t<\/div>\n\t\t\t\t<\/div>\n\t\t\t\t<div class=\"elementor-element elementor-element-4932d47 elementor-widget elementor-widget-text-editor\" data-id=\"4932d47\" data-element_type=\"widget\" data-widget_type=\"text-editor.default\">\n\t\t\t\t<div class=\"elementor-widget-container\">\n\t\t\t\t\t\t\t\t\t<ul><li>Une \u00e9valuation imm\u00e9diate de la situation et des risques associ\u00e9s<\/li><li>L&rsquo;identification et la priorisation des actions les plus urgentes<\/li><li>Le d\u00e9ploiement rapide du personnel form\u00e9 et des ressources techniques appropri\u00e9es<\/li><\/ul>\t\t\t\t\t\t\t\t<\/div>\n\t\t\t\t<\/div>\n\t\t\t\t\t<\/div>\n\t\t\t\t<\/div>\n\t\t\t\t\t<\/div>\n\t\t\t\t<\/div>\n\t\t<div class=\"elementor-element elementor-element-899a5bf e-flex e-con-boxed wpr-jarallax-no wpr-parallax-no wpr-sticky-section-no e-con e-parent\" data-id=\"899a5bf\" data-element_type=\"container\">\n\t\t\t\t\t<div class=\"e-con-inner\">\n\t\t<div class=\"elementor-element elementor-element-957d7fc e-flex e-con-boxed wpr-jarallax-no wpr-parallax-no wpr-sticky-section-no elementor-invisible e-con e-child\" data-id=\"957d7fc\" data-element_type=\"container\" data-settings=\"{&quot;animation&quot;:&quot;fadeIn&quot;,&quot;animation_mobile&quot;:&quot;fadeIn&quot;}\">\n\t\t\t\t\t<div class=\"e-con-inner\">\n\t\t\t\t<div class=\"elementor-element elementor-element-e619a3f elementor-widget elementor-widget-text-editor\" data-id=\"e619a3f\" data-element_type=\"widget\" data-widget_type=\"text-editor.default\">\n\t\t\t\t<div class=\"elementor-widget-container\">\n\t\t\t\t\t\t\t\t\t<p>Chez <strong>GeoAmbient<\/strong>, nous sommes pleinement engag\u00e9s dans la r\u00e9ponse aux urgences. Nous disposons de la capacit\u00e9 op\u00e9rationnelle pour intervenir rapidement, limiter les impacts de l\u2019incident, s\u00e9curiser la zone affect\u00e9e et pr\u00e9venir les cons\u00e9quences futures li\u00e9es \u00e0 l\u2019exposition aux substances dangereuses.<\/p>\t\t\t\t\t\t\t\t<\/div>\n\t\t\t\t<\/div>\n\t\t\t\t<div class=\"elementor-element elementor-element-5a5fbbe elementor-widget elementor-widget-heading\" data-id=\"5a5fbbe\" data-element_type=\"widget\" data-widget_type=\"heading.default\">\n\t\t\t\t<div class=\"elementor-widget-container\">\n\t\t\t\t\t<h3 class=\"elementor-heading-title elementor-size-default\">Nous mettons \u00e0 disposition: <\/h3>\t\t\t\t<\/div>\n\t\t\t\t<\/div>\n\t\t\t\t<div class=\"elementor-element elementor-element-93189cc elementor-widget elementor-widget-text-editor\" data-id=\"93189cc\" data-element_type=\"widget\" data-widget_type=\"text-editor.default\">\n\t\t\t\t<div class=\"elementor-widget-container\">\n\t\t\t\t\t\t\t\t\t<ul><li>Un \u00e9quipe hautement qualifi\u00e9e et exp\u00e9riment\u00e9e dans les urgences environnementales<\/li><li>Les ressources techniques et mat\u00e9rielles n\u00e9cessaires pour intervenir avec rapidit\u00e9, s\u00e9curit\u00e9 et efficacit\u00e9<\/li><\/ul>\t\t\t\t\t\t\t\t<\/div>\n\t\t\t\t<\/div>\n\t\t\t\t<div class=\"elementor-element elementor-element-99d8c6f elementor-widget elementor-widget-text-editor\" data-id=\"99d8c6f\" data-element_type=\"widget\" data-widget_type=\"text-editor.default\">\n\t\t\t\t<div class=\"elementor-widget-container\">\n\t\t\t\t\t\t\t\t\t<p>Lorsque chaque instant compte, faites confiance \u00e0 <strong>GeoAmbient<\/strong>. Votre s\u00e9curit\u00e9 et la protection de l&rsquo;environnement sont nos priorit\u00e9s absolues.<\/p>\t\t\t\t\t\t\t\t<\/div>\n\t\t\t\t<\/div>\n\t\t\t\t\t<\/div>\n\t\t\t\t<\/div>\n\t\t<div class=\"elementor-element elementor-element-e6ad645 e-flex e-con-boxed wpr-jarallax-no wpr-parallax-no wpr-sticky-section-no elementor-invisible e-con e-child\" data-id=\"e6ad645\" data-element_type=\"container\" data-settings=\"{&quot;animation&quot;:&quot;fadeIn&quot;,&quot;animation_mobile&quot;:&quot;fadeIn&quot;}\">\n\t\t\t\t\t<div class=\"e-con-inner\">\n\t\t\t\t<div class=\"elementor-element elementor-element-df200bb elementor-invisible elementor-widget elementor-widget-image\" data-id=\"df200bb\" data-element_type=\"widget\" data-settings=\"{&quot;_animation&quot;:&quot;fadeIn&quot;,&quot;_animation_mobile&quot;:&quot;none&quot;}\" data-widget_type=\"image.default\">\n\t\t\t\t<div class=\"elementor-widget-container\">\n\t\t\t\t\t\t\t\t\t\t\t\t\t\t\t<img decoding=\"async\" width=\"1200\" height=\"1600\" src=\"https:\/\/geoambient.cat\/wp-content\/uploads\/2025\/06\/IMG_20230515_112524-rsz.jpg\" class=\"attachment-full size-full wp-image-6167\" alt=\"\" srcset=\"https:\/\/geoambient.cat\/wp-content\/uploads\/2025\/06\/IMG_20230515_112524-rsz.jpg 1200w, https:\/\/geoambient.cat\/wp-content\/uploads\/2025\/06\/IMG_20230515_112524-rsz-225x300.jpg 225w, https:\/\/geoambient.cat\/wp-content\/uploads\/2025\/06\/IMG_20230515_112524-rsz-768x1024.jpg 768w, https:\/\/geoambient.cat\/wp-content\/uploads\/2025\/06\/IMG_20230515_112524-rsz-1152x1536.jpg 1152w\" sizes=\"(max-width: 1200px) 100vw, 1200px\" \/>\t\t\t\t\t\t\t\t\t\t\t\t\t\t\t<\/div>\n\t\t\t\t<\/div>\n\t\t\t\t\t<\/div>\n\t\t\t\t<\/div>\n\t\t\t\t\t<\/div>\n\t\t\t\t<\/div>\n\t\t\t\t<\/div>\n\t\t","protected":false},"excerpt":{"rendered":"<p>Actions d&rsquo;urgence Dans une situation d\u2019urgence, chaque seconde compte. Lorsqu&rsquo;un incident impliquant des substances dangereuses se produit et repr\u00e9sente un risque imminent pour la sant\u00e9 humaine ou l\u2019environnement, il est essentiel d\u2019agir rapidement et efficacement pour ma\u00eetriser la situation et minimiser ses cons\u00e9quences. Ces situations n\u00e9cessitent: Une \u00e9valuation imm\u00e9diate de la situation et des risques associ\u00e9s L&rsquo;identification et la priorisation des actions les plus urgentes Le d\u00e9ploiement rapide du personnel form\u00e9 et des ressources techniques appropri\u00e9es Chez GeoAmbient, nous sommes pleinement engag\u00e9s dans la r\u00e9ponse aux urgences. Nous disposons de la capacit\u00e9 op\u00e9rationnelle pour intervenir rapidement, limiter les impacts de l\u2019incident, s\u00e9curiser la zone affect\u00e9e et pr\u00e9venir les cons\u00e9quences futures li\u00e9es \u00e0 l\u2019exposition aux substances dangereuses. Nous mettons \u00e0 disposition: Un \u00e9quipe hautement qualifi\u00e9e et exp\u00e9riment\u00e9e dans les urgences environnementales Les ressources techniques et mat\u00e9rielles n\u00e9cessaires pour intervenir avec rapidit\u00e9, s\u00e9curit\u00e9 et efficacit\u00e9 Lorsque chaque instant compte, faites confiance \u00e0 GeoAmbient. Votre s\u00e9curit\u00e9 et la protection de l&rsquo;environnement sont nos priorit\u00e9s absolues.<\/p>\n","protected":false},"author":1,"featured_media":2754,"parent":0,"menu_order":0,"comment_status":"closed","ping_status":"closed","template":"elementor_canvas","meta":{"footnotes":""},"class_list":["post-6601","page","type-page","status-publish","has-post-thumbnail","hentry"],"acf":[],"_links":{"self":[{"href":"https:\/\/geoambient.cat\/fr\/wp-json\/wp\/v2\/pages\/6601","targetHints":{"allow":["GET"]}}],"collection":[{"href":"https:\/\/geoambient.cat\/fr\/wp-json\/wp\/v2\/pages"}],"about":[{"href":"https:\/\/geoambient.cat\/fr\/wp-json\/wp\/v2\/types\/page"}],"author":[{"embeddable":true,"href":"https:\/\/geoambient.cat\/fr\/wp-json\/wp\/v2\/users\/1"}],"replies":[{"embeddable":true,"href":"https:\/\/geoambient.cat\/fr\/wp-json\/wp\/v2\/comments?post=6601"}],"version-history":[{"count":7,"href":"https:\/\/geoambient.cat\/fr\/wp-json\/wp\/v2\/pages\/6601\/revisions"}],"predecessor-version":[{"id":7796,"href":"https:\/\/geoambient.cat\/fr\/wp-json\/wp\/v2\/pages\/6601\/revisions\/7796"}],"wp:featuredmedia":[{"embeddable":true,"href":"https:\/\/geoambient.cat\/fr\/wp-json\/wp\/v2\/media\/2754"}],"wp:attachment":[{"href":"https:\/\/geoambient.cat\/fr\/wp-json\/wp\/v2\/media?parent=6601"}],"curies":[{"name":"wp","href":"https:\/\/api.w.org\/{rel}","templated":true}]}}