{"id":7268,"date":"2025-07-28T16:05:47","date_gmt":"2025-07-28T16:05:47","guid":{"rendered":"https:\/\/geoambient.cat\/?page_id=7268"},"modified":"2025-10-31T10:12:04","modified_gmt":"2025-10-31T10:12:04","slug":"sostenibilidad","status":"publish","type":"page","link":"https:\/\/geoambient.cat\/es\/sostenibilidad\/","title":{"rendered":"Sostenibilidad"},"content":{"rendered":"\t\t<div data-elementor-type=\"wp-page\" data-elementor-id=\"7268\" class=\"elementor elementor-7268 elementor-7273\">\n\t\t\t\t<div class=\"elementor-element elementor-element-d8a65de sld e-flex e-con-boxed wpr-jarallax-no wpr-parallax-no wpr-sticky-section-no e-con e-parent\" data-id=\"d8a65de\" data-element_type=\"container\" id=\"sld\" data-settings=\"{&quot;background_background&quot;:&quot;video&quot;,&quot;background_play_on_mobile&quot;:&quot;yes&quot;,&quot;background_video_link&quot;:&quot;\\\/wp-content\\\/uploads\\\/2025\\\/09\\\/Sostenibilitat.mp4&quot;}\">\n\t\t\t\t\t<div class=\"e-con-inner\">\n\t\t<div class=\"elementor-background-video-container\" aria-hidden=\"true\">\n\t\t\t\t\t\t\t<video class=\"elementor-background-video-hosted\" autoplay muted playsinline loop><\/video>\n\t\t\t\t\t<\/div>\t\t<div class=\"elementor-element elementor-element-1b201e4 elementor-invisible elementor-widget elementor-widget-heading\" data-id=\"1b201e4\" data-element_type=\"widget\" data-settings=\"{&quot;_animation&quot;:&quot;fadeIn&quot;}\" data-widget_type=\"heading.default\">\n\t\t\t\t<div class=\"elementor-widget-container\">\n\t\t\t\t\t<h1 class=\"elementor-heading-title elementor-size-default\">Sostenibilidad<\/h1>\t\t\t\t<\/div>\n\t\t\t\t<\/div>\n\t\t\t\t\t<\/div>\n\t\t\t\t<\/div>\n\t\t<div class=\"elementor-element elementor-element-d5a897c e-flex e-con-boxed wpr-jarallax-no wpr-parallax-no wpr-sticky-section-no e-con e-parent\" data-id=\"d5a897c\" data-element_type=\"container\">\n\t\t\t\t\t<div class=\"e-con-inner\">\n\t\t<div class=\"elementor-element elementor-element-fdb0ffd e-flex e-con-boxed wpr-jarallax-no wpr-parallax-no wpr-sticky-section-no elementor-invisible e-con e-child\" data-id=\"fdb0ffd\" data-element_type=\"container\" data-settings=\"{&quot;animation&quot;:&quot;fadeIn&quot;,&quot;animation_mobile&quot;:&quot;fadeIn&quot;}\">\n\t\t\t\t\t<div class=\"e-con-inner\">\n\t\t<div class=\"elementor-element elementor-element-f8bd544 e-grid e-con-full wpr-jarallax-no wpr-parallax-no wpr-sticky-section-no e-con e-child\" data-id=\"f8bd544\" data-element_type=\"container\">\n\t\t\t\t<div class=\"elementor-element elementor-element-94f7ae5 elementor-widget elementor-widget-image\" data-id=\"94f7ae5\" data-element_type=\"widget\" data-widget_type=\"image.default\">\n\t\t\t\t<div class=\"elementor-widget-container\">\n\t\t\t\t\t\t\t\t\t\t\t\t\t\t\t\t<a href=\"https:\/\/geoambient.cat\/wp-content\/uploads\/2025\/05\/Sello-calculo-Ministerio-2021-.jpg\" data-elementor-open-lightbox=\"yes\" data-elementor-lightbox-title=\"Sello calculo Ministerio 2021\" data-e-action-hash=\"#elementor-action%3Aaction%3Dlightbox%26settings%3DeyJpZCI6NTEwNCwidXJsIjoiaHR0cHM6XC9cL2dlb2FtYmllbnQuY2F0XC93cC1jb250ZW50XC91cGxvYWRzXC8yMDI1XC8wNVwvU2VsbG8tY2FsY3Vsby1NaW5pc3RlcmlvLTIwMjEtLmpwZyJ9\">\n\t\t\t\t\t\t\t<img fetchpriority=\"high\" decoding=\"async\" width=\"722\" height=\"1024\" src=\"https:\/\/geoambient.cat\/wp-content\/uploads\/2025\/05\/Sello-calculo-Ministerio-2021--722x1024.jpg\" class=\"elementor-animation-shrink attachment-large size-large wp-image-5104\" alt=\"Sello calculo Ministerio 2021\" srcset=\"https:\/\/geoambient.cat\/wp-content\/uploads\/2025\/05\/Sello-calculo-Ministerio-2021--722x1024.jpg 722w, https:\/\/geoambient.cat\/wp-content\/uploads\/2025\/05\/Sello-calculo-Ministerio-2021--212x300.jpg 212w, https:\/\/geoambient.cat\/wp-content\/uploads\/2025\/05\/Sello-calculo-Ministerio-2021--768x1089.jpg 768w, https:\/\/geoambient.cat\/wp-content\/uploads\/2025\/05\/Sello-calculo-Ministerio-2021--1083x1536.jpg 1083w, https:\/\/geoambient.cat\/wp-content\/uploads\/2025\/05\/Sello-calculo-Ministerio-2021--1444x2048.jpg 1444w, https:\/\/geoambient.cat\/wp-content\/uploads\/2025\/05\/Sello-calculo-Ministerio-2021-.jpg 1596w\" sizes=\"(max-width: 722px) 100vw, 722px\" \/>\t\t\t\t\t\t\t\t<\/a>\n\t\t\t\t\t\t\t\t\t\t\t\t\t\t\t<\/div>\n\t\t\t\t<\/div>\n\t\t\t\t<div class=\"elementor-element elementor-element-bd4263d elementor-widget elementor-widget-image\" data-id=\"bd4263d\" data-element_type=\"widget\" data-widget_type=\"image.default\">\n\t\t\t\t<div class=\"elementor-widget-container\">\n\t\t\t\t\t\t\t\t\t\t\t\t\t\t\t\t<a href=\"https:\/\/geoambient.cat\/wp-content\/uploads\/2025\/05\/Sello-calculo-Ministerio-2022-.jpg\" data-elementor-open-lightbox=\"yes\" data-elementor-lightbox-title=\"Sello calculo Ministerio 2022\" data-e-action-hash=\"#elementor-action%3Aaction%3Dlightbox%26settings%3DeyJpZCI6NTEwOCwidXJsIjoiaHR0cHM6XC9cL2dlb2FtYmllbnQuY2F0XC93cC1jb250ZW50XC91cGxvYWRzXC8yMDI1XC8wNVwvU2VsbG8tY2FsY3Vsby1NaW5pc3RlcmlvLTIwMjItLmpwZyJ9\">\n\t\t\t\t\t\t\t<img decoding=\"async\" width=\"722\" height=\"1024\" src=\"https:\/\/geoambient.cat\/wp-content\/uploads\/2025\/05\/Sello-calculo-Ministerio-2022--722x1024.jpg\" class=\"elementor-animation-shrink attachment-large size-large wp-image-5108\" alt=\"\" srcset=\"https:\/\/geoambient.cat\/wp-content\/uploads\/2025\/05\/Sello-calculo-Ministerio-2022--722x1024.jpg 722w, https:\/\/geoambient.cat\/wp-content\/uploads\/2025\/05\/Sello-calculo-Ministerio-2022--212x300.jpg 212w, https:\/\/geoambient.cat\/wp-content\/uploads\/2025\/05\/Sello-calculo-Ministerio-2022--768x1089.jpg 768w, https:\/\/geoambient.cat\/wp-content\/uploads\/2025\/05\/Sello-calculo-Ministerio-2022--1083x1536.jpg 1083w, https:\/\/geoambient.cat\/wp-content\/uploads\/2025\/05\/Sello-calculo-Ministerio-2022--1444x2048.jpg 1444w, https:\/\/geoambient.cat\/wp-content\/uploads\/2025\/05\/Sello-calculo-Ministerio-2022-.jpg 1596w\" sizes=\"(max-width: 722px) 100vw, 722px\" \/>\t\t\t\t\t\t\t\t<\/a>\n\t\t\t\t\t\t\t\t\t\t\t\t\t\t\t<\/div>\n\t\t\t\t<\/div>\n\t\t\t\t<div class=\"elementor-element elementor-element-90733ef elementor-widget elementor-widget-image\" data-id=\"90733ef\" data-element_type=\"widget\" data-widget_type=\"image.default\">\n\t\t\t\t<div class=\"elementor-widget-container\">\n\t\t\t\t\t\t\t\t\t\t\t\t\t\t\t\t<a href=\"https:\/\/geoambient.cat\/wp-content\/uploads\/2025\/05\/Sello-calculo-Ministerio-2023-.jpg\" data-elementor-open-lightbox=\"yes\" data-elementor-lightbox-title=\"Sello calculo Ministerio 2023\" data-e-action-hash=\"#elementor-action%3Aaction%3Dlightbox%26settings%3DeyJpZCI6NTExMiwidXJsIjoiaHR0cHM6XC9cL2dlb2FtYmllbnQuY2F0XC93cC1jb250ZW50XC91cGxvYWRzXC8yMDI1XC8wNVwvU2VsbG8tY2FsY3Vsby1NaW5pc3RlcmlvLTIwMjMtLmpwZyJ9\">\n\t\t\t\t\t\t\t<img decoding=\"async\" width=\"384\" height=\"544\" src=\"https:\/\/geoambient.cat\/wp-content\/uploads\/2025\/05\/Sello-calculo-Ministerio-2023-.jpg\" class=\"elementor-animation-shrink attachment-large size-large wp-image-5112\" alt=\"\" srcset=\"https:\/\/geoambient.cat\/wp-content\/uploads\/2025\/05\/Sello-calculo-Ministerio-2023-.jpg 384w, https:\/\/geoambient.cat\/wp-content\/uploads\/2025\/05\/Sello-calculo-Ministerio-2023--212x300.jpg 212w\" sizes=\"(max-width: 384px) 100vw, 384px\" \/>\t\t\t\t\t\t\t\t<\/a>\n\t\t\t\t\t\t\t\t\t\t\t\t\t\t\t<\/div>\n\t\t\t\t<\/div>\n\t\t\t\t<\/div>\n\t\t\t\t\t<\/div>\n\t\t\t\t<\/div>\n\t\t<div class=\"elementor-element elementor-element-4bb6ed7 e-flex e-con-boxed wpr-jarallax-no wpr-parallax-no wpr-sticky-section-no elementor-invisible e-con e-child\" data-id=\"4bb6ed7\" data-element_type=\"container\" data-settings=\"{&quot;animation&quot;:&quot;fadeIn&quot;,&quot;animation_mobile&quot;:&quot;fadeIn&quot;}\">\n\t\t\t\t\t<div class=\"e-con-inner\">\n\t\t\t\t<div class=\"elementor-element elementor-element-e0c6c14 elementor-widget elementor-widget-text-editor\" data-id=\"e0c6c14\" data-element_type=\"widget\" data-widget_type=\"text-editor.default\">\n\t\t\t\t<div class=\"elementor-widget-container\">\n\t\t\t\t\t\t\t\t\t<p>En <strong>GeoAmbient<\/strong>, la <strong>sostenibilidad<\/strong> es el n\u00facleo de nuestra filosof\u00eda y el motor que impulsa cada proyecto. Nos dedicamos a desarrollar soluciones innovadoras que minimicen el impacto ambiental y promuevan la regeneraci\u00f3n de los recursos naturales, con el compromiso de construir un futuro m\u00e1s limpio y equilibrado.<\/p>\t\t\t\t\t\t\t\t<\/div>\n\t\t\t\t<\/div>\n\t\t\t\t<div class=\"elementor-element elementor-element-f219538 elementor-hidden-desktop elementor-hidden-laptop elementor-hidden-tablet elementor-hidden-mobile wpr-button-icon-style-inline wpr-button-icon-position-right elementor-widget elementor-widget-wpr-button\" data-id=\"f219538\" data-element_type=\"widget\" data-widget_type=\"wpr-button.default\">\n\t\t\t\t<div class=\"elementor-widget-container\">\n\t\t\t\t\t\t\n\t\t\t\n\t\t\n\t\t<div class=\"wpr-button-wrap elementor-clearfix\">\n\t\t<a class=\"wpr-button wpr-button-effect wpr-button-bounce-to-bottom\" data-text=\"\" href=\"#contac\">\n\t\t\t\n\t\t\t<span class=\"wpr-button-content\">\n\t\t\t\t\t\t\t\t\t<span class=\"wpr-button-text\">Contacta<\/span>\n\t\t\t\t\t\t\t\t\n\t\t\t\t\t\t\t\t\t<span class=\"wpr-button-icon\"><svg class=\"e-font-icon-svg e-fas-arrow-circle-down\" viewBox=\"0 0 512 512\" xmlns=\"http:\/\/www.w3.org\/2000\/svg\"><path d=\"M504 256c0 137-111 248-248 248S8 393 8 256 119 8 256 8s248 111 248 248zm-143.6-28.9L288 302.6V120c0-13.3-10.7-24-24-24h-16c-13.3 0-24 10.7-24 24v182.6l-72.4-75.5c-9.3-9.7-24.8-9.9-34.3-.4l-10.9 11c-9.4 9.4-9.4 24.6 0 33.9L239 404.3c9.4 9.4 24.6 9.4 33.9 0l132.7-132.7c9.4-9.4 9.4-24.6 0-33.9l-10.9-11c-9.5-9.5-25-9.3-34.3.4z\"><\/path><\/svg><\/span>\n\t\t\t\t\t\t\t<\/span>\n\t\t<\/a>\n\n\t\t\t\t<\/div>\n\t\n\t\n\t\t\t\t\t<\/div>\n\t\t\t\t<\/div>\n\t\t\t\t\t<\/div>\n\t\t\t\t<\/div>\n\t\t\t\t\t<\/div>\n\t\t\t\t<\/div>\n\t\t<div class=\"elementor-element elementor-element-80976e5 e-flex e-con-boxed wpr-jarallax-no wpr-parallax-no wpr-sticky-section-no e-con e-parent\" data-id=\"80976e5\" data-element_type=\"container\">\n\t\t\t\t\t<div class=\"e-con-inner\">\n\t\t<div class=\"elementor-element elementor-element-f1ba428 e-flex e-con-boxed wpr-jarallax-no wpr-parallax-no wpr-sticky-section-no elementor-invisible e-con e-child\" data-id=\"f1ba428\" data-element_type=\"container\" data-settings=\"{&quot;animation&quot;:&quot;fadeIn&quot;,&quot;animation_mobile&quot;:&quot;fadeIn&quot;}\">\n\t\t\t\t\t<div class=\"e-con-inner\">\n\t\t\t\t<div class=\"elementor-element elementor-element-30d1ba3 elementor-widget elementor-widget-text-editor\" data-id=\"30d1ba3\" data-element_type=\"widget\" data-widget_type=\"text-editor.default\">\n\t\t\t\t<div class=\"elementor-widget-container\">\n\t\t\t\t\t\t\t\t\t<p>Desde el a\u00f1o 2021, realizamos el <strong>c\u00e1lculo de nuestra huella de carbono<\/strong> utilizando la herramienta del <strong>MITERD<\/strong>, que nos permite evaluar nuestras emisiones de gases de efecto invernadero (GEI) en los alcances 1 y 2 y dise\u00f1ar planes de mejora para reducirlas. Adem\u00e1s, somos miembros del programa de \u00ab<strong>Acords Voluntaris<\/strong>\u00ab, una iniciativa de la <strong>Generalitat de Catalunya<\/strong> que apoya y reconoce a las organizaciones comprometidas con la reducci\u00f3n de sus emisiones m\u00e1s all\u00e1 de las obligaciones legales. Este programa fomenta la transparencia y el desarrollo de medidas sostenibles, reforzando nuestro compromiso con la reducci\u00f3n del impacto clim\u00e1tico.<\/p>\t\t\t\t\t\t\t\t<\/div>\n\t\t\t\t<\/div>\n\t\t\t\t\t<\/div>\n\t\t\t\t<\/div>\n\t\t<div class=\"elementor-element elementor-element-4751190 e-flex e-con-boxed wpr-jarallax-no wpr-parallax-no wpr-sticky-section-no elementor-invisible e-con e-child\" data-id=\"4751190\" data-element_type=\"container\" data-settings=\"{&quot;animation&quot;:&quot;fadeIn&quot;,&quot;animation_mobile&quot;:&quot;fadeIn&quot;}\">\n\t\t\t\t\t<div class=\"e-con-inner\">\n\t\t\t\t<div class=\"elementor-element elementor-element-ff0ba07 elementor-invisible elementor-widget elementor-widget-image\" data-id=\"ff0ba07\" data-element_type=\"widget\" data-settings=\"{&quot;_animation&quot;:&quot;fadeIn&quot;,&quot;_animation_mobile&quot;:&quot;none&quot;}\" data-widget_type=\"image.default\">\n\t\t\t\t<div class=\"elementor-widget-container\">\n\t\t\t\t\t\t\t\t\t\t\t\t\t\t\t<img loading=\"lazy\" decoding=\"async\" width=\"2560\" height=\"1693\" src=\"https:\/\/geoambient.cat\/wp-content\/uploads\/2025\/06\/Sello-Acords-Voluntaris-scaled.jpeg\" class=\"attachment-full size-full wp-image-6034\" alt=\"Cambiado\" srcset=\"https:\/\/geoambient.cat\/wp-content\/uploads\/2025\/06\/Sello-Acords-Voluntaris-scaled.jpeg 2560w, https:\/\/geoambient.cat\/wp-content\/uploads\/2025\/06\/Sello-Acords-Voluntaris-300x198.jpeg 300w, https:\/\/geoambient.cat\/wp-content\/uploads\/2025\/06\/Sello-Acords-Voluntaris-1024x677.jpeg 1024w, https:\/\/geoambient.cat\/wp-content\/uploads\/2025\/06\/Sello-Acords-Voluntaris-768x508.jpeg 768w, https:\/\/geoambient.cat\/wp-content\/uploads\/2025\/06\/Sello-Acords-Voluntaris-1536x1016.jpeg 1536w, https:\/\/geoambient.cat\/wp-content\/uploads\/2025\/06\/Sello-Acords-Voluntaris-2048x1354.jpeg 2048w\" sizes=\"(max-width: 2560px) 100vw, 2560px\" \/>\t\t\t\t\t\t\t\t\t\t\t\t\t\t\t<\/div>\n\t\t\t\t<\/div>\n\t\t\t\t\t<\/div>\n\t\t\t\t<\/div>\n\t\t\t\t\t<\/div>\n\t\t\t\t<\/div>\n\t\t<div class=\"elementor-element elementor-element-4469b2a e-flex e-con-boxed wpr-jarallax-no wpr-parallax-no wpr-sticky-section-no e-con e-parent\" data-id=\"4469b2a\" data-element_type=\"container\">\n\t\t\t\t\t<div class=\"e-con-inner\">\n\t\t<div class=\"elementor-element elementor-element-f1d1817 e-con-full e-flex wpr-jarallax-no wpr-parallax-no wpr-sticky-section-no e-con e-child\" data-id=\"f1d1817\" data-element_type=\"container\">\n\t\t\t\t<div class=\"elementor-element elementor-element-c758389 elementor-widget elementor-widget-image\" data-id=\"c758389\" data-element_type=\"widget\" data-widget_type=\"image.default\">\n\t\t\t\t<div class=\"elementor-widget-container\">\n\t\t\t\t\t\t\t\t\t\t\t\t\t\t\t<img loading=\"lazy\" decoding=\"async\" width=\"319\" height=\"267\" src=\"https:\/\/geoambient.cat\/wp-content\/uploads\/2025\/10\/Captura-de-pantalla-2025-06-05-082643.jpg\" class=\"attachment-large size-large wp-image-8111\" alt=\"\" srcset=\"https:\/\/geoambient.cat\/wp-content\/uploads\/2025\/10\/Captura-de-pantalla-2025-06-05-082643.jpg 319w, https:\/\/geoambient.cat\/wp-content\/uploads\/2025\/10\/Captura-de-pantalla-2025-06-05-082643-300x251.jpg 300w\" sizes=\"(max-width: 319px) 100vw, 319px\" \/>\t\t\t\t\t\t\t\t\t\t\t\t\t\t\t<\/div>\n\t\t\t\t<\/div>\n\t\t\t\t<\/div>\n\t\t<div class=\"elementor-element elementor-element-6e635a9 e-con-full e-flex wpr-jarallax-no wpr-parallax-no wpr-sticky-section-no e-con e-child\" data-id=\"6e635a9\" data-element_type=\"container\">\n\t\t\t\t<div class=\"elementor-element elementor-element-2631fa5 elementor-widget elementor-widget-text-editor\" data-id=\"2631fa5\" data-element_type=\"widget\" data-widget_type=\"text-editor.default\">\n\t\t\t\t<div class=\"elementor-widget-container\">\n\t\t\t\t\t\t\t\t\t<p data-start=\"71\" data-end=\"129\"><strong data-start=\"71\" data-end=\"127\">Movilidad El\u00e9ctrica: Un paso m\u00e1s hacia la Sostenibilidad<\/strong><\/p><p data-start=\"131\" data-end=\"418\">En GeoAmbient reducimos nuestra huella de carbono con acciones concretas, como la incorporaci\u00f3n de veh\u00edculos el\u00e9ctricos a la flota. Esta medida, con el apoyo del programa <strong>MOVES III<\/strong> y los fondos <strong>Next Generation de la UE<\/strong>, impulsa la transici\u00f3n hacia una movilidad m\u00e1s limpia y eficiente.<\/p><p data-start=\"420\" data-end=\"638\">Actualmente, la flota de GeoAmbient dispone de <strong>m\u00e1s del 50% de veh\u00edculos 100% el\u00e9ctricos<\/strong>. Continuamos avanzando hacia un futuro m\u00e1s verde, donde cada acci\u00f3n contribuye al bienestar del medio ambiente y de la sociedad.<\/p>\t\t\t\t\t\t\t\t<\/div>\n\t\t\t\t<\/div>\n\t\t\t\t<\/div>\n\t\t<div class=\"elementor-element elementor-element-cbe5343 e-con-full e-flex wpr-jarallax-no wpr-parallax-no wpr-sticky-section-no e-con e-child\" data-id=\"cbe5343\" data-element_type=\"container\">\n\t\t\t\t<div class=\"elementor-element elementor-element-4f25410 elementor-widget elementor-widget-image\" data-id=\"4f25410\" data-element_type=\"widget\" data-widget_type=\"image.default\">\n\t\t\t\t<div class=\"elementor-widget-container\">\n\t\t\t\t\t\t\t\t\t\t\t\t\t\t\t<img loading=\"lazy\" decoding=\"async\" width=\"960\" height=\"37\" src=\"https:\/\/geoambient.cat\/wp-content\/uploads\/2025\/10\/Logos-Moves-III-1024x39.jpg\" class=\"attachment-large size-large wp-image-8107\" alt=\"\" srcset=\"https:\/\/geoambient.cat\/wp-content\/uploads\/2025\/10\/Logos-Moves-III-1024x39.jpg 1024w, https:\/\/geoambient.cat\/wp-content\/uploads\/2025\/10\/Logos-Moves-III-300x12.jpg 300w, https:\/\/geoambient.cat\/wp-content\/uploads\/2025\/10\/Logos-Moves-III-768x30.jpg 768w, https:\/\/geoambient.cat\/wp-content\/uploads\/2025\/10\/Logos-Moves-III-1536x59.jpg 1536w, https:\/\/geoambient.cat\/wp-content\/uploads\/2025\/10\/Logos-Moves-III-2048x79.jpg 2048w\" sizes=\"(max-width: 960px) 100vw, 960px\" \/>\t\t\t\t\t\t\t\t\t\t\t\t\t\t\t<\/div>\n\t\t\t\t<\/div>\n\t\t\t\t<\/div>\n\t\t\t\t\t<\/div>\n\t\t\t\t<\/div>\n\t\t<div class=\"elementor-element elementor-element-ccce948 contac elementor-hidden-desktop elementor-hidden-laptop elementor-hidden-tablet elementor-hidden-mobile e-flex e-con-boxed wpr-jarallax-no wpr-parallax-no wpr-sticky-section-no e-con e-parent\" data-id=\"ccce948\" data-element_type=\"container\" id=\"contac\" data-settings=\"{&quot;background_background&quot;:&quot;classic&quot;}\">\n\t\t\t\t\t<div class=\"e-con-inner\">\n\t\t\t\t<div class=\"elementor-element elementor-element-a760e24 elementor-widget elementor-widget-heading\" data-id=\"a760e24\" data-element_type=\"widget\" data-widget_type=\"heading.default\">\n\t\t\t\t<div class=\"elementor-widget-container\">\n\t\t\t\t\t<h2 class=\"elementor-heading-title elementor-size-default\">Contacta amb nosaltres<\/h2>\t\t\t\t<\/div>\n\t\t\t\t<\/div>\n\t\t\t\t<div class=\"elementor-element elementor-element-b79895b frm-sys elementor-widget elementor-widget-shortcode\" data-id=\"b79895b\" data-element_type=\"widget\" id=\"frm-sys\" data-widget_type=\"shortcode.default\">\n\t\t\t\t<div class=\"elementor-widget-container\">\n\t\t\t\t\t\t\t<div class=\"elementor-shortcode\">\n<div class=\"wpcf7 no-js\" id=\"wpcf7-f6619-o1\" lang=\"es-ES\" dir=\"ltr\" data-wpcf7-id=\"6619\">\n<div class=\"screen-reader-response\"><p role=\"status\" aria-live=\"polite\" aria-atomic=\"true\"><\/p> <ul><\/ul><\/div>\n<form action=\"\/es\/wp-json\/wp\/v2\/pages\/7268#wpcf7-f6619-o1\" method=\"post\" class=\"wpcf7-form init\" aria-label=\"Formulario de contacto\" novalidate=\"novalidate\" data-status=\"init\">\n<fieldset class=\"hidden-fields-container\"><input type=\"hidden\" name=\"_wpcf7\" value=\"6619\" \/><input type=\"hidden\" name=\"_wpcf7_version\" value=\"6.1.2\" \/><input type=\"hidden\" name=\"_wpcf7_locale\" value=\"es_ES\" \/><input type=\"hidden\" name=\"_wpcf7_unit_tag\" value=\"wpcf7-f6619-o1\" \/><input type=\"hidden\" name=\"_wpcf7_container_post\" value=\"0\" \/><input type=\"hidden\" name=\"_wpcf7_posted_data_hash\" value=\"\" \/>\n<\/fieldset>\n<p><label><br \/>\n<span class=\"wpcf7-form-control-wrap\" data-name=\"your-name\"><input size=\"40\" maxlength=\"400\" class=\"wpcf7-form-control wpcf7-text wpcf7-validates-as-required\" autocomplete=\"name\" aria-required=\"true\" aria-invalid=\"false\" placeholder=\"Nombre y Apellidos\" value=\"\" type=\"text\" name=\"your-name\" \/><\/span> <\/label>\n<\/p>\n<p><label><br \/>\n<span class=\"wpcf7-form-control-wrap\" data-name=\"your-email\"><input size=\"40\" maxlength=\"400\" class=\"wpcf7-form-control wpcf7-email wpcf7-validates-as-required wpcf7-text wpcf7-validates-as-email\" autocomplete=\"email\" aria-required=\"true\" aria-invalid=\"false\" placeholder=\"Correo electr\u00f3nico\" value=\"\" type=\"email\" name=\"your-email\" \/><\/span> <\/label>\n<\/p>\n<p><label><br \/>\n<span class=\"wpcf7-form-control-wrap\" data-name=\"tel-748\"><input size=\"40\" maxlength=\"400\" class=\"wpcf7-form-control wpcf7-tel wpcf7-validates-as-required wpcf7-text wpcf7-validates-as-tel\" autocomplete=\"tel\" aria-required=\"true\" aria-invalid=\"false\" placeholder=\"Tel\u00e9fono\" value=\"\" type=\"tel\" name=\"tel-748\" \/><\/span><\/label>\n<\/p>\n<p><label><br \/>\n<span class=\"wpcf7-form-control-wrap\" data-name=\"select-971\"><select class=\"wpcf7-form-control wpcf7-select wpcf7-validates-as-required\" aria-required=\"true\" aria-invalid=\"false\" name=\"select-971\"><option value=\"\">Asunto<\/option><option value=\"Contacto\">Contacto<\/option><option value=\"Suelos contaminados\">Suelos contaminados<\/option><option value=\"Aguas residuales\">Aguas residuales<\/option><option value=\"Valorizaci\u00f3n\">Valorizaci\u00f3n<\/option><option value=\"I+D+i\">I+D+i<\/option><option value=\"Trabaja con nosotros\">Trabaja con nosotros<\/option><option value=\"Otros\">Otros<\/option><\/select><\/span><\/label>\n<\/p>\n<p><label><br \/>\n<span class=\"wpcf7-form-control-wrap\" data-name=\"your-message\"><textarea cols=\"40\" rows=\"2\" maxlength=\"2000\" class=\"wpcf7-form-control wpcf7-textarea\" aria-invalid=\"false\" placeholder=\"Mensaje\" name=\"your-message\"><\/textarea><\/span> <\/label>\n<\/p>\n<p><span id=\"wpcf7-69d001a6d572a-wrapper\" class=\"wpcf7-form-control-wrap honeypot-935-wrap\" style=\"display:none !important; visibility:hidden !important;\"><input type=\"hidden\" name=\"honeypot-935-time-start\" value=\"1775239590\"><input type=\"hidden\" name=\"honeypot-935-time-check\" value=\"7\"><label for=\"wpcf7-69d001a6d572a-field\" class=\"hp-message\">Por favor, deja este campo vac\u00edo.<\/label><input id=\"wpcf7-69d001a6d572a-field\"  class=\"wpcf7-form-control wpcf7-text\" type=\"text\" name=\"honeypot-935\" value=\"\" size=\"40\" tabindex=\"-1\" autocomplete=\"new-password\" \/><\/span>\n<\/p>\n<div class=\"privacy-div\">\n\t<p><span class=\"wpcf7-form-control-wrap\" data-name=\"acceptance-733\"><span class=\"wpcf7-form-control wpcf7-acceptance\"><span class=\"wpcf7-list-item\"><input type=\"checkbox\" name=\"acceptance-733\" value=\"1\" class=\"privacy-es\" id=\"privacy-es\" aria-invalid=\"false\" \/><\/span><\/span><\/span>He le\u00eddo y acepto la <a href=\"https:\/\/geoambient.cat\/es\/politica-de-privacidad\/\" target=\"_blank\" rel=\"noopener\">pol\u00edtica de privacidad<\/a> .\n\t<\/p>\n<\/div>\n<p><input class=\"wpcf7-form-control wpcf7-submit has-spinner\" type=\"submit\" value=\"Enviar\" \/>\n<\/p><div class=\"wpcf7-response-output\" aria-hidden=\"true\"><\/div>\n<\/form>\n<\/div>\n<\/div>\n\t\t\t\t\t\t<\/div>\n\t\t\t\t<\/div>\n\t\t\t\t\t<\/div>\n\t\t\t\t<\/div>\n\t\t\t\t<\/div>\n\t\t","protected":false},"excerpt":{"rendered":"<p>Sostenibilidad En GeoAmbient, la sostenibilidad es el n\u00facleo de nuestra filosof\u00eda y el motor que impulsa cada proyecto. Nos dedicamos a desarrollar soluciones innovadoras que minimicen el impacto ambiental y promuevan la regeneraci\u00f3n de los recursos naturales, con el compromiso de construir un futuro m\u00e1s limpio y equilibrado. Contacta Desde el a\u00f1o 2021, realizamos el c\u00e1lculo de nuestra huella de carbono utilizando la herramienta del MITERD, que nos permite evaluar nuestras emisiones de gases de efecto invernadero (GEI) en los alcances 1 y 2 y dise\u00f1ar planes de mejora para reducirlas. Adem\u00e1s, somos miembros del programa de \u00abAcords Voluntaris\u00ab, una iniciativa de la Generalitat de Catalunya que apoya y reconoce a las organizaciones comprometidas con la reducci\u00f3n de sus emisiones m\u00e1s all\u00e1 de las obligaciones legales. Este programa fomenta la transparencia y el desarrollo de medidas sostenibles, reforzando nuestro compromiso con la reducci\u00f3n del impacto clim\u00e1tico. Movilidad El\u00e9ctrica: Un paso m\u00e1s hacia la Sostenibilidad En GeoAmbient reducimos nuestra huella de carbono con acciones concretas, como la incorporaci\u00f3n de veh\u00edculos el\u00e9ctricos a la flota. Esta medida, con el apoyo del programa MOVES III y los fondos Next Generation de la UE, impulsa la transici\u00f3n hacia una movilidad m\u00e1s limpia y eficiente. Actualmente, la flota de GeoAmbient dispone de m\u00e1s del 50% de veh\u00edculos 100% el\u00e9ctricos. Continuamos avanzando hacia un futuro m\u00e1s verde, donde cada acci\u00f3n contribuye al bienestar del medio ambiente y de la sociedad. Contacta amb nosaltres<\/p>\n","protected":false},"author":1,"featured_media":2558,"parent":0,"menu_order":0,"comment_status":"closed","ping_status":"closed","template":"elementor_canvas","meta":{"footnotes":""},"class_list":["post-7268","page","type-page","status-publish","has-post-thumbnail","hentry"],"acf":[],"_links":{"self":[{"href":"https:\/\/geoambient.cat\/es\/wp-json\/wp\/v2\/pages\/7268","targetHints":{"allow":["GET"]}}],"collection":[{"href":"https:\/\/geoambient.cat\/es\/wp-json\/wp\/v2\/pages"}],"about":[{"href":"https:\/\/geoambient.cat\/es\/wp-json\/wp\/v2\/types\/page"}],"author":[{"embeddable":true,"href":"https:\/\/geoambient.cat\/es\/wp-json\/wp\/v2\/users\/1"}],"replies":[{"embeddable":true,"href":"https:\/\/geoambient.cat\/es\/wp-json\/wp\/v2\/comments?post=7268"}],"version-history":[{"count":10,"href":"https:\/\/geoambient.cat\/es\/wp-json\/wp\/v2\/pages\/7268\/revisions"}],"predecessor-version":[{"id":8118,"href":"https:\/\/geoambient.cat\/es\/wp-json\/wp\/v2\/pages\/7268\/revisions\/8118"}],"wp:featuredmedia":[{"embeddable":true,"href":"https:\/\/geoambient.cat\/es\/wp-json\/wp\/v2\/media\/2558"}],"wp:attachment":[{"href":"https:\/\/geoambient.cat\/es\/wp-json\/wp\/v2\/media?parent=7268"}],"curies":[{"name":"wp","href":"https:\/\/api.w.org\/{rel}","templated":true}]}}