{"id":7248,"date":"2025-07-28T15:51:23","date_gmt":"2025-07-28T15:51:23","guid":{"rendered":"https:\/\/geoambient.cat\/?page_id=7248"},"modified":"2025-09-04T11:23:28","modified_gmt":"2025-09-04T11:23:28","slug":"medio-ambiente","status":"publish","type":"page","link":"https:\/\/geoambient.cat\/es\/medio-ambiente\/","title":{"rendered":"Medio ambiente"},"content":{"rendered":"\t\t<div data-elementor-type=\"wp-page\" data-elementor-id=\"7248\" class=\"elementor elementor-7248 elementor-7258\">\n\t\t\t\t<div class=\"elementor-element elementor-element-d8a65de sld e-flex e-con-boxed wpr-jarallax-no wpr-parallax-no wpr-sticky-section-no e-con e-parent\" data-id=\"d8a65de\" data-element_type=\"container\" id=\"sld\" data-settings=\"{&quot;background_background&quot;:&quot;video&quot;,&quot;background_play_on_mobile&quot;:&quot;yes&quot;,&quot;background_video_link&quot;:&quot;\\\/wp-content\\\/uploads\\\/2025\\\/09\\\/MediAmbient.mp4&quot;}\">\n\t\t\t\t\t<div class=\"e-con-inner\">\n\t\t<div class=\"elementor-background-video-container\" aria-hidden=\"true\">\n\t\t\t\t\t\t\t<video class=\"elementor-background-video-hosted\" autoplay muted playsinline loop><\/video>\n\t\t\t\t\t<\/div>\t\t<div class=\"elementor-element elementor-element-1b201e4 elementor-invisible elementor-widget elementor-widget-heading\" data-id=\"1b201e4\" data-element_type=\"widget\" data-settings=\"{&quot;_animation&quot;:&quot;fadeIn&quot;}\" data-widget_type=\"heading.default\">\n\t\t\t\t<div class=\"elementor-widget-container\">\n\t\t\t\t\t<h1 class=\"elementor-heading-title elementor-size-default\">Medio ambiente<\/h1>\t\t\t\t<\/div>\n\t\t\t\t<\/div>\n\t\t\t\t\t<\/div>\n\t\t\t\t<\/div>\n\t\t<div class=\"elementor-element elementor-element-16c7546 e-flex e-con-boxed wpr-jarallax-no wpr-parallax-no wpr-sticky-section-no e-con e-parent\" data-id=\"16c7546\" data-element_type=\"container\">\n\t\t\t\t\t<div class=\"e-con-inner\">\n\t\t<div class=\"elementor-element elementor-element-568e15c e-flex e-con-boxed wpr-jarallax-no wpr-parallax-no wpr-sticky-section-no elementor-invisible e-con e-child\" data-id=\"568e15c\" data-element_type=\"container\" data-settings=\"{&quot;animation&quot;:&quot;fadeIn&quot;,&quot;animation_mobile&quot;:&quot;fadeIn&quot;}\">\n\t\t\t\t\t<div class=\"e-con-inner\">\n\t\t\t\t<div class=\"elementor-element elementor-element-1f59efd elementor-invisible elementor-widget elementor-widget-image\" data-id=\"1f59efd\" data-element_type=\"widget\" data-settings=\"{&quot;_animation&quot;:&quot;fadeIn&quot;,&quot;_animation_mobile&quot;:&quot;none&quot;}\" data-widget_type=\"image.default\">\n\t\t\t\t<div class=\"elementor-widget-container\">\n\t\t\t\t\t\t\t\t\t\t\t\t\t\t\t<img fetchpriority=\"high\" decoding=\"async\" width=\"2560\" height=\"1447\" src=\"https:\/\/geoambient.cat\/wp-content\/uploads\/2025\/05\/Lombricompostage-GA-scaled.png\" class=\"attachment-full size-full wp-image-5122\" alt=\"\" srcset=\"https:\/\/geoambient.cat\/wp-content\/uploads\/2025\/05\/Lombricompostage-GA-scaled.png 2560w, https:\/\/geoambient.cat\/wp-content\/uploads\/2025\/05\/Lombricompostage-GA-300x170.png 300w, https:\/\/geoambient.cat\/wp-content\/uploads\/2025\/05\/Lombricompostage-GA-1024x579.png 1024w, https:\/\/geoambient.cat\/wp-content\/uploads\/2025\/05\/Lombricompostage-GA-768x434.png 768w, https:\/\/geoambient.cat\/wp-content\/uploads\/2025\/05\/Lombricompostage-GA-1536x868.png 1536w, https:\/\/geoambient.cat\/wp-content\/uploads\/2025\/05\/Lombricompostage-GA-2048x1158.png 2048w\" sizes=\"(max-width: 2560px) 100vw, 2560px\" \/>\t\t\t\t\t\t\t\t\t\t\t\t\t\t\t<\/div>\n\t\t\t\t<\/div>\n\t\t\t\t\t<\/div>\n\t\t\t\t<\/div>\n\t\t<div class=\"elementor-element elementor-element-24b18e7 e-flex e-con-boxed wpr-jarallax-no wpr-parallax-no wpr-sticky-section-no elementor-invisible e-con e-child\" data-id=\"24b18e7\" data-element_type=\"container\" data-settings=\"{&quot;animation&quot;:&quot;fadeIn&quot;,&quot;animation_mobile&quot;:&quot;fadeIn&quot;}\">\n\t\t\t\t\t<div class=\"e-con-inner\">\n\t\t\t\t<div class=\"elementor-element elementor-element-1e3688d elementor-widget elementor-widget-text-editor\" data-id=\"1e3688d\" data-element_type=\"widget\" data-widget_type=\"text-editor.default\">\n\t\t\t\t<div class=\"elementor-widget-container\">\n\t\t\t\t\t\t\t\t\t<p>En <strong>GeoAmbient<\/strong>, la sostenibilidad y el respeto por el medio ambiente son fundamentales en todo lo que hacemos, por ello contamos con un sistema de gesti\u00f3n ambiental certificado bajo la norma <strong>ISO 14001<\/strong>, lo que respalda nuestro compromiso con la protecci\u00f3n del medio ambiente y la mejora continua en nuestras operaciones.<\/p>\t\t\t\t\t\t\t\t<\/div>\n\t\t\t\t<\/div>\n\t\t\t\t\t<\/div>\n\t\t\t\t<\/div>\n\t\t\t\t\t<\/div>\n\t\t\t\t<\/div>\n\t\t<div class=\"elementor-element elementor-element-dafcc77 e-flex e-con-boxed wpr-jarallax-no wpr-parallax-no wpr-sticky-section-no e-con e-parent\" data-id=\"dafcc77\" data-element_type=\"container\" data-settings=\"{&quot;background_background&quot;:&quot;classic&quot;}\">\n\t\t\t\t\t<div class=\"e-con-inner\">\n\t\t<div class=\"elementor-element elementor-element-861f3f5 e-flex e-con-boxed wpr-jarallax-no wpr-parallax-no wpr-sticky-section-no elementor-invisible e-con e-child\" data-id=\"861f3f5\" data-element_type=\"container\" data-settings=\"{&quot;background_background&quot;:&quot;classic&quot;,&quot;animation&quot;:&quot;fadeInUp&quot;,&quot;animation_delay&quot;:500}\">\n\t\t\t\t\t<div class=\"e-con-inner\">\n\t\t\t\t<div class=\"elementor-element elementor-element-d1adf08 elementor-widget elementor-widget-text-editor\" data-id=\"d1adf08\" data-element_type=\"widget\" data-widget_type=\"text-editor.default\">\n\t\t\t\t<div class=\"elementor-widget-container\">\n\t\t\t\t\t\t\t\t\t<p>Puedes consultar nuestro certificado <a href=\"https:\/\/geoambient.cat\/wp-content\/uploads\/2025\/05\/34_5400_24_07228_GEOAMBIENT_CONSULTORIA_GEOLOGICA_CAST.pdf\" target=\"_blank\" rel=\"noopener\"><strong>ISO 14001<\/strong><\/a> y nuestra <a href=\"https:\/\/geoambient.cat\/wp-content\/uploads\/2025\/05\/RMC04-Politica_Rev1.pdf\" target=\"_blank\" rel=\"noopener\"><strong>pol\u00edtica de calidad y medio ambiente<\/strong><\/a> en los siguientes enlaces.<\/p>\t\t\t\t\t\t\t\t<\/div>\n\t\t\t\t<\/div>\n\t\t\t\t\t<\/div>\n\t\t\t\t<\/div>\n\t\t<div class=\"elementor-element elementor-element-83d54b7 e-grid e-con-full wpr-jarallax-no wpr-parallax-no wpr-sticky-section-no e-con e-child\" data-id=\"83d54b7\" data-element_type=\"container\">\n\t\t\t\t<div class=\"elementor-element elementor-element-25adc10 wpr-button-icon-style-inline wpr-button-icon-position-right elementor-widget elementor-widget-wpr-button\" data-id=\"25adc10\" data-element_type=\"widget\" data-widget_type=\"wpr-button.default\">\n\t\t\t\t<div class=\"elementor-widget-container\">\n\t\t\t\t\t\t\n\t\t\t\n\t\t\n\t\t<div class=\"wpr-button-wrap elementor-clearfix\">\n\t\t<a class=\"wpr-button wpr-button-effect wpr-button-bounce-to-bottom\" data-text=\"\" href=\"https:\/\/geoambient.cat\/wp-content\/uploads\/2025\/05\/34_5400_24_07228_GEOAMBIENT_CONSULTORIA_GEOLOGICA_CAST.pdf\" target=\"_blank\" nofollow=\"\">\n\t\t\t\n\t\t\t<span class=\"wpr-button-content\">\n\t\t\t\t\t\t\t\t\t<span class=\"wpr-button-text\">Ver Certificado ISO 14001<\/span>\n\t\t\t\t\t\t\t\t\n\t\t\t\t\t\t\t<\/span>\n\t\t<\/a>\n\n\t\t\t\t<\/div>\n\t\n\t\n\t\t\t\t\t<\/div>\n\t\t\t\t<\/div>\n\t\t\t\t<div class=\"elementor-element elementor-element-ee63de3 wpr-button-icon-style-inline wpr-button-icon-position-right elementor-widget elementor-widget-wpr-button\" data-id=\"ee63de3\" data-element_type=\"widget\" data-widget_type=\"wpr-button.default\">\n\t\t\t\t<div class=\"elementor-widget-container\">\n\t\t\t\t\t\t\n\t\t\t\n\t\t\n\t\t<div class=\"wpr-button-wrap elementor-clearfix\">\n\t\t<a class=\"wpr-button wpr-button-effect wpr-button-bounce-to-bottom\" data-text=\"\" href=\"https:\/\/geoambient.cat\/wp-content\/uploads\/2025\/05\/RMC04-Politica_Rev1.pdf\" target=\"_blank\" nofollow=\"\">\n\t\t\t\n\t\t\t<span class=\"wpr-button-content\">\n\t\t\t\t\t\t\t\t\t<span class=\"wpr-button-text\">Ver Pol\u00edtica de Calidad y Medio ambiente<\/span>\n\t\t\t\t\t\t\t\t\n\t\t\t\t\t\t\t<\/span>\n\t\t<\/a>\n\n\t\t\t\t<\/div>\n\t\n\t\n\t\t\t\t\t<\/div>\n\t\t\t\t<\/div>\n\t\t\t\t<\/div>\n\t\t\t\t\t<\/div>\n\t\t\t\t<\/div>\n\t\t<div class=\"elementor-element elementor-element-80976e5 e-flex e-con-boxed wpr-jarallax-no wpr-parallax-no wpr-sticky-section-no e-con e-parent\" data-id=\"80976e5\" data-element_type=\"container\">\n\t\t\t\t\t<div class=\"e-con-inner\">\n\t\t<div class=\"elementor-element elementor-element-f1ba428 e-flex e-con-boxed wpr-jarallax-no wpr-parallax-no wpr-sticky-section-no elementor-invisible e-con e-child\" data-id=\"f1ba428\" data-element_type=\"container\" data-settings=\"{&quot;animation&quot;:&quot;fadeIn&quot;,&quot;animation_mobile&quot;:&quot;fadeIn&quot;}\">\n\t\t\t\t\t<div class=\"e-con-inner\">\n\t\t\t\t<div class=\"elementor-element elementor-element-2a69c3b elementor-widget elementor-widget-text-editor\" data-id=\"2a69c3b\" data-element_type=\"widget\" data-widget_type=\"text-editor.default\">\n\t\t\t\t<div class=\"elementor-widget-container\">\n\t\t\t\t\t\t\t\t\t<p>Esta certificaci\u00f3n garantiza que nuestras actividades cumplen con los m\u00e1s altos est\u00e1ndares internacionales en materia de sostenibilidad, minimizando el impacto ambiental y promoviendo pr\u00e1cticas responsables en todos nuestros proyectos.<\/p><p>Adoptar la norma <strong>ISO 14001<\/strong> implica un enfoque riguroso para identificar, gestionar y mitigar los riesgos ambientales, asegurando que nuestras actividades no solo cumplen con las normativas vigentes, sino que tambi\u00e9n se alinean con las mejores pr\u00e1cticas globales. Este sistema nos permite seguir mejorando en nuestro compromiso de reducir el impacto ambiental, cumplir con los requisitos legales y contribuir a la sostenibilidad a largo plazo.<\/p>\t\t\t\t\t\t\t\t<\/div>\n\t\t\t\t<\/div>\n\t\t\t\t<div class=\"elementor-element elementor-element-189bfc3 elementor-widget elementor-widget-text-editor\" data-id=\"189bfc3\" data-element_type=\"widget\" data-widget_type=\"text-editor.default\">\n\t\t\t\t<div class=\"elementor-widget-container\">\n\t\t\t\t\t\t\t\t\t<p><span data-contrast=\"auto\">Entre las principales acciones llevadas a cabo, se encuentran la implementaci\u00f3n de medidas de eficiencia y ahorro de consumos, as\u00ed como, la reducci\u00f3n y valorizaci\u00f3n de los residuos:<\/span><span data-ccp-props=\"{&quot;335551550&quot;:6,&quot;335551620&quot;:6}\">\u00a0<\/span><\/p><ul><li aria-setsize=\"-1\" data-leveltext=\"-\" data-font=\"Calibri\" data-listid=\"2\" data-list-defn-props=\"{&quot;335551671&quot;:0,&quot;335552541&quot;:1,&quot;335559685&quot;:720,&quot;335559991&quot;:360,&quot;469769226&quot;:&quot;Calibri&quot;,&quot;469769242&quot;:[8226],&quot;469777803&quot;:&quot;left&quot;,&quot;469777804&quot;:&quot;-&quot;,&quot;469777815&quot;:&quot;hybridMultilevel&quot;}\" data-aria-posinset=\"0\" data-aria-level=\"1\"><span data-contrast=\"auto\">Gracias a la instalaci\u00f3n del vermicompostaje hemos conseguido valorizar hasta un 80 % de nuestros residuos org\u00e1nicos.\u00a0<\/span><span data-ccp-props=\"{&quot;335551550&quot;:6,&quot;335551620&quot;:6}\">\u00a0<\/span><\/li><\/ul><ul><li aria-setsize=\"-1\" data-leveltext=\"-\" data-font=\"Calibri\" data-listid=\"2\" data-list-defn-props=\"{&quot;335551671&quot;:0,&quot;335552541&quot;:1,&quot;335559685&quot;:720,&quot;335559991&quot;:360,&quot;469769226&quot;:&quot;Calibri&quot;,&quot;469769242&quot;:[8226],&quot;469777803&quot;:&quot;left&quot;,&quot;469777804&quot;:&quot;-&quot;,&quot;469777815&quot;:&quot;hybridMultilevel&quot;}\" data-aria-posinset=\"1\" data-aria-level=\"1\"><span data-contrast=\"auto\">Con la sustituci\u00f3n de envases de un solo uso hemos conseguido una reducci\u00f3n de m\u00e1s del 50 % del volumen de envases a reciclar.<\/span><span data-ccp-props=\"{&quot;335551550&quot;:6,&quot;335551620&quot;:6}\">\u00a0<\/span><\/li><\/ul>\t\t\t\t\t\t\t\t<\/div>\n\t\t\t\t<\/div>\n\t\t\t\t\t<\/div>\n\t\t\t\t<\/div>\n\t\t<div class=\"elementor-element elementor-element-4751190 e-flex e-con-boxed wpr-jarallax-no wpr-parallax-no wpr-sticky-section-no elementor-invisible e-con e-child\" data-id=\"4751190\" data-element_type=\"container\" data-settings=\"{&quot;animation&quot;:&quot;fadeIn&quot;,&quot;animation_mobile&quot;:&quot;fadeIn&quot;}\">\n\t\t\t\t\t<div class=\"e-con-inner\">\n\t\t\t\t<div class=\"elementor-element elementor-element-ff0ba07 elementor-invisible elementor-widget elementor-widget-image\" data-id=\"ff0ba07\" data-element_type=\"widget\" data-settings=\"{&quot;_animation&quot;:&quot;fadeIn&quot;,&quot;_animation_mobile&quot;:&quot;none&quot;}\" data-widget_type=\"image.default\">\n\t\t\t\t<div class=\"elementor-widget-container\">\n\t\t\t\t\t\t\t\t\t\t\t\t\t\t\t<img decoding=\"async\" width=\"500\" height=\"692\" src=\"https:\/\/geoambient.cat\/wp-content\/uploads\/2025\/05\/net-zero.jpg\" class=\"attachment-full size-full wp-image-5118\" alt=\"\" srcset=\"https:\/\/geoambient.cat\/wp-content\/uploads\/2025\/05\/net-zero.jpg 500w, https:\/\/geoambient.cat\/wp-content\/uploads\/2025\/05\/net-zero-217x300.jpg 217w\" sizes=\"(max-width: 500px) 100vw, 500px\" \/>\t\t\t\t\t\t\t\t\t\t\t\t\t\t\t<\/div>\n\t\t\t\t<\/div>\n\t\t\t\t\t<\/div>\n\t\t\t\t<\/div>\n\t\t\t\t\t<\/div>\n\t\t\t\t<\/div>\n\t\t\t\t<\/div>\n\t\t","protected":false},"excerpt":{"rendered":"<p>Medio ambiente En GeoAmbient, la sostenibilidad y el respeto por el medio ambiente son fundamentales en todo lo que hacemos, por ello contamos con un sistema de gesti\u00f3n ambiental certificado bajo la norma ISO 14001, lo que respalda nuestro compromiso con la protecci\u00f3n del medio ambiente y la mejora continua en nuestras operaciones. Puedes consultar nuestro certificado ISO 14001 y nuestra pol\u00edtica de calidad y medio ambiente en los siguientes enlaces. Ver Certificado ISO 14001 Ver Pol\u00edtica de Calidad y Medio ambiente Esta certificaci\u00f3n garantiza que nuestras actividades cumplen con los m\u00e1s altos est\u00e1ndares internacionales en materia de sostenibilidad, minimizando el impacto ambiental y promoviendo pr\u00e1cticas responsables en todos nuestros proyectos. Adoptar la norma ISO 14001 implica un enfoque riguroso para identificar, gestionar y mitigar los riesgos ambientales, asegurando que nuestras actividades no solo cumplen con las normativas vigentes, sino que tambi\u00e9n se alinean con las mejores pr\u00e1cticas globales. Este sistema nos permite seguir mejorando en nuestro compromiso de reducir el impacto ambiental, cumplir con los requisitos legales y contribuir a la sostenibilidad a largo plazo. Entre las principales acciones llevadas a cabo, se encuentran la implementaci\u00f3n de medidas de eficiencia y ahorro de consumos, as\u00ed como, la reducci\u00f3n y valorizaci\u00f3n de los residuos:\u00a0 Gracias a la instalaci\u00f3n del vermicompostaje hemos conseguido valorizar hasta un 80 % de nuestros residuos org\u00e1nicos.\u00a0\u00a0 Con la sustituci\u00f3n de envases de un solo uso hemos conseguido una reducci\u00f3n de m\u00e1s del 50 % del volumen de envases a reciclar.\u00a0<\/p>\n","protected":false},"author":1,"featured_media":2558,"parent":0,"menu_order":0,"comment_status":"closed","ping_status":"closed","template":"elementor_canvas","meta":{"footnotes":""},"class_list":["post-7248","page","type-page","status-publish","has-post-thumbnail","hentry"],"acf":[],"_links":{"self":[{"href":"https:\/\/geoambient.cat\/es\/wp-json\/wp\/v2\/pages\/7248","targetHints":{"allow":["GET"]}}],"collection":[{"href":"https:\/\/geoambient.cat\/es\/wp-json\/wp\/v2\/pages"}],"about":[{"href":"https:\/\/geoambient.cat\/es\/wp-json\/wp\/v2\/types\/page"}],"author":[{"embeddable":true,"href":"https:\/\/geoambient.cat\/es\/wp-json\/wp\/v2\/users\/1"}],"replies":[{"embeddable":true,"href":"https:\/\/geoambient.cat\/es\/wp-json\/wp\/v2\/comments?post=7248"}],"version-history":[{"count":7,"href":"https:\/\/geoambient.cat\/es\/wp-json\/wp\/v2\/pages\/7248\/revisions"}],"predecessor-version":[{"id":8038,"href":"https:\/\/geoambient.cat\/es\/wp-json\/wp\/v2\/pages\/7248\/revisions\/8038"}],"wp:featuredmedia":[{"embeddable":true,"href":"https:\/\/geoambient.cat\/es\/wp-json\/wp\/v2\/media\/2558"}],"wp:attachment":[{"href":"https:\/\/geoambient.cat\/es\/wp-json\/wp\/v2\/media?parent=7248"}],"curies":[{"name":"wp","href":"https:\/\/api.w.org\/{rel}","templated":true}]}}