{"id":7212,"date":"2025-07-28T09:16:56","date_gmt":"2025-07-28T09:16:56","guid":{"rendered":"https:\/\/geoambient.cat\/?page_id=7212"},"modified":"2025-07-28T09:15:45","modified_gmt":"2025-07-28T09:15:45","slug":"seguridad-y-salud","status":"publish","type":"page","link":"https:\/\/geoambient.cat\/es\/seguridad-y-salud\/","title":{"rendered":"Seguridad y salud"},"content":{"rendered":"\t\t<div data-elementor-type=\"wp-page\" data-elementor-id=\"7212\" class=\"elementor elementor-7212 elementor-7222\">\n\t\t\t\t<div class=\"elementor-element elementor-element-d8a65de sld e-flex e-con-boxed wpr-jarallax-no wpr-parallax-no wpr-sticky-section-no e-con e-parent\" data-id=\"d8a65de\" data-element_type=\"container\" id=\"sld\" data-settings=\"{&quot;background_background&quot;:&quot;video&quot;,&quot;background_play_on_mobile&quot;:&quot;yes&quot;,&quot;background_video_link&quot;:&quot;\\\/wp-content\\\/themes\\\/geoambient-kit-child\\\/Videos\\\/rse\\\/Seguritat_i_salut_1.mp4&quot;}\">\n\t\t\t\t\t<div class=\"e-con-inner\">\n\t\t<div class=\"elementor-background-video-container\" aria-hidden=\"true\">\n\t\t\t\t\t\t\t<video class=\"elementor-background-video-hosted\" autoplay muted playsinline loop><\/video>\n\t\t\t\t\t<\/div>\t\t<div class=\"elementor-element elementor-element-1b201e4 elementor-invisible elementor-widget elementor-widget-heading\" data-id=\"1b201e4\" data-element_type=\"widget\" data-settings=\"{&quot;_animation&quot;:&quot;fadeIn&quot;}\" data-widget_type=\"heading.default\">\n\t\t\t\t<div class=\"elementor-widget-container\">\n\t\t\t\t\t<h1 class=\"elementor-heading-title elementor-size-default\">Seguridad y salud<\/h1>\t\t\t\t<\/div>\n\t\t\t\t<\/div>\n\t\t\t\t\t<\/div>\n\t\t\t\t<\/div>\n\t\t<div class=\"elementor-element elementor-element-16c7546 e-flex e-con-boxed wpr-jarallax-no wpr-parallax-no wpr-sticky-section-no e-con e-parent\" data-id=\"16c7546\" data-element_type=\"container\">\n\t\t\t\t\t<div class=\"e-con-inner\">\n\t\t<div class=\"elementor-element elementor-element-568e15c e-flex e-con-boxed wpr-jarallax-no wpr-parallax-no wpr-sticky-section-no elementor-invisible e-con e-child\" data-id=\"568e15c\" data-element_type=\"container\" data-settings=\"{&quot;animation&quot;:&quot;fadeIn&quot;,&quot;animation_mobile&quot;:&quot;fadeIn&quot;}\">\n\t\t\t\t\t<div class=\"e-con-inner\">\n\t\t\t\t<div class=\"elementor-element elementor-element-1f59efd elementor-invisible elementor-widget elementor-widget-image\" data-id=\"1f59efd\" data-element_type=\"widget\" data-settings=\"{&quot;_animation&quot;:&quot;fadeIn&quot;,&quot;_animation_mobile&quot;:&quot;none&quot;}\" data-widget_type=\"image.default\">\n\t\t\t\t<div class=\"elementor-widget-container\">\n\t\t\t\t\t\t\t\t\t\t\t\t\t\t\t<img fetchpriority=\"high\" decoding=\"async\" width=\"2000\" height=\"1500\" src=\"https:\/\/geoambient.cat\/wp-content\/uploads\/2025\/05\/seguretat-i-salut-2.jpg\" class=\"attachment-full size-full wp-image-5038\" alt=\"\" srcset=\"https:\/\/geoambient.cat\/wp-content\/uploads\/2025\/05\/seguretat-i-salut-2.jpg 2000w, https:\/\/geoambient.cat\/wp-content\/uploads\/2025\/05\/seguretat-i-salut-2-300x225.jpg 300w, https:\/\/geoambient.cat\/wp-content\/uploads\/2025\/05\/seguretat-i-salut-2-1024x768.jpg 1024w, https:\/\/geoambient.cat\/wp-content\/uploads\/2025\/05\/seguretat-i-salut-2-768x576.jpg 768w, https:\/\/geoambient.cat\/wp-content\/uploads\/2025\/05\/seguretat-i-salut-2-1536x1152.jpg 1536w\" sizes=\"(max-width: 2000px) 100vw, 2000px\" \/>\t\t\t\t\t\t\t\t\t\t\t\t\t\t\t<\/div>\n\t\t\t\t<\/div>\n\t\t\t\t\t<\/div>\n\t\t\t\t<\/div>\n\t\t<div class=\"elementor-element elementor-element-24b18e7 e-flex e-con-boxed wpr-jarallax-no wpr-parallax-no wpr-sticky-section-no elementor-invisible e-con e-child\" data-id=\"24b18e7\" data-element_type=\"container\" data-settings=\"{&quot;animation&quot;:&quot;fadeIn&quot;,&quot;animation_mobile&quot;:&quot;fadeIn&quot;}\">\n\t\t\t\t\t<div class=\"e-con-inner\">\n\t\t\t\t<div class=\"elementor-element elementor-element-9b63294 elementor-widget elementor-widget-text-editor\" data-id=\"9b63294\" data-element_type=\"widget\" data-widget_type=\"text-editor.default\">\n\t\t\t\t<div class=\"elementor-widget-container\">\n\t\t\t\t\t\t\t\t\t<p>En <strong>GeoAmbient<\/strong>, la <strong>seguridad y salud en el trabajo<\/strong> son valores fundamentales y una prioridad constante. Nos comprometemos a garantizar entornos laborales seguros y saludables para todos nuestros trabajadores, promoviendo la prevenci\u00f3n, la formaci\u00f3n y la sensibilizaci\u00f3n en materia de seguridad laboral.<\/p><p>Contamos con un s\u00f3lido <strong>Sistema de Gesti\u00f3n de la Seguridad<\/strong> y<strong> Salud Laboral<\/strong>, dise\u00f1ado para fomentar la mejora continua. Este sistema se basa en la formaci\u00f3n y sensibilizaci\u00f3n de nuestros equipos, la identificaci\u00f3n de riesgos y la gesti\u00f3n de accidentes e incidentes. Nuestro objetivo es analizar las causas, implementar medidas correctivas y evitar que se repitan en el futuro, asegurando una cultura de seguridad dentro de toda la organizaci\u00f3n.<\/p>\t\t\t\t\t\t\t\t<\/div>\n\t\t\t\t<\/div>\n\t\t\t\t\t<\/div>\n\t\t\t\t<\/div>\n\t\t\t\t\t<\/div>\n\t\t\t\t<\/div>\n\t\t<div class=\"elementor-element elementor-element-c4e4d9b e-flex e-con-boxed wpr-jarallax-no wpr-parallax-no wpr-sticky-section-no e-con e-parent\" data-id=\"c4e4d9b\" data-element_type=\"container\" data-settings=\"{&quot;background_background&quot;:&quot;classic&quot;}\">\n\t\t\t\t\t<div class=\"e-con-inner\">\n\t\t<div class=\"elementor-element elementor-element-b057174 e-flex e-con-boxed wpr-jarallax-no wpr-parallax-no wpr-sticky-section-no elementor-invisible e-con e-child\" data-id=\"b057174\" data-element_type=\"container\" data-settings=\"{&quot;background_background&quot;:&quot;classic&quot;,&quot;animation&quot;:&quot;fadeInUp&quot;,&quot;animation_delay&quot;:500}\">\n\t\t\t\t\t<div class=\"e-con-inner\">\n\t\t\t\t<div class=\"elementor-element elementor-element-c4868f6 elementor-widget elementor-widget-text-editor\" data-id=\"c4868f6\" data-element_type=\"widget\" data-widget_type=\"text-editor.default\">\n\t\t\t\t<div class=\"elementor-widget-container\">\n\t\t\t\t\t\t\t\t\t<p>En <strong>GeoAmbient<\/strong>, asumimos la seguridad no solo como un compromiso, sino como una responsabilidad que gu\u00eda todas nuestras acciones y garantiza el bienestar de quienes forman parte de nuestra empresa.<\/p>\t\t\t\t\t\t\t\t<\/div>\n\t\t\t\t<\/div>\n\t\t\t\t\t<\/div>\n\t\t\t\t<\/div>\n\t\t\t\t\t<\/div>\n\t\t\t\t<\/div>\n\t\t<div class=\"elementor-element elementor-element-caede0f e-flex e-con-boxed wpr-jarallax-no wpr-parallax-no wpr-sticky-section-no e-con e-parent\" data-id=\"caede0f\" data-element_type=\"container\">\n\t\t\t\t\t<div class=\"e-con-inner\">\n\t\t<div class=\"elementor-element elementor-element-44b7732 e-con-full e-flex wpr-jarallax-no wpr-parallax-no wpr-sticky-section-no elementor-invisible e-con e-child\" data-id=\"44b7732\" data-element_type=\"container\" data-settings=\"{&quot;animation&quot;:&quot;fadeIn&quot;,&quot;animation_mobile&quot;:&quot;fadeIn&quot;}\">\n\t\t\t\t<div class=\"elementor-element elementor-element-6244b01 elementor-invisible elementor-widget elementor-widget-image\" data-id=\"6244b01\" data-element_type=\"widget\" data-settings=\"{&quot;_animation&quot;:&quot;fadeIn&quot;,&quot;_animation_mobile&quot;:&quot;none&quot;}\" data-widget_type=\"image.default\">\n\t\t\t\t<div class=\"elementor-widget-container\">\n\t\t\t\t\t\t\t\t\t\t\t\t\t\t\t<img decoding=\"async\" width=\"768\" height=\"1024\" src=\"https:\/\/geoambient.cat\/wp-content\/uploads\/2025\/05\/Sant-Adria-Besos-2020-768x1024.jpg\" class=\"attachment-large size-large wp-image-1893\" alt=\"\" srcset=\"https:\/\/geoambient.cat\/wp-content\/uploads\/2025\/05\/Sant-Adria-Besos-2020-768x1024.jpg 768w, https:\/\/geoambient.cat\/wp-content\/uploads\/2025\/05\/Sant-Adria-Besos-2020-225x300.jpg 225w, https:\/\/geoambient.cat\/wp-content\/uploads\/2025\/05\/Sant-Adria-Besos-2020.jpg 864w\" sizes=\"(max-width: 768px) 100vw, 768px\" \/>\t\t\t\t\t\t\t\t\t\t\t\t\t\t\t<\/div>\n\t\t\t\t<\/div>\n\t\t\t\t<\/div>\n\t\t<div class=\"elementor-element elementor-element-f0cab47 e-con-full e-flex wpr-jarallax-no wpr-parallax-no wpr-sticky-section-no elementor-invisible e-con e-child\" data-id=\"f0cab47\" data-element_type=\"container\" data-settings=\"{&quot;animation&quot;:&quot;fadeIn&quot;,&quot;animation_mobile&quot;:&quot;fadeIn&quot;}\">\n\t\t\t\t<div class=\"elementor-element elementor-element-1254e90 elementor-widget elementor-widget-heading\" data-id=\"1254e90\" data-element_type=\"widget\" data-widget_type=\"heading.default\">\n\t\t\t\t<div class=\"elementor-widget-container\">\n\t\t\t\t\t<h2 class=\"elementor-heading-title elementor-size-default\">GeoAmbient desde 2003<\/h2>\t\t\t\t<\/div>\n\t\t\t\t<\/div>\n\t\t\t\t<div class=\"elementor-element elementor-element-bf1ebeb elementor-widget elementor-widget-heading\" data-id=\"bf1ebeb\" data-element_type=\"widget\" data-widget_type=\"heading.default\">\n\t\t\t\t<div class=\"elementor-widget-container\">\n\t\t\t\t\t<h3 class=\"elementor-heading-title elementor-size-default\">M\u00e1s de 20 a\u00f1os de experiencia<\/h3>\t\t\t\t<\/div>\n\t\t\t\t<\/div>\n\t\t\t\t<div class=\"elementor-element elementor-element-9cfdec6 elementor-widget elementor-widget-text-editor\" data-id=\"9cfdec6\" data-element_type=\"widget\" data-widget_type=\"text-editor.default\">\n\t\t\t\t<div class=\"elementor-widget-container\">\n\t\t\t\t\t\t\t\t\t<p>Empresa de ingenier\u00eda y ejecuci\u00f3n de proyectos ambientales, <strong>GeoAmbient<\/strong> trabaja para satisfacer vuestras necesidades en los \u00e1mbitos de la investigaci\u00f3n y la descontaminaci\u00f3n del subsuelo, el tratamiento de aguas residuales y la valorizaci\u00f3n de tierras y residuos.<\/p><p>Fruto del esp\u00edritu emprendedor de <strong>GeoAmbient<\/strong> desde sus inicios, y gracias a nuestro sistema integral de gesti\u00f3n<strong><a href=\"\/qualitat\/\"> de calidad<\/a><\/strong> y ambiental, actualmente trabajamos en toda la pen\u00ednsula Ib\u00e9rica y sus islas, tanto para el sector p\u00fablico como para todos los sectores industriales.<\/p><p>Con la experiencia acumulada por nuestro equipo humano y el respaldo de <strong><a href=\"https:\/\/www.serfim.com\/\" target=\"_blank\" rel=\"noopener\">SERFIM GROUPE<\/a><\/strong>, as\u00ed como el apoyo de <strong><a href=\"https:\/\/www.serpol.fr\/\" target=\"_blank\" rel=\"noopener\">SERPOL<\/a><\/strong>, dise\u00f1amos y realizamos proyectos a gran escala y de elevada complejidad.<\/p><p>Somos garant\u00eda de seriedad, profesionalidad, eficacia y eficiencia.<\/p>\t\t\t\t\t\t\t\t<\/div>\n\t\t\t\t<\/div>\n\t\t<div class=\"elementor-element elementor-element-528402e e-flex e-con-boxed wpr-jarallax-no wpr-parallax-no wpr-sticky-section-no e-con e-child\" data-id=\"528402e\" data-element_type=\"container\">\n\t\t\t\t\t<div class=\"e-con-inner\">\n\t\t<div class=\"elementor-element elementor-element-53b78f3 e-flex e-con-boxed wpr-jarallax-no wpr-parallax-no wpr-sticky-section-no e-con e-child\" data-id=\"53b78f3\" data-element_type=\"container\">\n\t\t\t\t\t<div class=\"e-con-inner\">\n\t\t\t\t<div class=\"elementor-element elementor-element-68bd6ed elementor-widget elementor-widget-counter\" data-id=\"68bd6ed\" data-element_type=\"widget\" data-widget_type=\"counter.default\">\n\t\t\t\t<div class=\"elementor-widget-container\">\n\t\t\t\t\t\t\t<div class=\"elementor-counter\">\n\t\t\t<div class=\"elementor-counter-title\">proyectos<\/div>\t\t\t<div class=\"elementor-counter-number-wrapper\">\n\t\t\t\t<span class=\"elementor-counter-number-prefix\">+ de <\/span>\n\t\t\t\t<span class=\"elementor-counter-number\" data-duration=\"2000\" data-to-value=\"700\" data-from-value=\"0\" data-delimiter=\",\">0<\/span>\n\t\t\t\t<span class=\"elementor-counter-number-suffix\"><\/span>\n\t\t\t<\/div>\n\t\t<\/div>\n\t\t\t\t\t\t<\/div>\n\t\t\t\t<\/div>\n\t\t\t\t\t<\/div>\n\t\t\t\t<\/div>\n\t\t<div class=\"elementor-element elementor-element-9d58694 e-con-full e-flex wpr-jarallax-no wpr-parallax-no wpr-sticky-section-no e-con e-child\" data-id=\"9d58694\" data-element_type=\"container\">\n\t\t\t\t<div class=\"elementor-element elementor-element-d005944 elementor-widget elementor-widget-counter\" data-id=\"d005944\" data-element_type=\"widget\" data-widget_type=\"counter.default\">\n\t\t\t\t<div class=\"elementor-widget-container\">\n\t\t\t\t\t\t\t<div class=\"elementor-counter\">\n\t\t\t<div class=\"elementor-counter-title\">proyectos de descontaminaci\u00f3n<\/div>\t\t\t<div class=\"elementor-counter-number-wrapper\">\n\t\t\t\t<span class=\"elementor-counter-number-prefix\">+ de <\/span>\n\t\t\t\t<span class=\"elementor-counter-number\" data-duration=\"2000\" data-to-value=\"100\" data-from-value=\"0\" data-delimiter=\",\">0<\/span>\n\t\t\t\t<span class=\"elementor-counter-number-suffix\"><\/span>\n\t\t\t<\/div>\n\t\t<\/div>\n\t\t\t\t\t\t<\/div>\n\t\t\t\t<\/div>\n\t\t\t\t<\/div>\n\t\t\t\t\t<\/div>\n\t\t\t\t<\/div>\n\t\t\t\t<\/div>\n\t\t\t\t\t<\/div>\n\t\t\t\t<\/div>\n\t\t\t\t<\/div>\n\t\t","protected":false},"excerpt":{"rendered":"<p>Seguridad y salud En GeoAmbient, la seguridad y salud en el trabajo son valores fundamentales y una prioridad constante. Nos comprometemos a garantizar entornos laborales seguros y saludables para todos nuestros trabajadores, promoviendo la prevenci\u00f3n, la formaci\u00f3n y la sensibilizaci\u00f3n en materia de seguridad laboral. Contamos con un s\u00f3lido Sistema de Gesti\u00f3n de la Seguridad y Salud Laboral, dise\u00f1ado para fomentar la mejora continua. Este sistema se basa en la formaci\u00f3n y sensibilizaci\u00f3n de nuestros equipos, la identificaci\u00f3n de riesgos y la gesti\u00f3n de accidentes e incidentes. Nuestro objetivo es analizar las causas, implementar medidas correctivas y evitar que se repitan en el futuro, asegurando una cultura de seguridad dentro de toda la organizaci\u00f3n. En GeoAmbient, asumimos la seguridad no solo como un compromiso, sino como una responsabilidad que gu\u00eda todas nuestras acciones y garantiza el bienestar de quienes forman parte de nuestra empresa. GeoAmbient desde 2003 M\u00e1s de 20 a\u00f1os de experiencia Empresa de ingenier\u00eda y ejecuci\u00f3n de proyectos ambientales, GeoAmbient trabaja para satisfacer vuestras necesidades en los \u00e1mbitos de la investigaci\u00f3n y la descontaminaci\u00f3n del subsuelo, el tratamiento de aguas residuales y la valorizaci\u00f3n de tierras y residuos. Fruto del esp\u00edritu emprendedor de GeoAmbient desde sus inicios, y gracias a nuestro sistema integral de gesti\u00f3n de calidad y ambiental, actualmente trabajamos en toda la pen\u00ednsula Ib\u00e9rica y sus islas, tanto para el sector p\u00fablico como para todos los sectores industriales. Con la experiencia acumulada por nuestro equipo humano y el respaldo de SERFIM GROUPE, as\u00ed como el apoyo de SERPOL, dise\u00f1amos y realizamos proyectos a gran escala y de elevada complejidad. Somos garant\u00eda de seriedad, profesionalidad, eficacia y eficiencia. proyectos + de 0 proyectos de descontaminaci\u00f3n + de 0<\/p>\n","protected":false},"author":1,"featured_media":2558,"parent":0,"menu_order":0,"comment_status":"closed","ping_status":"closed","template":"elementor_canvas","meta":{"footnotes":""},"class_list":["post-7212","page","type-page","status-publish","has-post-thumbnail","hentry"],"acf":[],"_links":{"self":[{"href":"https:\/\/geoambient.cat\/es\/wp-json\/wp\/v2\/pages\/7212","targetHints":{"allow":["GET"]}}],"collection":[{"href":"https:\/\/geoambient.cat\/es\/wp-json\/wp\/v2\/pages"}],"about":[{"href":"https:\/\/geoambient.cat\/es\/wp-json\/wp\/v2\/types\/page"}],"author":[{"embeddable":true,"href":"https:\/\/geoambient.cat\/es\/wp-json\/wp\/v2\/users\/1"}],"replies":[{"embeddable":true,"href":"https:\/\/geoambient.cat\/es\/wp-json\/wp\/v2\/comments?post=7212"}],"version-history":[{"count":4,"href":"https:\/\/geoambient.cat\/es\/wp-json\/wp\/v2\/pages\/7212\/revisions"}],"predecessor-version":[{"id":7216,"href":"https:\/\/geoambient.cat\/es\/wp-json\/wp\/v2\/pages\/7212\/revisions\/7216"}],"wp:featuredmedia":[{"embeddable":true,"href":"https:\/\/geoambient.cat\/es\/wp-json\/wp\/v2\/media\/2558"}],"wp:attachment":[{"href":"https:\/\/geoambient.cat\/es\/wp-json\/wp\/v2\/media?parent=7212"}],"curies":[{"name":"wp","href":"https:\/\/api.w.org\/{rel}","templated":true}]}}