{"id":7192,"date":"2025-07-28T08:05:05","date_gmt":"2025-07-28T08:05:05","guid":{"rendered":"https:\/\/geoambient.cat\/?page_id=7192"},"modified":"2025-07-28T07:47:43","modified_gmt":"2025-07-28T07:47:43","slug":"personas","status":"publish","type":"page","link":"https:\/\/geoambient.cat\/es\/personas\/","title":{"rendered":"Personas"},"content":{"rendered":"\t\t<div data-elementor-type=\"wp-page\" data-elementor-id=\"7192\" class=\"elementor elementor-7192 elementor-7207\">\n\t\t\t\t<div class=\"elementor-element elementor-element-d8a65de sld e-flex e-con-boxed wpr-jarallax-no wpr-parallax-no wpr-sticky-section-no e-con e-parent\" data-id=\"d8a65de\" data-element_type=\"container\" id=\"sld\" data-settings=\"{&quot;background_background&quot;:&quot;video&quot;,&quot;background_play_on_mobile&quot;:&quot;yes&quot;,&quot;background_video_link&quot;:&quot;\\\/wp-content\\\/themes\\\/geoambient-kit-child\\\/Videos\\\/rse\\\/Personas_2.mp4&quot;}\">\n\t\t\t\t\t<div class=\"e-con-inner\">\n\t\t<div class=\"elementor-background-video-container\" aria-hidden=\"true\">\n\t\t\t\t\t\t\t<video class=\"elementor-background-video-hosted\" autoplay muted playsinline loop><\/video>\n\t\t\t\t\t<\/div>\t\t<div class=\"elementor-element elementor-element-1b201e4 elementor-invisible elementor-widget elementor-widget-heading\" data-id=\"1b201e4\" data-element_type=\"widget\" data-settings=\"{&quot;_animation&quot;:&quot;fadeIn&quot;}\" data-widget_type=\"heading.default\">\n\t\t\t\t<div class=\"elementor-widget-container\">\n\t\t\t\t\t<h1 class=\"elementor-heading-title elementor-size-default\">Personas<\/h1>\t\t\t\t<\/div>\n\t\t\t\t<\/div>\n\t\t\t\t\t<\/div>\n\t\t\t\t<\/div>\n\t\t<div class=\"elementor-element elementor-element-16c7546 e-flex e-con-boxed wpr-jarallax-no wpr-parallax-no wpr-sticky-section-no e-con e-parent\" data-id=\"16c7546\" data-element_type=\"container\">\n\t\t\t\t\t<div class=\"e-con-inner\">\n\t\t<div class=\"elementor-element elementor-element-568e15c e-flex e-con-boxed wpr-jarallax-no wpr-parallax-no wpr-sticky-section-no elementor-invisible e-con e-child\" data-id=\"568e15c\" data-element_type=\"container\" data-settings=\"{&quot;animation&quot;:&quot;fadeIn&quot;,&quot;animation_mobile&quot;:&quot;fadeIn&quot;}\">\n\t\t\t\t\t<div class=\"e-con-inner\">\n\t\t\t\t<div class=\"elementor-element elementor-element-1f59efd elementor-invisible elementor-widget elementor-widget-image\" data-id=\"1f59efd\" data-element_type=\"widget\" data-settings=\"{&quot;_animation&quot;:&quot;fadeIn&quot;,&quot;_animation_mobile&quot;:&quot;none&quot;}\" data-widget_type=\"image.default\">\n\t\t\t\t<div class=\"elementor-widget-container\">\n\t\t\t\t\t\t\t\t\t\t\t\t\t\t\t<img fetchpriority=\"high\" decoding=\"async\" width=\"1600\" height=\"1200\" src=\"https:\/\/geoambient.cat\/wp-content\/uploads\/2025\/05\/Foto-Chamonix.jpg\" class=\"attachment-full size-full wp-image-5021\" alt=\"Foto Chamonix\" srcset=\"https:\/\/geoambient.cat\/wp-content\/uploads\/2025\/05\/Foto-Chamonix.jpg 1600w, https:\/\/geoambient.cat\/wp-content\/uploads\/2025\/05\/Foto-Chamonix-300x225.jpg 300w, https:\/\/geoambient.cat\/wp-content\/uploads\/2025\/05\/Foto-Chamonix-1024x768.jpg 1024w, https:\/\/geoambient.cat\/wp-content\/uploads\/2025\/05\/Foto-Chamonix-768x576.jpg 768w, https:\/\/geoambient.cat\/wp-content\/uploads\/2025\/05\/Foto-Chamonix-1536x1152.jpg 1536w\" sizes=\"(max-width: 1600px) 100vw, 1600px\" \/>\t\t\t\t\t\t\t\t\t\t\t\t\t\t\t<\/div>\n\t\t\t\t<\/div>\n\t\t\t\t\t<\/div>\n\t\t\t\t<\/div>\n\t\t<div class=\"elementor-element elementor-element-24b18e7 e-flex e-con-boxed wpr-jarallax-no wpr-parallax-no wpr-sticky-section-no elementor-invisible e-con e-child\" data-id=\"24b18e7\" data-element_type=\"container\" data-settings=\"{&quot;animation&quot;:&quot;fadeIn&quot;,&quot;animation_mobile&quot;:&quot;fadeIn&quot;}\">\n\t\t\t\t\t<div class=\"e-con-inner\">\n\t\t\t\t<div class=\"elementor-element elementor-element-6feca1d elementor-widget elementor-widget-heading\" data-id=\"6feca1d\" data-element_type=\"widget\" data-widget_type=\"heading.default\">\n\t\t\t\t<div class=\"elementor-widget-container\">\n\t\t\t\t\t<h2 class=\"elementor-heading-title elementor-size-default\">Nuestro compromiso con nuestros trabajadores <\/h2>\t\t\t\t<\/div>\n\t\t\t\t<\/div>\n\t\t\t\t<div class=\"elementor-element elementor-element-4e48b1b elementor-widget elementor-widget-text-editor\" data-id=\"4e48b1b\" data-element_type=\"widget\" data-widget_type=\"text-editor.default\">\n\t\t\t\t<div class=\"elementor-widget-container\">\n\t\t\t\t\t\t\t\t\t<p>En <strong>GeoAmbient<\/strong>, sabemos que el \u00e9xito de una empresa depende del bienestar de las personas que la conforman. Por ello, nuestra <strong>Responsabilidad Social Corporativa<\/strong> se enfoca en crear un entorno de trabajo saludable, motivador y flexible, donde cada trabajador se sienta valorado y parte de nuestra comunidad.<\/p>\t\t\t\t\t\t\t\t<\/div>\n\t\t\t\t<\/div>\n\t\t\t\t\t<\/div>\n\t\t\t\t<\/div>\n\t\t\t\t\t<\/div>\n\t\t\t\t<\/div>\n\t\t<div class=\"elementor-element elementor-element-7b69b29 e-flex e-con-boxed wpr-jarallax-no wpr-parallax-no wpr-sticky-section-no e-con e-parent\" data-id=\"7b69b29\" data-element_type=\"container\">\n\t\t\t\t\t<div class=\"e-con-inner\">\n\t\t<div class=\"elementor-element elementor-element-ff3d99b e-flex e-con-boxed wpr-jarallax-no wpr-parallax-no wpr-sticky-section-no elementor-invisible e-con e-child\" data-id=\"ff3d99b\" data-element_type=\"container\" data-settings=\"{&quot;animation&quot;:&quot;fadeIn&quot;,&quot;animation_mobile&quot;:&quot;fadeIn&quot;}\">\n\t\t\t\t\t<div class=\"e-con-inner\">\n\t\t\t\t<div class=\"elementor-element elementor-element-b157b52 wpr-feature-list-left wpr-feature-list-square elementor-widget elementor-widget-wpr-feature-list\" data-id=\"b157b52\" data-element_type=\"widget\" data-widget_type=\"wpr-feature-list.default\">\n\t\t\t\t<div class=\"elementor-widget-container\">\n\t\t\t\t\t<div class=\"wpr-feature-list-wrap\"><ul class=\"wpr-feature-list\"><li class=\"wpr-feature-list-item elementor-repeater-item-34e02b0\"><div class=\"wpr-feature-list-icon-wrap\"><span class=\"wpr-feature-list-line\"><\/span><div class=\"wpr-feature-list-icon-inner-wrap\"><\/div><\/div><div class=\"wpr-feature-list-content-wrap\"><h2 class=\"wpr-feature-list-title\"><a class=\"wpr-feature-list-url\" target=\"_blank\" rel=\"nofollow\">Comunicaci\u00f3n abierta y bidireccional<\/a><\/h2><p class=\"wpr-feature-list-description\">Fomentamos un di\u00e1logo continuo entre la empresa y nuestros empleados, promoviendo una cultura de transparencia y escucha activa para mejorar su calidad de vida.<\/p><\/div><\/li><li class=\"wpr-feature-list-item elementor-repeater-item-89d4a30\"><div class=\"wpr-feature-list-icon-wrap\"><span class=\"wpr-feature-list-line\"><\/span><div class=\"wpr-feature-list-icon-inner-wrap\"><\/div><\/div><div class=\"wpr-feature-list-content-wrap\"><h2 class=\"wpr-feature-list-title\"><a class=\"wpr-feature-list-url\" target=\"_blank\" rel=\"nofollow\">Participaci\u00f3n y sentido de pertenencia<\/a><\/h2><p class=\"wpr-feature-list-description\">Incentivamos la implicaci\u00f3n de nuestros trabajadores en actividades corporativas, fortaleciendo la conexi\u00f3n con la empresa y su comunidad.<\/p><\/div><\/li><li class=\"wpr-feature-list-item elementor-repeater-item-68aba3b\"><div class=\"wpr-feature-list-icon-wrap\"><span class=\"wpr-feature-list-line\"><\/span><div class=\"wpr-feature-list-icon-inner-wrap\"><\/div><\/div><div class=\"wpr-feature-list-content-wrap\"><h2 class=\"wpr-feature-list-title\"><a class=\"wpr-feature-list-url\" target=\"_blank\" rel=\"nofollow\">Seguridad y salud laboral<\/a><\/h2><p class=\"wpr-feature-list-description\">Implementamos un sistema de gesti\u00f3n para garantizar un entorno de trabajo seguro y saludable, priorizando la protecci\u00f3n de nuestro equipo.<\/p><\/div><\/li><li class=\"wpr-feature-list-item elementor-repeater-item-e6e16c0\"><div class=\"wpr-feature-list-icon-wrap\"><span class=\"wpr-feature-list-line\"><\/span><div class=\"wpr-feature-list-icon-inner-wrap\"><\/div><\/div><div class=\"wpr-feature-list-content-wrap\"><h2 class=\"wpr-feature-list-title\"><a class=\"wpr-feature-list-url\" target=\"_blank\" rel=\"nofollow\">Trabajo h\u00edbrido y teletrabajo<\/a><\/h2><p class=\"wpr-feature-list-description\">Ofrecemos la posibilidad de trabajar desde casa, mejorando la conciliaci\u00f3n personal y reduciendo nuestra huella ambiental.<\/p><\/div><\/li><li class=\"wpr-feature-list-item elementor-repeater-item-fcdf7f5\"><div class=\"wpr-feature-list-icon-wrap\"><span class=\"wpr-feature-list-line\"><\/span><div class=\"wpr-feature-list-icon-inner-wrap\"><\/div><\/div><div class=\"wpr-feature-list-content-wrap\"><h2 class=\"wpr-feature-list-title\"><a class=\"wpr-feature-list-url\" target=\"_blank\" rel=\"nofollow\">Retribuci\u00f3n flexible<\/a><\/h2><p class=\"wpr-feature-list-description\">Adaptamos los beneficios salariales a las necesidades de cada empleado, optimizando su poder adquisitivo y bienestar.<\/p><\/div><\/li><li class=\"wpr-feature-list-item elementor-repeater-item-4149644\"><div class=\"wpr-feature-list-icon-wrap\"><span class=\"wpr-feature-list-line\"><\/span><div class=\"wpr-feature-list-icon-inner-wrap\"><\/div><\/div><div class=\"wpr-feature-list-content-wrap\"><h2 class=\"wpr-feature-list-title\"><a class=\"wpr-feature-list-url\" target=\"_blank\" rel=\"nofollow\">Compensaci\u00f3n del tiempo extra<\/a><\/h2><p class=\"wpr-feature-list-description\">Reconocemos el esfuerzo de nuestros empleados con tiempo libre compensatorio, permiti\u00e9ndoles un mejor equilibrio entre su vida laboral y personal.<\/p><\/div><\/li><li class=\"wpr-feature-list-item elementor-repeater-item-501e3bc\"><div class=\"wpr-feature-list-icon-wrap\"><span class=\"wpr-feature-list-line\"><\/span><div class=\"wpr-feature-list-icon-inner-wrap\"><\/div><\/div><div class=\"wpr-feature-list-content-wrap\"><h2 class=\"wpr-feature-list-title\"><a class=\"wpr-feature-list-url\" target=\"_blank\" rel=\"nofollow\">Conciliaci\u00f3n y horarios flexibles<\/a><\/h2><p class=\"wpr-feature-list-description\">Apostamos por la felicidad y eficiencia de nuestro equipo, ofreciendo opciones que les permitan organizar mejor su tiempo.<\/p><\/div><\/li><\/ul><\/div>\t\t\t\t<\/div>\n\t\t\t\t<\/div>\n\t\t\t\t<div class=\"elementor-element elementor-element-c042f67 elementor-widget elementor-widget-text-editor\" data-id=\"c042f67\" data-element_type=\"widget\" data-widget_type=\"text-editor.default\">\n\t\t\t\t<div class=\"elementor-widget-container\">\n\t\t\t\t\t\t\t\t\t<p><span class=\"TextRun SCXW175556096 BCX0\" lang=\"ES-ES\" xml:lang=\"ES-ES\" data-contrast=\"auto\"><span class=\"NormalTextRun SCXW175556096 BCX0\">En <\/span><\/span><strong><span class=\"TextRun SCXW175556096 BCX0\" lang=\"ES-ES\" xml:lang=\"ES-ES\" data-contrast=\"auto\"><span class=\"NormalTextRun SpellingErrorV2Themed SCXW175556096 BCX0\">GeoAmbient<\/span><\/span><\/strong><span class=\"TextRun SCXW175556096 BCX0\" lang=\"ES-ES\" xml:lang=\"ES-ES\" data-contrast=\"auto\"><span class=\"NormalTextRun SCXW175556096 BCX0\">, nuestro compromiso va m\u00e1s all\u00e1 del trabajo: construimos juntos un espacio donde crecer y prosperar. <\/span><\/span><span class=\"TextRun SCXW175556096 BCX0\" lang=\"ES-ES\" xml:lang=\"ES-ES\" data-contrast=\"auto\"><span class=\"NormalTextRun SCXW175556096 BCX0\">\ud83c\udf3f\u2728<\/span><\/span><span class=\"EOP SCXW175556096 BCX0\" data-ccp-props=\"{}\">\u00a0<\/span><\/p>\t\t\t\t\t\t\t\t<\/div>\n\t\t\t\t<\/div>\n\t\t\t\t\t<\/div>\n\t\t\t\t<\/div>\n\t\t<div class=\"elementor-element elementor-element-177ccfd e-flex e-con-boxed wpr-jarallax-no wpr-parallax-no wpr-sticky-section-no elementor-invisible e-con e-child\" data-id=\"177ccfd\" data-element_type=\"container\" data-settings=\"{&quot;animation&quot;:&quot;fadeIn&quot;,&quot;animation_mobile&quot;:&quot;fadeIn&quot;}\">\n\t\t\t\t\t<div class=\"e-con-inner\">\n\t\t\t\t<div class=\"elementor-element elementor-element-fe89d9a elementor-invisible elementor-widget elementor-widget-image\" data-id=\"fe89d9a\" data-element_type=\"widget\" data-settings=\"{&quot;_animation&quot;:&quot;fadeIn&quot;,&quot;_animation_mobile&quot;:&quot;none&quot;}\" data-widget_type=\"image.default\">\n\t\t\t\t<div class=\"elementor-widget-container\">\n\t\t\t\t\t\t\t\t\t\t\t\t\t\t\t<img decoding=\"async\" width=\"1500\" height=\"2000\" src=\"https:\/\/geoambient.cat\/wp-content\/uploads\/2025\/05\/environmental-protection.jpg\" class=\"attachment-full size-full wp-image-2976\" alt=\"environmental\" srcset=\"https:\/\/geoambient.cat\/wp-content\/uploads\/2025\/05\/environmental-protection.jpg 1500w, https:\/\/geoambient.cat\/wp-content\/uploads\/2025\/05\/environmental-protection-225x300.jpg 225w, https:\/\/geoambient.cat\/wp-content\/uploads\/2025\/05\/environmental-protection-768x1024.jpg 768w, https:\/\/geoambient.cat\/wp-content\/uploads\/2025\/05\/environmental-protection-1152x1536.jpg 1152w\" sizes=\"(max-width: 1500px) 100vw, 1500px\" \/>\t\t\t\t\t\t\t\t\t\t\t\t\t\t\t<\/div>\n\t\t\t\t<\/div>\n\t\t\t\t\t<\/div>\n\t\t\t\t<\/div>\n\t\t\t\t\t<\/div>\n\t\t\t\t<\/div>\n\t\t\t\t<\/div>\n\t\t","protected":false},"excerpt":{"rendered":"<p>Personas Nuestro compromiso con nuestros trabajadores En GeoAmbient, sabemos que el \u00e9xito de una empresa depende del bienestar de las personas que la conforman. Por ello, nuestra Responsabilidad Social Corporativa se enfoca en crear un entorno de trabajo saludable, motivador y flexible, donde cada trabajador se sienta valorado y parte de nuestra comunidad. Comunicaci\u00f3n abierta y bidireccional Fomentamos un di\u00e1logo continuo entre la empresa y nuestros empleados, promoviendo una cultura de transparencia y escucha activa para mejorar su calidad de vida. Participaci\u00f3n y sentido de pertenencia Incentivamos la implicaci\u00f3n de nuestros trabajadores en actividades corporativas, fortaleciendo la conexi\u00f3n con la empresa y su comunidad. Seguridad y salud laboral Implementamos un sistema de gesti\u00f3n para garantizar un entorno de trabajo seguro y saludable, priorizando la protecci\u00f3n de nuestro equipo. Trabajo h\u00edbrido y teletrabajo Ofrecemos la posibilidad de trabajar desde casa, mejorando la conciliaci\u00f3n personal y reduciendo nuestra huella ambiental. Retribuci\u00f3n flexible Adaptamos los beneficios salariales a las necesidades de cada empleado, optimizando su poder adquisitivo y bienestar. Compensaci\u00f3n del tiempo extra Reconocemos el esfuerzo de nuestros empleados con tiempo libre compensatorio, permiti\u00e9ndoles un mejor equilibrio entre su vida laboral y personal. Conciliaci\u00f3n y horarios flexibles Apostamos por la felicidad y eficiencia de nuestro equipo, ofreciendo opciones que les permitan organizar mejor su tiempo. En GeoAmbient, nuestro compromiso va m\u00e1s all\u00e1 del trabajo: construimos juntos un espacio donde crecer y prosperar. \ud83c\udf3f\u2728\u00a0<\/p>\n","protected":false},"author":1,"featured_media":2558,"parent":0,"menu_order":0,"comment_status":"closed","ping_status":"closed","template":"elementor_canvas","meta":{"footnotes":""},"class_list":["post-7192","page","type-page","status-publish","has-post-thumbnail","hentry"],"acf":[],"_links":{"self":[{"href":"https:\/\/geoambient.cat\/es\/wp-json\/wp\/v2\/pages\/7192","targetHints":{"allow":["GET"]}}],"collection":[{"href":"https:\/\/geoambient.cat\/es\/wp-json\/wp\/v2\/pages"}],"about":[{"href":"https:\/\/geoambient.cat\/es\/wp-json\/wp\/v2\/types\/page"}],"author":[{"embeddable":true,"href":"https:\/\/geoambient.cat\/es\/wp-json\/wp\/v2\/users\/1"}],"replies":[{"embeddable":true,"href":"https:\/\/geoambient.cat\/es\/wp-json\/wp\/v2\/comments?post=7192"}],"version-history":[{"count":4,"href":"https:\/\/geoambient.cat\/es\/wp-json\/wp\/v2\/pages\/7192\/revisions"}],"predecessor-version":[{"id":7197,"href":"https:\/\/geoambient.cat\/es\/wp-json\/wp\/v2\/pages\/7192\/revisions\/7197"}],"wp:featuredmedia":[{"embeddable":true,"href":"https:\/\/geoambient.cat\/es\/wp-json\/wp\/v2\/media\/2558"}],"wp:attachment":[{"href":"https:\/\/geoambient.cat\/es\/wp-json\/wp\/v2\/media?parent=7192"}],"curies":[{"name":"wp","href":"https:\/\/api.w.org\/{rel}","templated":true}]}}