{"id":7004,"date":"2025-07-26T19:16:27","date_gmt":"2025-07-26T19:16:27","guid":{"rendered":"https:\/\/geoambient.cat\/?page_id=7004"},"modified":"2025-08-04T19:40:45","modified_gmt":"2025-08-04T19:40:45","slug":"politica-de-cookies","status":"publish","type":"page","link":"https:\/\/geoambient.cat\/es\/politica-de-cookies\/","title":{"rendered":"Pol\u00edtica de cookies"},"content":{"rendered":"\t\t<div data-elementor-type=\"wp-page\" data-elementor-id=\"7004\" class=\"elementor elementor-7004 elementor-7014\">\n\t\t\t\t<div class=\"elementor-element elementor-element-d8a65de sld e-flex e-con-boxed wpr-jarallax-no wpr-parallax-no wpr-sticky-section-no e-con e-parent\" data-id=\"d8a65de\" data-element_type=\"container\" id=\"sld\" data-settings=\"{&quot;background_background&quot;:&quot;classic&quot;}\">\n\t\t\t\t\t<div class=\"e-con-inner\">\n\t\t\t\t<div class=\"elementor-element elementor-element-1b201e4 elementor-invisible elementor-widget elementor-widget-heading\" data-id=\"1b201e4\" data-element_type=\"widget\" data-settings=\"{&quot;_animation&quot;:&quot;fadeIn&quot;}\" data-widget_type=\"heading.default\">\n\t\t\t\t<div class=\"elementor-widget-container\">\n\t\t\t\t\t<h1 class=\"elementor-heading-title elementor-size-default\">Pol\u00edtica de cookies<\/h1>\t\t\t\t<\/div>\n\t\t\t\t<\/div>\n\t\t\t\t\t<\/div>\n\t\t\t\t<\/div>\n\t\t<div class=\"elementor-element elementor-element-16c7546 e-flex e-con-boxed wpr-jarallax-no wpr-parallax-no wpr-sticky-section-no e-con e-parent\" data-id=\"16c7546\" data-element_type=\"container\">\n\t\t\t\t\t<div class=\"e-con-inner\">\n\t\t<div class=\"elementor-element elementor-element-24b18e7 e-flex e-con-boxed wpr-jarallax-no wpr-parallax-no wpr-sticky-section-no elementor-invisible e-con e-child\" data-id=\"24b18e7\" data-element_type=\"container\" data-settings=\"{&quot;animation&quot;:&quot;fadeIn&quot;,&quot;animation_mobile&quot;:&quot;fadeIn&quot;}\">\n\t\t\t\t\t<div class=\"e-con-inner\">\n\t\t\t\t<div class=\"elementor-element elementor-element-1e84e4b elementor-widget elementor-widget-text-editor\" data-id=\"1e84e4b\" data-element_type=\"widget\" data-widget_type=\"text-editor.default\">\n\t\t\t\t<div class=\"elementor-widget-container\">\n\t\t\t\t\t\t\t\t\t<p style=\"text-align: left;\">La presente <strong>Pol\u00edtica de Cookies<\/strong> tiene como finalidad informar de forma clara y precisa sobre las cookies que se utilizan en la web de <strong>GeoAmbient<\/strong>.<\/p><h5><span style=\"color: #0058a3;\">1. \u00bfQu\u00e9 son las cookies?<\/span><\/h5><p>Las cookies son peque\u00f1os archivos de datos que se descargan en el dispositivo del usuario al acceder a determinados sitios web. Las cookies permiten, entre otras cosas, almacenar y recuperar informaci\u00f3n sobre los h\u00e1bitos de navegaci\u00f3n de un usuario o de su equipo y, dependiendo de la informaci\u00f3n que contengan y del uso que se haga del dispositivo, pueden utilizarse para reconocer al usuario.<\/p><h5><span style=\"color: #0058a3;\">2. Tipos de cookies utilizadas<\/span><\/h5><p>La web de <strong>GeoAmbient<\/strong> puede utilizar las siguientes categor\u00edas de cookies:<\/p><ul><li><strong>Cookies t\u00e9cnicas:<\/strong> necesarias para el correcto funcionamiento de la web y para la prestaci\u00f3n de los servicios solicitados por el usuario.<\/li><li><strong>Cookies de personalizaci\u00f3n:<\/strong> permiten acceder al servicio con caracter\u00edsticas predefinidas como el idioma, el tipo de navegador o la configuraci\u00f3n regional.<\/li><li><strong>Cookies de an\u00e1lisis:<\/strong> permiten el seguimiento y an\u00e1lisis del comportamiento de los usuarios en el sitio web con fines estad\u00edsticos.<\/li><li><strong>Cookies de publicidad:<\/strong> gestionan de la forma m\u00e1s eficaz posible los espacios publicitarios incluidos en el sitio web, adaptando el contenido del anuncio al contenido del servicio solicitado o al uso que se haga del sitio web.<\/li><\/ul><p>Este sitio web puede utilizar cookies propias y de terceros. En particular, puede emplear servicios de <strong><em>Google Analytics<\/em><\/strong> para recopilar informaci\u00f3n estad\u00edstica de forma an\u00f3nima y agregada con el fin de analizar el uso de nuestra web.<\/p><h5><span style=\"color: #0058a3;\">3. Consentimiento<\/span><\/h5><p>Al acceder a nuestra web, el usuario <strong>acepta expresamente el uso de las cookies descritas<\/strong>, salvo que se indique lo contrario. El usuario puede modificar la configuraci\u00f3n de su navegador para rechazar todas las cookies o para indicar cu\u00e1ndo se est\u00e1 enviando una cookie.<\/p><p>No obstante, si el usuario configura su navegador para rechazar todas las cookies (incluidas las esenciales), el acceso y la funcionalidad de algunas partes de la web pueden verse afectadas.<\/p><h5><span style=\"color: #0058a3;\">4. C\u00f3mo desactivar o eliminar cookies<\/span><\/h5><p>El usuario puede permitir, bloquear o eliminar las cookies instaladas en su dispositivo mediante la configuraci\u00f3n de las opciones del navegador utilizado:<\/p><ul><li>Chrome: <a href=\"https:\/\/support.google.com\/chrome\/answer\/95647?hl=es\" target=\"_blank\" rel=\"noopener\">https:\/\/support.google.com\/chrome\/answer\/95647?hl=es<\/a><\/li><li>Firefox: <a href=\"https:\/\/support.mozilla.org\/es\/kb\/habilitar-y-deshabilitar-cookies-sitios-web\" target=\"_blank\" rel=\"noopener\">https:\/\/support.mozilla.org\/es\/kb\/habilitar-y-deshabilitar-cookies-sitios-web<\/a><\/li><li>Safari: <a href=\"https:\/\/support.apple.com\/es-es\/guide\/safari\/sfri11471\/mac\" target=\"_blank\" rel=\"noopener\">https:\/\/support.apple.com\/es-es\/guide\/safari\/sfri11471\/mac<\/a><\/li><li>Edge: <a href=\"https:\/\/support.microsoft.com\/es-es\/microsoft-edge\" target=\"_blank\" rel=\"noopener\">https:\/\/support.microsoft.com\/es-es\/microsoft-edge<\/a><\/li><\/ul><h5><span style=\"color: #0058a3;\">5. Modificaciones en la Pol\u00edtica de Cookies<\/span><\/h5><p><strong>GeoAmbient<\/strong> podr\u00e1 actualizar esta <strong>Pol\u00edtica de Cookies<\/strong> en cualquier momento para adaptarla a futuras novedades legislativas o t\u00e9cnicas. Cualquier modificaci\u00f3n significativa ser\u00e1 comunicada a trav\u00e9s del sitio web.<\/p>\t\t\t\t\t\t\t\t<\/div>\n\t\t\t\t<\/div>\n\t\t\t\t\t<\/div>\n\t\t\t\t<\/div>\n\t\t\t\t\t<\/div>\n\t\t\t\t<\/div>\n\t\t\t\t<\/div>\n\t\t","protected":false},"excerpt":{"rendered":"<p>Pol\u00edtica de cookies La presente Pol\u00edtica de Cookies tiene como finalidad informar de forma clara y precisa sobre las cookies que se utilizan en la web de GeoAmbient. 1. \u00bfQu\u00e9 son las cookies? Las cookies son peque\u00f1os archivos de datos que se descargan en el dispositivo del usuario al acceder a determinados sitios web. Las cookies permiten, entre otras cosas, almacenar y recuperar informaci\u00f3n sobre los h\u00e1bitos de navegaci\u00f3n de un usuario o de su equipo y, dependiendo de la informaci\u00f3n que contengan y del uso que se haga del dispositivo, pueden utilizarse para reconocer al usuario. 2. Tipos de cookies utilizadas La web de GeoAmbient puede utilizar las siguientes categor\u00edas de cookies: Cookies t\u00e9cnicas: necesarias para el correcto funcionamiento de la web y para la prestaci\u00f3n de los servicios solicitados por el usuario. Cookies de personalizaci\u00f3n: permiten acceder al servicio con caracter\u00edsticas predefinidas como el idioma, el tipo de navegador o la configuraci\u00f3n regional. Cookies de an\u00e1lisis: permiten el seguimiento y an\u00e1lisis del comportamiento de los usuarios en el sitio web con fines estad\u00edsticos. Cookies de publicidad: gestionan de la forma m\u00e1s eficaz posible los espacios publicitarios incluidos en el sitio web, adaptando el contenido del anuncio al contenido del servicio solicitado o al uso que se haga del sitio web. Este sitio web puede utilizar cookies propias y de terceros. En particular, puede emplear servicios de Google Analytics para recopilar informaci\u00f3n estad\u00edstica de forma an\u00f3nima y agregada con el fin de analizar el uso de nuestra web. 3. Consentimiento Al acceder a nuestra web, el usuario acepta expresamente el uso de las cookies descritas, salvo que se indique lo contrario. El usuario puede modificar la configuraci\u00f3n de su navegador para rechazar todas las cookies o para indicar cu\u00e1ndo se est\u00e1 enviando una cookie. No obstante, si el usuario configura su navegador para rechazar todas las cookies (incluidas las esenciales), el acceso y la funcionalidad de algunas partes de la web pueden verse afectadas. 4. C\u00f3mo desactivar o eliminar cookies El usuario puede permitir, bloquear o eliminar las cookies instaladas en su dispositivo mediante la configuraci\u00f3n de las opciones del navegador utilizado: Chrome: https:\/\/support.google.com\/chrome\/answer\/95647?hl=es Firefox: https:\/\/support.mozilla.org\/es\/kb\/habilitar-y-deshabilitar-cookies-sitios-web Safari: https:\/\/support.apple.com\/es-es\/guide\/safari\/sfri11471\/mac Edge: https:\/\/support.microsoft.com\/es-es\/microsoft-edge 5. Modificaciones en la Pol\u00edtica de Cookies GeoAmbient podr\u00e1 actualizar esta Pol\u00edtica de Cookies en cualquier momento para adaptarla a futuras novedades legislativas o t\u00e9cnicas. Cualquier modificaci\u00f3n significativa ser\u00e1 comunicada a trav\u00e9s del sitio web.<\/p>\n","protected":false},"author":1,"featured_media":0,"parent":0,"menu_order":0,"comment_status":"closed","ping_status":"closed","template":"elementor_canvas","meta":{"footnotes":""},"class_list":["post-7004","page","type-page","status-publish","hentry"],"acf":[],"_links":{"self":[{"href":"https:\/\/geoambient.cat\/es\/wp-json\/wp\/v2\/pages\/7004","targetHints":{"allow":["GET"]}}],"collection":[{"href":"https:\/\/geoambient.cat\/es\/wp-json\/wp\/v2\/pages"}],"about":[{"href":"https:\/\/geoambient.cat\/es\/wp-json\/wp\/v2\/types\/page"}],"author":[{"embeddable":true,"href":"https:\/\/geoambient.cat\/es\/wp-json\/wp\/v2\/users\/1"}],"replies":[{"embeddable":true,"href":"https:\/\/geoambient.cat\/es\/wp-json\/wp\/v2\/comments?post=7004"}],"version-history":[{"count":4,"href":"https:\/\/geoambient.cat\/es\/wp-json\/wp\/v2\/pages\/7004\/revisions"}],"predecessor-version":[{"id":7008,"href":"https:\/\/geoambient.cat\/es\/wp-json\/wp\/v2\/pages\/7004\/revisions\/7008"}],"wp:attachment":[{"href":"https:\/\/geoambient.cat\/es\/wp-json\/wp\/v2\/media?parent=7004"}],"curies":[{"name":"wp","href":"https:\/\/api.w.org\/{rel}","templated":true}]}}