{"id":6989,"date":"2025-07-26T18:56:16","date_gmt":"2025-07-26T18:56:16","guid":{"rendered":"https:\/\/geoambient.cat\/?page_id=6989"},"modified":"2025-07-26T18:53:37","modified_gmt":"2025-07-26T18:53:37","slug":"aviso-legal","status":"publish","type":"page","link":"https:\/\/geoambient.cat\/es\/aviso-legal\/","title":{"rendered":"Aviso legal"},"content":{"rendered":"\t\t<div data-elementor-type=\"wp-page\" data-elementor-id=\"6989\" class=\"elementor elementor-6989 elementor-6994\">\n\t\t\t\t<div class=\"elementor-element elementor-element-d8a65de sld e-flex e-con-boxed wpr-jarallax-no wpr-parallax-no wpr-sticky-section-no e-con e-parent\" data-id=\"d8a65de\" data-element_type=\"container\" id=\"sld\" data-settings=\"{&quot;background_background&quot;:&quot;classic&quot;}\">\n\t\t\t\t\t<div class=\"e-con-inner\">\n\t\t\t\t<div class=\"elementor-element elementor-element-1b201e4 elementor-invisible elementor-widget elementor-widget-heading\" data-id=\"1b201e4\" data-element_type=\"widget\" data-settings=\"{&quot;_animation&quot;:&quot;fadeIn&quot;}\" data-widget_type=\"heading.default\">\n\t\t\t\t<div class=\"elementor-widget-container\">\n\t\t\t\t\t<h1 class=\"elementor-heading-title elementor-size-default\">Aviso legal<\/h1>\t\t\t\t<\/div>\n\t\t\t\t<\/div>\n\t\t\t\t\t<\/div>\n\t\t\t\t<\/div>\n\t\t<div class=\"elementor-element elementor-element-16c7546 e-flex e-con-boxed wpr-jarallax-no wpr-parallax-no wpr-sticky-section-no e-con e-parent\" data-id=\"16c7546\" data-element_type=\"container\">\n\t\t\t\t\t<div class=\"e-con-inner\">\n\t\t<div class=\"elementor-element elementor-element-24b18e7 e-flex e-con-boxed wpr-jarallax-no wpr-parallax-no wpr-sticky-section-no elementor-invisible e-con e-child\" data-id=\"24b18e7\" data-element_type=\"container\" data-settings=\"{&quot;animation&quot;:&quot;fadeIn&quot;,&quot;animation_mobile&quot;:&quot;fadeIn&quot;}\">\n\t\t\t\t\t<div class=\"e-con-inner\">\n\t\t\t\t<div class=\"elementor-element elementor-element-1e84e4b elementor-widget elementor-widget-text-editor\" data-id=\"1e84e4b\" data-element_type=\"widget\" data-widget_type=\"text-editor.default\">\n\t\t\t\t<div class=\"elementor-widget-container\">\n\t\t\t\t\t\t\t\t\t<p>El uso de este <i>web<\/i> supone el conocimiento de que contiene informaci\u00f3n, fotograf\u00edas, v\u00eddeos, gr\u00e1ficos, im\u00e1genes, software y otros materiales y servicios (en adelante, \u201cel Contenido\u201d), y que este Contenido, as\u00ed como su dise\u00f1o y c\u00f3digo fuente, son propiedad intelectual de <strong>GeoAmbient Consultoria Geol\u00f3gica S.L<\/strong> (B64536212) o que ha sido objeto de licencia o cesi\u00f3n por proveedores de contenido independientes.<\/p><p>El Usuario de este <i>web<\/i> est\u00e1 de acuerdo y sabe que <strong>GeoAmbient<\/strong> (B64536212) permite el acceso a este contenido, pero que \u00e9ste se encuentra protegido por las leyes de propiedad intelectual e industrial (en adelante, \u201clos Derechos\u201d), as\u00ed como que dichos Derechos son v\u00e1lidos y est\u00e1n protegidos en todos los medios existentes en la actualidad o que se desarrollen en el futuro. El Usuario acepta que el uso del contenido est\u00e1 sujeto y se rige por estas normas, adem\u00e1s de por los derechos, as\u00ed como por las leyes de la propiedad privada aplicables en la legislaci\u00f3n vigente.<\/p><p>En consecuencia, todo el contenido del <i>web<\/i> de <strong>GeoAmbient<\/strong> est\u00e1 protegido por los Derechos y <strong>GeoAmbient<\/strong> (B64536212) es propietaria o, en su caso, licenciada de estos; por ello, el usuario no puede modificar, publicar, transmitir, participar en la transferencia o venta, reproducir, crear trabajos derivados de, distribuir, mostrar, exponer o, de ninguna manera, explotar cualquiera de los contenidos en parte o en su totalidad.<\/p><p>El dise\u00f1o de todo el contenido del <i>web<\/i> es propiedad de <strong>GeoAmbient<\/strong> (B64536212) y est\u00e1 igualmente protegido por leyes nacionales e internacionales de propiedad intelectual e industrial.<\/p><p>Cualquier otra marca, nombre de producto o compa\u00f1\u00eda mencionados en este <i>web<\/i> son derechos de propiedad intelectual o industrial registrados por sus respectivas compa\u00f1\u00edas. Queda prohibida la reproducci\u00f3n total o parcial sin la autorizaci\u00f3n de los propietarios.<\/p><p><strong>GeoAmbient<\/strong> (B64536212) podr\u00e1 efectuar todas las modificaciones t\u00e9cnicas que sean necesarias para mejorar la calidad, rendimiento, eficacia del sistema y conexi\u00f3n a redes tem\u00e1ticas o Internet.\u00a0<\/p>\t\t\t\t\t\t\t\t<\/div>\n\t\t\t\t<\/div>\n\t\t\t\t<div class=\"elementor-element elementor-element-916f6ca elementor-widget elementor-widget-heading\" data-id=\"916f6ca\" data-element_type=\"widget\" data-widget_type=\"heading.default\">\n\t\t\t\t<div class=\"elementor-widget-container\">\n\t\t\t\t\t<h2 class=\"elementor-heading-title elementor-size-default\">Pol\u00edtica de protecci\u00f3n de datos<\/h2>\t\t\t\t<\/div>\n\t\t\t\t<\/div>\n\t\t\t\t<div class=\"elementor-element elementor-element-7377529 elementor-widget elementor-widget-text-editor\" data-id=\"7377529\" data-element_type=\"widget\" data-widget_type=\"text-editor.default\">\n\t\t\t\t<div class=\"elementor-widget-container\">\n\t\t\t\t\t\t\t\t\t<p>La informaci\u00f3n recibida por <strong>GeoAmbient<\/strong> (B64536212) a trav\u00e9s de su p\u00e1gina <i>web<\/i> ser\u00e1 tratada con la m\u00e1xima confidencialidad. <strong>GeoAmbient<\/strong> (B64536212) observar\u00e1 en todo momento las disposiciones vigentes sobre protecci\u00f3n de datos, en particular, la Ley Org\u00e1nica 15\/1999, de 13 de diciembre, de protecci\u00f3n de datos de car\u00e1cter personal, y adoptar\u00e1 las medidas necesarias para, en relaci\u00f3n con estos datos, evitar su alteraci\u00f3n, p\u00e9rdida, tratamiento y acceso no autorizados, y para que sus empleados observen estas prescripciones, as\u00ed como el deber de secreto sobre los datos objeto de la protecci\u00f3n y otras obligaciones de confidencialidad vigentes.<\/p><p>Asimismo, se compromete a no utilizar los datos personales de los usuarios de la p\u00e1gina para fines diferentes ajenos al objeto de la protecci\u00f3n y otras obligaciones de confidencialidad vigentes. Tambi\u00e9n se compromete a no utilizar los datos personales de los usuarios de la p\u00e1gina para fines diferentes ajenos al objeto de la contrataci\u00f3n de los servicios que presta.<\/p>\t\t\t\t\t\t\t\t<\/div>\n\t\t\t\t<\/div>\n\t\t\t\t\t<\/div>\n\t\t\t\t<\/div>\n\t\t\t\t\t<\/div>\n\t\t\t\t<\/div>\n\t\t\t\t<\/div>\n\t\t","protected":false},"excerpt":{"rendered":"<p>Aviso legal El uso de este web supone el conocimiento de que contiene informaci\u00f3n, fotograf\u00edas, v\u00eddeos, gr\u00e1ficos, im\u00e1genes, software y otros materiales y servicios (en adelante, \u201cel Contenido\u201d), y que este Contenido, as\u00ed como su dise\u00f1o y c\u00f3digo fuente, son propiedad intelectual de GeoAmbient Consultoria Geol\u00f3gica S.L (B64536212) o que ha sido objeto de licencia o cesi\u00f3n por proveedores de contenido independientes. El Usuario de este web est\u00e1 de acuerdo y sabe que GeoAmbient (B64536212) permite el acceso a este contenido, pero que \u00e9ste se encuentra protegido por las leyes de propiedad intelectual e industrial (en adelante, \u201clos Derechos\u201d), as\u00ed como que dichos Derechos son v\u00e1lidos y est\u00e1n protegidos en todos los medios existentes en la actualidad o que se desarrollen en el futuro. El Usuario acepta que el uso del contenido est\u00e1 sujeto y se rige por estas normas, adem\u00e1s de por los derechos, as\u00ed como por las leyes de la propiedad privada aplicables en la legislaci\u00f3n vigente. En consecuencia, todo el contenido del web de GeoAmbient est\u00e1 protegido por los Derechos y GeoAmbient (B64536212) es propietaria o, en su caso, licenciada de estos; por ello, el usuario no puede modificar, publicar, transmitir, participar en la transferencia o venta, reproducir, crear trabajos derivados de, distribuir, mostrar, exponer o, de ninguna manera, explotar cualquiera de los contenidos en parte o en su totalidad. El dise\u00f1o de todo el contenido del web es propiedad de GeoAmbient (B64536212) y est\u00e1 igualmente protegido por leyes nacionales e internacionales de propiedad intelectual e industrial. Cualquier otra marca, nombre de producto o compa\u00f1\u00eda mencionados en este web son derechos de propiedad intelectual o industrial registrados por sus respectivas compa\u00f1\u00edas. Queda prohibida la reproducci\u00f3n total o parcial sin la autorizaci\u00f3n de los propietarios. GeoAmbient (B64536212) podr\u00e1 efectuar todas las modificaciones t\u00e9cnicas que sean necesarias para mejorar la calidad, rendimiento, eficacia del sistema y conexi\u00f3n a redes tem\u00e1ticas o Internet.\u00a0 Pol\u00edtica de protecci\u00f3n de datos La informaci\u00f3n recibida por GeoAmbient (B64536212) a trav\u00e9s de su p\u00e1gina web ser\u00e1 tratada con la m\u00e1xima confidencialidad. GeoAmbient (B64536212) observar\u00e1 en todo momento las disposiciones vigentes sobre protecci\u00f3n de datos, en particular, la Ley Org\u00e1nica 15\/1999, de 13 de diciembre, de protecci\u00f3n de datos de car\u00e1cter personal, y adoptar\u00e1 las medidas necesarias para, en relaci\u00f3n con estos datos, evitar su alteraci\u00f3n, p\u00e9rdida, tratamiento y acceso no autorizados, y para que sus empleados observen estas prescripciones, as\u00ed como el deber de secreto sobre los datos objeto de la protecci\u00f3n y otras obligaciones de confidencialidad vigentes. Asimismo, se compromete a no utilizar los datos personales de los usuarios de la p\u00e1gina para fines diferentes ajenos al objeto de la protecci\u00f3n y otras obligaciones de confidencialidad vigentes. Tambi\u00e9n se compromete a no utilizar los datos personales de los usuarios de la p\u00e1gina para fines diferentes ajenos al objeto de la contrataci\u00f3n de los servicios que presta.<\/p>\n","protected":false},"author":1,"featured_media":0,"parent":0,"menu_order":0,"comment_status":"closed","ping_status":"closed","template":"elementor_canvas","meta":{"footnotes":""},"class_list":["post-6989","page","type-page","status-publish","hentry"],"acf":[],"_links":{"self":[{"href":"https:\/\/geoambient.cat\/es\/wp-json\/wp\/v2\/pages\/6989","targetHints":{"allow":["GET"]}}],"collection":[{"href":"https:\/\/geoambient.cat\/es\/wp-json\/wp\/v2\/pages"}],"about":[{"href":"https:\/\/geoambient.cat\/es\/wp-json\/wp\/v2\/types\/page"}],"author":[{"embeddable":true,"href":"https:\/\/geoambient.cat\/es\/wp-json\/wp\/v2\/users\/1"}],"replies":[{"embeddable":true,"href":"https:\/\/geoambient.cat\/es\/wp-json\/wp\/v2\/comments?post=6989"}],"version-history":[{"count":4,"href":"https:\/\/geoambient.cat\/es\/wp-json\/wp\/v2\/pages\/6989\/revisions"}],"predecessor-version":[{"id":6993,"href":"https:\/\/geoambient.cat\/es\/wp-json\/wp\/v2\/pages\/6989\/revisions\/6993"}],"wp:attachment":[{"href":"https:\/\/geoambient.cat\/es\/wp-json\/wp\/v2\/media?parent=6989"}],"curies":[{"name":"wp","href":"https:\/\/api.w.org\/{rel}","templated":true}]}}