{"id":6974,"date":"2025-07-26T18:28:53","date_gmt":"2025-07-26T18:28:53","guid":{"rendered":"https:\/\/geoambient.cat\/?page_id=6974"},"modified":"2025-07-26T18:32:02","modified_gmt":"2025-07-26T18:32:02","slug":"politica-de-privacidad","status":"publish","type":"page","link":"https:\/\/geoambient.cat\/es\/politica-de-privacidad\/","title":{"rendered":"Pol\u00edtica de privacidad"},"content":{"rendered":"\t\t<div data-elementor-type=\"wp-page\" data-elementor-id=\"6974\" class=\"elementor elementor-6974 elementor-6979\">\n\t\t\t\t<div class=\"elementor-element elementor-element-d8a65de sld e-flex e-con-boxed wpr-jarallax-no wpr-parallax-no wpr-sticky-section-no e-con e-parent\" data-id=\"d8a65de\" data-element_type=\"container\" id=\"sld\" data-settings=\"{&quot;background_background&quot;:&quot;classic&quot;}\">\n\t\t\t\t\t<div class=\"e-con-inner\">\n\t\t\t\t<div class=\"elementor-element elementor-element-1b201e4 elementor-invisible elementor-widget elementor-widget-heading\" data-id=\"1b201e4\" data-element_type=\"widget\" data-settings=\"{&quot;_animation&quot;:&quot;fadeIn&quot;}\" data-widget_type=\"heading.default\">\n\t\t\t\t<div class=\"elementor-widget-container\">\n\t\t\t\t\t<h1 class=\"elementor-heading-title elementor-size-default\">Pol\u00edtica de privacidad<\/h1>\t\t\t\t<\/div>\n\t\t\t\t<\/div>\n\t\t\t\t\t<\/div>\n\t\t\t\t<\/div>\n\t\t<div class=\"elementor-element elementor-element-16c7546 e-flex e-con-boxed wpr-jarallax-no wpr-parallax-no wpr-sticky-section-no e-con e-parent\" data-id=\"16c7546\" data-element_type=\"container\">\n\t\t\t\t\t<div class=\"e-con-inner\">\n\t\t<div class=\"elementor-element elementor-element-24b18e7 e-flex e-con-boxed wpr-jarallax-no wpr-parallax-no wpr-sticky-section-no elementor-invisible e-con e-child\" data-id=\"24b18e7\" data-element_type=\"container\" data-settings=\"{&quot;animation&quot;:&quot;fadeIn&quot;,&quot;animation_mobile&quot;:&quot;fadeIn&quot;}\">\n\t\t\t\t\t<div class=\"e-con-inner\">\n\t\t\t\t<div class=\"elementor-element elementor-element-c378b74 elementor-widget elementor-widget-text-editor\" data-id=\"c378b74\" data-element_type=\"widget\" data-widget_type=\"text-editor.default\">\n\t\t\t\t<div class=\"elementor-widget-container\">\n\t\t\t\t\t\t\t\t\t<p style=\"text-align: left;\">En cumplimiento de lo establecido en el Reglamento (UE) 2016\/679 del Parlamento Europeo y del Consejo, de 27 de abril de 2016 (Reglamento General de Protecci\u00f3n de Datos &#8211; RGPD), as\u00ed como la Ley Org\u00e1nica 3\/2018, de 5 de diciembre, de Protecci\u00f3n de Datos Personales y garant\u00eda de los derechos digitales, <strong>GeoAmbient<\/strong> (B64536212), con domicilio en [direcci\u00f3n completa si se desea], informa a los usuarios del sitio web sobre el tratamiento de sus datos personales.<\/p><h5><span style=\"color: #0058a3;\">1. Responsable del tratamiento<\/span><\/h5><p>El responsable del tratamiento de los datos es:<\/p><p><strong>GeoAmbient Consultor\u00eda Geol\u00f3gica S.L<\/strong><br \/><strong>NIF:<\/strong> B64536212<br \/><strong>Correo electr\u00f3nico de contacto:<\/strong> <a href=\"mailto:geoambient@geoambient.cat\" target=\"_blank\" rel=\"nofollow noopener\">geoambient@geoambient.cat<\/a><br \/><strong>Tel\u00e9fono de contacto:<\/strong> <a href=\"tel:+34936683139\">(+34) 93 668 31 39<\/a><\/p><h5><span style=\"color: #0058a3;\">2. Finalidad del tratamiento<\/span><\/h5><p>Los datos personales facilitados a trav\u00e9s del presente sitio web ser\u00e1n tratados con las siguientes finalidades:<\/p><ul><li>Gestionar las consultas formuladas a trav\u00e9s de los formularios de contacto.<\/li><li>Facilitar informaci\u00f3n sobre servicios, proyectos o eventos relacionados con <strong>GeoAmbient<\/strong>.<\/li><li>Cumplir con las obligaciones legales aplicables.<\/li><li>Mejorar la navegaci\u00f3n y la calidad del servicio ofrecido a trav\u00e9s del sitio web.<\/li><\/ul><h5><span style=\"color: #0058a3;\">3. Legitimaci\u00f3n<\/span><\/h5><p>La base legal para el tratamiento de los datos es el consentimiento expreso del usuario, as\u00ed como el cumplimiento de las obligaciones legales aplicables a <strong>GeoAmbient<\/strong>.<\/p><h5><span style=\"color: #0058a3;\">4. Conservaci\u00f3n de los datos<\/span><\/h5><p>Los datos ser\u00e1n conservados durante el tiempo necesario para cumplir con la finalidad para la que fueron recogidos y para determinar las posibles responsabilidades que pudieran derivarse de dicha finalidad y del tratamiento de los datos.<\/p><h5><span style=\"color: #0058a3;\">5. Destinatarios de los datos<\/span><\/h5><p>Los datos no ser\u00e1n cedidos a terceros, salvo obligaci\u00f3n legal o que sea necesario para la prestaci\u00f3n del servicio, previa informaci\u00f3n y consentimiento del interesado.<\/p><h5><span style=\"color: #0058a3;\">6. Derechos de los interesados<\/span><\/h5><p>Los usuarios pueden ejercer en cualquier momento sus derechos de acceso, rectificaci\u00f3n, supresi\u00f3n, limitaci\u00f3n, oposici\u00f3n y portabilidad de sus datos personales mediante comunicaci\u00f3n escrita dirigida a <strong>GeoAmbient<\/strong>, a la direcci\u00f3n anteriormente indicada, o bien enviando un correo electr\u00f3nico a [email], adjuntando copia de su DNI o documento equivalente.<\/p><p>Tambi\u00e9n tienen derecho a presentar una reclamaci\u00f3n ante la Agencia Espa\u00f1ola de Protecci\u00f3n de Datos si consideran que el tratamiento de sus datos no se ajusta a la normativa vigente.<\/p><h5><span style=\"color: #0058a3;\">7. Medidas de seguridad<\/span><\/h5><p><strong>GeoAmbient<\/strong> se compromete a garantizar la seguridad y confidencialidad de los datos personales facilitados por los usuarios, adoptando las medidas t\u00e9cnicas y organizativas adecuadas para evitar su p\u00e9rdida, acceso no autorizado o tratamiento indebido.<\/p>\t\t\t\t\t\t\t\t<\/div>\n\t\t\t\t<\/div>\n\t\t\t\t\t<\/div>\n\t\t\t\t<\/div>\n\t\t\t\t\t<\/div>\n\t\t\t\t<\/div>\n\t\t\t\t<\/div>\n\t\t","protected":false},"excerpt":{"rendered":"<p>Pol\u00edtica de privacidad En cumplimiento de lo establecido en el Reglamento (UE) 2016\/679 del Parlamento Europeo y del Consejo, de 27 de abril de 2016 (Reglamento General de Protecci\u00f3n de Datos &#8211; RGPD), as\u00ed como la Ley Org\u00e1nica 3\/2018, de 5 de diciembre, de Protecci\u00f3n de Datos Personales y garant\u00eda de los derechos digitales, GeoAmbient (B64536212), con domicilio en [direcci\u00f3n completa si se desea], informa a los usuarios del sitio web sobre el tratamiento de sus datos personales. 1. Responsable del tratamiento El responsable del tratamiento de los datos es: GeoAmbient Consultor\u00eda Geol\u00f3gica S.LNIF: B64536212Correo electr\u00f3nico de contacto: geoambient@geoambient.catTel\u00e9fono de contacto: (+34) 93 668 31 39 2. Finalidad del tratamiento Los datos personales facilitados a trav\u00e9s del presente sitio web ser\u00e1n tratados con las siguientes finalidades: Gestionar las consultas formuladas a trav\u00e9s de los formularios de contacto. Facilitar informaci\u00f3n sobre servicios, proyectos o eventos relacionados con GeoAmbient. Cumplir con las obligaciones legales aplicables. Mejorar la navegaci\u00f3n y la calidad del servicio ofrecido a trav\u00e9s del sitio web. 3. Legitimaci\u00f3n La base legal para el tratamiento de los datos es el consentimiento expreso del usuario, as\u00ed como el cumplimiento de las obligaciones legales aplicables a GeoAmbient. 4. Conservaci\u00f3n de los datos Los datos ser\u00e1n conservados durante el tiempo necesario para cumplir con la finalidad para la que fueron recogidos y para determinar las posibles responsabilidades que pudieran derivarse de dicha finalidad y del tratamiento de los datos. 5. Destinatarios de los datos Los datos no ser\u00e1n cedidos a terceros, salvo obligaci\u00f3n legal o que sea necesario para la prestaci\u00f3n del servicio, previa informaci\u00f3n y consentimiento del interesado. 6. Derechos de los interesados Los usuarios pueden ejercer en cualquier momento sus derechos de acceso, rectificaci\u00f3n, supresi\u00f3n, limitaci\u00f3n, oposici\u00f3n y portabilidad de sus datos personales mediante comunicaci\u00f3n escrita dirigida a GeoAmbient, a la direcci\u00f3n anteriormente indicada, o bien enviando un correo electr\u00f3nico a [email], adjuntando copia de su DNI o documento equivalente. Tambi\u00e9n tienen derecho a presentar una reclamaci\u00f3n ante la Agencia Espa\u00f1ola de Protecci\u00f3n de Datos si consideran que el tratamiento de sus datos no se ajusta a la normativa vigente. 7. Medidas de seguridad GeoAmbient se compromete a garantizar la seguridad y confidencialidad de los datos personales facilitados por los usuarios, adoptando las medidas t\u00e9cnicas y organizativas adecuadas para evitar su p\u00e9rdida, acceso no autorizado o tratamiento indebido.<\/p>\n","protected":false},"author":1,"featured_media":0,"parent":0,"menu_order":0,"comment_status":"closed","ping_status":"closed","template":"elementor_canvas","meta":{"footnotes":""},"class_list":["post-6974","page","type-page","status-publish","hentry"],"acf":[],"_links":{"self":[{"href":"https:\/\/geoambient.cat\/es\/wp-json\/wp\/v2\/pages\/6974","targetHints":{"allow":["GET"]}}],"collection":[{"href":"https:\/\/geoambient.cat\/es\/wp-json\/wp\/v2\/pages"}],"about":[{"href":"https:\/\/geoambient.cat\/es\/wp-json\/wp\/v2\/types\/page"}],"author":[{"embeddable":true,"href":"https:\/\/geoambient.cat\/es\/wp-json\/wp\/v2\/users\/1"}],"replies":[{"embeddable":true,"href":"https:\/\/geoambient.cat\/es\/wp-json\/wp\/v2\/comments?post=6974"}],"version-history":[{"count":4,"href":"https:\/\/geoambient.cat\/es\/wp-json\/wp\/v2\/pages\/6974\/revisions"}],"predecessor-version":[{"id":6978,"href":"https:\/\/geoambient.cat\/es\/wp-json\/wp\/v2\/pages\/6974\/revisions\/6978"}],"wp:attachment":[{"href":"https:\/\/geoambient.cat\/es\/wp-json\/wp\/v2\/media?parent=6974"}],"curies":[{"name":"wp","href":"https:\/\/api.w.org\/{rel}","templated":true}]}}