{"id":6916,"date":"2025-07-26T17:20:53","date_gmt":"2025-07-26T17:20:53","guid":{"rendered":"https:\/\/geoambient.cat\/?page_id=6916"},"modified":"2025-09-04T07:48:26","modified_gmt":"2025-09-04T07:48:26","slug":"lixiviados","status":"publish","type":"page","link":"https:\/\/geoambient.cat\/es\/lixiviados\/","title":{"rendered":"Lixiviados"},"content":{"rendered":"\t\t<div data-elementor-type=\"wp-page\" data-elementor-id=\"6916\" class=\"elementor elementor-6916 elementor-6921\">\n\t\t\t\t<div class=\"elementor-element elementor-element-d8a65de sld e-flex e-con-boxed wpr-jarallax-no wpr-parallax-no wpr-sticky-section-no e-con e-parent\" data-id=\"d8a65de\" data-element_type=\"container\" id=\"sld\" data-settings=\"{&quot;background_background&quot;:&quot;video&quot;,&quot;background_play_on_mobile&quot;:&quot;yes&quot;,&quot;background_video_link&quot;:&quot;\\\/wp-content\\\/themes\\\/geoambient-kit-child\\\/Videos\\\/used\\\/aguas-residuales\\\/LIXIVIADOS.mp4&quot;}\">\n\t\t\t\t\t<div class=\"e-con-inner\">\n\t\t<div class=\"elementor-background-video-container\" aria-hidden=\"true\">\n\t\t\t\t\t\t\t<video class=\"elementor-background-video-hosted\" autoplay muted playsinline loop><\/video>\n\t\t\t\t\t<\/div>\t\t<div class=\"elementor-element elementor-element-1b201e4 elementor-invisible elementor-widget elementor-widget-heading\" data-id=\"1b201e4\" data-element_type=\"widget\" data-settings=\"{&quot;_animation&quot;:&quot;fadeIn&quot;}\" data-widget_type=\"heading.default\">\n\t\t\t\t<div class=\"elementor-widget-container\">\n\t\t\t\t\t<h1 class=\"elementor-heading-title elementor-size-default\">Lixiviados<\/h1>\t\t\t\t<\/div>\n\t\t\t\t<\/div>\n\t\t\t\t\t<\/div>\n\t\t\t\t<\/div>\n\t\t<div class=\"elementor-element elementor-element-16c7546 e-flex e-con-boxed wpr-jarallax-no wpr-parallax-no wpr-sticky-section-no e-con e-parent\" data-id=\"16c7546\" data-element_type=\"container\">\n\t\t\t\t\t<div class=\"e-con-inner\">\n\t\t<div class=\"elementor-element elementor-element-568e15c e-flex e-con-boxed wpr-jarallax-no wpr-parallax-no wpr-sticky-section-no elementor-invisible e-con e-child\" data-id=\"568e15c\" data-element_type=\"container\" data-settings=\"{&quot;animation&quot;:&quot;fadeIn&quot;,&quot;animation_mobile&quot;:&quot;fadeIn&quot;}\">\n\t\t\t\t\t<div class=\"e-con-inner\">\n\t\t\t\t<div class=\"elementor-element elementor-element-1f59efd elementor-invisible elementor-widget elementor-widget-image\" data-id=\"1f59efd\" data-element_type=\"widget\" data-settings=\"{&quot;_animation&quot;:&quot;fadeIn&quot;,&quot;_animation_mobile&quot;:&quot;none&quot;}\" data-widget_type=\"image.default\">\n\t\t\t\t<div class=\"elementor-widget-container\">\n\t\t\t\t\t\t\t\t\t\t\t\t\t\t\t<img fetchpriority=\"high\" decoding=\"async\" width=\"1200\" height=\"735\" src=\"https:\/\/geoambient.cat\/wp-content\/uploads\/2025\/05\/Aguas_Residuales-Lixiviados-instalacion-de-depuracion-de-lixiviados.jpg\" class=\"attachment-full size-full wp-image-3972\" alt=\"\" srcset=\"https:\/\/geoambient.cat\/wp-content\/uploads\/2025\/05\/Aguas_Residuales-Lixiviados-instalacion-de-depuracion-de-lixiviados.jpg 1200w, https:\/\/geoambient.cat\/wp-content\/uploads\/2025\/05\/Aguas_Residuales-Lixiviados-instalacion-de-depuracion-de-lixiviados-300x184.jpg 300w, https:\/\/geoambient.cat\/wp-content\/uploads\/2025\/05\/Aguas_Residuales-Lixiviados-instalacion-de-depuracion-de-lixiviados-1024x627.jpg 1024w, https:\/\/geoambient.cat\/wp-content\/uploads\/2025\/05\/Aguas_Residuales-Lixiviados-instalacion-de-depuracion-de-lixiviados-768x470.jpg 768w\" sizes=\"(max-width: 1200px) 100vw, 1200px\" \/>\t\t\t\t\t\t\t\t\t\t\t\t\t\t\t<\/div>\n\t\t\t\t<\/div>\n\t\t\t\t\t<\/div>\n\t\t\t\t<\/div>\n\t\t<div class=\"elementor-element elementor-element-24b18e7 e-flex e-con-boxed wpr-jarallax-no wpr-parallax-no wpr-sticky-section-no elementor-invisible e-con e-child\" data-id=\"24b18e7\" data-element_type=\"container\" data-settings=\"{&quot;animation&quot;:&quot;fadeIn&quot;,&quot;animation_mobile&quot;:&quot;fadeIn&quot;}\">\n\t\t\t\t\t<div class=\"e-con-inner\">\n\t\t\t\t<div class=\"elementor-element elementor-element-916f6ca elementor-widget elementor-widget-heading\" data-id=\"916f6ca\" data-element_type=\"widget\" data-widget_type=\"heading.default\">\n\t\t\t\t<div class=\"elementor-widget-container\">\n\t\t\t\t\t<h2 class=\"elementor-heading-title elementor-size-default\">Dise\u00f1o e instalaci\u00f3n de plantas de tratamiento de lixiviados <\/h2>\t\t\t\t<\/div>\n\t\t\t\t<\/div>\n\t\t\t\t<div class=\"elementor-element elementor-element-1e84e4b elementor-widget elementor-widget-text-editor\" data-id=\"1e84e4b\" data-element_type=\"widget\" data-widget_type=\"text-editor.default\">\n\t\t\t\t<div class=\"elementor-widget-container\">\n\t\t\t\t\t\t\t\t\t<p><span data-contrast=\"auto\">En <\/span><b><span data-contrast=\"auto\">GeoAmbient<\/span><\/b><span data-contrast=\"auto\"> dise\u00f1amos e instalamos <\/span><b><span data-contrast=\"auto\">plantas de tratamiento adaptadas a cada tipo de vertedero<\/span><\/b><span data-contrast=\"auto\">, teniendo en cuenta la composici\u00f3n espec\u00edfica de los lixiviados generados.<\/span><\/p><p><span data-contrast=\"auto\">Apostamos por una combinaci\u00f3n inteligente de <\/span><b><span data-contrast=\"auto\">tecnolog\u00edas sostenibles, convencionales e innovadoras<\/span><\/b><span data-contrast=\"auto\"> para garantizar la eficiencia del proceso y el cumplimiento de los objetivos de depuraci\u00f3n.<\/span><\/p>\t\t\t\t\t\t\t\t<\/div>\n\t\t\t\t<\/div>\n\t\t\t\t\t<\/div>\n\t\t\t\t<\/div>\n\t\t\t\t\t<\/div>\n\t\t\t\t<\/div>\n\t\t<div class=\"elementor-element elementor-element-899a5bf e-flex e-con-boxed wpr-jarallax-no wpr-parallax-no wpr-sticky-section-no e-con e-parent\" data-id=\"899a5bf\" data-element_type=\"container\">\n\t\t\t\t\t<div class=\"e-con-inner\">\n\t\t<div class=\"elementor-element elementor-element-957d7fc e-flex e-con-boxed wpr-jarallax-no wpr-parallax-no wpr-sticky-section-no elementor-invisible e-con e-child\" data-id=\"957d7fc\" data-element_type=\"container\" data-settings=\"{&quot;animation&quot;:&quot;fadeIn&quot;,&quot;animation_mobile&quot;:&quot;fadeIn&quot;}\">\n\t\t\t\t\t<div class=\"e-con-inner\">\n\t\t\t\t<div class=\"elementor-element elementor-element-d95129d elementor-widget elementor-widget-heading\" data-id=\"d95129d\" data-element_type=\"widget\" data-widget_type=\"heading.default\">\n\t\t\t\t<div class=\"elementor-widget-container\">\n\t\t\t\t\t<h3 class=\"elementor-heading-title elementor-size-default\">Entre las soluciones que integramos destacan: <\/h3>\t\t\t\t<\/div>\n\t\t\t\t<\/div>\n\t\t\t\t<div class=\"elementor-element elementor-element-a282636 elementor-widget elementor-widget-text-editor\" data-id=\"a282636\" data-element_type=\"widget\" data-widget_type=\"text-editor.default\">\n\t\t\t\t<div class=\"elementor-widget-container\">\n\t\t\t\t\t\t\t\t\t<ul><li aria-setsize=\"-1\" data-leveltext=\"\uf0b7\" data-font=\"Symbol\" data-listid=\"2\" data-list-defn-props=\"{&quot;335552541&quot;:1,&quot;335559685&quot;:720,&quot;335559991&quot;:360,&quot;469769226&quot;:&quot;Symbol&quot;,&quot;469769242&quot;:[8226],&quot;469777803&quot;:&quot;left&quot;,&quot;469777804&quot;:&quot;\uf0b7&quot;,&quot;469777815&quot;:&quot;multilevel&quot;}\" data-aria-posinset=\"1\" data-aria-level=\"1\"><b><span data-contrast=\"auto\">Humedales artificiales de flujo horizontal y vertical<\/span><\/b><span data-contrast=\"auto\">, como opci\u00f3n natural y eficiente.<\/span><span data-ccp-props=\"{&quot;134233117&quot;:true,&quot;134233118&quot;:true,&quot;201341983&quot;:0,&quot;335559740&quot;:240}\">\u00a0<\/span><\/li><\/ul><ul><li aria-setsize=\"-1\" data-leveltext=\"\uf0b7\" data-font=\"Symbol\" data-listid=\"2\" data-list-defn-props=\"{&quot;335552541&quot;:1,&quot;335559685&quot;:720,&quot;335559991&quot;:360,&quot;469769226&quot;:&quot;Symbol&quot;,&quot;469769242&quot;:[8226],&quot;469777803&quot;:&quot;left&quot;,&quot;469777804&quot;:&quot;\uf0b7&quot;,&quot;469777815&quot;:&quot;multilevel&quot;}\" data-aria-posinset=\"2\" data-aria-level=\"1\"><b><span data-contrast=\"auto\">T\u00e9cnicas convencionales<\/span><\/b><span data-contrast=\"auto\"> como reactores biol\u00f3gicos, decantaci\u00f3n, floculaci\u00f3n, \u00f3smosis y evaporaci\u00f3n.<\/span><\/li><\/ul><ul><li><b><span data-contrast=\"auto\">Tecnolog\u00edas avanzadas<\/span><\/b><span data-contrast=\"auto\">, como la superfiltraci\u00f3n mediante membranas, para un tratamiento de alta precisi\u00f3n.\u00a0<\/span><\/li><\/ul>\t\t\t\t\t\t\t\t<\/div>\n\t\t\t\t<\/div>\n\t\t\t\t<div class=\"elementor-element elementor-element-c3f39f1 elementor-widget elementor-widget-text-editor\" data-id=\"c3f39f1\" data-element_type=\"widget\" data-widget_type=\"text-editor.default\">\n\t\t\t\t<div class=\"elementor-widget-container\">\n\t\t\t\t\t\t\t\t\t<p>Gracias a esta visi\u00f3n global y flexible, ofrecemos <strong>soluciones a medida, eficientes y sostenibles<\/strong>, adaptadas a las necesidades espec\u00edficas de cada proyecto.\u00a0<\/p>\t\t\t\t\t\t\t\t<\/div>\n\t\t\t\t<\/div>\n\t\t\t\t\t<\/div>\n\t\t\t\t<\/div>\n\t\t<div class=\"elementor-element elementor-element-e6ad645 e-flex e-con-boxed wpr-jarallax-no wpr-parallax-no wpr-sticky-section-no elementor-invisible e-con e-child\" data-id=\"e6ad645\" data-element_type=\"container\" data-settings=\"{&quot;animation&quot;:&quot;fadeIn&quot;,&quot;animation_mobile&quot;:&quot;fadeIn&quot;}\">\n\t\t\t\t\t<div class=\"e-con-inner\">\n\t\t\t\t<div class=\"elementor-element elementor-element-df200bb elementor-invisible elementor-widget elementor-widget-image\" data-id=\"df200bb\" data-element_type=\"widget\" data-settings=\"{&quot;_animation&quot;:&quot;fadeIn&quot;,&quot;_animation_mobile&quot;:&quot;none&quot;}\" data-widget_type=\"image.default\">\n\t\t\t\t<div class=\"elementor-widget-container\">\n\t\t\t\t\t\t\t\t\t\t\t\t\t\t\t<img decoding=\"async\" width=\"1200\" height=\"2133\" src=\"https:\/\/geoambient.cat\/wp-content\/uploads\/2025\/05\/Aguas_Residuales-Lixiviados-osmosis-inversa-2.jpg\" class=\"attachment-full size-full wp-image-3992\" alt=\"Aguas_Residuales\" srcset=\"https:\/\/geoambient.cat\/wp-content\/uploads\/2025\/05\/Aguas_Residuales-Lixiviados-osmosis-inversa-2.jpg 1200w, https:\/\/geoambient.cat\/wp-content\/uploads\/2025\/05\/Aguas_Residuales-Lixiviados-osmosis-inversa-2-169x300.jpg 169w, https:\/\/geoambient.cat\/wp-content\/uploads\/2025\/05\/Aguas_Residuales-Lixiviados-osmosis-inversa-2-576x1024.jpg 576w, https:\/\/geoambient.cat\/wp-content\/uploads\/2025\/05\/Aguas_Residuales-Lixiviados-osmosis-inversa-2-768x1365.jpg 768w, https:\/\/geoambient.cat\/wp-content\/uploads\/2025\/05\/Aguas_Residuales-Lixiviados-osmosis-inversa-2-864x1536.jpg 864w, https:\/\/geoambient.cat\/wp-content\/uploads\/2025\/05\/Aguas_Residuales-Lixiviados-osmosis-inversa-2-1152x2048.jpg 1152w\" sizes=\"(max-width: 1200px) 100vw, 1200px\" \/>\t\t\t\t\t\t\t\t\t\t\t\t\t\t\t<\/div>\n\t\t\t\t<\/div>\n\t\t\t\t\t<\/div>\n\t\t\t\t<\/div>\n\t\t\t\t\t<\/div>\n\t\t\t\t<\/div>\n\t\t\t\t<\/div>\n\t\t","protected":false},"excerpt":{"rendered":"<p>Lixiviados Dise\u00f1o e instalaci\u00f3n de plantas de tratamiento de lixiviados En GeoAmbient dise\u00f1amos e instalamos plantas de tratamiento adaptadas a cada tipo de vertedero, teniendo en cuenta la composici\u00f3n espec\u00edfica de los lixiviados generados. Apostamos por una combinaci\u00f3n inteligente de tecnolog\u00edas sostenibles, convencionales e innovadoras para garantizar la eficiencia del proceso y el cumplimiento de los objetivos de depuraci\u00f3n. Entre las soluciones que integramos destacan: Humedales artificiales de flujo horizontal y vertical, como opci\u00f3n natural y eficiente.\u00a0 T\u00e9cnicas convencionales como reactores biol\u00f3gicos, decantaci\u00f3n, floculaci\u00f3n, \u00f3smosis y evaporaci\u00f3n. Tecnolog\u00edas avanzadas, como la superfiltraci\u00f3n mediante membranas, para un tratamiento de alta precisi\u00f3n.\u00a0 Gracias a esta visi\u00f3n global y flexible, ofrecemos soluciones a medida, eficientes y sostenibles, adaptadas a las necesidades espec\u00edficas de cada proyecto.\u00a0<\/p>\n","protected":false},"author":1,"featured_media":2558,"parent":0,"menu_order":0,"comment_status":"closed","ping_status":"closed","template":"elementor_canvas","meta":{"footnotes":""},"class_list":["post-6916","page","type-page","status-publish","has-post-thumbnail","hentry"],"acf":[],"_links":{"self":[{"href":"https:\/\/geoambient.cat\/es\/wp-json\/wp\/v2\/pages\/6916","targetHints":{"allow":["GET"]}}],"collection":[{"href":"https:\/\/geoambient.cat\/es\/wp-json\/wp\/v2\/pages"}],"about":[{"href":"https:\/\/geoambient.cat\/es\/wp-json\/wp\/v2\/types\/page"}],"author":[{"embeddable":true,"href":"https:\/\/geoambient.cat\/es\/wp-json\/wp\/v2\/users\/1"}],"replies":[{"embeddable":true,"href":"https:\/\/geoambient.cat\/es\/wp-json\/wp\/v2\/comments?post=6916"}],"version-history":[{"count":10,"href":"https:\/\/geoambient.cat\/es\/wp-json\/wp\/v2\/pages\/6916\/revisions"}],"predecessor-version":[{"id":7990,"href":"https:\/\/geoambient.cat\/es\/wp-json\/wp\/v2\/pages\/6916\/revisions\/7990"}],"wp:featuredmedia":[{"embeddable":true,"href":"https:\/\/geoambient.cat\/es\/wp-json\/wp\/v2\/media\/2558"}],"wp:attachment":[{"href":"https:\/\/geoambient.cat\/es\/wp-json\/wp\/v2\/media?parent=6916"}],"curies":[{"name":"wp","href":"https:\/\/api.w.org\/{rel}","templated":true}]}}