{"id":6773,"date":"2025-07-22T21:48:49","date_gmt":"2025-07-22T21:48:49","guid":{"rendered":"https:\/\/geoambient.cat\/?page_id=6773"},"modified":"2025-09-04T07:49:41","modified_gmt":"2025-09-04T07:49:41","slug":"direccion-ambiental-de-obra","status":"publish","type":"page","link":"https:\/\/geoambient.cat\/es\/direccion-ambiental-de-obra\/","title":{"rendered":"Direcci\u00f3n ambiental de obra"},"content":{"rendered":"\t\t<div data-elementor-type=\"wp-page\" data-elementor-id=\"6773\" class=\"elementor elementor-6773 elementor-6783\">\n\t\t\t\t<div class=\"elementor-element elementor-element-d8a65de sld e-flex e-con-boxed wpr-jarallax-no wpr-parallax-no wpr-sticky-section-no e-con e-parent\" data-id=\"d8a65de\" data-element_type=\"container\" id=\"sld\" data-settings=\"{&quot;background_background&quot;:&quot;video&quot;,&quot;background_play_on_mobile&quot;:&quot;yes&quot;,&quot;background_video_link&quot;:&quot;\\\/wp-content\\\/themes\\\/geoambient-kit-child\\\/Videos\\\/used\\\/DAO.mp4&quot;}\">\n\t\t\t\t\t<div class=\"e-con-inner\">\n\t\t<div class=\"elementor-background-video-container\" aria-hidden=\"true\">\n\t\t\t\t\t\t\t<video class=\"elementor-background-video-hosted\" autoplay muted playsinline loop><\/video>\n\t\t\t\t\t<\/div>\t\t<div class=\"elementor-element elementor-element-1b201e4 elementor-invisible elementor-widget elementor-widget-heading\" data-id=\"1b201e4\" data-element_type=\"widget\" data-settings=\"{&quot;_animation&quot;:&quot;fadeIn&quot;}\" data-widget_type=\"heading.default\">\n\t\t\t\t<div class=\"elementor-widget-container\">\n\t\t\t\t\t<h1 class=\"elementor-heading-title elementor-size-default\">Direcci\u00f3n ambiental de obra<\/h1>\t\t\t\t<\/div>\n\t\t\t\t<\/div>\n\t\t\t\t\t<\/div>\n\t\t\t\t<\/div>\n\t\t<div class=\"elementor-element elementor-element-16c7546 e-flex e-con-boxed wpr-jarallax-no wpr-parallax-no wpr-sticky-section-no e-con e-parent\" data-id=\"16c7546\" data-element_type=\"container\">\n\t\t\t\t\t<div class=\"e-con-inner\">\n\t\t<div class=\"elementor-element elementor-element-568e15c e-flex e-con-boxed wpr-jarallax-no wpr-parallax-no wpr-sticky-section-no elementor-invisible e-con e-child\" data-id=\"568e15c\" data-element_type=\"container\" data-settings=\"{&quot;animation&quot;:&quot;fadeIn&quot;,&quot;animation_mobile&quot;:&quot;fadeIn&quot;}\">\n\t\t\t\t\t<div class=\"e-con-inner\">\n\t\t\t\t<div class=\"elementor-element elementor-element-1f59efd elementor-invisible elementor-widget elementor-widget-image\" data-id=\"1f59efd\" data-element_type=\"widget\" data-settings=\"{&quot;_animation&quot;:&quot;fadeIn&quot;,&quot;_animation_mobile&quot;:&quot;none&quot;}\" data-widget_type=\"image.default\">\n\t\t\t\t<div class=\"elementor-widget-container\">\n\t\t\t\t\t\t\t\t\t\t\t\t\t\t\t<img fetchpriority=\"high\" decoding=\"async\" width=\"1500\" height=\"2000\" src=\"https:\/\/geoambient.cat\/wp-content\/uploads\/2025\/05\/Suelos_contaminados-1297-vilanova-1.jpg\" class=\"attachment-full size-full wp-image-2821\" alt=\"\" srcset=\"https:\/\/geoambient.cat\/wp-content\/uploads\/2025\/05\/Suelos_contaminados-1297-vilanova-1.jpg 1500w, https:\/\/geoambient.cat\/wp-content\/uploads\/2025\/05\/Suelos_contaminados-1297-vilanova-1-225x300.jpg 225w, https:\/\/geoambient.cat\/wp-content\/uploads\/2025\/05\/Suelos_contaminados-1297-vilanova-1-768x1024.jpg 768w, https:\/\/geoambient.cat\/wp-content\/uploads\/2025\/05\/Suelos_contaminados-1297-vilanova-1-1152x1536.jpg 1152w\" sizes=\"(max-width: 1500px) 100vw, 1500px\" \/>\t\t\t\t\t\t\t\t\t\t\t\t\t\t\t<\/div>\n\t\t\t\t<\/div>\n\t\t\t\t\t<\/div>\n\t\t\t\t<\/div>\n\t\t<div class=\"elementor-element elementor-element-24b18e7 e-flex e-con-boxed wpr-jarallax-no wpr-parallax-no wpr-sticky-section-no elementor-invisible e-con e-child\" data-id=\"24b18e7\" data-element_type=\"container\" data-settings=\"{&quot;animation&quot;:&quot;fadeIn&quot;,&quot;animation_mobile&quot;:&quot;fadeIn&quot;}\">\n\t\t\t\t\t<div class=\"e-con-inner\">\n\t\t\t\t<div class=\"elementor-element elementor-element-64862a3 elementor-widget elementor-widget-heading\" data-id=\"64862a3\" data-element_type=\"widget\" data-widget_type=\"heading.default\">\n\t\t\t\t<div class=\"elementor-widget-container\">\n\t\t\t\t\t<h2 class=\"elementor-heading-title elementor-size-default\">Direcci\u00f3n ambiental de obra (DAO) y Gesti\u00f3n de suelos remanentes <\/h2>\t\t\t\t<\/div>\n\t\t\t\t<\/div>\n\t\t\t\t<div class=\"elementor-element elementor-element-3866963 elementor-widget elementor-widget-text-editor\" data-id=\"3866963\" data-element_type=\"widget\" data-widget_type=\"text-editor.default\">\n\t\t\t\t<div class=\"elementor-widget-container\">\n\t\t\t\t\t\t\t\t\t<p>En <strong>GeoAmbient<\/strong>, nos especializamos en la realizaci\u00f3n de <strong>Direcciones Ambientales de Obra (DAO)<\/strong>, con un enfoque principal en la excavaci\u00f3n selectiva de suelos y la validaci\u00f3n de suelos remanentes. Nuestro objetivo es garantizar la correcta gesti\u00f3n y tratamiento de los suelos afectados, optimizando los costes y asegurando la sostenibilidad de cada proyecto.<\/p>\t\t\t\t\t\t\t\t<\/div>\n\t\t\t\t<\/div>\n\t\t\t\t<div class=\"elementor-element elementor-element-86733dd elementor-widget elementor-widget-heading\" data-id=\"86733dd\" data-element_type=\"widget\" data-widget_type=\"heading.default\">\n\t\t\t\t<div class=\"elementor-widget-container\">\n\t\t\t\t\t<h3 class=\"elementor-heading-title elementor-size-default\">Gesti\u00f3n eficiente de la excavaci\u00f3n de suelos <\/h3>\t\t\t\t<\/div>\n\t\t\t\t<\/div>\n\t\t\t\t<div class=\"elementor-element elementor-element-7e06486 elementor-widget elementor-widget-text-editor\" data-id=\"7e06486\" data-element_type=\"widget\" data-widget_type=\"text-editor.default\">\n\t\t\t\t<div class=\"elementor-widget-container\">\n\t\t\t\t\t\t\t\t\t<p>Cuando se detecta afecci\u00f3n en los suelos, el objetivo fundamental es gestionarlos adecuadamente, diferenciando entre las diversas tipolog\u00edas de material. Esto nos permite aplicar el tratamiento m\u00e1s adecuado a cada caso, minimizando los costes y maximizando la eficiencia operativa.<\/p>\t\t\t\t\t\t\t\t<\/div>\n\t\t\t\t<\/div>\n\t\t\t\t<div class=\"elementor-element elementor-element-43694d1 elementor-widget elementor-widget-heading\" data-id=\"43694d1\" data-element_type=\"widget\" data-widget_type=\"heading.default\">\n\t\t\t\t<div class=\"elementor-widget-container\">\n\t\t\t\t\t<h2 class=\"elementor-heading-title elementor-size-default\">Con una DAO bien definida, podemos:<\/h2>\t\t\t\t<\/div>\n\t\t\t\t<\/div>\n\t\t\t\t<div class=\"elementor-element elementor-element-fd3cd53 elementor-widget elementor-widget-text-editor\" data-id=\"fd3cd53\" data-element_type=\"widget\" data-widget_type=\"text-editor.default\">\n\t\t\t\t<div class=\"elementor-widget-container\">\n\t\t\t\t\t\t\t\t\t<ul><li><strong>Discriminar suelos<\/strong> seg\u00fan el grado de afecci\u00f3n.<\/li><li><strong>Aplicar soluciones espec\u00edficas<\/strong> para cada tipo de suelo, como tratamientos en el emplazamiento o la retirada a un gestor final.<\/li><\/ul>\t\t\t\t\t\t\t\t<\/div>\n\t\t\t\t<\/div>\n\t\t\t\t\t<\/div>\n\t\t\t\t<\/div>\n\t\t\t\t\t<\/div>\n\t\t\t\t<\/div>\n\t\t<div class=\"elementor-element elementor-element-899a5bf e-flex e-con-boxed wpr-jarallax-no wpr-parallax-no wpr-sticky-section-no e-con e-parent\" data-id=\"899a5bf\" data-element_type=\"container\">\n\t\t\t\t\t<div class=\"e-con-inner\">\n\t\t<div class=\"elementor-element elementor-element-957d7fc e-flex e-con-boxed wpr-jarallax-no wpr-parallax-no wpr-sticky-section-no elementor-invisible e-con e-child\" data-id=\"957d7fc\" data-element_type=\"container\" data-settings=\"{&quot;animation&quot;:&quot;fadeIn&quot;,&quot;animation_mobile&quot;:&quot;fadeIn&quot;}\">\n\t\t\t\t\t<div class=\"e-con-inner\">\n\t\t\t\t<div class=\"elementor-element elementor-element-ff730ff elementor-widget elementor-widget-heading\" data-id=\"ff730ff\" data-element_type=\"widget\" data-widget_type=\"heading.default\">\n\t\t\t\t<div class=\"elementor-widget-container\">\n\t\t\t\t\t<h3 class=\"elementor-heading-title elementor-size-default\">Planificaci\u00f3n y ejecuci\u00f3n dedicada <\/h3>\t\t\t\t<\/div>\n\t\t\t\t<\/div>\n\t\t\t\t<div class=\"elementor-element elementor-element-f60e693 elementor-widget elementor-widget-text-editor\" data-id=\"f60e693\" data-element_type=\"widget\" data-widget_type=\"text-editor.default\">\n\t\t\t\t<div class=\"elementor-widget-container\">\n\t\t\t\t\t\t\t\t\t<p>Para garantizar la optimizaci\u00f3n de una excavaci\u00f3n selectiva, es esencial una <strong>Investigaci\u00f3n Detallada<\/strong> previa que delimite y caracterice la afecci\u00f3n del suelo. Adem\u00e1s, es necesario un <strong>Plan de Excavaci\u00f3n<\/strong> claramente definido, con una metodolog\u00eda espec\u00edfica y criterios que aseguren una gesti\u00f3n y tratamiento eficientes de los suelos.<\/p><p>Durante la ejecuci\u00f3n de la excavaci\u00f3n, un t\u00e9cnico habilitado supervisa todo el proceso, dando instrucciones para gestionar adecuadamente los materiales seg\u00fan su grado de afecci\u00f3n. As\u00ed, los suelos m\u00e1s afectados se retiran de manera segura y los menos afectados se pueden tratar en el emplazamiento.<\/p>\t\t\t\t\t\t\t\t<\/div>\n\t\t\t\t<\/div>\n\t\t\t\t\t<\/div>\n\t\t\t\t<\/div>\n\t\t<div class=\"elementor-element elementor-element-e6ad645 e-flex e-con-boxed wpr-jarallax-no wpr-parallax-no wpr-sticky-section-no elementor-invisible e-con e-child\" data-id=\"e6ad645\" data-element_type=\"container\" data-settings=\"{&quot;animation&quot;:&quot;fadeIn&quot;,&quot;animation_mobile&quot;:&quot;fadeIn&quot;}\">\n\t\t\t\t\t<div class=\"e-con-inner\">\n\t\t\t\t<div class=\"elementor-element elementor-element-df200bb elementor-invisible elementor-widget elementor-widget-image\" data-id=\"df200bb\" data-element_type=\"widget\" data-settings=\"{&quot;_animation&quot;:&quot;fadeIn&quot;,&quot;_animation_mobile&quot;:&quot;none&quot;}\" data-widget_type=\"image.default\">\n\t\t\t\t<div class=\"elementor-widget-container\">\n\t\t\t\t\t\t\t\t\t\t\t\t\t\t\t<img decoding=\"async\" width=\"2000\" height=\"1500\" src=\"https:\/\/geoambient.cat\/wp-content\/uploads\/2025\/06\/Suelos_contaminados-DAO-1237-lallagosta-5.jpg\" class=\"attachment-full size-full wp-image-6191\" alt=\"Suelos_contaminados-DAO-1237-lallagosta-5\" srcset=\"https:\/\/geoambient.cat\/wp-content\/uploads\/2025\/06\/Suelos_contaminados-DAO-1237-lallagosta-5.jpg 2000w, https:\/\/geoambient.cat\/wp-content\/uploads\/2025\/06\/Suelos_contaminados-DAO-1237-lallagosta-5-300x225.jpg 300w, https:\/\/geoambient.cat\/wp-content\/uploads\/2025\/06\/Suelos_contaminados-DAO-1237-lallagosta-5-1024x768.jpg 1024w, https:\/\/geoambient.cat\/wp-content\/uploads\/2025\/06\/Suelos_contaminados-DAO-1237-lallagosta-5-768x576.jpg 768w, https:\/\/geoambient.cat\/wp-content\/uploads\/2025\/06\/Suelos_contaminados-DAO-1237-lallagosta-5-1536x1152.jpg 1536w\" sizes=\"(max-width: 2000px) 100vw, 2000px\" \/>\t\t\t\t\t\t\t\t\t\t\t\t\t\t\t<\/div>\n\t\t\t\t<\/div>\n\t\t\t\t\t<\/div>\n\t\t\t\t<\/div>\n\t\t\t\t\t<\/div>\n\t\t\t\t<\/div>\n\t\t<div class=\"elementor-element elementor-element-54e89b4 e-flex e-con-boxed wpr-jarallax-no wpr-parallax-no wpr-sticky-section-no e-con e-parent\" data-id=\"54e89b4\" data-element_type=\"container\">\n\t\t\t\t\t<div class=\"e-con-inner\">\n\t\t<div class=\"elementor-element elementor-element-951390f e-flex e-con-boxed wpr-jarallax-no wpr-parallax-no wpr-sticky-section-no elementor-invisible e-con e-child\" data-id=\"951390f\" data-element_type=\"container\" data-settings=\"{&quot;animation&quot;:&quot;fadeIn&quot;,&quot;animation_mobile&quot;:&quot;fadeIn&quot;}\">\n\t\t\t\t\t<div class=\"e-con-inner\">\n\t\t\t\t<div class=\"elementor-element elementor-element-5f58813 elementor-invisible elementor-widget elementor-widget-image\" data-id=\"5f58813\" data-element_type=\"widget\" data-settings=\"{&quot;_animation&quot;:&quot;fadeIn&quot;,&quot;_animation_mobile&quot;:&quot;none&quot;}\" data-widget_type=\"image.default\">\n\t\t\t\t<div class=\"elementor-widget-container\">\n\t\t\t\t\t\t\t\t\t\t\t\t\t\t\t<img decoding=\"async\" width=\"1000\" height=\"750\" src=\"https:\/\/geoambient.cat\/wp-content\/uploads\/2025\/05\/Suelos_contaminados-1560-montornes-3.jpg\" class=\"attachment-full size-full wp-image-2761\" alt=\"\" srcset=\"https:\/\/geoambient.cat\/wp-content\/uploads\/2025\/05\/Suelos_contaminados-1560-montornes-3.jpg 1000w, https:\/\/geoambient.cat\/wp-content\/uploads\/2025\/05\/Suelos_contaminados-1560-montornes-3-300x225.jpg 300w, https:\/\/geoambient.cat\/wp-content\/uploads\/2025\/05\/Suelos_contaminados-1560-montornes-3-768x576.jpg 768w\" sizes=\"(max-width: 1000px) 100vw, 1000px\" \/>\t\t\t\t\t\t\t\t\t\t\t\t\t\t\t<\/div>\n\t\t\t\t<\/div>\n\t\t\t\t\t<\/div>\n\t\t\t\t<\/div>\n\t\t<div class=\"elementor-element elementor-element-d1a5f43 e-flex e-con-boxed wpr-jarallax-no wpr-parallax-no wpr-sticky-section-no elementor-invisible e-con e-child\" data-id=\"d1a5f43\" data-element_type=\"container\" data-settings=\"{&quot;animation&quot;:&quot;fadeIn&quot;,&quot;animation_mobile&quot;:&quot;fadeIn&quot;}\">\n\t\t\t\t\t<div class=\"e-con-inner\">\n\t\t\t\t<div class=\"elementor-element elementor-element-f24dd95 elementor-widget elementor-widget-heading\" data-id=\"f24dd95\" data-element_type=\"widget\" data-widget_type=\"heading.default\">\n\t\t\t\t<div class=\"elementor-widget-container\">\n\t\t\t\t\t<h3 class=\"elementor-heading-title elementor-size-default\">Garant\u00eda de resultados y cumplimiento normativo <\/h3>\t\t\t\t<\/div>\n\t\t\t\t<\/div>\n\t\t\t\t<div class=\"elementor-element elementor-element-8213a1f elementor-widget elementor-widget-text-editor\" data-id=\"8213a1f\" data-element_type=\"widget\" data-widget_type=\"text-editor.default\">\n\t\t\t\t<div class=\"elementor-widget-container\">\n\t\t\t\t\t\t\t\t\t<p>Para asegurar que todos los suelos afectados han sido retirados correctamente, realizamos un <strong>muestreo de suelos remanentes<\/strong> seg\u00fan las normativas establecidas por las autoridades competentes y las <strong>Instrucciones T\u00e9cnicas<\/strong> elaboradas por <strong>GeoAmbient<\/strong>. Esta fase final garantiza que cada suelo ha sido gestionado de manera adecuada.<\/p>\t\t\t\t\t\t\t\t<\/div>\n\t\t\t\t<\/div>\n\t\t\t\t<div class=\"elementor-element elementor-element-2c9cc27 elementor-widget elementor-widget-heading\" data-id=\"2c9cc27\" data-element_type=\"widget\" data-widget_type=\"heading.default\">\n\t\t\t\t<div class=\"elementor-widget-container\">\n\t\t\t\t\t<h3 class=\"elementor-heading-title elementor-size-default\">Certificaci\u00f3n y capacidad administrativa <\/h3>\t\t\t\t<\/div>\n\t\t\t\t<\/div>\n\t\t\t\t<div class=\"elementor-element elementor-element-328b1f1 elementor-widget elementor-widget-text-editor\" data-id=\"328b1f1\" data-element_type=\"widget\" data-widget_type=\"text-editor.default\">\n\t\t\t\t<div class=\"elementor-widget-container\">\n\t\t\t\t\t\t\t\t\t<p>A nivel administrativo, <strong>GeoAmbient<\/strong> est\u00e1 habilitado para llevar a cabo la <strong>Direcci\u00f3n Ambiental de Obra (DAO)<\/strong> y el muestreo de suelos remanentes, asegurando el cumplimiento de la legislaci\u00f3n vigente en todo momento.<\/p>\t\t\t\t\t\t\t\t<\/div>\n\t\t\t\t<\/div>\n\t\t\t\t\t<\/div>\n\t\t\t\t<\/div>\n\t\t\t\t\t<\/div>\n\t\t\t\t<\/div>\n\t\t\t\t<\/div>\n\t\t","protected":false},"excerpt":{"rendered":"<p>Direcci\u00f3n ambiental de obra Direcci\u00f3n ambiental de obra (DAO) y Gesti\u00f3n de suelos remanentes En GeoAmbient, nos especializamos en la realizaci\u00f3n de Direcciones Ambientales de Obra (DAO), con un enfoque principal en la excavaci\u00f3n selectiva de suelos y la validaci\u00f3n de suelos remanentes. Nuestro objetivo es garantizar la correcta gesti\u00f3n y tratamiento de los suelos afectados, optimizando los costes y asegurando la sostenibilidad de cada proyecto. Gesti\u00f3n eficiente de la excavaci\u00f3n de suelos Cuando se detecta afecci\u00f3n en los suelos, el objetivo fundamental es gestionarlos adecuadamente, diferenciando entre las diversas tipolog\u00edas de material. Esto nos permite aplicar el tratamiento m\u00e1s adecuado a cada caso, minimizando los costes y maximizando la eficiencia operativa. Con una DAO bien definida, podemos: Discriminar suelos seg\u00fan el grado de afecci\u00f3n. Aplicar soluciones espec\u00edficas para cada tipo de suelo, como tratamientos en el emplazamiento o la retirada a un gestor final. Planificaci\u00f3n y ejecuci\u00f3n dedicada Para garantizar la optimizaci\u00f3n de una excavaci\u00f3n selectiva, es esencial una Investigaci\u00f3n Detallada previa que delimite y caracterice la afecci\u00f3n del suelo. Adem\u00e1s, es necesario un Plan de Excavaci\u00f3n claramente definido, con una metodolog\u00eda espec\u00edfica y criterios que aseguren una gesti\u00f3n y tratamiento eficientes de los suelos. Durante la ejecuci\u00f3n de la excavaci\u00f3n, un t\u00e9cnico habilitado supervisa todo el proceso, dando instrucciones para gestionar adecuadamente los materiales seg\u00fan su grado de afecci\u00f3n. As\u00ed, los suelos m\u00e1s afectados se retiran de manera segura y los menos afectados se pueden tratar en el emplazamiento. Garant\u00eda de resultados y cumplimiento normativo Para asegurar que todos los suelos afectados han sido retirados correctamente, realizamos un muestreo de suelos remanentes seg\u00fan las normativas establecidas por las autoridades competentes y las Instrucciones T\u00e9cnicas elaboradas por GeoAmbient. Esta fase final garantiza que cada suelo ha sido gestionado de manera adecuada. Certificaci\u00f3n y capacidad administrativa A nivel administrativo, GeoAmbient est\u00e1 habilitado para llevar a cabo la Direcci\u00f3n Ambiental de Obra (DAO) y el muestreo de suelos remanentes, asegurando el cumplimiento de la legislaci\u00f3n vigente en todo momento.<\/p>\n","protected":false},"author":1,"featured_media":2754,"parent":0,"menu_order":0,"comment_status":"closed","ping_status":"closed","template":"elementor_canvas","meta":{"footnotes":""},"class_list":["post-6773","page","type-page","status-publish","has-post-thumbnail","hentry"],"acf":[],"_links":{"self":[{"href":"https:\/\/geoambient.cat\/es\/wp-json\/wp\/v2\/pages\/6773","targetHints":{"allow":["GET"]}}],"collection":[{"href":"https:\/\/geoambient.cat\/es\/wp-json\/wp\/v2\/pages"}],"about":[{"href":"https:\/\/geoambient.cat\/es\/wp-json\/wp\/v2\/types\/page"}],"author":[{"embeddable":true,"href":"https:\/\/geoambient.cat\/es\/wp-json\/wp\/v2\/users\/1"}],"replies":[{"embeddable":true,"href":"https:\/\/geoambient.cat\/es\/wp-json\/wp\/v2\/comments?post=6773"}],"version-history":[{"count":7,"href":"https:\/\/geoambient.cat\/es\/wp-json\/wp\/v2\/pages\/6773\/revisions"}],"predecessor-version":[{"id":7993,"href":"https:\/\/geoambient.cat\/es\/wp-json\/wp\/v2\/pages\/6773\/revisions\/7993"}],"wp:featuredmedia":[{"embeddable":true,"href":"https:\/\/geoambient.cat\/es\/wp-json\/wp\/v2\/media\/2754"}],"wp:attachment":[{"href":"https:\/\/geoambient.cat\/es\/wp-json\/wp\/v2\/media?parent=6773"}],"curies":[{"name":"wp","href":"https:\/\/api.w.org\/{rel}","templated":true}]}}