{"id":6588,"date":"2025-07-20T19:54:57","date_gmt":"2025-07-20T19:54:57","guid":{"rendered":"https:\/\/geoambient.cat\/?page_id=6588"},"modified":"2026-01-20T09:46:20","modified_gmt":"2026-01-20T09:46:20","slug":"actuaciones-de-emergencia","status":"publish","type":"page","link":"https:\/\/geoambient.cat\/es\/actuaciones-de-emergencia\/","title":{"rendered":"Actuaciones de emergencia"},"content":{"rendered":"\t\t<div data-elementor-type=\"wp-page\" data-elementor-id=\"6588\" class=\"elementor elementor-6588 elementor-6601\">\n\t\t\t\t<div class=\"elementor-element elementor-element-d8a65de sld e-flex e-con-boxed wpr-jarallax-no wpr-parallax-no wpr-sticky-section-no e-con e-parent\" data-id=\"d8a65de\" data-element_type=\"container\" id=\"sld\" data-settings=\"{&quot;background_background&quot;:&quot;video&quot;,&quot;background_play_on_mobile&quot;:&quot;yes&quot;,&quot;background_video_link&quot;:&quot;\\\/wp-content\\\/themes\\\/geoambient-kit-child\\\/Videos\\\/SUELOS_CONTAMINADOS\\\/EMERGENCIA.mov&quot;}\">\n\t\t\t\t\t<div class=\"e-con-inner\">\n\t\t<div class=\"elementor-background-video-container\" aria-hidden=\"true\">\n\t\t\t\t\t\t\t<video class=\"elementor-background-video-hosted\" autoplay muted playsinline loop><\/video>\n\t\t\t\t\t<\/div>\t\t<div class=\"elementor-element elementor-element-1b201e4 elementor-invisible elementor-widget elementor-widget-heading\" data-id=\"1b201e4\" data-element_type=\"widget\" data-settings=\"{&quot;_animation&quot;:&quot;fadeIn&quot;}\" data-widget_type=\"heading.default\">\n\t\t\t\t<div class=\"elementor-widget-container\">\n\t\t\t\t\t<h1 class=\"elementor-heading-title elementor-size-default\">Actuaciones de emergencia<\/h1>\t\t\t\t<\/div>\n\t\t\t\t<\/div>\n\t\t\t\t\t<\/div>\n\t\t\t\t<\/div>\n\t\t<div class=\"elementor-element elementor-element-16c7546 e-flex e-con-boxed wpr-jarallax-no wpr-parallax-no wpr-sticky-section-no e-con e-parent\" data-id=\"16c7546\" data-element_type=\"container\">\n\t\t\t\t\t<div class=\"e-con-inner\">\n\t\t<div class=\"elementor-element elementor-element-568e15c e-flex e-con-boxed wpr-jarallax-no wpr-parallax-no wpr-sticky-section-no elementor-invisible e-con e-child\" data-id=\"568e15c\" data-element_type=\"container\" data-settings=\"{&quot;animation&quot;:&quot;fadeIn&quot;,&quot;animation_mobile&quot;:&quot;fadeIn&quot;}\">\n\t\t\t\t\t<div class=\"e-con-inner\">\n\t\t\t\t<div class=\"elementor-element elementor-element-1f59efd elementor-invisible elementor-widget elementor-widget-image\" data-id=\"1f59efd\" data-element_type=\"widget\" data-settings=\"{&quot;_animation&quot;:&quot;fadeIn&quot;,&quot;_animation_mobile&quot;:&quot;none&quot;}\" data-widget_type=\"image.default\">\n\t\t\t\t<div class=\"elementor-widget-container\">\n\t\t\t\t\t\t\t\t\t\t\t\t\t\t\t<img fetchpriority=\"high\" decoding=\"async\" width=\"1156\" height=\"868\" src=\"https:\/\/geoambient.cat\/wp-content\/uploads\/2025\/05\/Suelos-contaminados-Actuaciones-emergencia-4.jpg\" class=\"attachment-full size-full wp-image-2733\" alt=\"\" srcset=\"https:\/\/geoambient.cat\/wp-content\/uploads\/2025\/05\/Suelos-contaminados-Actuaciones-emergencia-4.jpg 1156w, https:\/\/geoambient.cat\/wp-content\/uploads\/2025\/05\/Suelos-contaminados-Actuaciones-emergencia-4-300x225.jpg 300w, https:\/\/geoambient.cat\/wp-content\/uploads\/2025\/05\/Suelos-contaminados-Actuaciones-emergencia-4-1024x769.jpg 1024w, https:\/\/geoambient.cat\/wp-content\/uploads\/2025\/05\/Suelos-contaminados-Actuaciones-emergencia-4-768x577.jpg 768w\" sizes=\"(max-width: 1156px) 100vw, 1156px\" \/>\t\t\t\t\t\t\t\t\t\t\t\t\t\t\t<\/div>\n\t\t\t\t<\/div>\n\t\t\t\t\t<\/div>\n\t\t\t\t<\/div>\n\t\t<div class=\"elementor-element elementor-element-24b18e7 e-flex e-con-boxed wpr-jarallax-no wpr-parallax-no wpr-sticky-section-no elementor-invisible e-con e-child\" data-id=\"24b18e7\" data-element_type=\"container\" data-settings=\"{&quot;animation&quot;:&quot;fadeIn&quot;,&quot;animation_mobile&quot;:&quot;fadeIn&quot;}\">\n\t\t\t\t\t<div class=\"e-con-inner\">\n\t\t\t\t<div class=\"elementor-element elementor-element-64862a3 elementor-widget elementor-widget-heading\" data-id=\"64862a3\" data-element_type=\"widget\" data-widget_type=\"heading.default\">\n\t\t\t\t<div class=\"elementor-widget-container\">\n\t\t\t\t\t<h2 class=\"elementor-heading-title elementor-size-default\">En situaciones de emergencia, el tiempo de respuesta marca la diferencia.<\/h2>\t\t\t\t<\/div>\n\t\t\t\t<\/div>\n\t\t\t\t<div class=\"elementor-element elementor-element-1e84e4b elementor-widget elementor-widget-text-editor\" data-id=\"1e84e4b\" data-element_type=\"widget\" data-widget_type=\"text-editor.default\">\n\t\t\t\t<div class=\"elementor-widget-container\">\n\t\t\t\t\t\t\t\t\t<p>Cuando ocurre un incidente con sustancias peligrosas que suponen un riesgo inminente para la salud o el medio ambiente, es fundamental actuar con rapidez y eficacia para controlar la situaci\u00f3n y minimizar sus consecuencias.<\/p>\t\t\t\t\t\t\t\t<\/div>\n\t\t\t\t<\/div>\n\t\t\t\t<div class=\"elementor-element elementor-element-032074f elementor-widget elementor-widget-heading\" data-id=\"032074f\" data-element_type=\"widget\" data-widget_type=\"heading.default\">\n\t\t\t\t<div class=\"elementor-widget-container\">\n\t\t\t\t\t<h3 class=\"elementor-heading-title elementor-size-default\">Este tipo de situaciones requiere: <\/h3>\t\t\t\t<\/div>\n\t\t\t\t<\/div>\n\t\t\t\t<div class=\"elementor-element elementor-element-4932d47 elementor-widget elementor-widget-text-editor\" data-id=\"4932d47\" data-element_type=\"widget\" data-widget_type=\"text-editor.default\">\n\t\t\t\t<div class=\"elementor-widget-container\">\n\t\t\t\t\t\t\t\t\t<ul><li>Un an\u00e1lisis inmediato del escenario y los riesgos asociados<\/li><li>La identificaci\u00f3n y priorizaci\u00f3n de las acciones m\u00e1s urgentes<\/li><li>La r\u00e1pida movilizaci\u00f3n de personal especializado y recursos t\u00e9cnicos adecuados<\/li><\/ul>\t\t\t\t\t\t\t\t<\/div>\n\t\t\t\t<\/div>\n\t\t\t\t<div class=\"elementor-element elementor-element-ad5601f elementor-hidden-desktop elementor-hidden-laptop elementor-hidden-tablet elementor-hidden-mobile wpr-button-icon-style-inline wpr-button-icon-position-right elementor-widget elementor-widget-wpr-button\" data-id=\"ad5601f\" data-element_type=\"widget\" data-widget_type=\"wpr-button.default\">\n\t\t\t\t<div class=\"elementor-widget-container\">\n\t\t\t\t\t\t\n\t\t\t\n\t\t\n\t\t<div class=\"wpr-button-wrap elementor-clearfix\">\n\t\t<a class=\"wpr-button wpr-button-effect wpr-button-bounce-to-bottom\" data-text=\"\" href=\"#contac\">\n\t\t\t\n\t\t\t<span class=\"wpr-button-content\">\n\t\t\t\t\t\t\t\t\t<span class=\"wpr-button-text\">Contacta<\/span>\n\t\t\t\t\t\t\t\t\n\t\t\t\t\t\t\t\t\t<span class=\"wpr-button-icon\"><svg class=\"e-font-icon-svg e-fas-arrow-circle-down\" viewBox=\"0 0 512 512\" xmlns=\"http:\/\/www.w3.org\/2000\/svg\"><path d=\"M504 256c0 137-111 248-248 248S8 393 8 256 119 8 256 8s248 111 248 248zm-143.6-28.9L288 302.6V120c0-13.3-10.7-24-24-24h-16c-13.3 0-24 10.7-24 24v182.6l-72.4-75.5c-9.3-9.7-24.8-9.9-34.3-.4l-10.9 11c-9.4 9.4-9.4 24.6 0 33.9L239 404.3c9.4 9.4 24.6 9.4 33.9 0l132.7-132.7c9.4-9.4 9.4-24.6 0-33.9l-10.9-11c-9.5-9.5-25-9.3-34.3.4z\"><\/path><\/svg><\/span>\n\t\t\t\t\t\t\t<\/span>\n\t\t<\/a>\n\n\t\t\t\t<\/div>\n\t\n\t\n\t\t\t\t\t<\/div>\n\t\t\t\t<\/div>\n\t\t\t\t\t<\/div>\n\t\t\t\t<\/div>\n\t\t\t\t\t<\/div>\n\t\t\t\t<\/div>\n\t\t<div class=\"elementor-element elementor-element-899a5bf e-flex e-con-boxed wpr-jarallax-no wpr-parallax-no wpr-sticky-section-no e-con e-parent\" data-id=\"899a5bf\" data-element_type=\"container\">\n\t\t\t\t\t<div class=\"e-con-inner\">\n\t\t<div class=\"elementor-element elementor-element-957d7fc e-flex e-con-boxed wpr-jarallax-no wpr-parallax-no wpr-sticky-section-no elementor-invisible e-con e-child\" data-id=\"957d7fc\" data-element_type=\"container\" data-settings=\"{&quot;animation&quot;:&quot;fadeIn&quot;,&quot;animation_mobile&quot;:&quot;fadeIn&quot;}\">\n\t\t\t\t\t<div class=\"e-con-inner\">\n\t\t\t\t<div class=\"elementor-element elementor-element-e619a3f elementor-widget elementor-widget-text-editor\" data-id=\"e619a3f\" data-element_type=\"widget\" data-widget_type=\"text-editor.default\">\n\t\t\t\t<div class=\"elementor-widget-container\">\n\t\t\t\t\t\t\t\t\t<p>En <strong>GeoAmbient<\/strong>, <span class=\"TextRun SCXW11576698 BCX0\" lang=\"ES-ES\" xml:lang=\"ES-ES\" data-contrast=\"auto\"><span class=\"NormalTextRun SCXW11576698 BCX0\">estamos plenamente comprometidos con la respuesta r\u00e1pida en emergencias. Disponemos de la capacidad operativa para intervenir de forma \u00e1gil, reducir los impactos del incidente, asegurar la zona afectada y prevenir consecuencias futuras derivadas de la exposici\u00f3n a sustancias peligrosas.<\/span><\/span><span class=\"EOP SCXW11576698 BCX0\" data-ccp-props=\"{&quot;134233117&quot;:true,&quot;134233118&quot;:true,&quot;201341983&quot;:0,&quot;335559740&quot;:240}\">\u00a0<\/span><\/p>\t\t\t\t\t\t\t\t<\/div>\n\t\t\t\t<\/div>\n\t\t\t\t<div class=\"elementor-element elementor-element-5a5fbbe elementor-widget elementor-widget-heading\" data-id=\"5a5fbbe\" data-element_type=\"widget\" data-widget_type=\"heading.default\">\n\t\t\t\t<div class=\"elementor-widget-container\">\n\t\t\t\t\t<h3 class=\"elementor-heading-title elementor-size-default\">Contamos con:<\/h3>\t\t\t\t<\/div>\n\t\t\t\t<\/div>\n\t\t\t\t<div class=\"elementor-element elementor-element-93189cc elementor-widget elementor-widget-text-editor\" data-id=\"93189cc\" data-element_type=\"widget\" data-widget_type=\"text-editor.default\">\n\t\t\t\t<div class=\"elementor-widget-container\">\n\t\t\t\t\t\t\t\t\t<ul><li>Un equipo humano altamente capacitado y con experiencia en emergencias ambientales<\/li><li>Los medios t\u00e9cnicos y materiales necesarios para actuar con rapidez, seguridad y eficacia<\/li><\/ul>\t\t\t\t\t\t\t\t<\/div>\n\t\t\t\t<\/div>\n\t\t\t\t<div class=\"elementor-element elementor-element-99d8c6f elementor-widget elementor-widget-text-editor\" data-id=\"99d8c6f\" data-element_type=\"widget\" data-widget_type=\"text-editor.default\">\n\t\t\t\t<div class=\"elementor-widget-container\">\n\t\t\t\t\t\t\t\t\t<p><span class=\"TextRun SCXW157853965 BCX0\" lang=\"ES-ES\" xml:lang=\"ES-ES\" data-contrast=\"auto\"><span class=\"NormalTextRun SCXW157853965 BCX0\">Conf\u00eda en nosotros cuando el tiempo apremia. En <\/span><strong><span class=\"NormalTextRun SpellingErrorV2Themed SCXW157853965 BCX0\">GeoAmbient<\/span><\/strong><span class=\"NormalTextRun SCXW157853965 BCX0\">, tu seguridad y la protecci\u00f3n del entorno son nuestra prioridad.<\/span><\/span><span class=\"EOP SCXW157853965 BCX0\" data-ccp-props=\"{&quot;134233117&quot;:true,&quot;134233118&quot;:true,&quot;201341983&quot;:0,&quot;335559740&quot;:240}\">\u00a0<\/span><\/p>\t\t\t\t\t\t\t\t<\/div>\n\t\t\t\t<\/div>\n\t\t\t\t\t<\/div>\n\t\t\t\t<\/div>\n\t\t<div class=\"elementor-element elementor-element-e6ad645 e-flex e-con-boxed wpr-jarallax-no wpr-parallax-no wpr-sticky-section-no elementor-invisible e-con e-child\" data-id=\"e6ad645\" data-element_type=\"container\" data-settings=\"{&quot;animation&quot;:&quot;fadeIn&quot;,&quot;animation_mobile&quot;:&quot;fadeIn&quot;}\">\n\t\t\t\t\t<div class=\"e-con-inner\">\n\t\t\t\t<div class=\"elementor-element elementor-element-df200bb elementor-invisible elementor-widget elementor-widget-image\" data-id=\"df200bb\" data-element_type=\"widget\" data-settings=\"{&quot;_animation&quot;:&quot;fadeIn&quot;,&quot;_animation_mobile&quot;:&quot;none&quot;}\" data-widget_type=\"image.default\">\n\t\t\t\t<div class=\"elementor-widget-container\">\n\t\t\t\t\t\t\t\t\t\t\t\t\t\t\t<img decoding=\"async\" width=\"1200\" height=\"1600\" src=\"https:\/\/geoambient.cat\/wp-content\/uploads\/2025\/06\/IMG_20230515_112524-rsz.jpg\" class=\"attachment-full size-full wp-image-6168\" alt=\"\" srcset=\"https:\/\/geoambient.cat\/wp-content\/uploads\/2025\/06\/IMG_20230515_112524-rsz.jpg 1200w, https:\/\/geoambient.cat\/wp-content\/uploads\/2025\/06\/IMG_20230515_112524-rsz-225x300.jpg 225w, https:\/\/geoambient.cat\/wp-content\/uploads\/2025\/06\/IMG_20230515_112524-rsz-768x1024.jpg 768w, https:\/\/geoambient.cat\/wp-content\/uploads\/2025\/06\/IMG_20230515_112524-rsz-1152x1536.jpg 1152w\" sizes=\"(max-width: 1200px) 100vw, 1200px\" \/>\t\t\t\t\t\t\t\t\t\t\t\t\t\t\t<\/div>\n\t\t\t\t<\/div>\n\t\t\t\t\t<\/div>\n\t\t\t\t<\/div>\n\t\t\t\t\t<\/div>\n\t\t\t\t<\/div>\n\t\t\t\t<\/div>\n\t\t","protected":false},"excerpt":{"rendered":"<p>Actuaciones de emergencia En situaciones de emergencia, el tiempo de respuesta marca la diferencia. Cuando ocurre un incidente con sustancias peligrosas que suponen un riesgo inminente para la salud o el medio ambiente, es fundamental actuar con rapidez y eficacia para controlar la situaci\u00f3n y minimizar sus consecuencias. Este tipo de situaciones requiere: Un an\u00e1lisis inmediato del escenario y los riesgos asociados La identificaci\u00f3n y priorizaci\u00f3n de las acciones m\u00e1s urgentes La r\u00e1pida movilizaci\u00f3n de personal especializado y recursos t\u00e9cnicos adecuados Contacta En GeoAmbient, estamos plenamente comprometidos con la respuesta r\u00e1pida en emergencias. Disponemos de la capacidad operativa para intervenir de forma \u00e1gil, reducir los impactos del incidente, asegurar la zona afectada y prevenir consecuencias futuras derivadas de la exposici\u00f3n a sustancias peligrosas.\u00a0 Contamos con: Un equipo humano altamente capacitado y con experiencia en emergencias ambientales Los medios t\u00e9cnicos y materiales necesarios para actuar con rapidez, seguridad y eficacia Conf\u00eda en nosotros cuando el tiempo apremia. En GeoAmbient, tu seguridad y la protecci\u00f3n del entorno son nuestra prioridad.\u00a0<\/p>\n","protected":false},"author":1,"featured_media":2754,"parent":0,"menu_order":0,"comment_status":"closed","ping_status":"closed","template":"elementor_canvas","meta":{"footnotes":""},"class_list":["post-6588","page","type-page","status-publish","has-post-thumbnail","hentry"],"acf":[],"_links":{"self":[{"href":"https:\/\/geoambient.cat\/es\/wp-json\/wp\/v2\/pages\/6588","targetHints":{"allow":["GET"]}}],"collection":[{"href":"https:\/\/geoambient.cat\/es\/wp-json\/wp\/v2\/pages"}],"about":[{"href":"https:\/\/geoambient.cat\/es\/wp-json\/wp\/v2\/types\/page"}],"author":[{"embeddable":true,"href":"https:\/\/geoambient.cat\/es\/wp-json\/wp\/v2\/users\/1"}],"replies":[{"embeddable":true,"href":"https:\/\/geoambient.cat\/es\/wp-json\/wp\/v2\/comments?post=6588"}],"version-history":[{"count":4,"href":"https:\/\/geoambient.cat\/es\/wp-json\/wp\/v2\/pages\/6588\/revisions"}],"predecessor-version":[{"id":6592,"href":"https:\/\/geoambient.cat\/es\/wp-json\/wp\/v2\/pages\/6588\/revisions\/6592"}],"wp:featuredmedia":[{"embeddable":true,"href":"https:\/\/geoambient.cat\/es\/wp-json\/wp\/v2\/media\/2754"}],"wp:attachment":[{"href":"https:\/\/geoambient.cat\/es\/wp-json\/wp\/v2\/media?parent=6588"}],"curies":[{"name":"wp","href":"https:\/\/api.w.org\/{rel}","templated":true}]}}